{"id":998,"date":"2020-11-22T16:05:30","date_gmt":"2020-11-22T16:05:30","guid":{"rendered":"https:\/\/crane.ist\/turna-kullanim-kilavuzu\/yazisma-kayitlarini-anlayin\/"},"modified":"2020-11-22T16:05:33","modified_gmt":"2020-11-22T16:05:33","slug":"yazisma-kayitlarini-anlayin","status":"publish","type":"page","link":"https:\/\/crane.ist\/tr\/turna-kullanim-kilavuzu\/yazisma-kayitlarini-anlayin\/","title":{"rendered":"Yaz\u0131\u015fma kay\u0131tlar\u0131n\u0131 anlay\u0131n"},"content":{"rendered":"\t\t<div data-elementor-type=\"wp-page\" data-elementor-id=\"998\" class=\"elementor elementor-998 elementor-809\" data-elementor-post-type=\"page\">\n\t\t\t\t\t\t<section class=\"elementor-section elementor-top-section elementor-element elementor-element-c8ce28f elementor-section-boxed elementor-section-height-default elementor-section-height-default\" data-id=\"c8ce28f\" data-element_type=\"section\">\n\t\t\t\t\t\t<div class=\"elementor-container elementor-column-gap-default\">\n\t\t\t\t\t<div class=\"elementor-column elementor-col-100 elementor-top-column elementor-element elementor-element-151fab11\" data-id=\"151fab11\" data-element_type=\"column\">\n\t\t\t<div class=\"elementor-widget-wrap elementor-element-populated\">\n\t\t\t\t\t\t<div class=\"elementor-element elementor-element-e8fe0ae elementor-widget elementor-widget-heading\" data-id=\"e8fe0ae\" data-element_type=\"widget\" data-widget_type=\"heading.default\">\n\t\t\t\t<div class=\"elementor-widget-container\">\n\t\t\t\t\t<h1 class=\"elementor-heading-title elementor-size-default\">Yaz\u0131\u015fma kay\u0131tlar\u0131n\u0131 anlay\u0131n<\/h1>\t\t\t\t<\/div>\n\t\t\t\t<\/div>\n\t\t\t\t<div class=\"elementor-element elementor-element-55103221 elementor-widget elementor-widget-breadcrumbs\" data-id=\"55103221\" data-element_type=\"widget\" data-widget_type=\"breadcrumbs.default\">\n\t\t\t\t<div class=\"elementor-widget-container\">\n\t\t\t\t\t<p id=\"breadcrumbs\"><span><span><a href=\"https:\/\/crane.ist\/tr\/\">Home<\/a><\/span><\/span><\/p>\t\t\t\t<\/div>\n\t\t\t\t<\/div>\n\t\t\t\t<div class=\"elementor-element elementor-element-1a9f4fe1 elementor-widget-divider--view-line elementor-widget elementor-widget-divider\" data-id=\"1a9f4fe1\" data-element_type=\"widget\" data-widget_type=\"divider.default\">\n\t\t\t\t<div class=\"elementor-widget-container\">\n\t\t\t\t\t\t\t<div class=\"elementor-divider\">\n\t\t\t<span class=\"elementor-divider-separator\">\n\t\t\t\t\t\t<\/span>\n\t\t<\/div>\n\t\t\t\t\t\t<\/div>\n\t\t\t\t<\/div>\n\t\t\t\t\t<\/div>\n\t\t<\/div>\n\t\t\t\t\t<\/div>\n\t\t<\/section>\n\t\t\t\t<section class=\"elementor-section elementor-top-section elementor-element elementor-element-104748b6 elementor-section-boxed elementor-section-height-default elementor-section-height-default\" data-id=\"104748b6\" data-element_type=\"section\">\n\t\t\t\t\t\t<div class=\"elementor-container elementor-column-gap-default\">\n\t\t\t\t\t<div class=\"elementor-column elementor-col-100 elementor-top-column elementor-element elementor-element-5921bb17\" data-id=\"5921bb17\" data-element_type=\"column\">\n\t\t\t<div class=\"elementor-widget-wrap elementor-element-populated\">\n\t\t\t\t\t\t<div class=\"elementor-element elementor-element-51c9bf95 elementor-widget elementor-widget-text-editor\" data-id=\"51c9bf95\" data-element_type=\"widget\" data-widget_type=\"text-editor.default\">\n\t\t\t\t<div class=\"elementor-widget-container\">\n\t\t\t\t\t\t\t\t\t<h2>Form \u0130letimleri<\/h2>\n<p>Gelen Kutusundaki veya G\u00f6nderilen Kutusundaki herhangi bir \u00f6\u011feye t\u0131klad\u0131\u011f\u0131n\u0131zda, i\u015flemin kayd\u0131 olarak hizmet veren iletim sayfas\u0131n\u0131 g\u00f6receksiniz. \u0130letim sayfas\u0131nda g\u00f6nderen, al\u0131c\u0131lar, formun g\u00f6nderildi\u011fi tarih, ekler ve iletilen tam form bilgileri hakk\u0131nda bilgiler bulunur. Bu, t\u00fcm taraflar\u0131n g\u00f6nderilen ve al\u0131nan formlar\u0131 kontrol edebilmesi i\u00e7indir.<\/p>\n\t\t\t\t\t\t\t\t<\/div>\n\t\t\t\t<\/div>\n\t\t\t\t<div class=\"elementor-element elementor-element-2b4e933 elementor-widget elementor-widget-image\" data-id=\"2b4e933\" data-element_type=\"widget\" data-widget_type=\"image.default\">\n\t\t\t\t<div class=\"elementor-widget-container\">\n\t\t\t\t\t\t\t\t\t\t\t\t\t\t\t<img fetchpriority=\"high\" decoding=\"async\" width=\"377\" height=\"669\" src=\"https:\/\/crane.ist\/wp-content\/uploads\/2020\/11\/crane_help_center_29.jpg\" class=\"attachment-large size-large wp-image-811\" alt=\"\" srcset=\"https:\/\/crane.ist\/wp-content\/uploads\/2020\/11\/crane_help_center_29.jpg 377w, https:\/\/crane.ist\/wp-content\/uploads\/2020\/11\/crane_help_center_29-169x300.jpg 169w, https:\/\/crane.ist\/wp-content\/uploads\/2020\/11\/crane_help_center_29-31x55.jpg 31w, https:\/\/crane.ist\/wp-content\/uploads\/2020\/11\/crane_help_center_29-45x80.jpg 45w, https:\/\/crane.ist\/wp-content\/uploads\/2020\/11\/crane_help_center_29-171x303.jpg 171w\" sizes=\"(max-width: 377px) 100vw, 377px\" \/>\t\t\t\t\t\t\t\t\t\t\t\t\t\t\t<\/div>\n\t\t\t\t<\/div>\n\t\t\t\t\t<\/div>\n\t\t<\/div>\n\t\t\t\t\t<\/div>\n\t\t<\/section>\n\t\t\t\t<\/div>\n\t\t","protected":false},"excerpt":{"rendered":"<p>Form \u0130letimleri Gelen Kutusundaki veya G\u00f6nderilen Kutusundaki herhangi bir \u00f6\u011feye t\u0131klad\u0131\u011f\u0131n\u0131zda, i\u015flemin kayd\u0131 olarak hizmet veren iletim sayfas\u0131n\u0131 g\u00f6receksiniz. \u0130letim sayfas\u0131nda g\u00f6nderen, al\u0131c\u0131lar, formun g\u00f6nderildi\u011fi tarih, ekler ve iletilen tam form bilgileri hakk\u0131nda bilgiler bulunur. Bu, t\u00fcm taraflar\u0131n g\u00f6nderilen ve &hellip; <a href=\"https:\/\/crane.ist\/tr\/turna-kullanim-kilavuzu\/yazisma-kayitlarini-anlayin\/\">Read More<\/a><\/p>\n","protected":false},"author":1,"featured_media":0,"parent":848,"menu_order":0,"comment_status":"closed","ping_status":"closed","template":"","meta":{"footnotes":""},"class_list":["post-998","page","type-page","status-publish","hentry"],"yoast_head":"<!-- This site is optimized with the Yoast SEO plugin v24.3 - https:\/\/yoast.com\/wordpress\/plugins\/seo\/ -->\n<title>Yaz\u0131\u015fma kay\u0131tlar\u0131n\u0131 anlay\u0131n | Crane<\/title>\n<meta name=\"robots\" content=\"index, follow, max-snippet:-1, max-image-preview:large, max-video-preview:-1\" \/>\n<link rel=\"canonical\" href=\"https:\/\/crane.ist\/tr\/turna-kullanim-kilavuzu\/yazisma-kayitlarini-anlayin\/\" \/>\n<meta property=\"og:locale\" content=\"tr_TR\" \/>\n<meta property=\"og:type\" content=\"article\" \/>\n<meta property=\"og:title\" content=\"Yaz\u0131\u015fma kay\u0131tlar\u0131n\u0131 anlay\u0131n | Crane\" \/>\n<meta property=\"og:description\" content=\"Form \u0130letimleri Gelen Kutusundaki veya G\u00f6nderilen Kutusundaki herhangi bir \u00f6\u011feye t\u0131klad\u0131\u011f\u0131n\u0131zda, i\u015flemin kayd\u0131 olarak hizmet veren iletim sayfas\u0131n\u0131 g\u00f6receksiniz. \u0130letim sayfas\u0131nda g\u00f6nderen, al\u0131c\u0131lar, formun g\u00f6nderildi\u011fi tarih, ekler ve iletilen tam form bilgileri hakk\u0131nda bilgiler bulunur. Bu, t\u00fcm taraflar\u0131n g\u00f6nderilen ve &hellip; Read More\" \/>\n<meta property=\"og:url\" content=\"https:\/\/crane.ist\/tr\/turna-kullanim-kilavuzu\/yazisma-kayitlarini-anlayin\/\" \/>\n<meta property=\"og:site_name\" content=\"Crane\" \/>\n<meta property=\"article:modified_time\" content=\"2020-11-22T16:05:33+00:00\" \/>\n<meta property=\"og:image\" content=\"https:\/\/crane.ist\/wp-content\/uploads\/2020\/11\/crane_help_center_29.jpg\" \/>\n<meta name=\"twitter:card\" content=\"summary_large_image\" \/>\n<script type=\"application\/ld+json\" class=\"yoast-schema-graph\">{\"@context\":\"https:\/\/schema.org\",\"@graph\":[{\"@type\":\"WebPage\",\"@id\":\"https:\/\/crane.ist\/tr\/turna-kullanim-kilavuzu\/yazisma-kayitlarini-anlayin\/\",\"url\":\"https:\/\/crane.ist\/tr\/turna-kullanim-kilavuzu\/yazisma-kayitlarini-anlayin\/\",\"name\":\"Yaz\u0131\u015fma kay\u0131tlar\u0131n\u0131 anlay\u0131n | Crane\",\"isPartOf\":{\"@id\":\"https:\/\/crane.ist\/#website\"},\"primaryImageOfPage\":{\"@id\":\"https:\/\/crane.ist\/tr\/turna-kullanim-kilavuzu\/yazisma-kayitlarini-anlayin\/#primaryimage\"},\"image\":{\"@id\":\"https:\/\/crane.ist\/tr\/turna-kullanim-kilavuzu\/yazisma-kayitlarini-anlayin\/#primaryimage\"},\"thumbnailUrl\":\"https:\/\/crane.ist\/wp-content\/uploads\/2020\/11\/crane_help_center_29.jpg\",\"datePublished\":\"2020-11-22T16:05:30+00:00\",\"dateModified\":\"2020-11-22T16:05:33+00:00\",\"breadcrumb\":{\"@id\":\"https:\/\/crane.ist\/tr\/turna-kullanim-kilavuzu\/yazisma-kayitlarini-anlayin\/#breadcrumb\"},\"inLanguage\":\"tr\",\"potentialAction\":[{\"@type\":\"ReadAction\",\"target\":[\"https:\/\/crane.ist\/tr\/turna-kullanim-kilavuzu\/yazisma-kayitlarini-anlayin\/\"]}]},{\"@type\":\"ImageObject\",\"inLanguage\":\"tr\",\"@id\":\"https:\/\/crane.ist\/tr\/turna-kullanim-kilavuzu\/yazisma-kayitlarini-anlayin\/#primaryimage\",\"url\":\"https:\/\/crane.ist\/wp-content\/uploads\/2020\/11\/crane_help_center_29.jpg\",\"contentUrl\":\"https:\/\/crane.ist\/wp-content\/uploads\/2020\/11\/crane_help_center_29.jpg\"},{\"@type\":\"BreadcrumbList\",\"@id\":\"https:\/\/crane.ist\/tr\/turna-kullanim-kilavuzu\/yazisma-kayitlarini-anlayin\/#breadcrumb\",\"itemListElement\":[{\"@type\":\"ListItem\",\"position\":1,\"name\":\"Home\",\"item\":\"https:\/\/crane.ist\/tr\/\"},{\"@type\":\"ListItem\",\"position\":2,\"name\":\"Turna Kullan\u0131m K\u0131lavuzu\",\"item\":\"https:\/\/crane.ist\/tr\/turna-kullanim-kilavuzu\/\"},{\"@type\":\"ListItem\",\"position\":3,\"name\":\"Yaz\u0131\u015fma kay\u0131tlar\u0131n\u0131 anlay\u0131n\"}]},{\"@type\":\"WebSite\",\"@id\":\"https:\/\/crane.ist\/#website\",\"url\":\"https:\/\/crane.ist\/\",\"name\":\"Crane\",\"description\":\"App of the Field\",\"publisher\":{\"@id\":\"https:\/\/crane.ist\/#organization\"},\"potentialAction\":[{\"@type\":\"SearchAction\",\"target\":{\"@type\":\"EntryPoint\",\"urlTemplate\":\"https:\/\/crane.ist\/?s={search_term_string}\"},\"query-input\":{\"@type\":\"PropertyValueSpecification\",\"valueRequired\":true,\"valueName\":\"search_term_string\"}}],\"inLanguage\":\"tr\"},{\"@type\":\"Organization\",\"@id\":\"https:\/\/crane.ist\/#organization\",\"name\":\"Crane\",\"url\":\"https:\/\/crane.ist\/\",\"logo\":{\"@type\":\"ImageObject\",\"inLanguage\":\"tr\",\"@id\":\"https:\/\/crane.ist\/#\/schema\/logo\/image\/\",\"url\":\"https:\/\/crane.ist\/wp-content\/uploads\/2020\/06\/logo3.png\",\"contentUrl\":\"https:\/\/crane.ist\/wp-content\/uploads\/2020\/06\/logo3.png\",\"width\":932,\"height\":266,\"caption\":\"Crane\"},\"image\":{\"@id\":\"https:\/\/crane.ist\/#\/schema\/logo\/image\/\"}}]}<\/script>\n<!-- \/ Yoast SEO plugin. -->","yoast_head_json":{"title":"Yaz\u0131\u015fma kay\u0131tlar\u0131n\u0131 anlay\u0131n | Crane","robots":{"index":"index","follow":"follow","max-snippet":"max-snippet:-1","max-image-preview":"max-image-preview:large","max-video-preview":"max-video-preview:-1"},"canonical":"https:\/\/crane.ist\/tr\/turna-kullanim-kilavuzu\/yazisma-kayitlarini-anlayin\/","og_locale":"tr_TR","og_type":"article","og_title":"Yaz\u0131\u015fma kay\u0131tlar\u0131n\u0131 anlay\u0131n | Crane","og_description":"Form \u0130letimleri Gelen Kutusundaki veya G\u00f6nderilen Kutusundaki herhangi bir \u00f6\u011feye t\u0131klad\u0131\u011f\u0131n\u0131zda, i\u015flemin kayd\u0131 olarak hizmet veren iletim sayfas\u0131n\u0131 g\u00f6receksiniz. \u0130letim sayfas\u0131nda g\u00f6nderen, al\u0131c\u0131lar, formun g\u00f6nderildi\u011fi tarih, ekler ve iletilen tam form bilgileri hakk\u0131nda bilgiler bulunur. Bu, t\u00fcm taraflar\u0131n g\u00f6nderilen ve &hellip; Read More","og_url":"https:\/\/crane.ist\/tr\/turna-kullanim-kilavuzu\/yazisma-kayitlarini-anlayin\/","og_site_name":"Crane","article_modified_time":"2020-11-22T16:05:33+00:00","og_image":[{"url":"https:\/\/crane.ist\/wp-content\/uploads\/2020\/11\/crane_help_center_29.jpg","type":"","width":"","height":""}],"twitter_card":"summary_large_image","schema":{"@context":"https:\/\/schema.org","@graph":[{"@type":"WebPage","@id":"https:\/\/crane.ist\/tr\/turna-kullanim-kilavuzu\/yazisma-kayitlarini-anlayin\/","url":"https:\/\/crane.ist\/tr\/turna-kullanim-kilavuzu\/yazisma-kayitlarini-anlayin\/","name":"Yaz\u0131\u015fma kay\u0131tlar\u0131n\u0131 anlay\u0131n | Crane","isPartOf":{"@id":"https:\/\/crane.ist\/#website"},"primaryImageOfPage":{"@id":"https:\/\/crane.ist\/tr\/turna-kullanim-kilavuzu\/yazisma-kayitlarini-anlayin\/#primaryimage"},"image":{"@id":"https:\/\/crane.ist\/tr\/turna-kullanim-kilavuzu\/yazisma-kayitlarini-anlayin\/#primaryimage"},"thumbnailUrl":"https:\/\/crane.ist\/wp-content\/uploads\/2020\/11\/crane_help_center_29.jpg","datePublished":"2020-11-22T16:05:30+00:00","dateModified":"2020-11-22T16:05:33+00:00","breadcrumb":{"@id":"https:\/\/crane.ist\/tr\/turna-kullanim-kilavuzu\/yazisma-kayitlarini-anlayin\/#breadcrumb"},"inLanguage":"tr","potentialAction":[{"@type":"ReadAction","target":["https:\/\/crane.ist\/tr\/turna-kullanim-kilavuzu\/yazisma-kayitlarini-anlayin\/"]}]},{"@type":"ImageObject","inLanguage":"tr","@id":"https:\/\/crane.ist\/tr\/turna-kullanim-kilavuzu\/yazisma-kayitlarini-anlayin\/#primaryimage","url":"https:\/\/crane.ist\/wp-content\/uploads\/2020\/11\/crane_help_center_29.jpg","contentUrl":"https:\/\/crane.ist\/wp-content\/uploads\/2020\/11\/crane_help_center_29.jpg"},{"@type":"BreadcrumbList","@id":"https:\/\/crane.ist\/tr\/turna-kullanim-kilavuzu\/yazisma-kayitlarini-anlayin\/#breadcrumb","itemListElement":[{"@type":"ListItem","position":1,"name":"Home","item":"https:\/\/crane.ist\/tr\/"},{"@type":"ListItem","position":2,"name":"Turna Kullan\u0131m K\u0131lavuzu","item":"https:\/\/crane.ist\/tr\/turna-kullanim-kilavuzu\/"},{"@type":"ListItem","position":3,"name":"Yaz\u0131\u015fma kay\u0131tlar\u0131n\u0131 anlay\u0131n"}]},{"@type":"WebSite","@id":"https:\/\/crane.ist\/#website","url":"https:\/\/crane.ist\/","name":"Crane","description":"App of the Field","publisher":{"@id":"https:\/\/crane.ist\/#organization"},"potentialAction":[{"@type":"SearchAction","target":{"@type":"EntryPoint","urlTemplate":"https:\/\/crane.ist\/?s={search_term_string}"},"query-input":{"@type":"PropertyValueSpecification","valueRequired":true,"valueName":"search_term_string"}}],"inLanguage":"tr"},{"@type":"Organization","@id":"https:\/\/crane.ist\/#organization","name":"Crane","url":"https:\/\/crane.ist\/","logo":{"@type":"ImageObject","inLanguage":"tr","@id":"https:\/\/crane.ist\/#\/schema\/logo\/image\/","url":"https:\/\/crane.ist\/wp-content\/uploads\/2020\/06\/logo3.png","contentUrl":"https:\/\/crane.ist\/wp-content\/uploads\/2020\/06\/logo3.png","width":932,"height":266,"caption":"Crane"},"image":{"@id":"https:\/\/crane.ist\/#\/schema\/logo\/image\/"}}]}},"_links":{"self":[{"href":"https:\/\/crane.ist\/tr\/wp-json\/wp\/v2\/pages\/998","targetHints":{"allow":["GET"]}}],"collection":[{"href":"https:\/\/crane.ist\/tr\/wp-json\/wp\/v2\/pages"}],"about":[{"href":"https:\/\/crane.ist\/tr\/wp-json\/wp\/v2\/types\/page"}],"author":[{"embeddable":true,"href":"https:\/\/crane.ist\/tr\/wp-json\/wp\/v2\/users\/1"}],"replies":[{"embeddable":true,"href":"https:\/\/crane.ist\/tr\/wp-json\/wp\/v2\/comments?post=998"}],"version-history":[{"count":3,"href":"https:\/\/crane.ist\/tr\/wp-json\/wp\/v2\/pages\/998\/revisions"}],"predecessor-version":[{"id":1001,"href":"https:\/\/crane.ist\/tr\/wp-json\/wp\/v2\/pages\/998\/revisions\/1001"}],"up":[{"embeddable":true,"href":"https:\/\/crane.ist\/tr\/wp-json\/wp\/v2\/pages\/848"}],"wp:attachment":[{"href":"https:\/\/crane.ist\/tr\/wp-json\/wp\/v2\/media?parent=998"}],"curies":[{"name":"wp","href":"https:\/\/api.w.org\/{rel}","templated":true}]}}