{"id":994,"date":"2020-11-22T15:46:02","date_gmt":"2020-11-22T15:46:02","guid":{"rendered":"https:\/\/crane.ist\/turna-kullanim-kilavuzu\/turna-arayuzu\/"},"modified":"2020-11-22T15:46:06","modified_gmt":"2020-11-22T15:46:06","slug":"turna-arayuzu","status":"publish","type":"page","link":"https:\/\/crane.ist\/tr\/turna-kullanim-kilavuzu\/turna-arayuzu\/","title":{"rendered":"Turna Aray\u00fcz\u00fc"},"content":{"rendered":"\t\t<div data-elementor-type=\"wp-page\" data-elementor-id=\"994\" class=\"elementor elementor-994 elementor-739\" data-elementor-post-type=\"page\">\n\t\t\t\t\t\t<section class=\"elementor-section elementor-top-section elementor-element elementor-element-250f9d1f elementor-section-boxed elementor-section-height-default elementor-section-height-default\" data-id=\"250f9d1f\" data-element_type=\"section\">\n\t\t\t\t\t\t<div class=\"elementor-container elementor-column-gap-default\">\n\t\t\t\t\t<div class=\"elementor-column elementor-col-100 elementor-top-column elementor-element elementor-element-66dc6fb9\" data-id=\"66dc6fb9\" data-element_type=\"column\">\n\t\t\t<div class=\"elementor-widget-wrap elementor-element-populated\">\n\t\t\t\t\t\t<div class=\"elementor-element elementor-element-56cf0824 elementor-widget elementor-widget-heading\" data-id=\"56cf0824\" data-element_type=\"widget\" data-widget_type=\"heading.default\">\n\t\t\t\t<div class=\"elementor-widget-container\">\n\t\t\t\t\t<h1 class=\"elementor-heading-title elementor-size-default\">Turna Aray\u00fcz\u00fc<\/h1>\t\t\t\t<\/div>\n\t\t\t\t<\/div>\n\t\t\t\t<div class=\"elementor-element elementor-element-3e4bd9d0 elementor-widget elementor-widget-breadcrumbs\" data-id=\"3e4bd9d0\" data-element_type=\"widget\" data-widget_type=\"breadcrumbs.default\">\n\t\t\t\t<div class=\"elementor-widget-container\">\n\t\t\t\t\t<p id=\"breadcrumbs\"><span><span><a href=\"https:\/\/crane.ist\/tr\/\">Home<\/a><\/span><\/span><\/p>\t\t\t\t<\/div>\n\t\t\t\t<\/div>\n\t\t\t\t<div class=\"elementor-element elementor-element-12767e61 elementor-widget-divider--view-line elementor-widget elementor-widget-divider\" data-id=\"12767e61\" data-element_type=\"widget\" data-widget_type=\"divider.default\">\n\t\t\t\t<div class=\"elementor-widget-container\">\n\t\t\t\t\t\t\t<div class=\"elementor-divider\">\n\t\t\t<span class=\"elementor-divider-separator\">\n\t\t\t\t\t\t<\/span>\n\t\t<\/div>\n\t\t\t\t\t\t<\/div>\n\t\t\t\t<\/div>\n\t\t\t\t\t<\/div>\n\t\t<\/div>\n\t\t\t\t\t<\/div>\n\t\t<\/section>\n\t\t\t\t<section class=\"elementor-section elementor-top-section elementor-element elementor-element-197c766b elementor-section-boxed elementor-section-height-default elementor-section-height-default\" data-id=\"197c766b\" data-element_type=\"section\">\n\t\t\t\t\t\t<div class=\"elementor-container elementor-column-gap-default\">\n\t\t\t\t\t<div class=\"elementor-column elementor-col-100 elementor-top-column elementor-element elementor-element-7bbbe9f5\" data-id=\"7bbbe9f5\" data-element_type=\"column\">\n\t\t\t<div class=\"elementor-widget-wrap elementor-element-populated\">\n\t\t\t\t\t\t<div class=\"elementor-element elementor-element-7aaf6286 elementor-widget elementor-widget-text-editor\" data-id=\"7aaf6286\" data-element_type=\"widget\" data-widget_type=\"text-editor.default\">\n\t\t\t\t<div class=\"elementor-widget-container\">\n\t\t\t\t\t\t\t\t\t<p>Turna alt men\u00fcde 4 ana sayfadan olu\u015fan basit bir aray\u00fcze sahiptir. Bu sayfalar\u0131n a\u00e7\u0131klamalar\u0131n\u0131 a\u015fa\u011f\u0131da bulabilirsiniz.<\/p>\n\t\t\t\t\t\t\t\t<\/div>\n\t\t\t\t<\/div>\n\t\t\t\t<div class=\"elementor-element elementor-element-91b787e elementor-widget elementor-widget-image\" data-id=\"91b787e\" data-element_type=\"widget\" data-widget_type=\"image.default\">\n\t\t\t\t<div class=\"elementor-widget-container\">\n\t\t\t\t\t\t\t\t\t\t\t\t\t\t\t<img fetchpriority=\"high\" decoding=\"async\" width=\"464\" height=\"782\" src=\"https:\/\/crane.ist\/wp-content\/uploads\/2020\/11\/crane_help_center_4.jpg\" class=\"attachment-large size-large wp-image-741\" alt=\"\" srcset=\"https:\/\/crane.ist\/wp-content\/uploads\/2020\/11\/crane_help_center_4.jpg 464w, https:\/\/crane.ist\/wp-content\/uploads\/2020\/11\/crane_help_center_4-178x300.jpg 178w, https:\/\/crane.ist\/wp-content\/uploads\/2020\/11\/crane_help_center_4-33x55.jpg 33w, https:\/\/crane.ist\/wp-content\/uploads\/2020\/11\/crane_help_center_4-47x80.jpg 47w, https:\/\/crane.ist\/wp-content\/uploads\/2020\/11\/crane_help_center_4-180x303.jpg 180w, https:\/\/crane.ist\/wp-content\/uploads\/2020\/11\/crane_help_center_4-415x700.jpg 415w\" sizes=\"(max-width: 464px) 100vw, 464px\" \/>\t\t\t\t\t\t\t\t\t\t\t\t\t\t\t<\/div>\n\t\t\t\t<\/div>\n\t\t\t\t<div class=\"elementor-element elementor-element-f869cd7 elementor-widget elementor-widget-text-editor\" data-id=\"f869cd7\" data-element_type=\"widget\" data-widget_type=\"text-editor.default\">\n\t\t\t\t<div class=\"elementor-widget-container\">\n\t\t\t\t\t\t\t\t\t<ul>\n<li><strong>Anasayfa:<\/strong> Ana sayfa, projenizi se\u00e7menize, kullan\u0131c\u0131 bilgilerinizi g\u00f6r\u00fcnt\u00fclemenize ve g\u00f6revlerinize h\u0131zl\u0131 bir \u015fekilde ula\u015fman\u0131za olanak tan\u0131r. Ana sayfa \u00fczerinden ayarlar\u0131n\u0131zda da de\u011fi\u015fiklik yapabilirsiniz..<\/li>\n<li><strong>G\u00f6revler:<\/strong>G\u00f6revler sayfas\u0131, size veya \u015firketinize atanm\u0131\u015f t\u00fcm formlar\u0131 g\u00f6r\u00fcnt\u00fclemenizi ve y\u00f6netmenizi sa\u011flar. G\u00f6revler sayfas\u0131 ve size atanan formlar\u0131 nas\u0131l g\u00f6zden ge\u00e7irece\u011finiz hakk\u0131nda daha fazla bilgi edinmek i\u00e7in <strong><em>G\u00f6revleri y\u00f6netme<\/em><\/strong> sayfas\u0131n\u0131 g\u00f6r\u00fcnt\u00fcleyin.<\/li>\n<li><strong>Formlar:<\/strong> Formlar sayfas\u0131, projedeki kullan\u0131c\u0131 rol\u00fcn\u00fcz\u00fcn g\u00f6rebildi\u011fi t\u00fcm formlar\u0131 listeler. Ayr\u0131ca, proje formlar\u0131n\u0131n son durumuna ili\u015fkin h\u0131zl\u0131 bir g\u00f6r\u00fcn\u00fcm de edinebilirsiniz. Bu ayn\u0131 zamanda yeni bir form ba\u015flatmak i\u00e7in kullan\u0131lan sayfad\u0131r. Formlar sayfas\u0131 hakk\u0131nda daha fazla bilgi edinmek i\u00e7in <strong><em>Formlar\u0131 kullanma<\/em><\/strong> sayfas\u0131n\u0131 inceleyin.<\/li>\n<li><strong>Formlar:<\/strong> Formlar sayfas\u0131, projedeki kullan\u0131c\u0131 rol\u00fcn\u00fcz\u00fcn g\u00f6rebildi\u011fi t\u00fcm formlar\u0131 listeler. Ayr\u0131ca, proje formlar\u0131n\u0131n son durumuna ili\u015fkin h\u0131zl\u0131 bir g\u00f6r\u00fcn\u00fcm de edinebilirsiniz. Bu ayn\u0131 zamanda yeni bir form ba\u015flatmak i\u00e7in kullan\u0131lan sayfad\u0131r. Formlar sayfas\u0131 hakk\u0131nda daha fazla bilgi edinmek i\u00e7in<strong><em>Formbox Kullanma<\/em><\/strong> sayfas\u0131n\u0131 inceleyin.<\/li>\n<\/ul>\n\t\t\t\t\t\t\t\t<\/div>\n\t\t\t\t<\/div>\n\t\t\t\t\t<\/div>\n\t\t<\/div>\n\t\t\t\t\t<\/div>\n\t\t<\/section>\n\t\t\t\t<\/div>\n\t\t","protected":false},"excerpt":{"rendered":"<p>Turna alt men\u00fcde 4 ana sayfadan olu\u015fan basit bir aray\u00fcze sahiptir. Bu sayfalar\u0131n a\u00e7\u0131klamalar\u0131n\u0131 a\u015fa\u011f\u0131da bulabilirsiniz. Anasayfa: Ana sayfa, projenizi se\u00e7menize, kullan\u0131c\u0131 bilgilerinizi g\u00f6r\u00fcnt\u00fclemenize ve g\u00f6revlerinize h\u0131zl\u0131 bir \u015fekilde ula\u015fman\u0131za olanak tan\u0131r. Ana sayfa \u00fczerinden ayarlar\u0131n\u0131zda da de\u011fi\u015fiklik yapabilirsiniz.. G\u00f6revler:G\u00f6revler &hellip; <a href=\"https:\/\/crane.ist\/tr\/turna-kullanim-kilavuzu\/turna-arayuzu\/\">Read More<\/a><\/p>\n","protected":false},"author":1,"featured_media":0,"parent":848,"menu_order":0,"comment_status":"closed","ping_status":"closed","template":"","meta":{"footnotes":""},"class_list":["post-994","page","type-page","status-publish","hentry"],"yoast_head":"<!-- This site is optimized with the Yoast SEO plugin v24.3 - https:\/\/yoast.com\/wordpress\/plugins\/seo\/ -->\n<title>Turna Aray\u00fcz\u00fc | Crane<\/title>\n<meta name=\"robots\" content=\"index, follow, max-snippet:-1, max-image-preview:large, max-video-preview:-1\" \/>\n<link rel=\"canonical\" href=\"https:\/\/crane.ist\/tr\/turna-kullanim-kilavuzu\/turna-arayuzu\/\" \/>\n<meta property=\"og:locale\" content=\"tr_TR\" \/>\n<meta property=\"og:type\" content=\"article\" \/>\n<meta property=\"og:title\" content=\"Turna Aray\u00fcz\u00fc | Crane\" \/>\n<meta property=\"og:description\" content=\"Turna alt men\u00fcde 4 ana sayfadan olu\u015fan basit bir aray\u00fcze sahiptir. Bu sayfalar\u0131n a\u00e7\u0131klamalar\u0131n\u0131 a\u015fa\u011f\u0131da bulabilirsiniz. Anasayfa: Ana sayfa, projenizi se\u00e7menize, kullan\u0131c\u0131 bilgilerinizi g\u00f6r\u00fcnt\u00fclemenize ve g\u00f6revlerinize h\u0131zl\u0131 bir \u015fekilde ula\u015fman\u0131za olanak tan\u0131r. Ana sayfa \u00fczerinden ayarlar\u0131n\u0131zda da de\u011fi\u015fiklik yapabilirsiniz.. G\u00f6revler:G\u00f6revler &hellip; Read More\" \/>\n<meta property=\"og:url\" content=\"https:\/\/crane.ist\/tr\/turna-kullanim-kilavuzu\/turna-arayuzu\/\" \/>\n<meta property=\"og:site_name\" content=\"Crane\" \/>\n<meta property=\"article:modified_time\" content=\"2020-11-22T15:46:06+00:00\" \/>\n<meta property=\"og:image\" content=\"https:\/\/crane.ist\/wp-content\/uploads\/2020\/11\/crane_help_center_4.jpg\" \/>\n<meta name=\"twitter:card\" content=\"summary_large_image\" \/>\n<meta name=\"twitter:label1\" content=\"Tahmini okuma s\u00fcresi\" \/>\n\t<meta name=\"twitter:data1\" content=\"1 dakika\" \/>\n<script type=\"application\/ld+json\" class=\"yoast-schema-graph\">{\"@context\":\"https:\/\/schema.org\",\"@graph\":[{\"@type\":\"WebPage\",\"@id\":\"https:\/\/crane.ist\/tr\/turna-kullanim-kilavuzu\/turna-arayuzu\/\",\"url\":\"https:\/\/crane.ist\/tr\/turna-kullanim-kilavuzu\/turna-arayuzu\/\",\"name\":\"Turna Aray\u00fcz\u00fc | Crane\",\"isPartOf\":{\"@id\":\"https:\/\/crane.ist\/#website\"},\"primaryImageOfPage\":{\"@id\":\"https:\/\/crane.ist\/tr\/turna-kullanim-kilavuzu\/turna-arayuzu\/#primaryimage\"},\"image\":{\"@id\":\"https:\/\/crane.ist\/tr\/turna-kullanim-kilavuzu\/turna-arayuzu\/#primaryimage\"},\"thumbnailUrl\":\"https:\/\/crane.ist\/wp-content\/uploads\/2020\/11\/crane_help_center_4.jpg\",\"datePublished\":\"2020-11-22T15:46:02+00:00\",\"dateModified\":\"2020-11-22T15:46:06+00:00\",\"breadcrumb\":{\"@id\":\"https:\/\/crane.ist\/tr\/turna-kullanim-kilavuzu\/turna-arayuzu\/#breadcrumb\"},\"inLanguage\":\"tr\",\"potentialAction\":[{\"@type\":\"ReadAction\",\"target\":[\"https:\/\/crane.ist\/tr\/turna-kullanim-kilavuzu\/turna-arayuzu\/\"]}]},{\"@type\":\"ImageObject\",\"inLanguage\":\"tr\",\"@id\":\"https:\/\/crane.ist\/tr\/turna-kullanim-kilavuzu\/turna-arayuzu\/#primaryimage\",\"url\":\"https:\/\/crane.ist\/wp-content\/uploads\/2020\/11\/crane_help_center_4.jpg\",\"contentUrl\":\"https:\/\/crane.ist\/wp-content\/uploads\/2020\/11\/crane_help_center_4.jpg\"},{\"@type\":\"BreadcrumbList\",\"@id\":\"https:\/\/crane.ist\/tr\/turna-kullanim-kilavuzu\/turna-arayuzu\/#breadcrumb\",\"itemListElement\":[{\"@type\":\"ListItem\",\"position\":1,\"name\":\"Home\",\"item\":\"https:\/\/crane.ist\/tr\/\"},{\"@type\":\"ListItem\",\"position\":2,\"name\":\"Turna Kullan\u0131m K\u0131lavuzu\",\"item\":\"https:\/\/crane.ist\/tr\/turna-kullanim-kilavuzu\/\"},{\"@type\":\"ListItem\",\"position\":3,\"name\":\"Turna Aray\u00fcz\u00fc\"}]},{\"@type\":\"WebSite\",\"@id\":\"https:\/\/crane.ist\/#website\",\"url\":\"https:\/\/crane.ist\/\",\"name\":\"Crane\",\"description\":\"App of the Field\",\"publisher\":{\"@id\":\"https:\/\/crane.ist\/#organization\"},\"potentialAction\":[{\"@type\":\"SearchAction\",\"target\":{\"@type\":\"EntryPoint\",\"urlTemplate\":\"https:\/\/crane.ist\/?s={search_term_string}\"},\"query-input\":{\"@type\":\"PropertyValueSpecification\",\"valueRequired\":true,\"valueName\":\"search_term_string\"}}],\"inLanguage\":\"tr\"},{\"@type\":\"Organization\",\"@id\":\"https:\/\/crane.ist\/#organization\",\"name\":\"Crane\",\"url\":\"https:\/\/crane.ist\/\",\"logo\":{\"@type\":\"ImageObject\",\"inLanguage\":\"tr\",\"@id\":\"https:\/\/crane.ist\/#\/schema\/logo\/image\/\",\"url\":\"https:\/\/crane.ist\/wp-content\/uploads\/2020\/06\/logo3.png\",\"contentUrl\":\"https:\/\/crane.ist\/wp-content\/uploads\/2020\/06\/logo3.png\",\"width\":932,\"height\":266,\"caption\":\"Crane\"},\"image\":{\"@id\":\"https:\/\/crane.ist\/#\/schema\/logo\/image\/\"}}]}<\/script>\n<!-- \/ Yoast SEO plugin. -->","yoast_head_json":{"title":"Turna Aray\u00fcz\u00fc | Crane","robots":{"index":"index","follow":"follow","max-snippet":"max-snippet:-1","max-image-preview":"max-image-preview:large","max-video-preview":"max-video-preview:-1"},"canonical":"https:\/\/crane.ist\/tr\/turna-kullanim-kilavuzu\/turna-arayuzu\/","og_locale":"tr_TR","og_type":"article","og_title":"Turna Aray\u00fcz\u00fc | Crane","og_description":"Turna alt men\u00fcde 4 ana sayfadan olu\u015fan basit bir aray\u00fcze sahiptir. Bu sayfalar\u0131n a\u00e7\u0131klamalar\u0131n\u0131 a\u015fa\u011f\u0131da bulabilirsiniz. Anasayfa: Ana sayfa, projenizi se\u00e7menize, kullan\u0131c\u0131 bilgilerinizi g\u00f6r\u00fcnt\u00fclemenize ve g\u00f6revlerinize h\u0131zl\u0131 bir \u015fekilde ula\u015fman\u0131za olanak tan\u0131r. Ana sayfa \u00fczerinden ayarlar\u0131n\u0131zda da de\u011fi\u015fiklik yapabilirsiniz.. G\u00f6revler:G\u00f6revler &hellip; Read More","og_url":"https:\/\/crane.ist\/tr\/turna-kullanim-kilavuzu\/turna-arayuzu\/","og_site_name":"Crane","article_modified_time":"2020-11-22T15:46:06+00:00","og_image":[{"url":"https:\/\/crane.ist\/wp-content\/uploads\/2020\/11\/crane_help_center_4.jpg","type":"","width":"","height":""}],"twitter_card":"summary_large_image","twitter_misc":{"Tahmini okuma s\u00fcresi":"1 dakika"},"schema":{"@context":"https:\/\/schema.org","@graph":[{"@type":"WebPage","@id":"https:\/\/crane.ist\/tr\/turna-kullanim-kilavuzu\/turna-arayuzu\/","url":"https:\/\/crane.ist\/tr\/turna-kullanim-kilavuzu\/turna-arayuzu\/","name":"Turna Aray\u00fcz\u00fc | Crane","isPartOf":{"@id":"https:\/\/crane.ist\/#website"},"primaryImageOfPage":{"@id":"https:\/\/crane.ist\/tr\/turna-kullanim-kilavuzu\/turna-arayuzu\/#primaryimage"},"image":{"@id":"https:\/\/crane.ist\/tr\/turna-kullanim-kilavuzu\/turna-arayuzu\/#primaryimage"},"thumbnailUrl":"https:\/\/crane.ist\/wp-content\/uploads\/2020\/11\/crane_help_center_4.jpg","datePublished":"2020-11-22T15:46:02+00:00","dateModified":"2020-11-22T15:46:06+00:00","breadcrumb":{"@id":"https:\/\/crane.ist\/tr\/turna-kullanim-kilavuzu\/turna-arayuzu\/#breadcrumb"},"inLanguage":"tr","potentialAction":[{"@type":"ReadAction","target":["https:\/\/crane.ist\/tr\/turna-kullanim-kilavuzu\/turna-arayuzu\/"]}]},{"@type":"ImageObject","inLanguage":"tr","@id":"https:\/\/crane.ist\/tr\/turna-kullanim-kilavuzu\/turna-arayuzu\/#primaryimage","url":"https:\/\/crane.ist\/wp-content\/uploads\/2020\/11\/crane_help_center_4.jpg","contentUrl":"https:\/\/crane.ist\/wp-content\/uploads\/2020\/11\/crane_help_center_4.jpg"},{"@type":"BreadcrumbList","@id":"https:\/\/crane.ist\/tr\/turna-kullanim-kilavuzu\/turna-arayuzu\/#breadcrumb","itemListElement":[{"@type":"ListItem","position":1,"name":"Home","item":"https:\/\/crane.ist\/tr\/"},{"@type":"ListItem","position":2,"name":"Turna Kullan\u0131m K\u0131lavuzu","item":"https:\/\/crane.ist\/tr\/turna-kullanim-kilavuzu\/"},{"@type":"ListItem","position":3,"name":"Turna Aray\u00fcz\u00fc"}]},{"@type":"WebSite","@id":"https:\/\/crane.ist\/#website","url":"https:\/\/crane.ist\/","name":"Crane","description":"App of the Field","publisher":{"@id":"https:\/\/crane.ist\/#organization"},"potentialAction":[{"@type":"SearchAction","target":{"@type":"EntryPoint","urlTemplate":"https:\/\/crane.ist\/?s={search_term_string}"},"query-input":{"@type":"PropertyValueSpecification","valueRequired":true,"valueName":"search_term_string"}}],"inLanguage":"tr"},{"@type":"Organization","@id":"https:\/\/crane.ist\/#organization","name":"Crane","url":"https:\/\/crane.ist\/","logo":{"@type":"ImageObject","inLanguage":"tr","@id":"https:\/\/crane.ist\/#\/schema\/logo\/image\/","url":"https:\/\/crane.ist\/wp-content\/uploads\/2020\/06\/logo3.png","contentUrl":"https:\/\/crane.ist\/wp-content\/uploads\/2020\/06\/logo3.png","width":932,"height":266,"caption":"Crane"},"image":{"@id":"https:\/\/crane.ist\/#\/schema\/logo\/image\/"}}]}},"_links":{"self":[{"href":"https:\/\/crane.ist\/tr\/wp-json\/wp\/v2\/pages\/994","targetHints":{"allow":["GET"]}}],"collection":[{"href":"https:\/\/crane.ist\/tr\/wp-json\/wp\/v2\/pages"}],"about":[{"href":"https:\/\/crane.ist\/tr\/wp-json\/wp\/v2\/types\/page"}],"author":[{"embeddable":true,"href":"https:\/\/crane.ist\/tr\/wp-json\/wp\/v2\/users\/1"}],"replies":[{"embeddable":true,"href":"https:\/\/crane.ist\/tr\/wp-json\/wp\/v2\/comments?post=994"}],"version-history":[{"count":3,"href":"https:\/\/crane.ist\/tr\/wp-json\/wp\/v2\/pages\/994\/revisions"}],"predecessor-version":[{"id":997,"href":"https:\/\/crane.ist\/tr\/wp-json\/wp\/v2\/pages\/994\/revisions\/997"}],"up":[{"embeddable":true,"href":"https:\/\/crane.ist\/tr\/wp-json\/wp\/v2\/pages\/848"}],"wp:attachment":[{"href":"https:\/\/crane.ist\/tr\/wp-json\/wp\/v2\/media?parent=994"}],"curies":[{"name":"wp","href":"https:\/\/api.w.org\/{rel}","templated":true}]}}