{"id":989,"date":"2020-11-22T15:42:27","date_gmt":"2020-11-22T15:42:27","guid":{"rendered":"https:\/\/crane.ist\/turna-kullanim-kilavuzu\/kurulusunuzun-gorevleri-nasil-goruntulenir\/"},"modified":"2020-11-22T15:42:33","modified_gmt":"2020-11-22T15:42:33","slug":"kurulusunuzun-gorevleri-nasil-goruntulenir","status":"publish","type":"page","link":"https:\/\/crane.ist\/tr\/turna-kullanim-kilavuzu\/kurulusunuzun-gorevleri-nasil-goruntulenir\/","title":{"rendered":"Kurulu\u015funuzun g\u00f6revleri nas\u0131l g\u00f6r\u00fcnt\u00fclenir?"},"content":{"rendered":"\t\t<div data-elementor-type=\"wp-page\" data-elementor-id=\"989\" class=\"elementor elementor-989 elementor-796\" data-elementor-post-type=\"page\">\n\t\t\t\t\t\t<section class=\"elementor-section elementor-top-section elementor-element elementor-element-1c585154 elementor-section-boxed elementor-section-height-default elementor-section-height-default\" data-id=\"1c585154\" data-element_type=\"section\">\n\t\t\t\t\t\t<div class=\"elementor-container elementor-column-gap-default\">\n\t\t\t\t\t<div class=\"elementor-column elementor-col-100 elementor-top-column elementor-element elementor-element-6406c942\" data-id=\"6406c942\" data-element_type=\"column\">\n\t\t\t<div class=\"elementor-widget-wrap elementor-element-populated\">\n\t\t\t\t\t\t<div class=\"elementor-element elementor-element-2c42f2d4 elementor-widget elementor-widget-heading\" data-id=\"2c42f2d4\" data-element_type=\"widget\" data-widget_type=\"heading.default\">\n\t\t\t\t<div class=\"elementor-widget-container\">\n\t\t\t\t\t<h1 class=\"elementor-heading-title elementor-size-default\">Kurulu\u015funuzun g\u00f6revleri nas\u0131l g\u00f6r\u00fcnt\u00fclenir?<\/h1>\t\t\t\t<\/div>\n\t\t\t\t<\/div>\n\t\t\t\t<div class=\"elementor-element elementor-element-373ee914 elementor-widget elementor-widget-breadcrumbs\" data-id=\"373ee914\" data-element_type=\"widget\" data-widget_type=\"breadcrumbs.default\">\n\t\t\t\t<div class=\"elementor-widget-container\">\n\t\t\t\t\t<p id=\"breadcrumbs\"><span><span><a href=\"https:\/\/crane.ist\/tr\/\">Home<\/a><\/span><\/span><\/p>\t\t\t\t<\/div>\n\t\t\t\t<\/div>\n\t\t\t\t<div class=\"elementor-element elementor-element-fbf6b62 elementor-widget-divider--view-line elementor-widget elementor-widget-divider\" data-id=\"fbf6b62\" data-element_type=\"widget\" data-widget_type=\"divider.default\">\n\t\t\t\t<div class=\"elementor-widget-container\">\n\t\t\t\t\t\t\t<div class=\"elementor-divider\">\n\t\t\t<span class=\"elementor-divider-separator\">\n\t\t\t\t\t\t<\/span>\n\t\t<\/div>\n\t\t\t\t\t\t<\/div>\n\t\t\t\t<\/div>\n\t\t\t\t\t<\/div>\n\t\t<\/div>\n\t\t\t\t\t<\/div>\n\t\t<\/section>\n\t\t\t\t<section class=\"elementor-section elementor-top-section elementor-element elementor-element-177cd2f4 elementor-section-boxed elementor-section-height-default elementor-section-height-default\" data-id=\"177cd2f4\" data-element_type=\"section\">\n\t\t\t\t\t\t<div class=\"elementor-container elementor-column-gap-default\">\n\t\t\t\t\t<div class=\"elementor-column elementor-col-100 elementor-top-column elementor-element elementor-element-4133988a\" data-id=\"4133988a\" data-element_type=\"column\">\n\t\t\t<div class=\"elementor-widget-wrap elementor-element-populated\">\n\t\t\t\t\t\t<div class=\"elementor-element elementor-element-70d7656 elementor-widget elementor-widget-text-editor\" data-id=\"70d7656\" data-element_type=\"widget\" data-widget_type=\"text-editor.default\">\n\t\t\t\t<div class=\"elementor-widget-container\">\n\t\t\t\t\t\t\t\t\t<h2>Overview of all Organization Tasks<\/h2>\n<p>\u00d6ncelikle, alt men\u00fcden &#8216;G\u00f6revler&#8217; sayfas\u0131nda oldu\u011funuzdan emin olun.<\/p>\n<p>Kurulu\u015funuza atanan t\u00fcm g\u00f6revlere genel bir bak\u0131\u015f i\u00e7in, \u00fcst \u015feritteki &#8216;T\u00fcm G\u00f6revler&#8217; se\u00e7ene\u011fini se\u00e7in. Burada, kurulu\u015funuza atanan t\u00fcm g\u00f6revlere genel bir bak\u0131\u015f elde edeceksiniz. &#8216;Devam Ediyor&#8217;, &#8216;Gecikmi\u015f&#8217; veya &#8216;Tamamland\u0131&#8217; olan g\u00f6revleri filtrelemek i\u00e7in soldaki men\u00fcy\u00fc kullan\u0131n.<\/p>\n<p>Burada, kurulu\u015funuza atanan t\u00fcm g\u00f6revleri g\u00f6r\u00fcnt\u00fcleyebileceksiniz, ancak yaln\u0131zca size atanan g\u00f6revler \u00fczerinde i\u015flem yapabileceksiniz.<\/p>\n\t\t\t\t\t\t\t\t<\/div>\n\t\t\t\t<\/div>\n\t\t\t\t<div class=\"elementor-element elementor-element-a4e6e44 elementor-widget elementor-widget-image\" data-id=\"a4e6e44\" data-element_type=\"widget\" data-widget_type=\"image.default\">\n\t\t\t\t<div class=\"elementor-widget-container\">\n\t\t\t\t\t\t\t\t\t\t\t\t\t\t\t<img fetchpriority=\"high\" decoding=\"async\" width=\"821\" height=\"677\" src=\"https:\/\/crane.ist\/wp-content\/uploads\/2020\/11\/crane_help_center_26.jpg\" class=\"attachment-large size-large wp-image-798\" alt=\"\" srcset=\"https:\/\/crane.ist\/wp-content\/uploads\/2020\/11\/crane_help_center_26.jpg 821w, https:\/\/crane.ist\/wp-content\/uploads\/2020\/11\/crane_help_center_26-300x247.jpg 300w, https:\/\/crane.ist\/wp-content\/uploads\/2020\/11\/crane_help_center_26-768x633.jpg 768w, https:\/\/crane.ist\/wp-content\/uploads\/2020\/11\/crane_help_center_26-67x55.jpg 67w, https:\/\/crane.ist\/wp-content\/uploads\/2020\/11\/crane_help_center_26-97x80.jpg 97w, https:\/\/crane.ist\/wp-content\/uploads\/2020\/11\/crane_help_center_26-367x303.jpg 367w\" sizes=\"(max-width: 821px) 100vw, 821px\" \/>\t\t\t\t\t\t\t\t\t\t\t\t\t\t\t<\/div>\n\t\t\t\t<\/div>\n\t\t\t\t<div class=\"elementor-element elementor-element-39c5c963 elementor-widget elementor-widget-text-editor\" data-id=\"39c5c963\" data-element_type=\"widget\" data-widget_type=\"text-editor.default\">\n\t\t\t\t<div class=\"elementor-widget-container\">\n\t\t\t\t\t\t\t\t\t<p>Daha fazla soru i\u00e7in, <a href=\"https:\/\/crane.ist\/tr\/turna-kullanim-kilavuzu\/gorevler-hakkinda-sss\/\">G\u00f6revler hakk\u0131nda SSS<\/a>sayfas\u0131n\u0131 ziyaret edebilirsiniz.<\/p>\n\t\t\t\t\t\t\t\t<\/div>\n\t\t\t\t<\/div>\n\t\t\t\t\t<\/div>\n\t\t<\/div>\n\t\t\t\t\t<\/div>\n\t\t<\/section>\n\t\t\t\t<\/div>\n\t\t","protected":false},"excerpt":{"rendered":"<p>Overview of all Organization Tasks \u00d6ncelikle, alt men\u00fcden &#8216;G\u00f6revler&#8217; sayfas\u0131nda oldu\u011funuzdan emin olun. Kurulu\u015funuza atanan t\u00fcm g\u00f6revlere genel bir bak\u0131\u015f i\u00e7in, \u00fcst \u015feritteki &#8216;T\u00fcm G\u00f6revler&#8217; se\u00e7ene\u011fini se\u00e7in. Burada, kurulu\u015funuza atanan t\u00fcm g\u00f6revlere genel bir bak\u0131\u015f elde edeceksiniz. &#8216;Devam Ediyor&#8217;, &#8216;Gecikmi\u015f&#8217; &hellip; <a href=\"https:\/\/crane.ist\/tr\/turna-kullanim-kilavuzu\/kurulusunuzun-gorevleri-nasil-goruntulenir\/\">Read More<\/a><\/p>\n","protected":false},"author":1,"featured_media":0,"parent":848,"menu_order":0,"comment_status":"closed","ping_status":"closed","template":"","meta":{"footnotes":""},"class_list":["post-989","page","type-page","status-publish","hentry"],"yoast_head":"<!-- This site is optimized with the Yoast SEO plugin v24.3 - https:\/\/yoast.com\/wordpress\/plugins\/seo\/ -->\n<title>Kurulu\u015funuzun g\u00f6revleri nas\u0131l g\u00f6r\u00fcnt\u00fclenir? | Crane<\/title>\n<meta name=\"robots\" content=\"index, follow, max-snippet:-1, max-image-preview:large, max-video-preview:-1\" \/>\n<link rel=\"canonical\" href=\"https:\/\/crane.ist\/tr\/turna-kullanim-kilavuzu\/kurulusunuzun-gorevleri-nasil-goruntulenir\/\" \/>\n<meta property=\"og:locale\" content=\"tr_TR\" \/>\n<meta property=\"og:type\" content=\"article\" \/>\n<meta property=\"og:title\" content=\"Kurulu\u015funuzun g\u00f6revleri nas\u0131l g\u00f6r\u00fcnt\u00fclenir? | Crane\" \/>\n<meta property=\"og:description\" content=\"Overview of all Organization Tasks \u00d6ncelikle, alt men\u00fcden &#8216;G\u00f6revler&#8217; sayfas\u0131nda oldu\u011funuzdan emin olun. Kurulu\u015funuza atanan t\u00fcm g\u00f6revlere genel bir bak\u0131\u015f i\u00e7in, \u00fcst \u015feritteki &#8216;T\u00fcm G\u00f6revler&#8217; se\u00e7ene\u011fini se\u00e7in. Burada, kurulu\u015funuza atanan t\u00fcm g\u00f6revlere genel bir bak\u0131\u015f elde edeceksiniz. &#8216;Devam Ediyor&#8217;, &#8216;Gecikmi\u015f&#8217; &hellip; Read More\" \/>\n<meta property=\"og:url\" content=\"https:\/\/crane.ist\/tr\/turna-kullanim-kilavuzu\/kurulusunuzun-gorevleri-nasil-goruntulenir\/\" \/>\n<meta property=\"og:site_name\" content=\"Crane\" \/>\n<meta property=\"article:modified_time\" content=\"2020-11-22T15:42:33+00:00\" \/>\n<meta property=\"og:image\" content=\"https:\/\/crane.ist\/wp-content\/uploads\/2020\/11\/crane_help_center_26.jpg\" \/>\n<meta name=\"twitter:card\" content=\"summary_large_image\" \/>\n<meta name=\"twitter:label1\" content=\"Tahmini okuma s\u00fcresi\" \/>\n\t<meta name=\"twitter:data1\" content=\"1 dakika\" \/>\n<script type=\"application\/ld+json\" class=\"yoast-schema-graph\">{\"@context\":\"https:\/\/schema.org\",\"@graph\":[{\"@type\":\"WebPage\",\"@id\":\"https:\/\/crane.ist\/tr\/turna-kullanim-kilavuzu\/kurulusunuzun-gorevleri-nasil-goruntulenir\/\",\"url\":\"https:\/\/crane.ist\/tr\/turna-kullanim-kilavuzu\/kurulusunuzun-gorevleri-nasil-goruntulenir\/\",\"name\":\"Kurulu\u015funuzun g\u00f6revleri nas\u0131l g\u00f6r\u00fcnt\u00fclenir? | Crane\",\"isPartOf\":{\"@id\":\"https:\/\/crane.ist\/#website\"},\"primaryImageOfPage\":{\"@id\":\"https:\/\/crane.ist\/tr\/turna-kullanim-kilavuzu\/kurulusunuzun-gorevleri-nasil-goruntulenir\/#primaryimage\"},\"image\":{\"@id\":\"https:\/\/crane.ist\/tr\/turna-kullanim-kilavuzu\/kurulusunuzun-gorevleri-nasil-goruntulenir\/#primaryimage\"},\"thumbnailUrl\":\"https:\/\/crane.ist\/wp-content\/uploads\/2020\/11\/crane_help_center_26.jpg\",\"datePublished\":\"2020-11-22T15:42:27+00:00\",\"dateModified\":\"2020-11-22T15:42:33+00:00\",\"breadcrumb\":{\"@id\":\"https:\/\/crane.ist\/tr\/turna-kullanim-kilavuzu\/kurulusunuzun-gorevleri-nasil-goruntulenir\/#breadcrumb\"},\"inLanguage\":\"tr\",\"potentialAction\":[{\"@type\":\"ReadAction\",\"target\":[\"https:\/\/crane.ist\/tr\/turna-kullanim-kilavuzu\/kurulusunuzun-gorevleri-nasil-goruntulenir\/\"]}]},{\"@type\":\"ImageObject\",\"inLanguage\":\"tr\",\"@id\":\"https:\/\/crane.ist\/tr\/turna-kullanim-kilavuzu\/kurulusunuzun-gorevleri-nasil-goruntulenir\/#primaryimage\",\"url\":\"https:\/\/crane.ist\/wp-content\/uploads\/2020\/11\/crane_help_center_26.jpg\",\"contentUrl\":\"https:\/\/crane.ist\/wp-content\/uploads\/2020\/11\/crane_help_center_26.jpg\"},{\"@type\":\"BreadcrumbList\",\"@id\":\"https:\/\/crane.ist\/tr\/turna-kullanim-kilavuzu\/kurulusunuzun-gorevleri-nasil-goruntulenir\/#breadcrumb\",\"itemListElement\":[{\"@type\":\"ListItem\",\"position\":1,\"name\":\"Home\",\"item\":\"https:\/\/crane.ist\/tr\/\"},{\"@type\":\"ListItem\",\"position\":2,\"name\":\"Turna Kullan\u0131m K\u0131lavuzu\",\"item\":\"https:\/\/crane.ist\/tr\/turna-kullanim-kilavuzu\/\"},{\"@type\":\"ListItem\",\"position\":3,\"name\":\"Kurulu\u015funuzun g\u00f6revleri nas\u0131l g\u00f6r\u00fcnt\u00fclenir?\"}]},{\"@type\":\"WebSite\",\"@id\":\"https:\/\/crane.ist\/#website\",\"url\":\"https:\/\/crane.ist\/\",\"name\":\"Crane\",\"description\":\"App of the Field\",\"publisher\":{\"@id\":\"https:\/\/crane.ist\/#organization\"},\"potentialAction\":[{\"@type\":\"SearchAction\",\"target\":{\"@type\":\"EntryPoint\",\"urlTemplate\":\"https:\/\/crane.ist\/?s={search_term_string}\"},\"query-input\":{\"@type\":\"PropertyValueSpecification\",\"valueRequired\":true,\"valueName\":\"search_term_string\"}}],\"inLanguage\":\"tr\"},{\"@type\":\"Organization\",\"@id\":\"https:\/\/crane.ist\/#organization\",\"name\":\"Crane\",\"url\":\"https:\/\/crane.ist\/\",\"logo\":{\"@type\":\"ImageObject\",\"inLanguage\":\"tr\",\"@id\":\"https:\/\/crane.ist\/#\/schema\/logo\/image\/\",\"url\":\"https:\/\/crane.ist\/wp-content\/uploads\/2020\/06\/logo3.png\",\"contentUrl\":\"https:\/\/crane.ist\/wp-content\/uploads\/2020\/06\/logo3.png\",\"width\":932,\"height\":266,\"caption\":\"Crane\"},\"image\":{\"@id\":\"https:\/\/crane.ist\/#\/schema\/logo\/image\/\"}}]}<\/script>\n<!-- \/ Yoast SEO plugin. -->","yoast_head_json":{"title":"Kurulu\u015funuzun g\u00f6revleri nas\u0131l g\u00f6r\u00fcnt\u00fclenir? | Crane","robots":{"index":"index","follow":"follow","max-snippet":"max-snippet:-1","max-image-preview":"max-image-preview:large","max-video-preview":"max-video-preview:-1"},"canonical":"https:\/\/crane.ist\/tr\/turna-kullanim-kilavuzu\/kurulusunuzun-gorevleri-nasil-goruntulenir\/","og_locale":"tr_TR","og_type":"article","og_title":"Kurulu\u015funuzun g\u00f6revleri nas\u0131l g\u00f6r\u00fcnt\u00fclenir? | Crane","og_description":"Overview of all Organization Tasks \u00d6ncelikle, alt men\u00fcden &#8216;G\u00f6revler&#8217; sayfas\u0131nda oldu\u011funuzdan emin olun. Kurulu\u015funuza atanan t\u00fcm g\u00f6revlere genel bir bak\u0131\u015f i\u00e7in, \u00fcst \u015feritteki &#8216;T\u00fcm G\u00f6revler&#8217; se\u00e7ene\u011fini se\u00e7in. Burada, kurulu\u015funuza atanan t\u00fcm g\u00f6revlere genel bir bak\u0131\u015f elde edeceksiniz. &#8216;Devam Ediyor&#8217;, &#8216;Gecikmi\u015f&#8217; &hellip; Read More","og_url":"https:\/\/crane.ist\/tr\/turna-kullanim-kilavuzu\/kurulusunuzun-gorevleri-nasil-goruntulenir\/","og_site_name":"Crane","article_modified_time":"2020-11-22T15:42:33+00:00","og_image":[{"url":"https:\/\/crane.ist\/wp-content\/uploads\/2020\/11\/crane_help_center_26.jpg","type":"","width":"","height":""}],"twitter_card":"summary_large_image","twitter_misc":{"Tahmini okuma s\u00fcresi":"1 dakika"},"schema":{"@context":"https:\/\/schema.org","@graph":[{"@type":"WebPage","@id":"https:\/\/crane.ist\/tr\/turna-kullanim-kilavuzu\/kurulusunuzun-gorevleri-nasil-goruntulenir\/","url":"https:\/\/crane.ist\/tr\/turna-kullanim-kilavuzu\/kurulusunuzun-gorevleri-nasil-goruntulenir\/","name":"Kurulu\u015funuzun g\u00f6revleri nas\u0131l g\u00f6r\u00fcnt\u00fclenir? | Crane","isPartOf":{"@id":"https:\/\/crane.ist\/#website"},"primaryImageOfPage":{"@id":"https:\/\/crane.ist\/tr\/turna-kullanim-kilavuzu\/kurulusunuzun-gorevleri-nasil-goruntulenir\/#primaryimage"},"image":{"@id":"https:\/\/crane.ist\/tr\/turna-kullanim-kilavuzu\/kurulusunuzun-gorevleri-nasil-goruntulenir\/#primaryimage"},"thumbnailUrl":"https:\/\/crane.ist\/wp-content\/uploads\/2020\/11\/crane_help_center_26.jpg","datePublished":"2020-11-22T15:42:27+00:00","dateModified":"2020-11-22T15:42:33+00:00","breadcrumb":{"@id":"https:\/\/crane.ist\/tr\/turna-kullanim-kilavuzu\/kurulusunuzun-gorevleri-nasil-goruntulenir\/#breadcrumb"},"inLanguage":"tr","potentialAction":[{"@type":"ReadAction","target":["https:\/\/crane.ist\/tr\/turna-kullanim-kilavuzu\/kurulusunuzun-gorevleri-nasil-goruntulenir\/"]}]},{"@type":"ImageObject","inLanguage":"tr","@id":"https:\/\/crane.ist\/tr\/turna-kullanim-kilavuzu\/kurulusunuzun-gorevleri-nasil-goruntulenir\/#primaryimage","url":"https:\/\/crane.ist\/wp-content\/uploads\/2020\/11\/crane_help_center_26.jpg","contentUrl":"https:\/\/crane.ist\/wp-content\/uploads\/2020\/11\/crane_help_center_26.jpg"},{"@type":"BreadcrumbList","@id":"https:\/\/crane.ist\/tr\/turna-kullanim-kilavuzu\/kurulusunuzun-gorevleri-nasil-goruntulenir\/#breadcrumb","itemListElement":[{"@type":"ListItem","position":1,"name":"Home","item":"https:\/\/crane.ist\/tr\/"},{"@type":"ListItem","position":2,"name":"Turna Kullan\u0131m K\u0131lavuzu","item":"https:\/\/crane.ist\/tr\/turna-kullanim-kilavuzu\/"},{"@type":"ListItem","position":3,"name":"Kurulu\u015funuzun g\u00f6revleri nas\u0131l g\u00f6r\u00fcnt\u00fclenir?"}]},{"@type":"WebSite","@id":"https:\/\/crane.ist\/#website","url":"https:\/\/crane.ist\/","name":"Crane","description":"App of the Field","publisher":{"@id":"https:\/\/crane.ist\/#organization"},"potentialAction":[{"@type":"SearchAction","target":{"@type":"EntryPoint","urlTemplate":"https:\/\/crane.ist\/?s={search_term_string}"},"query-input":{"@type":"PropertyValueSpecification","valueRequired":true,"valueName":"search_term_string"}}],"inLanguage":"tr"},{"@type":"Organization","@id":"https:\/\/crane.ist\/#organization","name":"Crane","url":"https:\/\/crane.ist\/","logo":{"@type":"ImageObject","inLanguage":"tr","@id":"https:\/\/crane.ist\/#\/schema\/logo\/image\/","url":"https:\/\/crane.ist\/wp-content\/uploads\/2020\/06\/logo3.png","contentUrl":"https:\/\/crane.ist\/wp-content\/uploads\/2020\/06\/logo3.png","width":932,"height":266,"caption":"Crane"},"image":{"@id":"https:\/\/crane.ist\/#\/schema\/logo\/image\/"}}]}},"_links":{"self":[{"href":"https:\/\/crane.ist\/tr\/wp-json\/wp\/v2\/pages\/989","targetHints":{"allow":["GET"]}}],"collection":[{"href":"https:\/\/crane.ist\/tr\/wp-json\/wp\/v2\/pages"}],"about":[{"href":"https:\/\/crane.ist\/tr\/wp-json\/wp\/v2\/types\/page"}],"author":[{"embeddable":true,"href":"https:\/\/crane.ist\/tr\/wp-json\/wp\/v2\/users\/1"}],"replies":[{"embeddable":true,"href":"https:\/\/crane.ist\/tr\/wp-json\/wp\/v2\/comments?post=989"}],"version-history":[{"count":4,"href":"https:\/\/crane.ist\/tr\/wp-json\/wp\/v2\/pages\/989\/revisions"}],"predecessor-version":[{"id":993,"href":"https:\/\/crane.ist\/tr\/wp-json\/wp\/v2\/pages\/989\/revisions\/993"}],"up":[{"embeddable":true,"href":"https:\/\/crane.ist\/tr\/wp-json\/wp\/v2\/pages\/848"}],"wp:attachment":[{"href":"https:\/\/crane.ist\/tr\/wp-json\/wp\/v2\/media?parent=989"}],"curies":[{"name":"wp","href":"https:\/\/api.w.org\/{rel}","templated":true}]}}