{"id":981,"date":"2020-11-22T15:40:47","date_gmt":"2020-11-22T15:40:47","guid":{"rendered":"https:\/\/crane.ist\/turna-kullanim-kilavuzu\/gorevler-nasil-goruntulenir\/"},"modified":"2020-11-22T15:40:54","modified_gmt":"2020-11-22T15:40:54","slug":"gorevler-nasil-goruntulenir","status":"publish","type":"page","link":"https:\/\/crane.ist\/tr\/turna-kullanim-kilavuzu\/gorevler-nasil-goruntulenir\/","title":{"rendered":"G\u00f6revler nas\u0131l g\u00f6r\u00fcnt\u00fclenir?"},"content":{"rendered":"\t\t<div data-elementor-type=\"wp-page\" data-elementor-id=\"981\" class=\"elementor elementor-981 elementor-792\" data-elementor-post-type=\"page\">\n\t\t\t\t\t\t<section class=\"elementor-section elementor-top-section elementor-element elementor-element-79a88d68 elementor-section-boxed elementor-section-height-default elementor-section-height-default\" data-id=\"79a88d68\" data-element_type=\"section\">\n\t\t\t\t\t\t<div class=\"elementor-container elementor-column-gap-default\">\n\t\t\t\t\t<div class=\"elementor-column elementor-col-100 elementor-top-column elementor-element elementor-element-32d8a828\" data-id=\"32d8a828\" data-element_type=\"column\">\n\t\t\t<div class=\"elementor-widget-wrap elementor-element-populated\">\n\t\t\t\t\t\t<div class=\"elementor-element elementor-element-6f06ceae elementor-widget elementor-widget-heading\" data-id=\"6f06ceae\" data-element_type=\"widget\" data-widget_type=\"heading.default\">\n\t\t\t\t<div class=\"elementor-widget-container\">\n\t\t\t\t\t<h1 class=\"elementor-heading-title elementor-size-default\">G\u00f6revler nas\u0131l g\u00f6r\u00fcnt\u00fclenir?<\/h1>\t\t\t\t<\/div>\n\t\t\t\t<\/div>\n\t\t\t\t<div class=\"elementor-element elementor-element-5e0b95e3 elementor-widget elementor-widget-breadcrumbs\" data-id=\"5e0b95e3\" data-element_type=\"widget\" data-widget_type=\"breadcrumbs.default\">\n\t\t\t\t<div class=\"elementor-widget-container\">\n\t\t\t\t\t<p id=\"breadcrumbs\"><span><span><a href=\"https:\/\/crane.ist\/tr\/\">Home<\/a><\/span><\/span><\/p>\t\t\t\t<\/div>\n\t\t\t\t<\/div>\n\t\t\t\t<div class=\"elementor-element elementor-element-68ddc57b elementor-widget-divider--view-line elementor-widget elementor-widget-divider\" data-id=\"68ddc57b\" data-element_type=\"widget\" data-widget_type=\"divider.default\">\n\t\t\t\t<div class=\"elementor-widget-container\">\n\t\t\t\t\t\t\t<div class=\"elementor-divider\">\n\t\t\t<span class=\"elementor-divider-separator\">\n\t\t\t\t\t\t<\/span>\n\t\t<\/div>\n\t\t\t\t\t\t<\/div>\n\t\t\t\t<\/div>\n\t\t\t\t\t<\/div>\n\t\t<\/div>\n\t\t\t\t\t<\/div>\n\t\t<\/section>\n\t\t\t\t<section class=\"elementor-section elementor-top-section elementor-element elementor-element-391b4f33 elementor-section-boxed elementor-section-height-default elementor-section-height-default\" data-id=\"391b4f33\" data-element_type=\"section\">\n\t\t\t\t\t\t<div class=\"elementor-container elementor-column-gap-default\">\n\t\t\t\t\t<div class=\"elementor-column elementor-col-100 elementor-top-column elementor-element elementor-element-7936b822\" data-id=\"7936b822\" data-element_type=\"column\">\n\t\t\t<div class=\"elementor-widget-wrap elementor-element-populated\">\n\t\t\t\t\t\t<div class=\"elementor-element elementor-element-2a03b5d5 elementor-widget elementor-widget-text-editor\" data-id=\"2a03b5d5\" data-element_type=\"widget\" data-widget_type=\"text-editor.default\">\n\t\t\t\t<div class=\"elementor-widget-container\">\n\t\t\t\t\t\t\t\t\t<h2>G\u00f6revlerinize Genel Bak\u0131\u015f<\/h2>\n<p>\u00d6ncelikle, alt men\u00fcden &#8216;G\u00f6revler&#8217; sayfas\u0131nda oldu\u011funuzdan emin olun.<\/p>\n<p>&#8216;G\u00f6revler&#8217; sayfas\u0131ndayken, \u00fcst \u015feritte &#8216;G\u00f6revlerim&#8217;in se\u00e7ili oldu\u011fundan emin olun. Bu sayfada, size atanan t\u00fcm g\u00f6revlere genel bir bak\u0131\u015f bulacaks\u0131n\u0131z.<\/p>\n<p>Soldaki men\u00fc \u00e7ubu\u011funu a\u00e7arsan\u0131z, Devam Ediyor, Gecikmi\u015f veya Tamamlanm\u0131\u015f g\u00f6revler i\u00e7in filtre uygulayabilirsiniz. Belirli bir g\u00f6revi bulmak \u00fczere anahtar s\u00f6zc\u00fck aramas\u0131 yapmak i\u00e7in arama \u00e7ubu\u011funu da kullanabilirsiniz.<\/p>\n<p>Belirli bir g\u00f6reve t\u0131klad\u0131\u011f\u0131n\u0131zda, form sayfas\u0131na y\u00f6nlendirileceksiniz ve ilgili form a\u00e7\u0131lacakt\u0131r. Formda yer alan ve tamamlaman\u0131z\u0131 bekleyen maddeleri tamamlad\u0131\u011f\u0131n\u0131zda formu g\u00f6nderebilirsiniz. Size g\u00f6rev olarak g\u00f6nderilen bir formu g\u00f6nderirken, g\u00f6revi atayan kullan\u0131c\u0131lar &#8220;G\u00f6reve Atanan&#8221; listesinde g\u00f6r\u00fcnecektir. Formu g\u00f6nderdi\u011finizde g\u00f6rev durumu &#8216;Tamamland\u0131&#8217; olarak de\u011fi\u015fecektir.<\/p>\n\t\t\t\t\t\t\t\t<\/div>\n\t\t\t\t<\/div>\n\t\t\t\t<div class=\"elementor-element elementor-element-936c6a5 elementor-widget elementor-widget-image\" data-id=\"936c6a5\" data-element_type=\"widget\" data-widget_type=\"image.default\">\n\t\t\t\t<div class=\"elementor-widget-container\">\n\t\t\t\t\t\t\t\t\t\t\t\t\t\t\t<img fetchpriority=\"high\" decoding=\"async\" width=\"822\" height=\"684\" src=\"https:\/\/crane.ist\/wp-content\/uploads\/2020\/11\/crane_help_center_25.jpg\" class=\"attachment-large size-large wp-image-794\" alt=\"\" srcset=\"https:\/\/crane.ist\/wp-content\/uploads\/2020\/11\/crane_help_center_25.jpg 822w, https:\/\/crane.ist\/wp-content\/uploads\/2020\/11\/crane_help_center_25-300x250.jpg 300w, https:\/\/crane.ist\/wp-content\/uploads\/2020\/11\/crane_help_center_25-768x639.jpg 768w, https:\/\/crane.ist\/wp-content\/uploads\/2020\/11\/crane_help_center_25-66x55.jpg 66w, https:\/\/crane.ist\/wp-content\/uploads\/2020\/11\/crane_help_center_25-96x80.jpg 96w, https:\/\/crane.ist\/wp-content\/uploads\/2020\/11\/crane_help_center_25-364x303.jpg 364w\" sizes=\"(max-width: 822px) 100vw, 822px\" \/>\t\t\t\t\t\t\t\t\t\t\t\t\t\t\t<\/div>\n\t\t\t\t<\/div>\n\t\t\t\t<div class=\"elementor-element elementor-element-509c74e8 elementor-widget elementor-widget-text-editor\" data-id=\"509c74e8\" data-element_type=\"widget\" data-widget_type=\"text-editor.default\">\n\t\t\t\t<div class=\"elementor-widget-container\">\n\t\t\t\t\t\t\t\t\t<p>For further question, visit the <a class=\"notion-page-mention-token notion-text-mention-token notion-enable-hover\" contenteditable=\"false\" href=\"https:\/\/crane.ist\/tr\/turna-kullanim-kilavuzu\/gorevler-hakkinda-sss\/\" data-token-index=\"1\" data-reactroot=\"\"><span class=\"notion-page-mention-token__title\">FAQ for Tasks<\/span><\/a> page for tasks.<\/p>\n\t\t\t\t\t\t\t\t<\/div>\n\t\t\t\t<\/div>\n\t\t\t\t\t<\/div>\n\t\t<\/div>\n\t\t\t\t\t<\/div>\n\t\t<\/section>\n\t\t\t\t<\/div>\n\t\t","protected":false},"excerpt":{"rendered":"<p>G\u00f6revlerinize Genel Bak\u0131\u015f \u00d6ncelikle, alt men\u00fcden &#8216;G\u00f6revler&#8217; sayfas\u0131nda oldu\u011funuzdan emin olun. &#8216;G\u00f6revler&#8217; sayfas\u0131ndayken, \u00fcst \u015feritte &#8216;G\u00f6revlerim&#8217;in se\u00e7ili oldu\u011fundan emin olun. Bu sayfada, size atanan t\u00fcm g\u00f6revlere genel bir bak\u0131\u015f bulacaks\u0131n\u0131z. Soldaki men\u00fc \u00e7ubu\u011funu a\u00e7arsan\u0131z, Devam Ediyor, Gecikmi\u015f veya Tamamlanm\u0131\u015f g\u00f6revler &hellip; <a href=\"https:\/\/crane.ist\/tr\/turna-kullanim-kilavuzu\/gorevler-nasil-goruntulenir\/\">Read More<\/a><\/p>\n","protected":false},"author":1,"featured_media":0,"parent":848,"menu_order":0,"comment_status":"closed","ping_status":"closed","template":"","meta":{"footnotes":""},"class_list":["post-981","page","type-page","status-publish","hentry"],"yoast_head":"<!-- This site is optimized with the Yoast SEO plugin v24.3 - https:\/\/yoast.com\/wordpress\/plugins\/seo\/ -->\n<title>G\u00f6revler nas\u0131l g\u00f6r\u00fcnt\u00fclenir? | Crane<\/title>\n<meta name=\"robots\" content=\"index, follow, max-snippet:-1, max-image-preview:large, max-video-preview:-1\" \/>\n<link rel=\"canonical\" href=\"https:\/\/crane.ist\/tr\/turna-kullanim-kilavuzu\/gorevler-nasil-goruntulenir\/\" \/>\n<meta property=\"og:locale\" content=\"tr_TR\" \/>\n<meta property=\"og:type\" content=\"article\" \/>\n<meta property=\"og:title\" content=\"G\u00f6revler nas\u0131l g\u00f6r\u00fcnt\u00fclenir? | Crane\" \/>\n<meta property=\"og:description\" content=\"G\u00f6revlerinize Genel Bak\u0131\u015f \u00d6ncelikle, alt men\u00fcden &#8216;G\u00f6revler&#8217; sayfas\u0131nda oldu\u011funuzdan emin olun. &#8216;G\u00f6revler&#8217; sayfas\u0131ndayken, \u00fcst \u015feritte &#8216;G\u00f6revlerim&#8217;in se\u00e7ili oldu\u011fundan emin olun. Bu sayfada, size atanan t\u00fcm g\u00f6revlere genel bir bak\u0131\u015f bulacaks\u0131n\u0131z. Soldaki men\u00fc \u00e7ubu\u011funu a\u00e7arsan\u0131z, Devam Ediyor, Gecikmi\u015f veya Tamamlanm\u0131\u015f g\u00f6revler &hellip; Read More\" \/>\n<meta property=\"og:url\" content=\"https:\/\/crane.ist\/tr\/turna-kullanim-kilavuzu\/gorevler-nasil-goruntulenir\/\" \/>\n<meta property=\"og:site_name\" content=\"Crane\" \/>\n<meta property=\"article:modified_time\" content=\"2020-11-22T15:40:54+00:00\" \/>\n<meta property=\"og:image\" content=\"https:\/\/crane.ist\/wp-content\/uploads\/2020\/11\/crane_help_center_25.jpg\" \/>\n<meta name=\"twitter:card\" content=\"summary_large_image\" \/>\n<meta name=\"twitter:label1\" content=\"Tahmini okuma s\u00fcresi\" \/>\n\t<meta name=\"twitter:data1\" content=\"1 dakika\" \/>\n<script type=\"application\/ld+json\" class=\"yoast-schema-graph\">{\"@context\":\"https:\/\/schema.org\",\"@graph\":[{\"@type\":\"WebPage\",\"@id\":\"https:\/\/crane.ist\/tr\/turna-kullanim-kilavuzu\/gorevler-nasil-goruntulenir\/\",\"url\":\"https:\/\/crane.ist\/tr\/turna-kullanim-kilavuzu\/gorevler-nasil-goruntulenir\/\",\"name\":\"G\u00f6revler nas\u0131l g\u00f6r\u00fcnt\u00fclenir? | Crane\",\"isPartOf\":{\"@id\":\"https:\/\/crane.ist\/#website\"},\"primaryImageOfPage\":{\"@id\":\"https:\/\/crane.ist\/tr\/turna-kullanim-kilavuzu\/gorevler-nasil-goruntulenir\/#primaryimage\"},\"image\":{\"@id\":\"https:\/\/crane.ist\/tr\/turna-kullanim-kilavuzu\/gorevler-nasil-goruntulenir\/#primaryimage\"},\"thumbnailUrl\":\"https:\/\/crane.ist\/wp-content\/uploads\/2020\/11\/crane_help_center_25.jpg\",\"datePublished\":\"2020-11-22T15:40:47+00:00\",\"dateModified\":\"2020-11-22T15:40:54+00:00\",\"breadcrumb\":{\"@id\":\"https:\/\/crane.ist\/tr\/turna-kullanim-kilavuzu\/gorevler-nasil-goruntulenir\/#breadcrumb\"},\"inLanguage\":\"tr\",\"potentialAction\":[{\"@type\":\"ReadAction\",\"target\":[\"https:\/\/crane.ist\/tr\/turna-kullanim-kilavuzu\/gorevler-nasil-goruntulenir\/\"]}]},{\"@type\":\"ImageObject\",\"inLanguage\":\"tr\",\"@id\":\"https:\/\/crane.ist\/tr\/turna-kullanim-kilavuzu\/gorevler-nasil-goruntulenir\/#primaryimage\",\"url\":\"https:\/\/crane.ist\/wp-content\/uploads\/2020\/11\/crane_help_center_25.jpg\",\"contentUrl\":\"https:\/\/crane.ist\/wp-content\/uploads\/2020\/11\/crane_help_center_25.jpg\"},{\"@type\":\"BreadcrumbList\",\"@id\":\"https:\/\/crane.ist\/tr\/turna-kullanim-kilavuzu\/gorevler-nasil-goruntulenir\/#breadcrumb\",\"itemListElement\":[{\"@type\":\"ListItem\",\"position\":1,\"name\":\"Home\",\"item\":\"https:\/\/crane.ist\/tr\/\"},{\"@type\":\"ListItem\",\"position\":2,\"name\":\"Turna Kullan\u0131m K\u0131lavuzu\",\"item\":\"https:\/\/crane.ist\/tr\/turna-kullanim-kilavuzu\/\"},{\"@type\":\"ListItem\",\"position\":3,\"name\":\"G\u00f6revler nas\u0131l g\u00f6r\u00fcnt\u00fclenir?\"}]},{\"@type\":\"WebSite\",\"@id\":\"https:\/\/crane.ist\/#website\",\"url\":\"https:\/\/crane.ist\/\",\"name\":\"Crane\",\"description\":\"App of the Field\",\"publisher\":{\"@id\":\"https:\/\/crane.ist\/#organization\"},\"potentialAction\":[{\"@type\":\"SearchAction\",\"target\":{\"@type\":\"EntryPoint\",\"urlTemplate\":\"https:\/\/crane.ist\/?s={search_term_string}\"},\"query-input\":{\"@type\":\"PropertyValueSpecification\",\"valueRequired\":true,\"valueName\":\"search_term_string\"}}],\"inLanguage\":\"tr\"},{\"@type\":\"Organization\",\"@id\":\"https:\/\/crane.ist\/#organization\",\"name\":\"Crane\",\"url\":\"https:\/\/crane.ist\/\",\"logo\":{\"@type\":\"ImageObject\",\"inLanguage\":\"tr\",\"@id\":\"https:\/\/crane.ist\/#\/schema\/logo\/image\/\",\"url\":\"https:\/\/crane.ist\/wp-content\/uploads\/2020\/06\/logo3.png\",\"contentUrl\":\"https:\/\/crane.ist\/wp-content\/uploads\/2020\/06\/logo3.png\",\"width\":932,\"height\":266,\"caption\":\"Crane\"},\"image\":{\"@id\":\"https:\/\/crane.ist\/#\/schema\/logo\/image\/\"}}]}<\/script>\n<!-- \/ Yoast SEO plugin. -->","yoast_head_json":{"title":"G\u00f6revler nas\u0131l g\u00f6r\u00fcnt\u00fclenir? | Crane","robots":{"index":"index","follow":"follow","max-snippet":"max-snippet:-1","max-image-preview":"max-image-preview:large","max-video-preview":"max-video-preview:-1"},"canonical":"https:\/\/crane.ist\/tr\/turna-kullanim-kilavuzu\/gorevler-nasil-goruntulenir\/","og_locale":"tr_TR","og_type":"article","og_title":"G\u00f6revler nas\u0131l g\u00f6r\u00fcnt\u00fclenir? | Crane","og_description":"G\u00f6revlerinize Genel Bak\u0131\u015f \u00d6ncelikle, alt men\u00fcden &#8216;G\u00f6revler&#8217; sayfas\u0131nda oldu\u011funuzdan emin olun. &#8216;G\u00f6revler&#8217; sayfas\u0131ndayken, \u00fcst \u015feritte &#8216;G\u00f6revlerim&#8217;in se\u00e7ili oldu\u011fundan emin olun. Bu sayfada, size atanan t\u00fcm g\u00f6revlere genel bir bak\u0131\u015f bulacaks\u0131n\u0131z. Soldaki men\u00fc \u00e7ubu\u011funu a\u00e7arsan\u0131z, Devam Ediyor, Gecikmi\u015f veya Tamamlanm\u0131\u015f g\u00f6revler &hellip; Read More","og_url":"https:\/\/crane.ist\/tr\/turna-kullanim-kilavuzu\/gorevler-nasil-goruntulenir\/","og_site_name":"Crane","article_modified_time":"2020-11-22T15:40:54+00:00","og_image":[{"url":"https:\/\/crane.ist\/wp-content\/uploads\/2020\/11\/crane_help_center_25.jpg","type":"","width":"","height":""}],"twitter_card":"summary_large_image","twitter_misc":{"Tahmini okuma s\u00fcresi":"1 dakika"},"schema":{"@context":"https:\/\/schema.org","@graph":[{"@type":"WebPage","@id":"https:\/\/crane.ist\/tr\/turna-kullanim-kilavuzu\/gorevler-nasil-goruntulenir\/","url":"https:\/\/crane.ist\/tr\/turna-kullanim-kilavuzu\/gorevler-nasil-goruntulenir\/","name":"G\u00f6revler nas\u0131l g\u00f6r\u00fcnt\u00fclenir? | Crane","isPartOf":{"@id":"https:\/\/crane.ist\/#website"},"primaryImageOfPage":{"@id":"https:\/\/crane.ist\/tr\/turna-kullanim-kilavuzu\/gorevler-nasil-goruntulenir\/#primaryimage"},"image":{"@id":"https:\/\/crane.ist\/tr\/turna-kullanim-kilavuzu\/gorevler-nasil-goruntulenir\/#primaryimage"},"thumbnailUrl":"https:\/\/crane.ist\/wp-content\/uploads\/2020\/11\/crane_help_center_25.jpg","datePublished":"2020-11-22T15:40:47+00:00","dateModified":"2020-11-22T15:40:54+00:00","breadcrumb":{"@id":"https:\/\/crane.ist\/tr\/turna-kullanim-kilavuzu\/gorevler-nasil-goruntulenir\/#breadcrumb"},"inLanguage":"tr","potentialAction":[{"@type":"ReadAction","target":["https:\/\/crane.ist\/tr\/turna-kullanim-kilavuzu\/gorevler-nasil-goruntulenir\/"]}]},{"@type":"ImageObject","inLanguage":"tr","@id":"https:\/\/crane.ist\/tr\/turna-kullanim-kilavuzu\/gorevler-nasil-goruntulenir\/#primaryimage","url":"https:\/\/crane.ist\/wp-content\/uploads\/2020\/11\/crane_help_center_25.jpg","contentUrl":"https:\/\/crane.ist\/wp-content\/uploads\/2020\/11\/crane_help_center_25.jpg"},{"@type":"BreadcrumbList","@id":"https:\/\/crane.ist\/tr\/turna-kullanim-kilavuzu\/gorevler-nasil-goruntulenir\/#breadcrumb","itemListElement":[{"@type":"ListItem","position":1,"name":"Home","item":"https:\/\/crane.ist\/tr\/"},{"@type":"ListItem","position":2,"name":"Turna Kullan\u0131m K\u0131lavuzu","item":"https:\/\/crane.ist\/tr\/turna-kullanim-kilavuzu\/"},{"@type":"ListItem","position":3,"name":"G\u00f6revler nas\u0131l g\u00f6r\u00fcnt\u00fclenir?"}]},{"@type":"WebSite","@id":"https:\/\/crane.ist\/#website","url":"https:\/\/crane.ist\/","name":"Crane","description":"App of the Field","publisher":{"@id":"https:\/\/crane.ist\/#organization"},"potentialAction":[{"@type":"SearchAction","target":{"@type":"EntryPoint","urlTemplate":"https:\/\/crane.ist\/?s={search_term_string}"},"query-input":{"@type":"PropertyValueSpecification","valueRequired":true,"valueName":"search_term_string"}}],"inLanguage":"tr"},{"@type":"Organization","@id":"https:\/\/crane.ist\/#organization","name":"Crane","url":"https:\/\/crane.ist\/","logo":{"@type":"ImageObject","inLanguage":"tr","@id":"https:\/\/crane.ist\/#\/schema\/logo\/image\/","url":"https:\/\/crane.ist\/wp-content\/uploads\/2020\/06\/logo3.png","contentUrl":"https:\/\/crane.ist\/wp-content\/uploads\/2020\/06\/logo3.png","width":932,"height":266,"caption":"Crane"},"image":{"@id":"https:\/\/crane.ist\/#\/schema\/logo\/image\/"}}]}},"_links":{"self":[{"href":"https:\/\/crane.ist\/tr\/wp-json\/wp\/v2\/pages\/981","targetHints":{"allow":["GET"]}}],"collection":[{"href":"https:\/\/crane.ist\/tr\/wp-json\/wp\/v2\/pages"}],"about":[{"href":"https:\/\/crane.ist\/tr\/wp-json\/wp\/v2\/types\/page"}],"author":[{"embeddable":true,"href":"https:\/\/crane.ist\/tr\/wp-json\/wp\/v2\/users\/1"}],"replies":[{"embeddable":true,"href":"https:\/\/crane.ist\/tr\/wp-json\/wp\/v2\/comments?post=981"}],"version-history":[{"count":4,"href":"https:\/\/crane.ist\/tr\/wp-json\/wp\/v2\/pages\/981\/revisions"}],"predecessor-version":[{"id":986,"href":"https:\/\/crane.ist\/tr\/wp-json\/wp\/v2\/pages\/981\/revisions\/986"}],"up":[{"embeddable":true,"href":"https:\/\/crane.ist\/tr\/wp-json\/wp\/v2\/pages\/848"}],"wp:attachment":[{"href":"https:\/\/crane.ist\/tr\/wp-json\/wp\/v2\/media?parent=981"}],"curies":[{"name":"wp","href":"https:\/\/api.w.org\/{rel}","templated":true}]}}