{"id":975,"date":"2020-11-22T15:34:35","date_gmt":"2020-11-22T15:34:35","guid":{"rendered":"https:\/\/crane.ist\/turna-kullanim-kilavuzu\/gonderilen-tum-yazismalar-nasil-goruntulenir\/"},"modified":"2020-11-22T15:34:43","modified_gmt":"2020-11-22T15:34:43","slug":"gonderilen-tum-yazismalar-nasil-goruntulenir","status":"publish","type":"page","link":"https:\/\/crane.ist\/tr\/turna-kullanim-kilavuzu\/gonderilen-tum-yazismalar-nasil-goruntulenir\/","title":{"rendered":"G\u00f6nderilen t\u00fcm yaz\u0131\u015fmalar nas\u0131l g\u00f6r\u00fcnt\u00fclenir?"},"content":{"rendered":"\t\t<div data-elementor-type=\"wp-page\" data-elementor-id=\"975\" class=\"elementor elementor-975 elementor-805\" data-elementor-post-type=\"page\">\n\t\t\t\t\t\t<section class=\"elementor-section elementor-top-section elementor-element elementor-element-5f2a501a elementor-section-boxed elementor-section-height-default elementor-section-height-default\" data-id=\"5f2a501a\" data-element_type=\"section\">\n\t\t\t\t\t\t<div class=\"elementor-container elementor-column-gap-default\">\n\t\t\t\t\t<div class=\"elementor-column elementor-col-100 elementor-top-column elementor-element elementor-element-4d68160\" data-id=\"4d68160\" data-element_type=\"column\">\n\t\t\t<div class=\"elementor-widget-wrap elementor-element-populated\">\n\t\t\t\t\t\t<div class=\"elementor-element elementor-element-1c8a17ae elementor-widget elementor-widget-heading\" data-id=\"1c8a17ae\" data-element_type=\"widget\" data-widget_type=\"heading.default\">\n\t\t\t\t<div class=\"elementor-widget-container\">\n\t\t\t\t\t<h1 class=\"elementor-heading-title elementor-size-default\">G\u00f6nderilen t\u00fcm yaz\u0131\u015fmalar nas\u0131l g\u00f6r\u00fcnt\u00fclenir?<\/h1>\t\t\t\t<\/div>\n\t\t\t\t<\/div>\n\t\t\t\t<div class=\"elementor-element elementor-element-70431efb elementor-widget elementor-widget-breadcrumbs\" data-id=\"70431efb\" data-element_type=\"widget\" data-widget_type=\"breadcrumbs.default\">\n\t\t\t\t<div class=\"elementor-widget-container\">\n\t\t\t\t\t<p id=\"breadcrumbs\"><span><span><a href=\"https:\/\/crane.ist\/tr\/\">Home<\/a><\/span><\/span><\/p>\t\t\t\t<\/div>\n\t\t\t\t<\/div>\n\t\t\t\t<div class=\"elementor-element elementor-element-44b446a4 elementor-widget-divider--view-line elementor-widget elementor-widget-divider\" data-id=\"44b446a4\" data-element_type=\"widget\" data-widget_type=\"divider.default\">\n\t\t\t\t<div class=\"elementor-widget-container\">\n\t\t\t\t\t\t\t<div class=\"elementor-divider\">\n\t\t\t<span class=\"elementor-divider-separator\">\n\t\t\t\t\t\t<\/span>\n\t\t<\/div>\n\t\t\t\t\t\t<\/div>\n\t\t\t\t<\/div>\n\t\t\t\t\t<\/div>\n\t\t<\/div>\n\t\t\t\t\t<\/div>\n\t\t<\/section>\n\t\t\t\t<section class=\"elementor-section elementor-top-section elementor-element elementor-element-3b63f70 elementor-section-boxed elementor-section-height-default elementor-section-height-default\" data-id=\"3b63f70\" data-element_type=\"section\">\n\t\t\t\t\t\t<div class=\"elementor-container elementor-column-gap-default\">\n\t\t\t\t\t<div class=\"elementor-column elementor-col-100 elementor-top-column elementor-element elementor-element-6e1bf5fc\" data-id=\"6e1bf5fc\" data-element_type=\"column\">\n\t\t\t<div class=\"elementor-widget-wrap elementor-element-populated\">\n\t\t\t\t\t\t<div class=\"elementor-element elementor-element-22b09a9d elementor-widget elementor-widget-text-editor\" data-id=\"22b09a9d\" data-element_type=\"widget\" data-widget_type=\"text-editor.default\">\n\t\t\t\t<div class=\"elementor-widget-container\">\n\t\t\t\t\t\t\t\t\t<h2>G\u00f6nderilmi\u015f yaz\u0131\u015fmalar\u0131 g\u00f6r<\/h2>\n<p>Siz veya kurulu\u015funuz taraf\u0131ndan g\u00f6nderilen t\u00fcm yaz\u0131\u015fmalara genel bir bak\u0131\u015f i\u00e7in, &#8216;FormBox&#8217; sayfas\u0131n\u0131n \u00fcst k\u0131sm\u0131ndaki &#8216;Giden Kutusu&#8217; se\u00e7ene\u011fine t\u0131klay\u0131n.<\/p>\n<p>Taraf\u0131n\u0131zdan g\u00f6nderilen t\u00fcm yaz\u0131\u015fmalar\u0131n bir listesini g\u00f6receksiniz. Filtreleme se\u00e7eneklerini kullanmak i\u00e7in soldaki filtreleme \u00e7ubu\u011funu kullan\u0131n. Burada, &#8216;Benim&#8217; alt\u0131nda taraf\u0131n\u0131zdan g\u00f6nderilen t\u00fcm yaz\u0131\u015fmalar\u0131 filtreleyebilir veya &#8216;Firmam&#8217; alt\u0131nda kurulu\u015funuz taraf\u0131ndan g\u00f6nderilen yaz\u0131\u015fmalar\u0131 filtreleyebilirsiniz.<\/p>\n\t\t\t\t\t\t\t\t<\/div>\n\t\t\t\t<\/div>\n\t\t\t\t<div class=\"elementor-element elementor-element-d0d4874 elementor-widget elementor-widget-image\" data-id=\"d0d4874\" data-element_type=\"widget\" data-widget_type=\"image.default\">\n\t\t\t\t<div class=\"elementor-widget-container\">\n\t\t\t\t\t\t\t\t\t\t\t\t\t\t\t<img fetchpriority=\"high\" decoding=\"async\" width=\"816\" height=\"673\" src=\"https:\/\/crane.ist\/wp-content\/uploads\/2020\/11\/crane_help_center_28.jpg\" class=\"attachment-large size-large wp-image-807\" alt=\"\" srcset=\"https:\/\/crane.ist\/wp-content\/uploads\/2020\/11\/crane_help_center_28.jpg 816w, https:\/\/crane.ist\/wp-content\/uploads\/2020\/11\/crane_help_center_28-300x247.jpg 300w, https:\/\/crane.ist\/wp-content\/uploads\/2020\/11\/crane_help_center_28-768x633.jpg 768w, https:\/\/crane.ist\/wp-content\/uploads\/2020\/11\/crane_help_center_28-67x55.jpg 67w, https:\/\/crane.ist\/wp-content\/uploads\/2020\/11\/crane_help_center_28-97x80.jpg 97w, https:\/\/crane.ist\/wp-content\/uploads\/2020\/11\/crane_help_center_28-367x303.jpg 367w\" sizes=\"(max-width: 816px) 100vw, 816px\" \/>\t\t\t\t\t\t\t\t\t\t\t\t\t\t\t<\/div>\n\t\t\t\t<\/div>\n\t\t\t\t\t<\/div>\n\t\t<\/div>\n\t\t\t\t\t<\/div>\n\t\t<\/section>\n\t\t\t\t<\/div>\n\t\t","protected":false},"excerpt":{"rendered":"<p>G\u00f6nderilmi\u015f yaz\u0131\u015fmalar\u0131 g\u00f6r Siz veya kurulu\u015funuz taraf\u0131ndan g\u00f6nderilen t\u00fcm yaz\u0131\u015fmalara genel bir bak\u0131\u015f i\u00e7in, &#8216;FormBox&#8217; sayfas\u0131n\u0131n \u00fcst k\u0131sm\u0131ndaki &#8216;Giden Kutusu&#8217; se\u00e7ene\u011fine t\u0131klay\u0131n. Taraf\u0131n\u0131zdan g\u00f6nderilen t\u00fcm yaz\u0131\u015fmalar\u0131n bir listesini g\u00f6receksiniz. Filtreleme se\u00e7eneklerini kullanmak i\u00e7in soldaki filtreleme \u00e7ubu\u011funu kullan\u0131n. Burada, &#8216;Benim&#8217; alt\u0131nda &hellip; <a href=\"https:\/\/crane.ist\/tr\/turna-kullanim-kilavuzu\/gonderilen-tum-yazismalar-nasil-goruntulenir\/\">Read More<\/a><\/p>\n","protected":false},"author":1,"featured_media":0,"parent":848,"menu_order":0,"comment_status":"closed","ping_status":"closed","template":"","meta":{"footnotes":""},"class_list":["post-975","page","type-page","status-publish","hentry"],"yoast_head":"<!-- This site is optimized with the Yoast SEO plugin v24.3 - https:\/\/yoast.com\/wordpress\/plugins\/seo\/ -->\n<title>G\u00f6nderilen t\u00fcm yaz\u0131\u015fmalar nas\u0131l g\u00f6r\u00fcnt\u00fclenir? | Crane<\/title>\n<meta name=\"robots\" content=\"index, follow, max-snippet:-1, max-image-preview:large, max-video-preview:-1\" \/>\n<link rel=\"canonical\" href=\"https:\/\/crane.ist\/tr\/turna-kullanim-kilavuzu\/gonderilen-tum-yazismalar-nasil-goruntulenir\/\" \/>\n<meta property=\"og:locale\" content=\"tr_TR\" \/>\n<meta property=\"og:type\" content=\"article\" \/>\n<meta property=\"og:title\" content=\"G\u00f6nderilen t\u00fcm yaz\u0131\u015fmalar nas\u0131l g\u00f6r\u00fcnt\u00fclenir? | Crane\" \/>\n<meta property=\"og:description\" content=\"G\u00f6nderilmi\u015f yaz\u0131\u015fmalar\u0131 g\u00f6r Siz veya kurulu\u015funuz taraf\u0131ndan g\u00f6nderilen t\u00fcm yaz\u0131\u015fmalara genel bir bak\u0131\u015f i\u00e7in, &#8216;FormBox&#8217; sayfas\u0131n\u0131n \u00fcst k\u0131sm\u0131ndaki &#8216;Giden Kutusu&#8217; se\u00e7ene\u011fine t\u0131klay\u0131n. Taraf\u0131n\u0131zdan g\u00f6nderilen t\u00fcm yaz\u0131\u015fmalar\u0131n bir listesini g\u00f6receksiniz. Filtreleme se\u00e7eneklerini kullanmak i\u00e7in soldaki filtreleme \u00e7ubu\u011funu kullan\u0131n. Burada, &#8216;Benim&#8217; alt\u0131nda &hellip; Read More\" \/>\n<meta property=\"og:url\" content=\"https:\/\/crane.ist\/tr\/turna-kullanim-kilavuzu\/gonderilen-tum-yazismalar-nasil-goruntulenir\/\" \/>\n<meta property=\"og:site_name\" content=\"Crane\" \/>\n<meta property=\"article:modified_time\" content=\"2020-11-22T15:34:43+00:00\" \/>\n<meta property=\"og:image\" content=\"https:\/\/crane.ist\/wp-content\/uploads\/2020\/11\/crane_help_center_28.jpg\" \/>\n<meta name=\"twitter:card\" content=\"summary_large_image\" \/>\n<script type=\"application\/ld+json\" class=\"yoast-schema-graph\">{\"@context\":\"https:\/\/schema.org\",\"@graph\":[{\"@type\":\"WebPage\",\"@id\":\"https:\/\/crane.ist\/tr\/turna-kullanim-kilavuzu\/gonderilen-tum-yazismalar-nasil-goruntulenir\/\",\"url\":\"https:\/\/crane.ist\/tr\/turna-kullanim-kilavuzu\/gonderilen-tum-yazismalar-nasil-goruntulenir\/\",\"name\":\"G\u00f6nderilen t\u00fcm yaz\u0131\u015fmalar nas\u0131l g\u00f6r\u00fcnt\u00fclenir? | Crane\",\"isPartOf\":{\"@id\":\"https:\/\/crane.ist\/#website\"},\"primaryImageOfPage\":{\"@id\":\"https:\/\/crane.ist\/tr\/turna-kullanim-kilavuzu\/gonderilen-tum-yazismalar-nasil-goruntulenir\/#primaryimage\"},\"image\":{\"@id\":\"https:\/\/crane.ist\/tr\/turna-kullanim-kilavuzu\/gonderilen-tum-yazismalar-nasil-goruntulenir\/#primaryimage\"},\"thumbnailUrl\":\"https:\/\/crane.ist\/wp-content\/uploads\/2020\/11\/crane_help_center_28.jpg\",\"datePublished\":\"2020-11-22T15:34:35+00:00\",\"dateModified\":\"2020-11-22T15:34:43+00:00\",\"breadcrumb\":{\"@id\":\"https:\/\/crane.ist\/tr\/turna-kullanim-kilavuzu\/gonderilen-tum-yazismalar-nasil-goruntulenir\/#breadcrumb\"},\"inLanguage\":\"tr\",\"potentialAction\":[{\"@type\":\"ReadAction\",\"target\":[\"https:\/\/crane.ist\/tr\/turna-kullanim-kilavuzu\/gonderilen-tum-yazismalar-nasil-goruntulenir\/\"]}]},{\"@type\":\"ImageObject\",\"inLanguage\":\"tr\",\"@id\":\"https:\/\/crane.ist\/tr\/turna-kullanim-kilavuzu\/gonderilen-tum-yazismalar-nasil-goruntulenir\/#primaryimage\",\"url\":\"https:\/\/crane.ist\/wp-content\/uploads\/2020\/11\/crane_help_center_28.jpg\",\"contentUrl\":\"https:\/\/crane.ist\/wp-content\/uploads\/2020\/11\/crane_help_center_28.jpg\"},{\"@type\":\"BreadcrumbList\",\"@id\":\"https:\/\/crane.ist\/tr\/turna-kullanim-kilavuzu\/gonderilen-tum-yazismalar-nasil-goruntulenir\/#breadcrumb\",\"itemListElement\":[{\"@type\":\"ListItem\",\"position\":1,\"name\":\"Home\",\"item\":\"https:\/\/crane.ist\/tr\/\"},{\"@type\":\"ListItem\",\"position\":2,\"name\":\"Turna Kullan\u0131m K\u0131lavuzu\",\"item\":\"https:\/\/crane.ist\/tr\/turna-kullanim-kilavuzu\/\"},{\"@type\":\"ListItem\",\"position\":3,\"name\":\"G\u00f6nderilen t\u00fcm yaz\u0131\u015fmalar nas\u0131l g\u00f6r\u00fcnt\u00fclenir?\"}]},{\"@type\":\"WebSite\",\"@id\":\"https:\/\/crane.ist\/#website\",\"url\":\"https:\/\/crane.ist\/\",\"name\":\"Crane\",\"description\":\"App of the Field\",\"publisher\":{\"@id\":\"https:\/\/crane.ist\/#organization\"},\"potentialAction\":[{\"@type\":\"SearchAction\",\"target\":{\"@type\":\"EntryPoint\",\"urlTemplate\":\"https:\/\/crane.ist\/?s={search_term_string}\"},\"query-input\":{\"@type\":\"PropertyValueSpecification\",\"valueRequired\":true,\"valueName\":\"search_term_string\"}}],\"inLanguage\":\"tr\"},{\"@type\":\"Organization\",\"@id\":\"https:\/\/crane.ist\/#organization\",\"name\":\"Crane\",\"url\":\"https:\/\/crane.ist\/\",\"logo\":{\"@type\":\"ImageObject\",\"inLanguage\":\"tr\",\"@id\":\"https:\/\/crane.ist\/#\/schema\/logo\/image\/\",\"url\":\"https:\/\/crane.ist\/wp-content\/uploads\/2020\/06\/logo3.png\",\"contentUrl\":\"https:\/\/crane.ist\/wp-content\/uploads\/2020\/06\/logo3.png\",\"width\":932,\"height\":266,\"caption\":\"Crane\"},\"image\":{\"@id\":\"https:\/\/crane.ist\/#\/schema\/logo\/image\/\"}}]}<\/script>\n<!-- \/ Yoast SEO plugin. -->","yoast_head_json":{"title":"G\u00f6nderilen t\u00fcm yaz\u0131\u015fmalar nas\u0131l g\u00f6r\u00fcnt\u00fclenir? | Crane","robots":{"index":"index","follow":"follow","max-snippet":"max-snippet:-1","max-image-preview":"max-image-preview:large","max-video-preview":"max-video-preview:-1"},"canonical":"https:\/\/crane.ist\/tr\/turna-kullanim-kilavuzu\/gonderilen-tum-yazismalar-nasil-goruntulenir\/","og_locale":"tr_TR","og_type":"article","og_title":"G\u00f6nderilen t\u00fcm yaz\u0131\u015fmalar nas\u0131l g\u00f6r\u00fcnt\u00fclenir? | Crane","og_description":"G\u00f6nderilmi\u015f yaz\u0131\u015fmalar\u0131 g\u00f6r Siz veya kurulu\u015funuz taraf\u0131ndan g\u00f6nderilen t\u00fcm yaz\u0131\u015fmalara genel bir bak\u0131\u015f i\u00e7in, &#8216;FormBox&#8217; sayfas\u0131n\u0131n \u00fcst k\u0131sm\u0131ndaki &#8216;Giden Kutusu&#8217; se\u00e7ene\u011fine t\u0131klay\u0131n. Taraf\u0131n\u0131zdan g\u00f6nderilen t\u00fcm yaz\u0131\u015fmalar\u0131n bir listesini g\u00f6receksiniz. Filtreleme se\u00e7eneklerini kullanmak i\u00e7in soldaki filtreleme \u00e7ubu\u011funu kullan\u0131n. Burada, &#8216;Benim&#8217; alt\u0131nda &hellip; Read More","og_url":"https:\/\/crane.ist\/tr\/turna-kullanim-kilavuzu\/gonderilen-tum-yazismalar-nasil-goruntulenir\/","og_site_name":"Crane","article_modified_time":"2020-11-22T15:34:43+00:00","og_image":[{"url":"https:\/\/crane.ist\/wp-content\/uploads\/2020\/11\/crane_help_center_28.jpg","type":"","width":"","height":""}],"twitter_card":"summary_large_image","schema":{"@context":"https:\/\/schema.org","@graph":[{"@type":"WebPage","@id":"https:\/\/crane.ist\/tr\/turna-kullanim-kilavuzu\/gonderilen-tum-yazismalar-nasil-goruntulenir\/","url":"https:\/\/crane.ist\/tr\/turna-kullanim-kilavuzu\/gonderilen-tum-yazismalar-nasil-goruntulenir\/","name":"G\u00f6nderilen t\u00fcm yaz\u0131\u015fmalar nas\u0131l g\u00f6r\u00fcnt\u00fclenir? | Crane","isPartOf":{"@id":"https:\/\/crane.ist\/#website"},"primaryImageOfPage":{"@id":"https:\/\/crane.ist\/tr\/turna-kullanim-kilavuzu\/gonderilen-tum-yazismalar-nasil-goruntulenir\/#primaryimage"},"image":{"@id":"https:\/\/crane.ist\/tr\/turna-kullanim-kilavuzu\/gonderilen-tum-yazismalar-nasil-goruntulenir\/#primaryimage"},"thumbnailUrl":"https:\/\/crane.ist\/wp-content\/uploads\/2020\/11\/crane_help_center_28.jpg","datePublished":"2020-11-22T15:34:35+00:00","dateModified":"2020-11-22T15:34:43+00:00","breadcrumb":{"@id":"https:\/\/crane.ist\/tr\/turna-kullanim-kilavuzu\/gonderilen-tum-yazismalar-nasil-goruntulenir\/#breadcrumb"},"inLanguage":"tr","potentialAction":[{"@type":"ReadAction","target":["https:\/\/crane.ist\/tr\/turna-kullanim-kilavuzu\/gonderilen-tum-yazismalar-nasil-goruntulenir\/"]}]},{"@type":"ImageObject","inLanguage":"tr","@id":"https:\/\/crane.ist\/tr\/turna-kullanim-kilavuzu\/gonderilen-tum-yazismalar-nasil-goruntulenir\/#primaryimage","url":"https:\/\/crane.ist\/wp-content\/uploads\/2020\/11\/crane_help_center_28.jpg","contentUrl":"https:\/\/crane.ist\/wp-content\/uploads\/2020\/11\/crane_help_center_28.jpg"},{"@type":"BreadcrumbList","@id":"https:\/\/crane.ist\/tr\/turna-kullanim-kilavuzu\/gonderilen-tum-yazismalar-nasil-goruntulenir\/#breadcrumb","itemListElement":[{"@type":"ListItem","position":1,"name":"Home","item":"https:\/\/crane.ist\/tr\/"},{"@type":"ListItem","position":2,"name":"Turna Kullan\u0131m K\u0131lavuzu","item":"https:\/\/crane.ist\/tr\/turna-kullanim-kilavuzu\/"},{"@type":"ListItem","position":3,"name":"G\u00f6nderilen t\u00fcm yaz\u0131\u015fmalar nas\u0131l g\u00f6r\u00fcnt\u00fclenir?"}]},{"@type":"WebSite","@id":"https:\/\/crane.ist\/#website","url":"https:\/\/crane.ist\/","name":"Crane","description":"App of the Field","publisher":{"@id":"https:\/\/crane.ist\/#organization"},"potentialAction":[{"@type":"SearchAction","target":{"@type":"EntryPoint","urlTemplate":"https:\/\/crane.ist\/?s={search_term_string}"},"query-input":{"@type":"PropertyValueSpecification","valueRequired":true,"valueName":"search_term_string"}}],"inLanguage":"tr"},{"@type":"Organization","@id":"https:\/\/crane.ist\/#organization","name":"Crane","url":"https:\/\/crane.ist\/","logo":{"@type":"ImageObject","inLanguage":"tr","@id":"https:\/\/crane.ist\/#\/schema\/logo\/image\/","url":"https:\/\/crane.ist\/wp-content\/uploads\/2020\/06\/logo3.png","contentUrl":"https:\/\/crane.ist\/wp-content\/uploads\/2020\/06\/logo3.png","width":932,"height":266,"caption":"Crane"},"image":{"@id":"https:\/\/crane.ist\/#\/schema\/logo\/image\/"}}]}},"_links":{"self":[{"href":"https:\/\/crane.ist\/tr\/wp-json\/wp\/v2\/pages\/975","targetHints":{"allow":["GET"]}}],"collection":[{"href":"https:\/\/crane.ist\/tr\/wp-json\/wp\/v2\/pages"}],"about":[{"href":"https:\/\/crane.ist\/tr\/wp-json\/wp\/v2\/types\/page"}],"author":[{"embeddable":true,"href":"https:\/\/crane.ist\/tr\/wp-json\/wp\/v2\/users\/1"}],"replies":[{"embeddable":true,"href":"https:\/\/crane.ist\/tr\/wp-json\/wp\/v2\/comments?post=975"}],"version-history":[{"count":4,"href":"https:\/\/crane.ist\/tr\/wp-json\/wp\/v2\/pages\/975\/revisions"}],"predecessor-version":[{"id":980,"href":"https:\/\/crane.ist\/tr\/wp-json\/wp\/v2\/pages\/975\/revisions\/980"}],"up":[{"embeddable":true,"href":"https:\/\/crane.ist\/tr\/wp-json\/wp\/v2\/pages\/848"}],"wp:attachment":[{"href":"https:\/\/crane.ist\/tr\/wp-json\/wp\/v2\/media?parent=975"}],"curies":[{"name":"wp","href":"https:\/\/api.w.org\/{rel}","templated":true}]}}