{"id":962,"date":"2020-11-22T15:30:11","date_gmt":"2020-11-22T15:30:11","guid":{"rendered":"https:\/\/crane.ist\/turna-kullanim-kilavuzu\/gece-modu-nasil-acilir\/"},"modified":"2020-11-22T15:30:16","modified_gmt":"2020-11-22T15:30:16","slug":"gece-modu-nasil-acilir","status":"publish","type":"page","link":"https:\/\/crane.ist\/tr\/turna-kullanim-kilavuzu\/gece-modu-nasil-acilir\/","title":{"rendered":"Gece Modu nas\u0131l a\u00e7\u0131l\u0131r?"},"content":{"rendered":"\t\t<div data-elementor-type=\"wp-page\" data-elementor-id=\"962\" class=\"elementor elementor-962 elementor-750\" data-elementor-post-type=\"page\">\n\t\t\t\t\t\t<section class=\"elementor-section elementor-top-section elementor-element elementor-element-25191523 elementor-section-boxed elementor-section-height-default elementor-section-height-default\" data-id=\"25191523\" data-element_type=\"section\">\n\t\t\t\t\t\t<div class=\"elementor-container elementor-column-gap-default\">\n\t\t\t\t\t<div class=\"elementor-column elementor-col-100 elementor-top-column elementor-element elementor-element-1f9ec9a2\" data-id=\"1f9ec9a2\" data-element_type=\"column\">\n\t\t\t<div class=\"elementor-widget-wrap elementor-element-populated\">\n\t\t\t\t\t\t<div class=\"elementor-element elementor-element-22352bff elementor-widget elementor-widget-heading\" data-id=\"22352bff\" data-element_type=\"widget\" data-widget_type=\"heading.default\">\n\t\t\t\t<div class=\"elementor-widget-container\">\n\t\t\t\t\t<h1 class=\"elementor-heading-title elementor-size-default\">Gece Modu nas\u0131l a\u00e7\u0131l\u0131r?<\/h1>\t\t\t\t<\/div>\n\t\t\t\t<\/div>\n\t\t\t\t<div class=\"elementor-element elementor-element-6e7258f8 elementor-widget elementor-widget-breadcrumbs\" data-id=\"6e7258f8\" data-element_type=\"widget\" data-widget_type=\"breadcrumbs.default\">\n\t\t\t\t<div class=\"elementor-widget-container\">\n\t\t\t\t\t<p id=\"breadcrumbs\"><span><span><a href=\"https:\/\/crane.ist\/tr\/\">Home<\/a><\/span><\/span><\/p>\t\t\t\t<\/div>\n\t\t\t\t<\/div>\n\t\t\t\t<div class=\"elementor-element elementor-element-134995c9 elementor-widget-divider--view-line elementor-widget elementor-widget-divider\" data-id=\"134995c9\" data-element_type=\"widget\" data-widget_type=\"divider.default\">\n\t\t\t\t<div class=\"elementor-widget-container\">\n\t\t\t\t\t\t\t<div class=\"elementor-divider\">\n\t\t\t<span class=\"elementor-divider-separator\">\n\t\t\t\t\t\t<\/span>\n\t\t<\/div>\n\t\t\t\t\t\t<\/div>\n\t\t\t\t<\/div>\n\t\t\t\t\t<\/div>\n\t\t<\/div>\n\t\t\t\t\t<\/div>\n\t\t<\/section>\n\t\t\t\t<section class=\"elementor-section elementor-top-section elementor-element elementor-element-6af45f2 elementor-section-boxed elementor-section-height-default elementor-section-height-default\" data-id=\"6af45f2\" data-element_type=\"section\">\n\t\t\t\t\t\t<div class=\"elementor-container elementor-column-gap-default\">\n\t\t\t\t\t<div class=\"elementor-column elementor-col-100 elementor-top-column elementor-element elementor-element-2cf843db\" data-id=\"2cf843db\" data-element_type=\"column\">\n\t\t\t<div class=\"elementor-widget-wrap elementor-element-populated\">\n\t\t\t\t\t\t<div class=\"elementor-element elementor-element-3e8b9d5e elementor-widget elementor-widget-text-editor\" data-id=\"3e8b9d5e\" data-element_type=\"widget\" data-widget_type=\"text-editor.default\">\n\t\t\t\t<div class=\"elementor-widget-container\">\n\t\t\t\t\t\t\t\t\t<p>Ekran\u0131n\u0131z\u0131n \u00e7al\u0131\u015fma ko\u015fullar\u0131n\u0131z i\u00e7in do\u011fru parlakl\u0131\u011f\u0131 yans\u0131tt\u0131\u011f\u0131ndan emin olmak istiyoruz. Bu nedenle, sahada daha karanl\u0131k bir ortamda \u00e7al\u0131\u015ft\u0131\u011f\u0131n\u0131z zamanlar i\u00e7in gece modunu a\u00e7ma se\u00e7ene\u011fimiz var.<\/p>\n<p>Gece modu, daha karanl\u0131k ortamlarda \u00e7al\u0131\u015fman\u0131za yard\u0131mc\u0131 olmak i\u00e7in ekran\u0131n\u0131z\u0131n parlakl\u0131\u011f\u0131n\u0131 azaltman\u0131za yard\u0131mc\u0131 olacakt\u0131r. Ana sayfada, a\u015fa\u011f\u0131da vurguland\u0131\u011f\u0131 gibi \u00c7\u0131k\u0131\u015f butonunun sa\u011f\u0131ndaki &#8216;Ayarlar&#8217; simgesine t\u0131klay\u0131n. Burada, dil tercihlerinin alt\u0131ndaki Gece Modunu a\u00e7\u0131p kapatabilirsiniz.<\/p>\n\t\t\t\t\t\t\t\t<\/div>\n\t\t\t\t<\/div>\n\t\t\t\t<div class=\"elementor-element elementor-element-9547876 elementor-widget elementor-widget-image\" data-id=\"9547876\" data-element_type=\"widget\" data-widget_type=\"image.default\">\n\t\t\t\t<div class=\"elementor-widget-container\">\n\t\t\t\t\t\t\t\t\t\t\t\t\t\t\t<img fetchpriority=\"high\" decoding=\"async\" width=\"835\" height=\"685\" src=\"https:\/\/crane.ist\/wp-content\/uploads\/2020\/11\/crane_help_center_6.jpg\" class=\"attachment-large size-large wp-image-752\" alt=\"\" srcset=\"https:\/\/crane.ist\/wp-content\/uploads\/2020\/11\/crane_help_center_6.jpg 835w, https:\/\/crane.ist\/wp-content\/uploads\/2020\/11\/crane_help_center_6-300x246.jpg 300w, https:\/\/crane.ist\/wp-content\/uploads\/2020\/11\/crane_help_center_6-768x630.jpg 768w, https:\/\/crane.ist\/wp-content\/uploads\/2020\/11\/crane_help_center_6-67x55.jpg 67w, https:\/\/crane.ist\/wp-content\/uploads\/2020\/11\/crane_help_center_6-98x80.jpg 98w, https:\/\/crane.ist\/wp-content\/uploads\/2020\/11\/crane_help_center_6-369x303.jpg 369w\" sizes=\"(max-width: 835px) 100vw, 835px\" \/>\t\t\t\t\t\t\t\t\t\t\t\t\t\t\t<\/div>\n\t\t\t\t<\/div>\n\t\t\t\t\t<\/div>\n\t\t<\/div>\n\t\t\t\t\t<\/div>\n\t\t<\/section>\n\t\t\t\t<\/div>\n\t\t","protected":false},"excerpt":{"rendered":"<p>Ekran\u0131n\u0131z\u0131n \u00e7al\u0131\u015fma ko\u015fullar\u0131n\u0131z i\u00e7in do\u011fru parlakl\u0131\u011f\u0131 yans\u0131tt\u0131\u011f\u0131ndan emin olmak istiyoruz. Bu nedenle, sahada daha karanl\u0131k bir ortamda \u00e7al\u0131\u015ft\u0131\u011f\u0131n\u0131z zamanlar i\u00e7in gece modunu a\u00e7ma se\u00e7ene\u011fimiz var. Gece modu, daha karanl\u0131k ortamlarda \u00e7al\u0131\u015fman\u0131za yard\u0131mc\u0131 olmak i\u00e7in ekran\u0131n\u0131z\u0131n parlakl\u0131\u011f\u0131n\u0131 azaltman\u0131za yard\u0131mc\u0131 olacakt\u0131r. Ana &hellip; <a href=\"https:\/\/crane.ist\/tr\/turna-kullanim-kilavuzu\/gece-modu-nasil-acilir\/\">Read More<\/a><\/p>\n","protected":false},"author":1,"featured_media":0,"parent":848,"menu_order":0,"comment_status":"closed","ping_status":"closed","template":"","meta":{"footnotes":""},"class_list":["post-962","page","type-page","status-publish","hentry"],"yoast_head":"<!-- This site is optimized with the Yoast SEO plugin v24.3 - https:\/\/yoast.com\/wordpress\/plugins\/seo\/ -->\n<title>Gece Modu nas\u0131l a\u00e7\u0131l\u0131r? | Crane<\/title>\n<meta name=\"robots\" content=\"index, follow, max-snippet:-1, max-image-preview:large, max-video-preview:-1\" \/>\n<link rel=\"canonical\" href=\"https:\/\/crane.ist\/tr\/turna-kullanim-kilavuzu\/gece-modu-nasil-acilir\/\" \/>\n<meta property=\"og:locale\" content=\"tr_TR\" \/>\n<meta property=\"og:type\" content=\"article\" \/>\n<meta property=\"og:title\" content=\"Gece Modu nas\u0131l a\u00e7\u0131l\u0131r? | Crane\" \/>\n<meta property=\"og:description\" content=\"Ekran\u0131n\u0131z\u0131n \u00e7al\u0131\u015fma ko\u015fullar\u0131n\u0131z i\u00e7in do\u011fru parlakl\u0131\u011f\u0131 yans\u0131tt\u0131\u011f\u0131ndan emin olmak istiyoruz. Bu nedenle, sahada daha karanl\u0131k bir ortamda \u00e7al\u0131\u015ft\u0131\u011f\u0131n\u0131z zamanlar i\u00e7in gece modunu a\u00e7ma se\u00e7ene\u011fimiz var. Gece modu, daha karanl\u0131k ortamlarda \u00e7al\u0131\u015fman\u0131za yard\u0131mc\u0131 olmak i\u00e7in ekran\u0131n\u0131z\u0131n parlakl\u0131\u011f\u0131n\u0131 azaltman\u0131za yard\u0131mc\u0131 olacakt\u0131r. Ana &hellip; Read More\" \/>\n<meta property=\"og:url\" content=\"https:\/\/crane.ist\/tr\/turna-kullanim-kilavuzu\/gece-modu-nasil-acilir\/\" \/>\n<meta property=\"og:site_name\" content=\"Crane\" \/>\n<meta property=\"article:modified_time\" content=\"2020-11-22T15:30:16+00:00\" \/>\n<meta property=\"og:image\" content=\"https:\/\/crane.ist\/wp-content\/uploads\/2020\/11\/crane_help_center_6.jpg\" \/>\n<meta name=\"twitter:card\" content=\"summary_large_image\" \/>\n<script type=\"application\/ld+json\" class=\"yoast-schema-graph\">{\"@context\":\"https:\/\/schema.org\",\"@graph\":[{\"@type\":\"WebPage\",\"@id\":\"https:\/\/crane.ist\/tr\/turna-kullanim-kilavuzu\/gece-modu-nasil-acilir\/\",\"url\":\"https:\/\/crane.ist\/tr\/turna-kullanim-kilavuzu\/gece-modu-nasil-acilir\/\",\"name\":\"Gece Modu nas\u0131l a\u00e7\u0131l\u0131r? | Crane\",\"isPartOf\":{\"@id\":\"https:\/\/crane.ist\/#website\"},\"primaryImageOfPage\":{\"@id\":\"https:\/\/crane.ist\/tr\/turna-kullanim-kilavuzu\/gece-modu-nasil-acilir\/#primaryimage\"},\"image\":{\"@id\":\"https:\/\/crane.ist\/tr\/turna-kullanim-kilavuzu\/gece-modu-nasil-acilir\/#primaryimage\"},\"thumbnailUrl\":\"https:\/\/crane.ist\/wp-content\/uploads\/2020\/11\/crane_help_center_6.jpg\",\"datePublished\":\"2020-11-22T15:30:11+00:00\",\"dateModified\":\"2020-11-22T15:30:16+00:00\",\"breadcrumb\":{\"@id\":\"https:\/\/crane.ist\/tr\/turna-kullanim-kilavuzu\/gece-modu-nasil-acilir\/#breadcrumb\"},\"inLanguage\":\"tr\",\"potentialAction\":[{\"@type\":\"ReadAction\",\"target\":[\"https:\/\/crane.ist\/tr\/turna-kullanim-kilavuzu\/gece-modu-nasil-acilir\/\"]}]},{\"@type\":\"ImageObject\",\"inLanguage\":\"tr\",\"@id\":\"https:\/\/crane.ist\/tr\/turna-kullanim-kilavuzu\/gece-modu-nasil-acilir\/#primaryimage\",\"url\":\"https:\/\/crane.ist\/wp-content\/uploads\/2020\/11\/crane_help_center_6.jpg\",\"contentUrl\":\"https:\/\/crane.ist\/wp-content\/uploads\/2020\/11\/crane_help_center_6.jpg\"},{\"@type\":\"BreadcrumbList\",\"@id\":\"https:\/\/crane.ist\/tr\/turna-kullanim-kilavuzu\/gece-modu-nasil-acilir\/#breadcrumb\",\"itemListElement\":[{\"@type\":\"ListItem\",\"position\":1,\"name\":\"Home\",\"item\":\"https:\/\/crane.ist\/tr\/\"},{\"@type\":\"ListItem\",\"position\":2,\"name\":\"Turna Kullan\u0131m K\u0131lavuzu\",\"item\":\"https:\/\/crane.ist\/tr\/turna-kullanim-kilavuzu\/\"},{\"@type\":\"ListItem\",\"position\":3,\"name\":\"Gece Modu nas\u0131l a\u00e7\u0131l\u0131r?\"}]},{\"@type\":\"WebSite\",\"@id\":\"https:\/\/crane.ist\/#website\",\"url\":\"https:\/\/crane.ist\/\",\"name\":\"Crane\",\"description\":\"App of the Field\",\"publisher\":{\"@id\":\"https:\/\/crane.ist\/#organization\"},\"potentialAction\":[{\"@type\":\"SearchAction\",\"target\":{\"@type\":\"EntryPoint\",\"urlTemplate\":\"https:\/\/crane.ist\/?s={search_term_string}\"},\"query-input\":{\"@type\":\"PropertyValueSpecification\",\"valueRequired\":true,\"valueName\":\"search_term_string\"}}],\"inLanguage\":\"tr\"},{\"@type\":\"Organization\",\"@id\":\"https:\/\/crane.ist\/#organization\",\"name\":\"Crane\",\"url\":\"https:\/\/crane.ist\/\",\"logo\":{\"@type\":\"ImageObject\",\"inLanguage\":\"tr\",\"@id\":\"https:\/\/crane.ist\/#\/schema\/logo\/image\/\",\"url\":\"https:\/\/crane.ist\/wp-content\/uploads\/2020\/06\/logo3.png\",\"contentUrl\":\"https:\/\/crane.ist\/wp-content\/uploads\/2020\/06\/logo3.png\",\"width\":932,\"height\":266,\"caption\":\"Crane\"},\"image\":{\"@id\":\"https:\/\/crane.ist\/#\/schema\/logo\/image\/\"}}]}<\/script>\n<!-- \/ Yoast SEO plugin. -->","yoast_head_json":{"title":"Gece Modu nas\u0131l a\u00e7\u0131l\u0131r? | Crane","robots":{"index":"index","follow":"follow","max-snippet":"max-snippet:-1","max-image-preview":"max-image-preview:large","max-video-preview":"max-video-preview:-1"},"canonical":"https:\/\/crane.ist\/tr\/turna-kullanim-kilavuzu\/gece-modu-nasil-acilir\/","og_locale":"tr_TR","og_type":"article","og_title":"Gece Modu nas\u0131l a\u00e7\u0131l\u0131r? | Crane","og_description":"Ekran\u0131n\u0131z\u0131n \u00e7al\u0131\u015fma ko\u015fullar\u0131n\u0131z i\u00e7in do\u011fru parlakl\u0131\u011f\u0131 yans\u0131tt\u0131\u011f\u0131ndan emin olmak istiyoruz. Bu nedenle, sahada daha karanl\u0131k bir ortamda \u00e7al\u0131\u015ft\u0131\u011f\u0131n\u0131z zamanlar i\u00e7in gece modunu a\u00e7ma se\u00e7ene\u011fimiz var. Gece modu, daha karanl\u0131k ortamlarda \u00e7al\u0131\u015fman\u0131za yard\u0131mc\u0131 olmak i\u00e7in ekran\u0131n\u0131z\u0131n parlakl\u0131\u011f\u0131n\u0131 azaltman\u0131za yard\u0131mc\u0131 olacakt\u0131r. Ana &hellip; Read More","og_url":"https:\/\/crane.ist\/tr\/turna-kullanim-kilavuzu\/gece-modu-nasil-acilir\/","og_site_name":"Crane","article_modified_time":"2020-11-22T15:30:16+00:00","og_image":[{"url":"https:\/\/crane.ist\/wp-content\/uploads\/2020\/11\/crane_help_center_6.jpg","type":"","width":"","height":""}],"twitter_card":"summary_large_image","schema":{"@context":"https:\/\/schema.org","@graph":[{"@type":"WebPage","@id":"https:\/\/crane.ist\/tr\/turna-kullanim-kilavuzu\/gece-modu-nasil-acilir\/","url":"https:\/\/crane.ist\/tr\/turna-kullanim-kilavuzu\/gece-modu-nasil-acilir\/","name":"Gece Modu nas\u0131l a\u00e7\u0131l\u0131r? | Crane","isPartOf":{"@id":"https:\/\/crane.ist\/#website"},"primaryImageOfPage":{"@id":"https:\/\/crane.ist\/tr\/turna-kullanim-kilavuzu\/gece-modu-nasil-acilir\/#primaryimage"},"image":{"@id":"https:\/\/crane.ist\/tr\/turna-kullanim-kilavuzu\/gece-modu-nasil-acilir\/#primaryimage"},"thumbnailUrl":"https:\/\/crane.ist\/wp-content\/uploads\/2020\/11\/crane_help_center_6.jpg","datePublished":"2020-11-22T15:30:11+00:00","dateModified":"2020-11-22T15:30:16+00:00","breadcrumb":{"@id":"https:\/\/crane.ist\/tr\/turna-kullanim-kilavuzu\/gece-modu-nasil-acilir\/#breadcrumb"},"inLanguage":"tr","potentialAction":[{"@type":"ReadAction","target":["https:\/\/crane.ist\/tr\/turna-kullanim-kilavuzu\/gece-modu-nasil-acilir\/"]}]},{"@type":"ImageObject","inLanguage":"tr","@id":"https:\/\/crane.ist\/tr\/turna-kullanim-kilavuzu\/gece-modu-nasil-acilir\/#primaryimage","url":"https:\/\/crane.ist\/wp-content\/uploads\/2020\/11\/crane_help_center_6.jpg","contentUrl":"https:\/\/crane.ist\/wp-content\/uploads\/2020\/11\/crane_help_center_6.jpg"},{"@type":"BreadcrumbList","@id":"https:\/\/crane.ist\/tr\/turna-kullanim-kilavuzu\/gece-modu-nasil-acilir\/#breadcrumb","itemListElement":[{"@type":"ListItem","position":1,"name":"Home","item":"https:\/\/crane.ist\/tr\/"},{"@type":"ListItem","position":2,"name":"Turna Kullan\u0131m K\u0131lavuzu","item":"https:\/\/crane.ist\/tr\/turna-kullanim-kilavuzu\/"},{"@type":"ListItem","position":3,"name":"Gece Modu nas\u0131l a\u00e7\u0131l\u0131r?"}]},{"@type":"WebSite","@id":"https:\/\/crane.ist\/#website","url":"https:\/\/crane.ist\/","name":"Crane","description":"App of the Field","publisher":{"@id":"https:\/\/crane.ist\/#organization"},"potentialAction":[{"@type":"SearchAction","target":{"@type":"EntryPoint","urlTemplate":"https:\/\/crane.ist\/?s={search_term_string}"},"query-input":{"@type":"PropertyValueSpecification","valueRequired":true,"valueName":"search_term_string"}}],"inLanguage":"tr"},{"@type":"Organization","@id":"https:\/\/crane.ist\/#organization","name":"Crane","url":"https:\/\/crane.ist\/","logo":{"@type":"ImageObject","inLanguage":"tr","@id":"https:\/\/crane.ist\/#\/schema\/logo\/image\/","url":"https:\/\/crane.ist\/wp-content\/uploads\/2020\/06\/logo3.png","contentUrl":"https:\/\/crane.ist\/wp-content\/uploads\/2020\/06\/logo3.png","width":932,"height":266,"caption":"Crane"},"image":{"@id":"https:\/\/crane.ist\/#\/schema\/logo\/image\/"}}]}},"_links":{"self":[{"href":"https:\/\/crane.ist\/tr\/wp-json\/wp\/v2\/pages\/962","targetHints":{"allow":["GET"]}}],"collection":[{"href":"https:\/\/crane.ist\/tr\/wp-json\/wp\/v2\/pages"}],"about":[{"href":"https:\/\/crane.ist\/tr\/wp-json\/wp\/v2\/types\/page"}],"author":[{"embeddable":true,"href":"https:\/\/crane.ist\/tr\/wp-json\/wp\/v2\/users\/1"}],"replies":[{"embeddable":true,"href":"https:\/\/crane.ist\/tr\/wp-json\/wp\/v2\/comments?post=962"}],"version-history":[{"count":2,"href":"https:\/\/crane.ist\/tr\/wp-json\/wp\/v2\/pages\/962\/revisions"}],"predecessor-version":[{"id":966,"href":"https:\/\/crane.ist\/tr\/wp-json\/wp\/v2\/pages\/962\/revisions\/966"}],"up":[{"embeddable":true,"href":"https:\/\/crane.ist\/tr\/wp-json\/wp\/v2\/pages\/848"}],"wp:attachment":[{"href":"https:\/\/crane.ist\/tr\/wp-json\/wp\/v2\/media?parent=962"}],"curies":[{"name":"wp","href":"https:\/\/api.w.org\/{rel}","templated":true}]}}