{"id":954,"date":"2020-11-22T15:28:55","date_gmt":"2020-11-22T15:28:55","guid":{"rendered":"https:\/\/crane.ist\/turna-kullanim-kilavuzu\/yeni-form-nasil-baslatilir\/"},"modified":"2020-11-22T15:29:06","modified_gmt":"2020-11-22T15:29:06","slug":"yeni-form-nasil-baslatilir","status":"publish","type":"page","link":"https:\/\/crane.ist\/tr\/turna-kullanim-kilavuzu\/yeni-form-nasil-baslatilir\/","title":{"rendered":"Yeni form nas\u0131l ba\u015flat\u0131l\u0131r?"},"content":{"rendered":"\t\t<div data-elementor-type=\"wp-page\" data-elementor-id=\"954\" class=\"elementor elementor-954 elementor-754\" data-elementor-post-type=\"page\">\n\t\t\t\t\t\t<section class=\"elementor-section elementor-top-section elementor-element elementor-element-2035c5e8 elementor-section-boxed elementor-section-height-default elementor-section-height-default\" data-id=\"2035c5e8\" data-element_type=\"section\">\n\t\t\t\t\t\t<div class=\"elementor-container elementor-column-gap-default\">\n\t\t\t\t\t<div class=\"elementor-column elementor-col-100 elementor-top-column elementor-element elementor-element-467aa515\" data-id=\"467aa515\" data-element_type=\"column\">\n\t\t\t<div class=\"elementor-widget-wrap elementor-element-populated\">\n\t\t\t\t\t\t<div class=\"elementor-element elementor-element-12075826 elementor-widget elementor-widget-heading\" data-id=\"12075826\" data-element_type=\"widget\" data-widget_type=\"heading.default\">\n\t\t\t\t<div class=\"elementor-widget-container\">\n\t\t\t\t\t<h1 class=\"elementor-heading-title elementor-size-default\">Yeni form nas\u0131l ba\u015flat\u0131l\u0131r?<\/h1>\t\t\t\t<\/div>\n\t\t\t\t<\/div>\n\t\t\t\t<div class=\"elementor-element elementor-element-6b362202 elementor-widget elementor-widget-breadcrumbs\" data-id=\"6b362202\" data-element_type=\"widget\" data-widget_type=\"breadcrumbs.default\">\n\t\t\t\t<div class=\"elementor-widget-container\">\n\t\t\t\t\t<p id=\"breadcrumbs\"><span><span><a href=\"https:\/\/crane.ist\/tr\/\">Home<\/a><\/span><\/span><\/p>\t\t\t\t<\/div>\n\t\t\t\t<\/div>\n\t\t\t\t<div class=\"elementor-element elementor-element-6f922f92 elementor-widget-divider--view-line elementor-widget elementor-widget-divider\" data-id=\"6f922f92\" data-element_type=\"widget\" data-widget_type=\"divider.default\">\n\t\t\t\t<div class=\"elementor-widget-container\">\n\t\t\t\t\t\t\t<div class=\"elementor-divider\">\n\t\t\t<span class=\"elementor-divider-separator\">\n\t\t\t\t\t\t<\/span>\n\t\t<\/div>\n\t\t\t\t\t\t<\/div>\n\t\t\t\t<\/div>\n\t\t\t\t\t<\/div>\n\t\t<\/div>\n\t\t\t\t\t<\/div>\n\t\t<\/section>\n\t\t\t\t<section class=\"elementor-section elementor-top-section elementor-element elementor-element-4276570e elementor-section-boxed elementor-section-height-default elementor-section-height-default\" data-id=\"4276570e\" data-element_type=\"section\">\n\t\t\t\t\t\t<div class=\"elementor-container elementor-column-gap-default\">\n\t\t\t\t\t<div class=\"elementor-column elementor-col-100 elementor-top-column elementor-element elementor-element-6693c563\" data-id=\"6693c563\" data-element_type=\"column\">\n\t\t\t<div class=\"elementor-widget-wrap elementor-element-populated\">\n\t\t\t\t\t\t<div class=\"elementor-element elementor-element-3fefc1fe elementor-widget elementor-widget-text-editor\" data-id=\"3fefc1fe\" data-element_type=\"widget\" data-widget_type=\"text-editor.default\">\n\t\t\t\t<div class=\"elementor-widget-container\">\n\t\t\t\t\t\t\t\t\t<p>Projeniz i\u00e7in tan\u0131mlanan s\u00fcre\u00e7lerden herhangi birini ba\u015flatmak i\u00e7in a\u015fa\u011f\u0131daki ad\u0131mlar\u0131 takip ediniz.<\/p>\n<h3>Formlar sayfas\u0131na gidin<\/h3>\n<p>\u00d6ncelikle, uygulaman\u0131n alt \u015feridindeki &#8216;Formlar&#8217; simgesine t\u0131klayarak &#8216;Formlar&#8217; sayfas\u0131na gidin.<\/p>\n<p>Formlar sayfas\u0131na girdikten sonra, kurulu\u015funuz taraf\u0131ndan ba\u015flat\u0131lan t\u00fcm formlar\u0131n bir listesini g\u00f6receksiniz. Hen\u00fcz herhangi bir i\u015flem ba\u015flat\u0131lmad\u0131ysa, bo\u015f bir sayfa g\u00f6receksiniz.<\/p>\n\t\t\t\t\t\t\t\t<\/div>\n\t\t\t\t<\/div>\n\t\t\t\t<div class=\"elementor-element elementor-element-4ba9b09 elementor-widget elementor-widget-image\" data-id=\"4ba9b09\" data-element_type=\"widget\" data-widget_type=\"image.default\">\n\t\t\t\t<div class=\"elementor-widget-container\">\n\t\t\t\t\t\t\t\t\t\t\t\t\t\t\t<img fetchpriority=\"high\" decoding=\"async\" width=\"386\" height=\"687\" src=\"https:\/\/crane.ist\/wp-content\/uploads\/2020\/11\/crane_help_center_7.jpg\" class=\"attachment-large size-large wp-image-756\" alt=\"\" srcset=\"https:\/\/crane.ist\/wp-content\/uploads\/2020\/11\/crane_help_center_7.jpg 386w, https:\/\/crane.ist\/wp-content\/uploads\/2020\/11\/crane_help_center_7-169x300.jpg 169w, https:\/\/crane.ist\/wp-content\/uploads\/2020\/11\/crane_help_center_7-31x55.jpg 31w, https:\/\/crane.ist\/wp-content\/uploads\/2020\/11\/crane_help_center_7-45x80.jpg 45w, https:\/\/crane.ist\/wp-content\/uploads\/2020\/11\/crane_help_center_7-170x303.jpg 170w\" sizes=\"(max-width: 386px) 100vw, 386px\" \/>\t\t\t\t\t\t\t\t\t\t\t\t\t\t\t<\/div>\n\t\t\t\t<\/div>\n\t\t\t\t<div class=\"elementor-element elementor-element-5577c9d elementor-widget elementor-widget-text-editor\" data-id=\"5577c9d\" data-element_type=\"widget\" data-widget_type=\"text-editor.default\">\n\t\t\t\t<div class=\"elementor-widget-container\">\n\t\t\t\t\t\t\t\t\t<h3>Yeni bir Form olu\u015ftur<\/h3>\n<p>Yeni bir form ba\u015flatmak i\u00e7in \u00f6nce form sayfas\u0131n\u0131n \u00fcst men\u00fcs\u00fcnden konumu se\u00e7in. Konumunuzu se\u00e7tikten hemen sonra, sayfan\u0131n sa\u011f alt k\u0131sm\u0131nda yeni bir form ba\u015flatmak i\u00e7in art\u0131 simgesi g\u00f6r\u00fcnecektir.<\/p>\n\t\t\t\t\t\t\t\t<\/div>\n\t\t\t\t<\/div>\n\t\t\t\t<div class=\"elementor-element elementor-element-c83e047 elementor-widget elementor-widget-image\" data-id=\"c83e047\" data-element_type=\"widget\" data-widget_type=\"image.default\">\n\t\t\t\t<div class=\"elementor-widget-container\">\n\t\t\t\t\t\t\t\t\t\t\t\t\t\t\t<img decoding=\"async\" width=\"823\" height=\"697\" src=\"https:\/\/crane.ist\/wp-content\/uploads\/2020\/11\/crane_help_center_8.jpg\" class=\"attachment-large size-large wp-image-757\" alt=\"\" srcset=\"https:\/\/crane.ist\/wp-content\/uploads\/2020\/11\/crane_help_center_8.jpg 823w, https:\/\/crane.ist\/wp-content\/uploads\/2020\/11\/crane_help_center_8-300x254.jpg 300w, https:\/\/crane.ist\/wp-content\/uploads\/2020\/11\/crane_help_center_8-768x650.jpg 768w, https:\/\/crane.ist\/wp-content\/uploads\/2020\/11\/crane_help_center_8-65x55.jpg 65w, https:\/\/crane.ist\/wp-content\/uploads\/2020\/11\/crane_help_center_8-94x80.jpg 94w, https:\/\/crane.ist\/wp-content\/uploads\/2020\/11\/crane_help_center_8-358x303.jpg 358w\" sizes=\"(max-width: 823px) 100vw, 823px\" \/>\t\t\t\t\t\t\t\t\t\t\t\t\t\t\t<\/div>\n\t\t\t\t<\/div>\n\t\t\t\t<div class=\"elementor-element elementor-element-efcc9a6 elementor-widget elementor-widget-text-editor\" data-id=\"efcc9a6\" data-element_type=\"widget\" data-widget_type=\"text-editor.default\">\n\t\t\t\t<div class=\"elementor-widget-container\">\n\t\t\t\t\t\t\t\t\t<p>Ard\u0131ndan, Formlar sayfas\u0131n\u0131n sa\u011f alt k\u00f6\u015fesindeki art\u0131 simgesine t\u0131klay\u0131n. Ard\u0131ndan, ba\u015flatmak istedi\u011finiz form \u015fablonunu se\u00e7meniz istenecektir. Uygun form \u015fablonunu se\u00e7mek i\u00e7in filtreleme se\u00e7eneklerini kullan\u0131n.<\/p>\n<p>Yaln\u0131zca eri\u015fiminiz olan formlar aras\u0131ndan se\u00e7im yapabilirsiniz. Filtreleme se\u00e7eneklerinde bir form g\u00f6rm\u00fcyorsan\u0131z, bunun nedeni o form \u015fablonunu ba\u015flatmak i\u00e7in eri\u015fiminizin olmamas\u0131 olabilir. Gerekirse daha fazla form \u015fablonu ba\u015flatmak \u00fczere eri\u015fim elde etmek i\u00e7in proje y\u00f6neticinizle ileti\u015fime ge\u00e7in.<\/p>\n\t\t\t\t\t\t\t\t<\/div>\n\t\t\t\t<\/div>\n\t\t\t\t<div class=\"elementor-element elementor-element-88910e3 elementor-widget elementor-widget-image\" data-id=\"88910e3\" data-element_type=\"widget\" data-widget_type=\"image.default\">\n\t\t\t\t<div class=\"elementor-widget-container\">\n\t\t\t\t\t\t\t\t\t\t\t\t\t\t\t<img decoding=\"async\" width=\"815\" height=\"680\" src=\"https:\/\/crane.ist\/wp-content\/uploads\/2020\/11\/crane_help_center_9.jpg\" class=\"attachment-large size-large wp-image-758\" alt=\"\" srcset=\"https:\/\/crane.ist\/wp-content\/uploads\/2020\/11\/crane_help_center_9.jpg 815w, https:\/\/crane.ist\/wp-content\/uploads\/2020\/11\/crane_help_center_9-300x250.jpg 300w, https:\/\/crane.ist\/wp-content\/uploads\/2020\/11\/crane_help_center_9-768x641.jpg 768w, https:\/\/crane.ist\/wp-content\/uploads\/2020\/11\/crane_help_center_9-66x55.jpg 66w, https:\/\/crane.ist\/wp-content\/uploads\/2020\/11\/crane_help_center_9-96x80.jpg 96w, https:\/\/crane.ist\/wp-content\/uploads\/2020\/11\/crane_help_center_9-363x303.jpg 363w\" sizes=\"(max-width: 815px) 100vw, 815px\" \/>\t\t\t\t\t\t\t\t\t\t\t\t\t\t\t<\/div>\n\t\t\t\t<\/div>\n\t\t\t\t<div class=\"elementor-element elementor-element-a14974c elementor-position-left elementor-view-default elementor-mobile-position-top elementor-vertical-align-top elementor-widget elementor-widget-icon-box\" data-id=\"a14974c\" data-element_type=\"widget\" data-widget_type=\"icon-box.default\">\n\t\t\t\t<div class=\"elementor-widget-container\">\n\t\t\t\t\t\t\t<div class=\"elementor-icon-box-wrapper\">\n\n\t\t\t\t\t\t<div class=\"elementor-icon-box-icon\">\n\t\t\t\t<span  class=\"elementor-icon\">\n\t\t\t\t<i aria-hidden=\"true\" class=\"fas fa-exclamation-triangle\"><\/i>\t\t\t\t<\/span>\n\t\t\t<\/div>\n\t\t\t\n\t\t\t\t\t\t<div class=\"elementor-icon-box-content\">\n\n\t\t\t\t\n\t\t\t\t\t\t\t\t\t<p class=\"elementor-icon-box-description\">\n\t\t\t\t\t\tArt\u0131 simgesini g\u00f6rm\u00fcyorsan\u0131z, b\u00fcy\u00fck olas\u0131l\u0131kla form ba\u015flatma iznine sahip bir role atanmam\u0131\u015fs\u0131n\u0131zd\u0131r. Sizi projenizde formlar\u0131 ba\u015flatabilecek bir kullan\u0131c\u0131 rol\u00fcne atamas\u0131 i\u00e7in proje y\u00f6neticinizle ileti\u015fime ge\u00e7in.\t\t\t\t\t<\/p>\n\t\t\t\t\n\t\t\t<\/div>\n\t\t\t\n\t\t<\/div>\n\t\t\t\t\t\t<\/div>\n\t\t\t\t<\/div>\n\t\t\t\t<div class=\"elementor-element elementor-element-f0fb065 elementor-position-left elementor-view-default elementor-mobile-position-top elementor-vertical-align-top elementor-widget elementor-widget-icon-box\" data-id=\"f0fb065\" data-element_type=\"widget\" data-widget_type=\"icon-box.default\">\n\t\t\t\t<div class=\"elementor-widget-container\">\n\t\t\t\t\t\t\t<div class=\"elementor-icon-box-wrapper\">\n\n\t\t\t\t\t\t<div class=\"elementor-icon-box-icon\">\n\t\t\t\t<span  class=\"elementor-icon\">\n\t\t\t\t<i aria-hidden=\"true\" class=\"fas fa-exclamation-triangle\"><\/i>\t\t\t\t<\/span>\n\t\t\t<\/div>\n\t\t\t\n\t\t\t\t\t\t<div class=\"elementor-icon-box-content\">\n\n\t\t\t\t\n\t\t\t\t\t\t\t\t\t<p class=\"elementor-icon-box-description\">\n\t\t\t\t\t\tBir form \u015fablonu se\u00e7erken, \u015fu hatay\u0131 alabilirsiniz: 'Yeni bir Form eklemek i\u00e7in, konum verilerini tamamen girmelisiniz: D\u00fczey 3'. Bu, form \u015fablonunu se\u00e7mek i\u00e7in konumunuzu daha ayr\u0131nt\u0131l\u0131 olarak (bu \u00f6rnekte seviye 3'e kadar) belirtmeniz gerekti\u011fi anlam\u0131na gelir.\t\t\t\t\t<\/p>\n\t\t\t\t\n\t\t\t<\/div>\n\t\t\t\n\t\t<\/div>\n\t\t\t\t\t\t<\/div>\n\t\t\t\t<\/div>\n\t\t\t\t<div class=\"elementor-element elementor-element-b3fc028 elementor-widget elementor-widget-text-editor\" data-id=\"b3fc028\" data-element_type=\"widget\" data-widget_type=\"text-editor.default\">\n\t\t\t\t<div class=\"elementor-widget-container\">\n\t\t\t\t\t\t\t\t\t<p>Form \u015fablonu se\u00e7ildikten sonra, formu \u00fc\u00e7 basit ad\u0131mda doldurun:<\/p>\n<ol>\n<li>Form Bilgileri&#8217;ni girin,<\/li>\n<li>Form Verileri&#8217;ni doldurun ve<\/li>\n<li>E\u011fer gerekliyse ata\u015fmanlar\u0131 ekleyin.<\/li>\n<\/ol>\n<p>\u00dcst gezinme \u00e7ubu\u011fu, bu ad\u0131mlar\u0131n her birinde size rehberlik edecektir. Sayfan\u0131n sa\u011f alt k\u0131sm\u0131ndaki &#8216;\u0130leri&#8217; simgesine t\u0131klayarak bir ad\u0131mdan di\u011ferine ge\u00e7ebilirsiniz.<\/p>\n<p>Bir formun nas\u0131l doldurulaca\u011f\u0131na ili\u015fkin daha ayr\u0131nt\u0131l\u0131 bir a\u00e7\u0131klama i\u00e7in a\u015fa\u011f\u0131daki sayfalara bak\u0131n:<\/p>\n<p><a href=\"https:\/\/crane.ist\/tr\/turna-kullanim-kilavuzu\/formlar-nasil-doldurulur-ayrintili-gorunum\/\">Formlar nas\u0131l doldurulur &#8211; Ayr\u0131nt\u0131l\u0131 g\u00f6r\u00fcn\u00fcm<\/a><\/p>\n<p><a href=\"https:\/\/crane.ist\/tr\/turna-kullanim-kilavuzu\/formlardaki-atasmanlar-nasil-yonetilir-ayrintili-gorunum\/\">Formlardaki ata\u015fmanlar nas\u0131l y\u00f6netilir &#8211; Ayr\u0131nt\u0131l\u0131 g\u00f6r\u00fcn\u00fcm<\/a><\/p>\n\t\t\t\t\t\t\t\t<\/div>\n\t\t\t\t<\/div>\n\t\t\t\t<div class=\"elementor-element elementor-element-6916ce4 elementor-widget elementor-widget-image\" data-id=\"6916ce4\" data-element_type=\"widget\" data-widget_type=\"image.default\">\n\t\t\t\t<div class=\"elementor-widget-container\">\n\t\t\t\t\t\t\t\t\t\t\t\t\t\t\t<img loading=\"lazy\" decoding=\"async\" width=\"816\" height=\"678\" src=\"https:\/\/crane.ist\/wp-content\/uploads\/2020\/11\/crane_help_center_10.jpg\" class=\"attachment-large size-large wp-image-759\" alt=\"\" srcset=\"https:\/\/crane.ist\/wp-content\/uploads\/2020\/11\/crane_help_center_10.jpg 816w, https:\/\/crane.ist\/wp-content\/uploads\/2020\/11\/crane_help_center_10-300x249.jpg 300w, https:\/\/crane.ist\/wp-content\/uploads\/2020\/11\/crane_help_center_10-768x638.jpg 768w, https:\/\/crane.ist\/wp-content\/uploads\/2020\/11\/crane_help_center_10-66x55.jpg 66w, https:\/\/crane.ist\/wp-content\/uploads\/2020\/11\/crane_help_center_10-96x80.jpg 96w, https:\/\/crane.ist\/wp-content\/uploads\/2020\/11\/crane_help_center_10-365x303.jpg 365w\" sizes=\"(max-width: 816px) 100vw, 816px\" \/>\t\t\t\t\t\t\t\t\t\t\t\t\t\t\t<\/div>\n\t\t\t\t<\/div>\n\t\t\t\t<div class=\"elementor-element elementor-element-197717a elementor-widget elementor-widget-text-editor\" data-id=\"197717a\" data-element_type=\"widget\" data-widget_type=\"text-editor.default\">\n\t\t\t\t<div class=\"elementor-widget-container\">\n\t\t\t\t\t\t\t\t\t<h3>Formunuzu kaydedin veya g\u00f6nderin<\/h3>\n<p>Formunuzu istedi\u011finiz zaman kaydedebilirsiniz. Kaydedip daha sonra devam etmek i\u00e7in, ekran\u0131n\u0131z\u0131n alt \u015feridinde bulunan &#8216;Kaydet&#8217; se\u00e7ene\u011fine t\u0131klayabilirsiniz. Bu forma d\u00f6n\u00fcp daha sonra g\u00f6ndermeyi se\u00e7ebilir veya formu g\u00f6ndermeyip yaln\u0131zca kendi kay\u0131tlar\u0131n\u0131z i\u00e7in kaydetmeyi se\u00e7ebilirsiniz.<\/p>\n<p>Haz\u0131r oldu\u011funuzda, formunuzu <a href=\"https:\/\/crane.ist\/tr\/turna-kullanim-kilavuzu\/form-nasil-gonderilir\/\">Form nas\u0131l g\u00f6nderilir<\/a> b\u00f6l\u00fcm\u00fcnde a\u00e7\u0131klanan ad\u0131mlar\u0131 kullanarak g\u00f6ndermeyi se\u00e7ebilirsiniz.<\/p>\n\t\t\t\t\t\t\t\t<\/div>\n\t\t\t\t<\/div>\n\t\t\t\t<div class=\"elementor-element elementor-element-dee58b0 elementor-widget elementor-widget-image\" data-id=\"dee58b0\" data-element_type=\"widget\" data-widget_type=\"image.default\">\n\t\t\t\t<div class=\"elementor-widget-container\">\n\t\t\t\t\t\t\t\t\t\t\t\t\t\t\t<img loading=\"lazy\" decoding=\"async\" width=\"451\" height=\"783\" src=\"https:\/\/crane.ist\/wp-content\/uploads\/2020\/11\/crane_help_center_11.jpg\" class=\"attachment-large size-large wp-image-760\" alt=\"\" srcset=\"https:\/\/crane.ist\/wp-content\/uploads\/2020\/11\/crane_help_center_11.jpg 451w, https:\/\/crane.ist\/wp-content\/uploads\/2020\/11\/crane_help_center_11-173x300.jpg 173w, https:\/\/crane.ist\/wp-content\/uploads\/2020\/11\/crane_help_center_11-32x55.jpg 32w, https:\/\/crane.ist\/wp-content\/uploads\/2020\/11\/crane_help_center_11-46x80.jpg 46w, https:\/\/crane.ist\/wp-content\/uploads\/2020\/11\/crane_help_center_11-175x303.jpg 175w, https:\/\/crane.ist\/wp-content\/uploads\/2020\/11\/crane_help_center_11-403x700.jpg 403w\" sizes=\"(max-width: 451px) 100vw, 451px\" \/>\t\t\t\t\t\t\t\t\t\t\t\t\t\t\t<\/div>\n\t\t\t\t<\/div>\n\t\t\t\t\t<\/div>\n\t\t<\/div>\n\t\t\t\t\t<\/div>\n\t\t<\/section>\n\t\t\t\t<\/div>\n\t\t","protected":false},"excerpt":{"rendered":"<p>Projeniz i\u00e7in tan\u0131mlanan s\u00fcre\u00e7lerden herhangi birini ba\u015flatmak i\u00e7in a\u015fa\u011f\u0131daki ad\u0131mlar\u0131 takip ediniz. Formlar sayfas\u0131na gidin \u00d6ncelikle, uygulaman\u0131n alt \u015feridindeki &#8216;Formlar&#8217; simgesine t\u0131klayarak &#8216;Formlar&#8217; sayfas\u0131na gidin. Formlar sayfas\u0131na girdikten sonra, kurulu\u015funuz taraf\u0131ndan ba\u015flat\u0131lan t\u00fcm formlar\u0131n bir listesini g\u00f6receksiniz. Hen\u00fcz herhangi bir &hellip; <a href=\"https:\/\/crane.ist\/tr\/turna-kullanim-kilavuzu\/yeni-form-nasil-baslatilir\/\">Read More<\/a><\/p>\n","protected":false},"author":1,"featured_media":0,"parent":848,"menu_order":0,"comment_status":"closed","ping_status":"closed","template":"","meta":{"footnotes":""},"class_list":["post-954","page","type-page","status-publish","hentry"],"yoast_head":"<!-- This site is optimized with the Yoast SEO plugin v24.3 - https:\/\/yoast.com\/wordpress\/plugins\/seo\/ -->\n<title>Yeni form nas\u0131l ba\u015flat\u0131l\u0131r? | Crane<\/title>\n<meta name=\"robots\" content=\"index, follow, max-snippet:-1, max-image-preview:large, max-video-preview:-1\" \/>\n<link rel=\"canonical\" href=\"https:\/\/crane.ist\/tr\/turna-kullanim-kilavuzu\/yeni-form-nasil-baslatilir\/\" \/>\n<meta property=\"og:locale\" content=\"tr_TR\" \/>\n<meta property=\"og:type\" content=\"article\" \/>\n<meta property=\"og:title\" content=\"Yeni form nas\u0131l ba\u015flat\u0131l\u0131r? | Crane\" \/>\n<meta property=\"og:description\" content=\"Projeniz i\u00e7in tan\u0131mlanan s\u00fcre\u00e7lerden herhangi birini ba\u015flatmak i\u00e7in a\u015fa\u011f\u0131daki ad\u0131mlar\u0131 takip ediniz. Formlar sayfas\u0131na gidin \u00d6ncelikle, uygulaman\u0131n alt \u015feridindeki &#8216;Formlar&#8217; simgesine t\u0131klayarak &#8216;Formlar&#8217; sayfas\u0131na gidin. Formlar sayfas\u0131na girdikten sonra, kurulu\u015funuz taraf\u0131ndan ba\u015flat\u0131lan t\u00fcm formlar\u0131n bir listesini g\u00f6receksiniz. Hen\u00fcz herhangi bir &hellip; Read More\" \/>\n<meta property=\"og:url\" content=\"https:\/\/crane.ist\/tr\/turna-kullanim-kilavuzu\/yeni-form-nasil-baslatilir\/\" \/>\n<meta property=\"og:site_name\" content=\"Crane\" \/>\n<meta property=\"article:modified_time\" content=\"2020-11-22T15:29:06+00:00\" \/>\n<meta property=\"og:image\" content=\"https:\/\/crane.ist\/wp-content\/uploads\/2020\/11\/crane_help_center_7.jpg\" \/>\n<meta name=\"twitter:card\" content=\"summary_large_image\" \/>\n<meta name=\"twitter:label1\" content=\"Tahmini okuma s\u00fcresi\" \/>\n\t<meta name=\"twitter:data1\" content=\"2 dakika\" \/>\n<script type=\"application\/ld+json\" class=\"yoast-schema-graph\">{\"@context\":\"https:\/\/schema.org\",\"@graph\":[{\"@type\":\"WebPage\",\"@id\":\"https:\/\/crane.ist\/tr\/turna-kullanim-kilavuzu\/yeni-form-nasil-baslatilir\/\",\"url\":\"https:\/\/crane.ist\/tr\/turna-kullanim-kilavuzu\/yeni-form-nasil-baslatilir\/\",\"name\":\"Yeni form nas\u0131l ba\u015flat\u0131l\u0131r? | Crane\",\"isPartOf\":{\"@id\":\"https:\/\/crane.ist\/#website\"},\"primaryImageOfPage\":{\"@id\":\"https:\/\/crane.ist\/tr\/turna-kullanim-kilavuzu\/yeni-form-nasil-baslatilir\/#primaryimage\"},\"image\":{\"@id\":\"https:\/\/crane.ist\/tr\/turna-kullanim-kilavuzu\/yeni-form-nasil-baslatilir\/#primaryimage\"},\"thumbnailUrl\":\"https:\/\/crane.ist\/wp-content\/uploads\/2020\/11\/crane_help_center_7.jpg\",\"datePublished\":\"2020-11-22T15:28:55+00:00\",\"dateModified\":\"2020-11-22T15:29:06+00:00\",\"breadcrumb\":{\"@id\":\"https:\/\/crane.ist\/tr\/turna-kullanim-kilavuzu\/yeni-form-nasil-baslatilir\/#breadcrumb\"},\"inLanguage\":\"tr\",\"potentialAction\":[{\"@type\":\"ReadAction\",\"target\":[\"https:\/\/crane.ist\/tr\/turna-kullanim-kilavuzu\/yeni-form-nasil-baslatilir\/\"]}]},{\"@type\":\"ImageObject\",\"inLanguage\":\"tr\",\"@id\":\"https:\/\/crane.ist\/tr\/turna-kullanim-kilavuzu\/yeni-form-nasil-baslatilir\/#primaryimage\",\"url\":\"https:\/\/crane.ist\/wp-content\/uploads\/2020\/11\/crane_help_center_7.jpg\",\"contentUrl\":\"https:\/\/crane.ist\/wp-content\/uploads\/2020\/11\/crane_help_center_7.jpg\"},{\"@type\":\"BreadcrumbList\",\"@id\":\"https:\/\/crane.ist\/tr\/turna-kullanim-kilavuzu\/yeni-form-nasil-baslatilir\/#breadcrumb\",\"itemListElement\":[{\"@type\":\"ListItem\",\"position\":1,\"name\":\"Home\",\"item\":\"https:\/\/crane.ist\/tr\/\"},{\"@type\":\"ListItem\",\"position\":2,\"name\":\"Turna Kullan\u0131m K\u0131lavuzu\",\"item\":\"https:\/\/crane.ist\/tr\/turna-kullanim-kilavuzu\/\"},{\"@type\":\"ListItem\",\"position\":3,\"name\":\"Yeni form nas\u0131l ba\u015flat\u0131l\u0131r?\"}]},{\"@type\":\"WebSite\",\"@id\":\"https:\/\/crane.ist\/#website\",\"url\":\"https:\/\/crane.ist\/\",\"name\":\"Crane\",\"description\":\"App of the Field\",\"publisher\":{\"@id\":\"https:\/\/crane.ist\/#organization\"},\"potentialAction\":[{\"@type\":\"SearchAction\",\"target\":{\"@type\":\"EntryPoint\",\"urlTemplate\":\"https:\/\/crane.ist\/?s={search_term_string}\"},\"query-input\":{\"@type\":\"PropertyValueSpecification\",\"valueRequired\":true,\"valueName\":\"search_term_string\"}}],\"inLanguage\":\"tr\"},{\"@type\":\"Organization\",\"@id\":\"https:\/\/crane.ist\/#organization\",\"name\":\"Crane\",\"url\":\"https:\/\/crane.ist\/\",\"logo\":{\"@type\":\"ImageObject\",\"inLanguage\":\"tr\",\"@id\":\"https:\/\/crane.ist\/#\/schema\/logo\/image\/\",\"url\":\"https:\/\/crane.ist\/wp-content\/uploads\/2020\/06\/logo3.png\",\"contentUrl\":\"https:\/\/crane.ist\/wp-content\/uploads\/2020\/06\/logo3.png\",\"width\":932,\"height\":266,\"caption\":\"Crane\"},\"image\":{\"@id\":\"https:\/\/crane.ist\/#\/schema\/logo\/image\/\"}}]}<\/script>\n<!-- \/ Yoast SEO plugin. -->","yoast_head_json":{"title":"Yeni form nas\u0131l ba\u015flat\u0131l\u0131r? | Crane","robots":{"index":"index","follow":"follow","max-snippet":"max-snippet:-1","max-image-preview":"max-image-preview:large","max-video-preview":"max-video-preview:-1"},"canonical":"https:\/\/crane.ist\/tr\/turna-kullanim-kilavuzu\/yeni-form-nasil-baslatilir\/","og_locale":"tr_TR","og_type":"article","og_title":"Yeni form nas\u0131l ba\u015flat\u0131l\u0131r? | Crane","og_description":"Projeniz i\u00e7in tan\u0131mlanan s\u00fcre\u00e7lerden herhangi birini ba\u015flatmak i\u00e7in a\u015fa\u011f\u0131daki ad\u0131mlar\u0131 takip ediniz. Formlar sayfas\u0131na gidin \u00d6ncelikle, uygulaman\u0131n alt \u015feridindeki &#8216;Formlar&#8217; simgesine t\u0131klayarak &#8216;Formlar&#8217; sayfas\u0131na gidin. Formlar sayfas\u0131na girdikten sonra, kurulu\u015funuz taraf\u0131ndan ba\u015flat\u0131lan t\u00fcm formlar\u0131n bir listesini g\u00f6receksiniz. Hen\u00fcz herhangi bir &hellip; Read More","og_url":"https:\/\/crane.ist\/tr\/turna-kullanim-kilavuzu\/yeni-form-nasil-baslatilir\/","og_site_name":"Crane","article_modified_time":"2020-11-22T15:29:06+00:00","og_image":[{"url":"https:\/\/crane.ist\/wp-content\/uploads\/2020\/11\/crane_help_center_7.jpg","type":"","width":"","height":""}],"twitter_card":"summary_large_image","twitter_misc":{"Tahmini okuma s\u00fcresi":"2 dakika"},"schema":{"@context":"https:\/\/schema.org","@graph":[{"@type":"WebPage","@id":"https:\/\/crane.ist\/tr\/turna-kullanim-kilavuzu\/yeni-form-nasil-baslatilir\/","url":"https:\/\/crane.ist\/tr\/turna-kullanim-kilavuzu\/yeni-form-nasil-baslatilir\/","name":"Yeni form nas\u0131l ba\u015flat\u0131l\u0131r? | Crane","isPartOf":{"@id":"https:\/\/crane.ist\/#website"},"primaryImageOfPage":{"@id":"https:\/\/crane.ist\/tr\/turna-kullanim-kilavuzu\/yeni-form-nasil-baslatilir\/#primaryimage"},"image":{"@id":"https:\/\/crane.ist\/tr\/turna-kullanim-kilavuzu\/yeni-form-nasil-baslatilir\/#primaryimage"},"thumbnailUrl":"https:\/\/crane.ist\/wp-content\/uploads\/2020\/11\/crane_help_center_7.jpg","datePublished":"2020-11-22T15:28:55+00:00","dateModified":"2020-11-22T15:29:06+00:00","breadcrumb":{"@id":"https:\/\/crane.ist\/tr\/turna-kullanim-kilavuzu\/yeni-form-nasil-baslatilir\/#breadcrumb"},"inLanguage":"tr","potentialAction":[{"@type":"ReadAction","target":["https:\/\/crane.ist\/tr\/turna-kullanim-kilavuzu\/yeni-form-nasil-baslatilir\/"]}]},{"@type":"ImageObject","inLanguage":"tr","@id":"https:\/\/crane.ist\/tr\/turna-kullanim-kilavuzu\/yeni-form-nasil-baslatilir\/#primaryimage","url":"https:\/\/crane.ist\/wp-content\/uploads\/2020\/11\/crane_help_center_7.jpg","contentUrl":"https:\/\/crane.ist\/wp-content\/uploads\/2020\/11\/crane_help_center_7.jpg"},{"@type":"BreadcrumbList","@id":"https:\/\/crane.ist\/tr\/turna-kullanim-kilavuzu\/yeni-form-nasil-baslatilir\/#breadcrumb","itemListElement":[{"@type":"ListItem","position":1,"name":"Home","item":"https:\/\/crane.ist\/tr\/"},{"@type":"ListItem","position":2,"name":"Turna Kullan\u0131m K\u0131lavuzu","item":"https:\/\/crane.ist\/tr\/turna-kullanim-kilavuzu\/"},{"@type":"ListItem","position":3,"name":"Yeni form nas\u0131l ba\u015flat\u0131l\u0131r?"}]},{"@type":"WebSite","@id":"https:\/\/crane.ist\/#website","url":"https:\/\/crane.ist\/","name":"Crane","description":"App of the Field","publisher":{"@id":"https:\/\/crane.ist\/#organization"},"potentialAction":[{"@type":"SearchAction","target":{"@type":"EntryPoint","urlTemplate":"https:\/\/crane.ist\/?s={search_term_string}"},"query-input":{"@type":"PropertyValueSpecification","valueRequired":true,"valueName":"search_term_string"}}],"inLanguage":"tr"},{"@type":"Organization","@id":"https:\/\/crane.ist\/#organization","name":"Crane","url":"https:\/\/crane.ist\/","logo":{"@type":"ImageObject","inLanguage":"tr","@id":"https:\/\/crane.ist\/#\/schema\/logo\/image\/","url":"https:\/\/crane.ist\/wp-content\/uploads\/2020\/06\/logo3.png","contentUrl":"https:\/\/crane.ist\/wp-content\/uploads\/2020\/06\/logo3.png","width":932,"height":266,"caption":"Crane"},"image":{"@id":"https:\/\/crane.ist\/#\/schema\/logo\/image\/"}}]}},"_links":{"self":[{"href":"https:\/\/crane.ist\/tr\/wp-json\/wp\/v2\/pages\/954","targetHints":{"allow":["GET"]}}],"collection":[{"href":"https:\/\/crane.ist\/tr\/wp-json\/wp\/v2\/pages"}],"about":[{"href":"https:\/\/crane.ist\/tr\/wp-json\/wp\/v2\/types\/page"}],"author":[{"embeddable":true,"href":"https:\/\/crane.ist\/tr\/wp-json\/wp\/v2\/users\/1"}],"replies":[{"embeddable":true,"href":"https:\/\/crane.ist\/tr\/wp-json\/wp\/v2\/comments?post=954"}],"version-history":[{"count":4,"href":"https:\/\/crane.ist\/tr\/wp-json\/wp\/v2\/pages\/954\/revisions"}],"predecessor-version":[{"id":958,"href":"https:\/\/crane.ist\/tr\/wp-json\/wp\/v2\/pages\/954\/revisions\/958"}],"up":[{"embeddable":true,"href":"https:\/\/crane.ist\/tr\/wp-json\/wp\/v2\/pages\/848"}],"wp:attachment":[{"href":"https:\/\/crane.ist\/tr\/wp-json\/wp\/v2\/media?parent=954"}],"curies":[{"name":"wp","href":"https:\/\/api.w.org\/{rel}","templated":true}]}}