{"id":949,"date":"2020-11-22T15:24:09","date_gmt":"2020-11-22T15:24:09","guid":{"rendered":"https:\/\/crane.ist\/turna-kullanim-kilavuzu\/form-nasil-gonderilir\/"},"modified":"2020-11-22T15:24:20","modified_gmt":"2020-11-22T15:24:20","slug":"form-nasil-gonderilir","status":"publish","type":"page","link":"https:\/\/crane.ist\/tr\/turna-kullanim-kilavuzu\/form-nasil-gonderilir\/","title":{"rendered":"Form nas\u0131l g\u00f6nderilir?"},"content":{"rendered":"\t\t<div data-elementor-type=\"wp-page\" data-elementor-id=\"949\" class=\"elementor elementor-949 elementor-779\" data-elementor-post-type=\"page\">\n\t\t\t\t\t\t<section class=\"elementor-section elementor-top-section elementor-element elementor-element-53146acf elementor-section-boxed elementor-section-height-default elementor-section-height-default\" data-id=\"53146acf\" data-element_type=\"section\">\n\t\t\t\t\t\t<div class=\"elementor-container elementor-column-gap-default\">\n\t\t\t\t\t<div class=\"elementor-column elementor-col-100 elementor-top-column elementor-element elementor-element-62922e5e\" data-id=\"62922e5e\" data-element_type=\"column\">\n\t\t\t<div class=\"elementor-widget-wrap elementor-element-populated\">\n\t\t\t\t\t\t<div class=\"elementor-element elementor-element-454233a2 elementor-widget elementor-widget-heading\" data-id=\"454233a2\" data-element_type=\"widget\" data-widget_type=\"heading.default\">\n\t\t\t\t<div class=\"elementor-widget-container\">\n\t\t\t\t\t<h1 class=\"elementor-heading-title elementor-size-default\">Form nas\u0131l g\u00f6nderilir?<\/h1>\t\t\t\t<\/div>\n\t\t\t\t<\/div>\n\t\t\t\t<div class=\"elementor-element elementor-element-777c8d4c elementor-widget elementor-widget-breadcrumbs\" data-id=\"777c8d4c\" data-element_type=\"widget\" data-widget_type=\"breadcrumbs.default\">\n\t\t\t\t<div class=\"elementor-widget-container\">\n\t\t\t\t\t<p id=\"breadcrumbs\"><span><span><a href=\"https:\/\/crane.ist\/tr\/\">Home<\/a><\/span><\/span><\/p>\t\t\t\t<\/div>\n\t\t\t\t<\/div>\n\t\t\t\t<div class=\"elementor-element elementor-element-182a2dfa elementor-widget-divider--view-line elementor-widget elementor-widget-divider\" data-id=\"182a2dfa\" data-element_type=\"widget\" data-widget_type=\"divider.default\">\n\t\t\t\t<div class=\"elementor-widget-container\">\n\t\t\t\t\t\t\t<div class=\"elementor-divider\">\n\t\t\t<span class=\"elementor-divider-separator\">\n\t\t\t\t\t\t<\/span>\n\t\t<\/div>\n\t\t\t\t\t\t<\/div>\n\t\t\t\t<\/div>\n\t\t\t\t\t<\/div>\n\t\t<\/div>\n\t\t\t\t\t<\/div>\n\t\t<\/section>\n\t\t\t\t<section class=\"elementor-section elementor-top-section elementor-element elementor-element-4c93bcdf elementor-section-boxed elementor-section-height-default elementor-section-height-default\" data-id=\"4c93bcdf\" data-element_type=\"section\">\n\t\t\t\t\t\t<div class=\"elementor-container elementor-column-gap-default\">\n\t\t\t\t\t<div class=\"elementor-column elementor-col-100 elementor-top-column elementor-element elementor-element-30c36ccb\" data-id=\"30c36ccb\" data-element_type=\"column\">\n\t\t\t<div class=\"elementor-widget-wrap elementor-element-populated\">\n\t\t\t\t\t\t<div class=\"elementor-element elementor-element-5f9a1538 elementor-widget elementor-widget-text-editor\" data-id=\"5f9a1538\" data-element_type=\"widget\" data-widget_type=\"text-editor.default\">\n\t\t\t\t<div class=\"elementor-widget-container\">\n\t\t\t\t\t\t\t\t\t<p>Bu sayfa, bir form g\u00f6ndermenin iki farkl\u0131 yolunu anlaman\u0131za yard\u0131mc\u0131 olmak i\u00e7indir.<\/p>\n<p><a href=\"https:\/\/crane.ist\/help-center\/how-to-start-a-new-form\/\">Yeni bir form nas\u0131l ba\u015flat\u0131l\u0131r<\/a> b\u00f6l\u00fcm\u00fcndeki ad\u0131mlar\u0131 takip etti\u011finizden veya size atanan bir g\u00f6revi tamamlad\u0131\u011f\u0131n\u0131zdan emin olun.<\/p>\n<p>Form ve t\u00fcm ekler haz\u0131r oldu\u011funda, ekran\u0131n\u0131z\u0131n sa\u011f alt k\u00f6\u015fesinde &#8216;G\u00f6nder&#8217; se\u00e7ene\u011fini g\u00f6receksiniz. Haz\u0131r oldu\u011funuzda, sonraki sayfaya gitmek i\u00e7in &#8220;G\u00f6nder&#8221; i t\u0131klay\u0131n.<\/p>\n<p>Bir formu g\u00f6nderirken &#8216;G\u00f6rev Olu\u015ftur&#8217; veya &#8216;Cevap G\u00f6nder&#8217; se\u00e7eneklerinden birini se\u00e7meniz gerekir.<\/p>\n<ul>\n<li>Form bir yan\u0131t gerektiriyorsa <strong>&#8216;G\u00f6rev Olu\u015ftur&#8217;<\/strong> se\u00e7ene\u011fini kullanman\u0131z gerekir. G\u00f6reve Atanan alan\u0131ndaki ki\u015filer bu formu G\u00f6rev sayfalar\u0131nda g\u00f6receklerdir.<\/li>\n<li>Form al\u0131c\u0131lardan bir yan\u0131t gerektirmiyorsa ve yaln\u0131zca bilgi i\u00e7in g\u00f6nderiliyorsa <strong>&#8216;Cevap G\u00f6nder&#8217;<\/strong> se\u00e7ene\u011fini se\u00e7ebilirsiniz. Bu al\u0131c\u0131n\u0131n formunda g\u00f6rev olarak g\u00f6r\u00fcnmeyecektir.<\/li>\n<\/ul>\n<p>Yan\u0131t t\u00fcr\u00fcn\u00fc (G\u00f6rev \/ Cevap) se\u00e7tikten sonra, Atanan ve Bilgi alanlar\u0131nda al\u0131c\u0131lar\u0131 se\u00e7ebilir, bir yan\u0131t biti\u015f tarihi se\u00e7ebilir ve gerekirse mesaj kutusuna iste\u011fe ba\u011fl\u0131 bir mesaj yazabilirsiniz. Bitirdi\u011finizde, i\u015flemi bitirmek i\u00e7in &#8216;G\u00f6nder&#8217;e t\u0131klay\u0131n.<\/p>\n<p>Bir formun nas\u0131l g\u00f6nderilece\u011fiyle ilgili ayr\u0131nt\u0131l\u0131 bir mod a\u00e7\u0131klamas\u0131 i\u00e7in <a href=\"https:\/\/crane.ist\/tr\/turna-kullanim-kilavuzu\/form-gonderme-hakkinda-sss\/\">Form g\u00f6nderme hakk\u0131nda SSS<\/a> sayfas\u0131n\u0131 inceleyebilirsiniz.<\/p>\n\t\t\t\t\t\t\t\t<\/div>\n\t\t\t\t<\/div>\n\t\t\t\t<div class=\"elementor-element elementor-element-f9dd09b elementor-widget elementor-widget-image\" data-id=\"f9dd09b\" data-element_type=\"widget\" data-widget_type=\"image.default\">\n\t\t\t\t<div class=\"elementor-widget-container\">\n\t\t\t\t\t\t\t\t\t\t\t\t\t\t\t<img fetchpriority=\"high\" decoding=\"async\" width=\"936\" height=\"775\" src=\"https:\/\/crane.ist\/wp-content\/uploads\/2020\/11\/crane_help_center_21.jpg\" class=\"attachment-large size-large wp-image-781\" alt=\"\" srcset=\"https:\/\/crane.ist\/wp-content\/uploads\/2020\/11\/crane_help_center_21.jpg 936w, https:\/\/crane.ist\/wp-content\/uploads\/2020\/11\/crane_help_center_21-300x248.jpg 300w, https:\/\/crane.ist\/wp-content\/uploads\/2020\/11\/crane_help_center_21-768x636.jpg 768w, https:\/\/crane.ist\/wp-content\/uploads\/2020\/11\/crane_help_center_21-66x55.jpg 66w, https:\/\/crane.ist\/wp-content\/uploads\/2020\/11\/crane_help_center_21-97x80.jpg 97w, https:\/\/crane.ist\/wp-content\/uploads\/2020\/11\/crane_help_center_21-366x303.jpg 366w, https:\/\/crane.ist\/wp-content\/uploads\/2020\/11\/crane_help_center_21-845x700.jpg 845w\" sizes=\"(max-width: 936px) 100vw, 936px\" \/>\t\t\t\t\t\t\t\t\t\t\t\t\t\t\t<\/div>\n\t\t\t\t<\/div>\n\t\t\t\t\t<\/div>\n\t\t<\/div>\n\t\t\t\t\t<\/div>\n\t\t<\/section>\n\t\t\t\t<\/div>\n\t\t","protected":false},"excerpt":{"rendered":"<p>Bu sayfa, bir form g\u00f6ndermenin iki farkl\u0131 yolunu anlaman\u0131za yard\u0131mc\u0131 olmak i\u00e7indir. Yeni bir form nas\u0131l ba\u015flat\u0131l\u0131r b\u00f6l\u00fcm\u00fcndeki ad\u0131mlar\u0131 takip etti\u011finizden veya size atanan bir g\u00f6revi tamamlad\u0131\u011f\u0131n\u0131zdan emin olun. Form ve t\u00fcm ekler haz\u0131r oldu\u011funda, ekran\u0131n\u0131z\u0131n sa\u011f alt k\u00f6\u015fesinde &#8216;G\u00f6nder&#8217; &hellip; <a href=\"https:\/\/crane.ist\/tr\/turna-kullanim-kilavuzu\/form-nasil-gonderilir\/\">Read More<\/a><\/p>\n","protected":false},"author":1,"featured_media":0,"parent":848,"menu_order":0,"comment_status":"closed","ping_status":"closed","template":"","meta":{"footnotes":""},"class_list":["post-949","page","type-page","status-publish","hentry"],"yoast_head":"<!-- This site is optimized with the Yoast SEO plugin v24.3 - https:\/\/yoast.com\/wordpress\/plugins\/seo\/ -->\n<title>Form nas\u0131l g\u00f6nderilir? | Crane<\/title>\n<meta name=\"robots\" content=\"index, follow, max-snippet:-1, max-image-preview:large, max-video-preview:-1\" \/>\n<link rel=\"canonical\" href=\"https:\/\/crane.ist\/tr\/turna-kullanim-kilavuzu\/form-nasil-gonderilir\/\" \/>\n<meta property=\"og:locale\" content=\"tr_TR\" \/>\n<meta property=\"og:type\" content=\"article\" \/>\n<meta property=\"og:title\" content=\"Form nas\u0131l g\u00f6nderilir? | Crane\" \/>\n<meta property=\"og:description\" content=\"Bu sayfa, bir form g\u00f6ndermenin iki farkl\u0131 yolunu anlaman\u0131za yard\u0131mc\u0131 olmak i\u00e7indir. Yeni bir form nas\u0131l ba\u015flat\u0131l\u0131r b\u00f6l\u00fcm\u00fcndeki ad\u0131mlar\u0131 takip etti\u011finizden veya size atanan bir g\u00f6revi tamamlad\u0131\u011f\u0131n\u0131zdan emin olun. Form ve t\u00fcm ekler haz\u0131r oldu\u011funda, ekran\u0131n\u0131z\u0131n sa\u011f alt k\u00f6\u015fesinde &#8216;G\u00f6nder&#8217; &hellip; Read More\" \/>\n<meta property=\"og:url\" content=\"https:\/\/crane.ist\/tr\/turna-kullanim-kilavuzu\/form-nasil-gonderilir\/\" \/>\n<meta property=\"og:site_name\" content=\"Crane\" \/>\n<meta property=\"article:modified_time\" content=\"2020-11-22T15:24:20+00:00\" \/>\n<meta property=\"og:image\" content=\"https:\/\/crane.ist\/wp-content\/uploads\/2020\/11\/crane_help_center_21.jpg\" \/>\n<meta name=\"twitter:card\" content=\"summary_large_image\" \/>\n<meta name=\"twitter:label1\" content=\"Tahmini okuma s\u00fcresi\" \/>\n\t<meta name=\"twitter:data1\" content=\"1 dakika\" \/>\n<script type=\"application\/ld+json\" class=\"yoast-schema-graph\">{\"@context\":\"https:\/\/schema.org\",\"@graph\":[{\"@type\":\"WebPage\",\"@id\":\"https:\/\/crane.ist\/tr\/turna-kullanim-kilavuzu\/form-nasil-gonderilir\/\",\"url\":\"https:\/\/crane.ist\/tr\/turna-kullanim-kilavuzu\/form-nasil-gonderilir\/\",\"name\":\"Form nas\u0131l g\u00f6nderilir? | Crane\",\"isPartOf\":{\"@id\":\"https:\/\/crane.ist\/#website\"},\"primaryImageOfPage\":{\"@id\":\"https:\/\/crane.ist\/tr\/turna-kullanim-kilavuzu\/form-nasil-gonderilir\/#primaryimage\"},\"image\":{\"@id\":\"https:\/\/crane.ist\/tr\/turna-kullanim-kilavuzu\/form-nasil-gonderilir\/#primaryimage\"},\"thumbnailUrl\":\"https:\/\/crane.ist\/wp-content\/uploads\/2020\/11\/crane_help_center_21.jpg\",\"datePublished\":\"2020-11-22T15:24:09+00:00\",\"dateModified\":\"2020-11-22T15:24:20+00:00\",\"breadcrumb\":{\"@id\":\"https:\/\/crane.ist\/tr\/turna-kullanim-kilavuzu\/form-nasil-gonderilir\/#breadcrumb\"},\"inLanguage\":\"tr\",\"potentialAction\":[{\"@type\":\"ReadAction\",\"target\":[\"https:\/\/crane.ist\/tr\/turna-kullanim-kilavuzu\/form-nasil-gonderilir\/\"]}]},{\"@type\":\"ImageObject\",\"inLanguage\":\"tr\",\"@id\":\"https:\/\/crane.ist\/tr\/turna-kullanim-kilavuzu\/form-nasil-gonderilir\/#primaryimage\",\"url\":\"https:\/\/crane.ist\/wp-content\/uploads\/2020\/11\/crane_help_center_21.jpg\",\"contentUrl\":\"https:\/\/crane.ist\/wp-content\/uploads\/2020\/11\/crane_help_center_21.jpg\"},{\"@type\":\"BreadcrumbList\",\"@id\":\"https:\/\/crane.ist\/tr\/turna-kullanim-kilavuzu\/form-nasil-gonderilir\/#breadcrumb\",\"itemListElement\":[{\"@type\":\"ListItem\",\"position\":1,\"name\":\"Home\",\"item\":\"https:\/\/crane.ist\/tr\/\"},{\"@type\":\"ListItem\",\"position\":2,\"name\":\"Turna Kullan\u0131m K\u0131lavuzu\",\"item\":\"https:\/\/crane.ist\/tr\/turna-kullanim-kilavuzu\/\"},{\"@type\":\"ListItem\",\"position\":3,\"name\":\"Form nas\u0131l g\u00f6nderilir?\"}]},{\"@type\":\"WebSite\",\"@id\":\"https:\/\/crane.ist\/#website\",\"url\":\"https:\/\/crane.ist\/\",\"name\":\"Crane\",\"description\":\"App of the Field\",\"publisher\":{\"@id\":\"https:\/\/crane.ist\/#organization\"},\"potentialAction\":[{\"@type\":\"SearchAction\",\"target\":{\"@type\":\"EntryPoint\",\"urlTemplate\":\"https:\/\/crane.ist\/?s={search_term_string}\"},\"query-input\":{\"@type\":\"PropertyValueSpecification\",\"valueRequired\":true,\"valueName\":\"search_term_string\"}}],\"inLanguage\":\"tr\"},{\"@type\":\"Organization\",\"@id\":\"https:\/\/crane.ist\/#organization\",\"name\":\"Crane\",\"url\":\"https:\/\/crane.ist\/\",\"logo\":{\"@type\":\"ImageObject\",\"inLanguage\":\"tr\",\"@id\":\"https:\/\/crane.ist\/#\/schema\/logo\/image\/\",\"url\":\"https:\/\/crane.ist\/wp-content\/uploads\/2020\/06\/logo3.png\",\"contentUrl\":\"https:\/\/crane.ist\/wp-content\/uploads\/2020\/06\/logo3.png\",\"width\":932,\"height\":266,\"caption\":\"Crane\"},\"image\":{\"@id\":\"https:\/\/crane.ist\/#\/schema\/logo\/image\/\"}}]}<\/script>\n<!-- \/ Yoast SEO plugin. -->","yoast_head_json":{"title":"Form nas\u0131l g\u00f6nderilir? | Crane","robots":{"index":"index","follow":"follow","max-snippet":"max-snippet:-1","max-image-preview":"max-image-preview:large","max-video-preview":"max-video-preview:-1"},"canonical":"https:\/\/crane.ist\/tr\/turna-kullanim-kilavuzu\/form-nasil-gonderilir\/","og_locale":"tr_TR","og_type":"article","og_title":"Form nas\u0131l g\u00f6nderilir? | Crane","og_description":"Bu sayfa, bir form g\u00f6ndermenin iki farkl\u0131 yolunu anlaman\u0131za yard\u0131mc\u0131 olmak i\u00e7indir. Yeni bir form nas\u0131l ba\u015flat\u0131l\u0131r b\u00f6l\u00fcm\u00fcndeki ad\u0131mlar\u0131 takip etti\u011finizden veya size atanan bir g\u00f6revi tamamlad\u0131\u011f\u0131n\u0131zdan emin olun. Form ve t\u00fcm ekler haz\u0131r oldu\u011funda, ekran\u0131n\u0131z\u0131n sa\u011f alt k\u00f6\u015fesinde &#8216;G\u00f6nder&#8217; &hellip; Read More","og_url":"https:\/\/crane.ist\/tr\/turna-kullanim-kilavuzu\/form-nasil-gonderilir\/","og_site_name":"Crane","article_modified_time":"2020-11-22T15:24:20+00:00","og_image":[{"url":"https:\/\/crane.ist\/wp-content\/uploads\/2020\/11\/crane_help_center_21.jpg","type":"","width":"","height":""}],"twitter_card":"summary_large_image","twitter_misc":{"Tahmini okuma s\u00fcresi":"1 dakika"},"schema":{"@context":"https:\/\/schema.org","@graph":[{"@type":"WebPage","@id":"https:\/\/crane.ist\/tr\/turna-kullanim-kilavuzu\/form-nasil-gonderilir\/","url":"https:\/\/crane.ist\/tr\/turna-kullanim-kilavuzu\/form-nasil-gonderilir\/","name":"Form nas\u0131l g\u00f6nderilir? | Crane","isPartOf":{"@id":"https:\/\/crane.ist\/#website"},"primaryImageOfPage":{"@id":"https:\/\/crane.ist\/tr\/turna-kullanim-kilavuzu\/form-nasil-gonderilir\/#primaryimage"},"image":{"@id":"https:\/\/crane.ist\/tr\/turna-kullanim-kilavuzu\/form-nasil-gonderilir\/#primaryimage"},"thumbnailUrl":"https:\/\/crane.ist\/wp-content\/uploads\/2020\/11\/crane_help_center_21.jpg","datePublished":"2020-11-22T15:24:09+00:00","dateModified":"2020-11-22T15:24:20+00:00","breadcrumb":{"@id":"https:\/\/crane.ist\/tr\/turna-kullanim-kilavuzu\/form-nasil-gonderilir\/#breadcrumb"},"inLanguage":"tr","potentialAction":[{"@type":"ReadAction","target":["https:\/\/crane.ist\/tr\/turna-kullanim-kilavuzu\/form-nasil-gonderilir\/"]}]},{"@type":"ImageObject","inLanguage":"tr","@id":"https:\/\/crane.ist\/tr\/turna-kullanim-kilavuzu\/form-nasil-gonderilir\/#primaryimage","url":"https:\/\/crane.ist\/wp-content\/uploads\/2020\/11\/crane_help_center_21.jpg","contentUrl":"https:\/\/crane.ist\/wp-content\/uploads\/2020\/11\/crane_help_center_21.jpg"},{"@type":"BreadcrumbList","@id":"https:\/\/crane.ist\/tr\/turna-kullanim-kilavuzu\/form-nasil-gonderilir\/#breadcrumb","itemListElement":[{"@type":"ListItem","position":1,"name":"Home","item":"https:\/\/crane.ist\/tr\/"},{"@type":"ListItem","position":2,"name":"Turna Kullan\u0131m K\u0131lavuzu","item":"https:\/\/crane.ist\/tr\/turna-kullanim-kilavuzu\/"},{"@type":"ListItem","position":3,"name":"Form nas\u0131l g\u00f6nderilir?"}]},{"@type":"WebSite","@id":"https:\/\/crane.ist\/#website","url":"https:\/\/crane.ist\/","name":"Crane","description":"App of the Field","publisher":{"@id":"https:\/\/crane.ist\/#organization"},"potentialAction":[{"@type":"SearchAction","target":{"@type":"EntryPoint","urlTemplate":"https:\/\/crane.ist\/?s={search_term_string}"},"query-input":{"@type":"PropertyValueSpecification","valueRequired":true,"valueName":"search_term_string"}}],"inLanguage":"tr"},{"@type":"Organization","@id":"https:\/\/crane.ist\/#organization","name":"Crane","url":"https:\/\/crane.ist\/","logo":{"@type":"ImageObject","inLanguage":"tr","@id":"https:\/\/crane.ist\/#\/schema\/logo\/image\/","url":"https:\/\/crane.ist\/wp-content\/uploads\/2020\/06\/logo3.png","contentUrl":"https:\/\/crane.ist\/wp-content\/uploads\/2020\/06\/logo3.png","width":932,"height":266,"caption":"Crane"},"image":{"@id":"https:\/\/crane.ist\/#\/schema\/logo\/image\/"}}]}},"_links":{"self":[{"href":"https:\/\/crane.ist\/tr\/wp-json\/wp\/v2\/pages\/949","targetHints":{"allow":["GET"]}}],"collection":[{"href":"https:\/\/crane.ist\/tr\/wp-json\/wp\/v2\/pages"}],"about":[{"href":"https:\/\/crane.ist\/tr\/wp-json\/wp\/v2\/types\/page"}],"author":[{"embeddable":true,"href":"https:\/\/crane.ist\/tr\/wp-json\/wp\/v2\/users\/1"}],"replies":[{"embeddable":true,"href":"https:\/\/crane.ist\/tr\/wp-json\/wp\/v2\/comments?post=949"}],"version-history":[{"count":2,"href":"https:\/\/crane.ist\/tr\/wp-json\/wp\/v2\/pages\/949\/revisions"}],"predecessor-version":[{"id":952,"href":"https:\/\/crane.ist\/tr\/wp-json\/wp\/v2\/pages\/949\/revisions\/952"}],"up":[{"embeddable":true,"href":"https:\/\/crane.ist\/tr\/wp-json\/wp\/v2\/pages\/848"}],"wp:attachment":[{"href":"https:\/\/crane.ist\/tr\/wp-json\/wp\/v2\/media?parent=949"}],"curies":[{"name":"wp","href":"https:\/\/api.w.org\/{rel}","templated":true}]}}