{"id":924,"date":"2020-11-22T14:43:46","date_gmt":"2020-11-22T14:43:46","guid":{"rendered":"https:\/\/crane.ist\/turna-kullanim-kilavuzu\/sifrenizi-unuttuysaniz-nasil-oturum-acilir\/ornek-email-reset-your-password\/"},"modified":"2020-11-22T14:43:52","modified_gmt":"2020-11-22T14:43:52","slug":"ornek-email-reset-your-password","status":"publish","type":"page","link":"https:\/\/crane.ist\/tr\/turna-kullanim-kilavuzu\/sifrenizi-unuttuysaniz-nasil-oturum-acilir\/ornek-email-reset-your-password\/","title":{"rendered":"\u00d6rnek Email: Reset your Password!"},"content":{"rendered":"\t\t<div data-elementor-type=\"wp-page\" data-elementor-id=\"924\" class=\"elementor elementor-924 elementor-829\" data-elementor-post-type=\"page\">\n\t\t\t\t\t\t<section class=\"elementor-section elementor-top-section elementor-element elementor-element-34cd2d99 elementor-section-boxed elementor-section-height-default elementor-section-height-default\" data-id=\"34cd2d99\" data-element_type=\"section\">\n\t\t\t\t\t\t<div class=\"elementor-container elementor-column-gap-default\">\n\t\t\t\t\t<div class=\"elementor-column elementor-col-100 elementor-top-column elementor-element elementor-element-badce8\" data-id=\"badce8\" data-element_type=\"column\">\n\t\t\t<div class=\"elementor-widget-wrap elementor-element-populated\">\n\t\t\t\t\t\t<div class=\"elementor-element elementor-element-6d92175d elementor-widget elementor-widget-heading\" data-id=\"6d92175d\" data-element_type=\"widget\" data-widget_type=\"heading.default\">\n\t\t\t\t<div class=\"elementor-widget-container\">\n\t\t\t\t\t<h1 class=\"elementor-heading-title elementor-size-default\">\u00d6rnek Email: Reset your Password!<\/h1>\t\t\t\t<\/div>\n\t\t\t\t<\/div>\n\t\t\t\t<div class=\"elementor-element elementor-element-269974cb elementor-widget elementor-widget-breadcrumbs\" data-id=\"269974cb\" data-element_type=\"widget\" data-widget_type=\"breadcrumbs.default\">\n\t\t\t\t<div class=\"elementor-widget-container\">\n\t\t\t\t\t<p id=\"breadcrumbs\"><span><span><a href=\"https:\/\/crane.ist\/tr\/\">Home<\/a><\/span><\/span><\/p>\t\t\t\t<\/div>\n\t\t\t\t<\/div>\n\t\t\t\t<div class=\"elementor-element elementor-element-226056d1 elementor-widget-divider--view-line elementor-widget elementor-widget-divider\" data-id=\"226056d1\" data-element_type=\"widget\" data-widget_type=\"divider.default\">\n\t\t\t\t<div class=\"elementor-widget-container\">\n\t\t\t\t\t\t\t<div class=\"elementor-divider\">\n\t\t\t<span class=\"elementor-divider-separator\">\n\t\t\t\t\t\t<\/span>\n\t\t<\/div>\n\t\t\t\t\t\t<\/div>\n\t\t\t\t<\/div>\n\t\t\t\t\t<\/div>\n\t\t<\/div>\n\t\t\t\t\t<\/div>\n\t\t<\/section>\n\t\t\t\t<section class=\"elementor-section elementor-top-section elementor-element elementor-element-61bc8 elementor-section-boxed elementor-section-height-default elementor-section-height-default\" data-id=\"61bc8\" data-element_type=\"section\">\n\t\t\t\t\t\t<div class=\"elementor-container elementor-column-gap-default\">\n\t\t\t\t\t<div class=\"elementor-column elementor-col-100 elementor-top-column elementor-element elementor-element-621ddb51\" data-id=\"621ddb51\" data-element_type=\"column\">\n\t\t\t<div class=\"elementor-widget-wrap elementor-element-populated\">\n\t\t\t\t\t\t<div class=\"elementor-element elementor-element-7c8ddf2b elementor-widget elementor-widget-text-editor\" data-id=\"7c8ddf2b\" data-element_type=\"widget\" data-widget_type=\"text-editor.default\">\n\t\t\t\t<div class=\"elementor-widget-container\">\n\t\t\t\t\t\t\t\t\t<p><strong>Subject:<\/strong> Reset your Password!<\/p>\n<p>Dear ***[First Name]***,<\/p>\n<p>You have asked to reset your password. Please click on the below link to reset your password:<\/p>\n<p><em>[Link to Login Page- if the link is clicked on mobile, the link should ask if the user wants to download the app from the app store or to continue on browser.]<\/em><\/p>\n<p>For any further support, feel free to refer to our <a href=\"https:\/\/crane.ist\/tr\/turna-kullanim-kilavuzu\/\">Crane User Guide<\/a> at any time!<\/p>\n<p>Regards,<\/p>\n<p>The Crane Team<\/p>\n\t\t\t\t\t\t\t\t<\/div>\n\t\t\t\t<\/div>\n\t\t\t\t\t<\/div>\n\t\t<\/div>\n\t\t\t\t\t<\/div>\n\t\t<\/section>\n\t\t\t\t<\/div>\n\t\t","protected":false},"excerpt":{"rendered":"<p>Subject: Reset your Password! Dear ***[First Name]***, You have asked to reset your password. Please click on the below link to reset your password: [Link to Login Page- if the link is clicked on mobile, the link should ask if &hellip; <a href=\"https:\/\/crane.ist\/tr\/turna-kullanim-kilavuzu\/sifrenizi-unuttuysaniz-nasil-oturum-acilir\/ornek-email-reset-your-password\/\">Read More<\/a><\/p>\n","protected":false},"author":1,"featured_media":0,"parent":915,"menu_order":0,"comment_status":"closed","ping_status":"closed","template":"","meta":{"footnotes":""},"class_list":["post-924","page","type-page","status-publish","hentry"],"yoast_head":"<!-- This site is optimized with the Yoast SEO plugin v24.3 - https:\/\/yoast.com\/wordpress\/plugins\/seo\/ -->\n<title>\u00d6rnek Email: Reset your Password! | Crane<\/title>\n<meta name=\"robots\" content=\"index, follow, max-snippet:-1, max-image-preview:large, max-video-preview:-1\" \/>\n<link rel=\"canonical\" href=\"https:\/\/crane.ist\/tr\/turna-kullanim-kilavuzu\/sifrenizi-unuttuysaniz-nasil-oturum-acilir\/ornek-email-reset-your-password\/\" \/>\n<meta property=\"og:locale\" content=\"tr_TR\" \/>\n<meta property=\"og:type\" content=\"article\" \/>\n<meta property=\"og:title\" content=\"\u00d6rnek Email: Reset your Password! | Crane\" \/>\n<meta property=\"og:description\" content=\"Subject: Reset your Password! Dear ***[First Name]***, You have asked to reset your password. Please click on the below link to reset your password: [Link to Login Page- if the link is clicked on mobile, the link should ask if &hellip; Read More\" \/>\n<meta property=\"og:url\" content=\"https:\/\/crane.ist\/tr\/turna-kullanim-kilavuzu\/sifrenizi-unuttuysaniz-nasil-oturum-acilir\/ornek-email-reset-your-password\/\" \/>\n<meta property=\"og:site_name\" content=\"Crane\" \/>\n<meta property=\"article:modified_time\" content=\"2020-11-22T14:43:52+00:00\" \/>\n<meta name=\"twitter:card\" content=\"summary_large_image\" \/>\n<script type=\"application\/ld+json\" class=\"yoast-schema-graph\">{\"@context\":\"https:\/\/schema.org\",\"@graph\":[{\"@type\":\"WebPage\",\"@id\":\"https:\/\/crane.ist\/tr\/turna-kullanim-kilavuzu\/sifrenizi-unuttuysaniz-nasil-oturum-acilir\/ornek-email-reset-your-password\/\",\"url\":\"https:\/\/crane.ist\/tr\/turna-kullanim-kilavuzu\/sifrenizi-unuttuysaniz-nasil-oturum-acilir\/ornek-email-reset-your-password\/\",\"name\":\"\u00d6rnek Email: Reset your Password! | Crane\",\"isPartOf\":{\"@id\":\"https:\/\/crane.ist\/#website\"},\"datePublished\":\"2020-11-22T14:43:46+00:00\",\"dateModified\":\"2020-11-22T14:43:52+00:00\",\"breadcrumb\":{\"@id\":\"https:\/\/crane.ist\/tr\/turna-kullanim-kilavuzu\/sifrenizi-unuttuysaniz-nasil-oturum-acilir\/ornek-email-reset-your-password\/#breadcrumb\"},\"inLanguage\":\"tr\",\"potentialAction\":[{\"@type\":\"ReadAction\",\"target\":[\"https:\/\/crane.ist\/tr\/turna-kullanim-kilavuzu\/sifrenizi-unuttuysaniz-nasil-oturum-acilir\/ornek-email-reset-your-password\/\"]}]},{\"@type\":\"BreadcrumbList\",\"@id\":\"https:\/\/crane.ist\/tr\/turna-kullanim-kilavuzu\/sifrenizi-unuttuysaniz-nasil-oturum-acilir\/ornek-email-reset-your-password\/#breadcrumb\",\"itemListElement\":[{\"@type\":\"ListItem\",\"position\":1,\"name\":\"Home\",\"item\":\"https:\/\/crane.ist\/tr\/\"},{\"@type\":\"ListItem\",\"position\":2,\"name\":\"Turna Kullan\u0131m K\u0131lavuzu\",\"item\":\"https:\/\/crane.ist\/tr\/turna-kullanim-kilavuzu\/\"},{\"@type\":\"ListItem\",\"position\":3,\"name\":\"\u015eifrenizi unuttuysan\u0131z nas\u0131l oturum a\u00e7\u0131l\u0131r?\",\"item\":\"https:\/\/crane.ist\/tr\/turna-kullanim-kilavuzu\/sifrenizi-unuttuysaniz-nasil-oturum-acilir\/\"},{\"@type\":\"ListItem\",\"position\":4,\"name\":\"\u00d6rnek Email: Reset your Password!\"}]},{\"@type\":\"WebSite\",\"@id\":\"https:\/\/crane.ist\/#website\",\"url\":\"https:\/\/crane.ist\/\",\"name\":\"Crane\",\"description\":\"App of the Field\",\"publisher\":{\"@id\":\"https:\/\/crane.ist\/#organization\"},\"potentialAction\":[{\"@type\":\"SearchAction\",\"target\":{\"@type\":\"EntryPoint\",\"urlTemplate\":\"https:\/\/crane.ist\/?s={search_term_string}\"},\"query-input\":{\"@type\":\"PropertyValueSpecification\",\"valueRequired\":true,\"valueName\":\"search_term_string\"}}],\"inLanguage\":\"tr\"},{\"@type\":\"Organization\",\"@id\":\"https:\/\/crane.ist\/#organization\",\"name\":\"Crane\",\"url\":\"https:\/\/crane.ist\/\",\"logo\":{\"@type\":\"ImageObject\",\"inLanguage\":\"tr\",\"@id\":\"https:\/\/crane.ist\/#\/schema\/logo\/image\/\",\"url\":\"https:\/\/crane.ist\/wp-content\/uploads\/2020\/06\/logo3.png\",\"contentUrl\":\"https:\/\/crane.ist\/wp-content\/uploads\/2020\/06\/logo3.png\",\"width\":932,\"height\":266,\"caption\":\"Crane\"},\"image\":{\"@id\":\"https:\/\/crane.ist\/#\/schema\/logo\/image\/\"}}]}<\/script>\n<!-- \/ Yoast SEO plugin. -->","yoast_head_json":{"title":"\u00d6rnek Email: Reset your Password! | Crane","robots":{"index":"index","follow":"follow","max-snippet":"max-snippet:-1","max-image-preview":"max-image-preview:large","max-video-preview":"max-video-preview:-1"},"canonical":"https:\/\/crane.ist\/tr\/turna-kullanim-kilavuzu\/sifrenizi-unuttuysaniz-nasil-oturum-acilir\/ornek-email-reset-your-password\/","og_locale":"tr_TR","og_type":"article","og_title":"\u00d6rnek Email: Reset your Password! | Crane","og_description":"Subject: Reset your Password! Dear ***[First Name]***, You have asked to reset your password. Please click on the below link to reset your password: [Link to Login Page- if the link is clicked on mobile, the link should ask if &hellip; Read More","og_url":"https:\/\/crane.ist\/tr\/turna-kullanim-kilavuzu\/sifrenizi-unuttuysaniz-nasil-oturum-acilir\/ornek-email-reset-your-password\/","og_site_name":"Crane","article_modified_time":"2020-11-22T14:43:52+00:00","twitter_card":"summary_large_image","schema":{"@context":"https:\/\/schema.org","@graph":[{"@type":"WebPage","@id":"https:\/\/crane.ist\/tr\/turna-kullanim-kilavuzu\/sifrenizi-unuttuysaniz-nasil-oturum-acilir\/ornek-email-reset-your-password\/","url":"https:\/\/crane.ist\/tr\/turna-kullanim-kilavuzu\/sifrenizi-unuttuysaniz-nasil-oturum-acilir\/ornek-email-reset-your-password\/","name":"\u00d6rnek Email: Reset your Password! | Crane","isPartOf":{"@id":"https:\/\/crane.ist\/#website"},"datePublished":"2020-11-22T14:43:46+00:00","dateModified":"2020-11-22T14:43:52+00:00","breadcrumb":{"@id":"https:\/\/crane.ist\/tr\/turna-kullanim-kilavuzu\/sifrenizi-unuttuysaniz-nasil-oturum-acilir\/ornek-email-reset-your-password\/#breadcrumb"},"inLanguage":"tr","potentialAction":[{"@type":"ReadAction","target":["https:\/\/crane.ist\/tr\/turna-kullanim-kilavuzu\/sifrenizi-unuttuysaniz-nasil-oturum-acilir\/ornek-email-reset-your-password\/"]}]},{"@type":"BreadcrumbList","@id":"https:\/\/crane.ist\/tr\/turna-kullanim-kilavuzu\/sifrenizi-unuttuysaniz-nasil-oturum-acilir\/ornek-email-reset-your-password\/#breadcrumb","itemListElement":[{"@type":"ListItem","position":1,"name":"Home","item":"https:\/\/crane.ist\/tr\/"},{"@type":"ListItem","position":2,"name":"Turna Kullan\u0131m K\u0131lavuzu","item":"https:\/\/crane.ist\/tr\/turna-kullanim-kilavuzu\/"},{"@type":"ListItem","position":3,"name":"\u015eifrenizi unuttuysan\u0131z nas\u0131l oturum a\u00e7\u0131l\u0131r?","item":"https:\/\/crane.ist\/tr\/turna-kullanim-kilavuzu\/sifrenizi-unuttuysaniz-nasil-oturum-acilir\/"},{"@type":"ListItem","position":4,"name":"\u00d6rnek Email: Reset your Password!"}]},{"@type":"WebSite","@id":"https:\/\/crane.ist\/#website","url":"https:\/\/crane.ist\/","name":"Crane","description":"App of the Field","publisher":{"@id":"https:\/\/crane.ist\/#organization"},"potentialAction":[{"@type":"SearchAction","target":{"@type":"EntryPoint","urlTemplate":"https:\/\/crane.ist\/?s={search_term_string}"},"query-input":{"@type":"PropertyValueSpecification","valueRequired":true,"valueName":"search_term_string"}}],"inLanguage":"tr"},{"@type":"Organization","@id":"https:\/\/crane.ist\/#organization","name":"Crane","url":"https:\/\/crane.ist\/","logo":{"@type":"ImageObject","inLanguage":"tr","@id":"https:\/\/crane.ist\/#\/schema\/logo\/image\/","url":"https:\/\/crane.ist\/wp-content\/uploads\/2020\/06\/logo3.png","contentUrl":"https:\/\/crane.ist\/wp-content\/uploads\/2020\/06\/logo3.png","width":932,"height":266,"caption":"Crane"},"image":{"@id":"https:\/\/crane.ist\/#\/schema\/logo\/image\/"}}]}},"_links":{"self":[{"href":"https:\/\/crane.ist\/tr\/wp-json\/wp\/v2\/pages\/924","targetHints":{"allow":["GET"]}}],"collection":[{"href":"https:\/\/crane.ist\/tr\/wp-json\/wp\/v2\/pages"}],"about":[{"href":"https:\/\/crane.ist\/tr\/wp-json\/wp\/v2\/types\/page"}],"author":[{"embeddable":true,"href":"https:\/\/crane.ist\/tr\/wp-json\/wp\/v2\/users\/1"}],"replies":[{"embeddable":true,"href":"https:\/\/crane.ist\/tr\/wp-json\/wp\/v2\/comments?post=924"}],"version-history":[{"count":5,"href":"https:\/\/crane.ist\/tr\/wp-json\/wp\/v2\/pages\/924\/revisions"}],"predecessor-version":[{"id":929,"href":"https:\/\/crane.ist\/tr\/wp-json\/wp\/v2\/pages\/924\/revisions\/929"}],"up":[{"embeddable":true,"href":"https:\/\/crane.ist\/tr\/wp-json\/wp\/v2\/pages\/915"}],"wp:attachment":[{"href":"https:\/\/crane.ist\/tr\/wp-json\/wp\/v2\/media?parent=924"}],"curies":[{"name":"wp","href":"https:\/\/api.w.org\/{rel}","templated":true}]}}