{"id":915,"date":"2020-11-22T14:43:14","date_gmt":"2020-11-22T14:43:14","guid":{"rendered":"https:\/\/crane.ist\/turna-kullanim-kilavuzu\/sifrenizi-unuttuysaniz-nasil-oturum-acilir\/"},"modified":"2020-11-22T14:43:26","modified_gmt":"2020-11-22T14:43:26","slug":"sifrenizi-unuttuysaniz-nasil-oturum-acilir","status":"publish","type":"page","link":"https:\/\/crane.ist\/tr\/turna-kullanim-kilavuzu\/sifrenizi-unuttuysaniz-nasil-oturum-acilir\/","title":{"rendered":"\u015eifrenizi unuttuysan\u0131z nas\u0131l oturum a\u00e7\u0131l\u0131r?"},"content":{"rendered":"\t\t<div data-elementor-type=\"wp-page\" data-elementor-id=\"915\" class=\"elementor elementor-915 elementor-732\" data-elementor-post-type=\"page\">\n\t\t\t\t\t\t<section class=\"elementor-section elementor-top-section elementor-element elementor-element-6670eed2 elementor-section-boxed elementor-section-height-default elementor-section-height-default\" data-id=\"6670eed2\" data-element_type=\"section\">\n\t\t\t\t\t\t<div class=\"elementor-container elementor-column-gap-default\">\n\t\t\t\t\t<div class=\"elementor-column elementor-col-100 elementor-top-column elementor-element elementor-element-4fccfe68\" data-id=\"4fccfe68\" data-element_type=\"column\">\n\t\t\t<div class=\"elementor-widget-wrap elementor-element-populated\">\n\t\t\t\t\t\t<div class=\"elementor-element elementor-element-391177cc elementor-widget elementor-widget-heading\" data-id=\"391177cc\" data-element_type=\"widget\" data-widget_type=\"heading.default\">\n\t\t\t\t<div class=\"elementor-widget-container\">\n\t\t\t\t\t<h1 class=\"elementor-heading-title elementor-size-default\">\u015eifrenizi unuttuysan\u0131z nas\u0131l oturum a\u00e7\u0131l\u0131r?<\/h1>\t\t\t\t<\/div>\n\t\t\t\t<\/div>\n\t\t\t\t<div class=\"elementor-element elementor-element-41e62fa7 elementor-widget elementor-widget-breadcrumbs\" data-id=\"41e62fa7\" data-element_type=\"widget\" data-widget_type=\"breadcrumbs.default\">\n\t\t\t\t<div class=\"elementor-widget-container\">\n\t\t\t\t\t<p id=\"breadcrumbs\"><span><span><a href=\"https:\/\/crane.ist\/tr\/\">Home<\/a><\/span><\/span><\/p>\t\t\t\t<\/div>\n\t\t\t\t<\/div>\n\t\t\t\t<div class=\"elementor-element elementor-element-6533e2b3 elementor-widget-divider--view-line elementor-widget elementor-widget-divider\" data-id=\"6533e2b3\" data-element_type=\"widget\" data-widget_type=\"divider.default\">\n\t\t\t\t<div class=\"elementor-widget-container\">\n\t\t\t\t\t\t\t<div class=\"elementor-divider\">\n\t\t\t<span class=\"elementor-divider-separator\">\n\t\t\t\t\t\t<\/span>\n\t\t<\/div>\n\t\t\t\t\t\t<\/div>\n\t\t\t\t<\/div>\n\t\t\t\t\t<\/div>\n\t\t<\/div>\n\t\t\t\t\t<\/div>\n\t\t<\/section>\n\t\t\t\t<section class=\"elementor-section elementor-top-section elementor-element elementor-element-4207a977 elementor-section-boxed elementor-section-height-default elementor-section-height-default\" data-id=\"4207a977\" data-element_type=\"section\">\n\t\t\t\t\t\t<div class=\"elementor-container elementor-column-gap-default\">\n\t\t\t\t\t<div class=\"elementor-column elementor-col-100 elementor-top-column elementor-element elementor-element-cd5ea74\" data-id=\"cd5ea74\" data-element_type=\"column\">\n\t\t\t<div class=\"elementor-widget-wrap elementor-element-populated\">\n\t\t\t\t\t\t<div class=\"elementor-element elementor-element-3539f315 elementor-widget elementor-widget-text-editor\" data-id=\"3539f315\" data-element_type=\"widget\" data-widget_type=\"text-editor.default\">\n\t\t\t\t<div class=\"elementor-widget-container\">\n\t\t\t\t\t\t\t\t\t<p>Parolan\u0131z\u0131 unuttuysan\u0131z veya parolan\u0131z\u0131 yenilemek istiyorsan\u0131z, oturum a\u00e7ma sayfas\u0131nda &#8216;\u015eifrenizi mi Unuttunuz?&#8217; se\u00e7ene\u011fine t\u0131klay\u0131n. Sizden e-postan\u0131z\u0131 isteyece\u011fiz ve parolan\u0131z\u0131 s\u0131f\u0131rlaman\u0131z i\u00e7in size bir onay ba\u011flant\u0131s\u0131 g\u00f6nderece\u011fiz.<\/p>\n\t\t\t\t\t\t\t\t<\/div>\n\t\t\t\t<\/div>\n\t\t\t\t<div class=\"elementor-element elementor-element-afa1d96 elementor-widget elementor-widget-image\" data-id=\"afa1d96\" data-element_type=\"widget\" data-widget_type=\"image.default\">\n\t\t\t\t<div class=\"elementor-widget-container\">\n\t\t\t\t\t\t\t\t\t\t\t\t\t\t\t<img fetchpriority=\"high\" decoding=\"async\" width=\"827\" height=\"684\" src=\"https:\/\/crane.ist\/wp-content\/uploads\/2020\/11\/crane_help_center_3.jpg\" class=\"attachment-large size-large wp-image-734\" alt=\"\" srcset=\"https:\/\/crane.ist\/wp-content\/uploads\/2020\/11\/crane_help_center_3.jpg 827w, https:\/\/crane.ist\/wp-content\/uploads\/2020\/11\/crane_help_center_3-300x248.jpg 300w, https:\/\/crane.ist\/wp-content\/uploads\/2020\/11\/crane_help_center_3-768x635.jpg 768w, https:\/\/crane.ist\/wp-content\/uploads\/2020\/11\/crane_help_center_3-66x55.jpg 66w, https:\/\/crane.ist\/wp-content\/uploads\/2020\/11\/crane_help_center_3-97x80.jpg 97w, https:\/\/crane.ist\/wp-content\/uploads\/2020\/11\/crane_help_center_3-366x303.jpg 366w\" sizes=\"(max-width: 827px) 100vw, 827px\" \/>\t\t\t\t\t\t\t\t\t\t\t\t\t\t\t<\/div>\n\t\t\t\t<\/div>\n\t\t\t\t<div class=\"elementor-element elementor-element-6e62176 elementor-widget elementor-widget-text-editor\" data-id=\"6e62176\" data-element_type=\"widget\" data-widget_type=\"text-editor.default\">\n\t\t\t\t<div class=\"elementor-widget-container\">\n\t\t\t\t\t\t\t\t\t<p><a href=\"https:\/\/crane.ist\/help-center\/how-to-log-in-if-you-have-forgotten-your-password\/sample-email-reset-your-password\/\">\u00d6rnek Mail: Reset your password!<\/a><\/p>\n\t\t\t\t\t\t\t\t<\/div>\n\t\t\t\t<\/div>\n\t\t\t\t\t<\/div>\n\t\t<\/div>\n\t\t\t\t\t<\/div>\n\t\t<\/section>\n\t\t\t\t<\/div>\n\t\t","protected":false},"excerpt":{"rendered":"<p>Parolan\u0131z\u0131 unuttuysan\u0131z veya parolan\u0131z\u0131 yenilemek istiyorsan\u0131z, oturum a\u00e7ma sayfas\u0131nda &#8216;\u015eifrenizi mi Unuttunuz?&#8217; se\u00e7ene\u011fine t\u0131klay\u0131n. Sizden e-postan\u0131z\u0131 isteyece\u011fiz ve parolan\u0131z\u0131 s\u0131f\u0131rlaman\u0131z i\u00e7in size bir onay ba\u011flant\u0131s\u0131 g\u00f6nderece\u011fiz. \u00d6rnek Mail: Reset your password!<\/p>\n","protected":false},"author":1,"featured_media":0,"parent":848,"menu_order":0,"comment_status":"closed","ping_status":"closed","template":"","meta":{"footnotes":""},"class_list":["post-915","page","type-page","status-publish","hentry"],"yoast_head":"<!-- This site is optimized with the Yoast SEO plugin v24.3 - https:\/\/yoast.com\/wordpress\/plugins\/seo\/ -->\n<title>\u015eifrenizi unuttuysan\u0131z nas\u0131l oturum a\u00e7\u0131l\u0131r? | Crane<\/title>\n<meta name=\"robots\" content=\"index, follow, max-snippet:-1, max-image-preview:large, max-video-preview:-1\" \/>\n<link rel=\"canonical\" href=\"https:\/\/crane.ist\/tr\/turna-kullanim-kilavuzu\/sifrenizi-unuttuysaniz-nasil-oturum-acilir\/\" \/>\n<meta property=\"og:locale\" content=\"tr_TR\" \/>\n<meta property=\"og:type\" content=\"article\" \/>\n<meta property=\"og:title\" content=\"\u015eifrenizi unuttuysan\u0131z nas\u0131l oturum a\u00e7\u0131l\u0131r? | Crane\" \/>\n<meta property=\"og:description\" content=\"Parolan\u0131z\u0131 unuttuysan\u0131z veya parolan\u0131z\u0131 yenilemek istiyorsan\u0131z, oturum a\u00e7ma sayfas\u0131nda &#8216;\u015eifrenizi mi Unuttunuz?&#8217; se\u00e7ene\u011fine t\u0131klay\u0131n. Sizden e-postan\u0131z\u0131 isteyece\u011fiz ve parolan\u0131z\u0131 s\u0131f\u0131rlaman\u0131z i\u00e7in size bir onay ba\u011flant\u0131s\u0131 g\u00f6nderece\u011fiz. \u00d6rnek Mail: Reset your password!\" \/>\n<meta property=\"og:url\" content=\"https:\/\/crane.ist\/tr\/turna-kullanim-kilavuzu\/sifrenizi-unuttuysaniz-nasil-oturum-acilir\/\" \/>\n<meta property=\"og:site_name\" content=\"Crane\" \/>\n<meta property=\"article:modified_time\" content=\"2020-11-22T14:43:26+00:00\" \/>\n<meta property=\"og:image\" content=\"https:\/\/crane.ist\/wp-content\/uploads\/2020\/11\/crane_help_center_3.jpg\" \/>\n<meta name=\"twitter:card\" content=\"summary_large_image\" \/>\n<script type=\"application\/ld+json\" class=\"yoast-schema-graph\">{\"@context\":\"https:\/\/schema.org\",\"@graph\":[{\"@type\":\"WebPage\",\"@id\":\"https:\/\/crane.ist\/tr\/turna-kullanim-kilavuzu\/sifrenizi-unuttuysaniz-nasil-oturum-acilir\/\",\"url\":\"https:\/\/crane.ist\/tr\/turna-kullanim-kilavuzu\/sifrenizi-unuttuysaniz-nasil-oturum-acilir\/\",\"name\":\"\u015eifrenizi unuttuysan\u0131z nas\u0131l oturum a\u00e7\u0131l\u0131r? | Crane\",\"isPartOf\":{\"@id\":\"https:\/\/crane.ist\/#website\"},\"primaryImageOfPage\":{\"@id\":\"https:\/\/crane.ist\/tr\/turna-kullanim-kilavuzu\/sifrenizi-unuttuysaniz-nasil-oturum-acilir\/#primaryimage\"},\"image\":{\"@id\":\"https:\/\/crane.ist\/tr\/turna-kullanim-kilavuzu\/sifrenizi-unuttuysaniz-nasil-oturum-acilir\/#primaryimage\"},\"thumbnailUrl\":\"https:\/\/crane.ist\/wp-content\/uploads\/2020\/11\/crane_help_center_3.jpg\",\"datePublished\":\"2020-11-22T14:43:14+00:00\",\"dateModified\":\"2020-11-22T14:43:26+00:00\",\"breadcrumb\":{\"@id\":\"https:\/\/crane.ist\/tr\/turna-kullanim-kilavuzu\/sifrenizi-unuttuysaniz-nasil-oturum-acilir\/#breadcrumb\"},\"inLanguage\":\"tr\",\"potentialAction\":[{\"@type\":\"ReadAction\",\"target\":[\"https:\/\/crane.ist\/tr\/turna-kullanim-kilavuzu\/sifrenizi-unuttuysaniz-nasil-oturum-acilir\/\"]}]},{\"@type\":\"ImageObject\",\"inLanguage\":\"tr\",\"@id\":\"https:\/\/crane.ist\/tr\/turna-kullanim-kilavuzu\/sifrenizi-unuttuysaniz-nasil-oturum-acilir\/#primaryimage\",\"url\":\"https:\/\/crane.ist\/wp-content\/uploads\/2020\/11\/crane_help_center_3.jpg\",\"contentUrl\":\"https:\/\/crane.ist\/wp-content\/uploads\/2020\/11\/crane_help_center_3.jpg\"},{\"@type\":\"BreadcrumbList\",\"@id\":\"https:\/\/crane.ist\/tr\/turna-kullanim-kilavuzu\/sifrenizi-unuttuysaniz-nasil-oturum-acilir\/#breadcrumb\",\"itemListElement\":[{\"@type\":\"ListItem\",\"position\":1,\"name\":\"Home\",\"item\":\"https:\/\/crane.ist\/tr\/\"},{\"@type\":\"ListItem\",\"position\":2,\"name\":\"Turna Kullan\u0131m K\u0131lavuzu\",\"item\":\"https:\/\/crane.ist\/tr\/turna-kullanim-kilavuzu\/\"},{\"@type\":\"ListItem\",\"position\":3,\"name\":\"\u015eifrenizi unuttuysan\u0131z nas\u0131l oturum a\u00e7\u0131l\u0131r?\"}]},{\"@type\":\"WebSite\",\"@id\":\"https:\/\/crane.ist\/#website\",\"url\":\"https:\/\/crane.ist\/\",\"name\":\"Crane\",\"description\":\"App of the Field\",\"publisher\":{\"@id\":\"https:\/\/crane.ist\/#organization\"},\"potentialAction\":[{\"@type\":\"SearchAction\",\"target\":{\"@type\":\"EntryPoint\",\"urlTemplate\":\"https:\/\/crane.ist\/?s={search_term_string}\"},\"query-input\":{\"@type\":\"PropertyValueSpecification\",\"valueRequired\":true,\"valueName\":\"search_term_string\"}}],\"inLanguage\":\"tr\"},{\"@type\":\"Organization\",\"@id\":\"https:\/\/crane.ist\/#organization\",\"name\":\"Crane\",\"url\":\"https:\/\/crane.ist\/\",\"logo\":{\"@type\":\"ImageObject\",\"inLanguage\":\"tr\",\"@id\":\"https:\/\/crane.ist\/#\/schema\/logo\/image\/\",\"url\":\"https:\/\/crane.ist\/wp-content\/uploads\/2020\/06\/logo3.png\",\"contentUrl\":\"https:\/\/crane.ist\/wp-content\/uploads\/2020\/06\/logo3.png\",\"width\":932,\"height\":266,\"caption\":\"Crane\"},\"image\":{\"@id\":\"https:\/\/crane.ist\/#\/schema\/logo\/image\/\"}}]}<\/script>\n<!-- \/ Yoast SEO plugin. -->","yoast_head_json":{"title":"\u015eifrenizi unuttuysan\u0131z nas\u0131l oturum a\u00e7\u0131l\u0131r? | Crane","robots":{"index":"index","follow":"follow","max-snippet":"max-snippet:-1","max-image-preview":"max-image-preview:large","max-video-preview":"max-video-preview:-1"},"canonical":"https:\/\/crane.ist\/tr\/turna-kullanim-kilavuzu\/sifrenizi-unuttuysaniz-nasil-oturum-acilir\/","og_locale":"tr_TR","og_type":"article","og_title":"\u015eifrenizi unuttuysan\u0131z nas\u0131l oturum a\u00e7\u0131l\u0131r? | Crane","og_description":"Parolan\u0131z\u0131 unuttuysan\u0131z veya parolan\u0131z\u0131 yenilemek istiyorsan\u0131z, oturum a\u00e7ma sayfas\u0131nda &#8216;\u015eifrenizi mi Unuttunuz?&#8217; se\u00e7ene\u011fine t\u0131klay\u0131n. Sizden e-postan\u0131z\u0131 isteyece\u011fiz ve parolan\u0131z\u0131 s\u0131f\u0131rlaman\u0131z i\u00e7in size bir onay ba\u011flant\u0131s\u0131 g\u00f6nderece\u011fiz. \u00d6rnek Mail: Reset your password!","og_url":"https:\/\/crane.ist\/tr\/turna-kullanim-kilavuzu\/sifrenizi-unuttuysaniz-nasil-oturum-acilir\/","og_site_name":"Crane","article_modified_time":"2020-11-22T14:43:26+00:00","og_image":[{"url":"https:\/\/crane.ist\/wp-content\/uploads\/2020\/11\/crane_help_center_3.jpg","type":"","width":"","height":""}],"twitter_card":"summary_large_image","schema":{"@context":"https:\/\/schema.org","@graph":[{"@type":"WebPage","@id":"https:\/\/crane.ist\/tr\/turna-kullanim-kilavuzu\/sifrenizi-unuttuysaniz-nasil-oturum-acilir\/","url":"https:\/\/crane.ist\/tr\/turna-kullanim-kilavuzu\/sifrenizi-unuttuysaniz-nasil-oturum-acilir\/","name":"\u015eifrenizi unuttuysan\u0131z nas\u0131l oturum a\u00e7\u0131l\u0131r? | Crane","isPartOf":{"@id":"https:\/\/crane.ist\/#website"},"primaryImageOfPage":{"@id":"https:\/\/crane.ist\/tr\/turna-kullanim-kilavuzu\/sifrenizi-unuttuysaniz-nasil-oturum-acilir\/#primaryimage"},"image":{"@id":"https:\/\/crane.ist\/tr\/turna-kullanim-kilavuzu\/sifrenizi-unuttuysaniz-nasil-oturum-acilir\/#primaryimage"},"thumbnailUrl":"https:\/\/crane.ist\/wp-content\/uploads\/2020\/11\/crane_help_center_3.jpg","datePublished":"2020-11-22T14:43:14+00:00","dateModified":"2020-11-22T14:43:26+00:00","breadcrumb":{"@id":"https:\/\/crane.ist\/tr\/turna-kullanim-kilavuzu\/sifrenizi-unuttuysaniz-nasil-oturum-acilir\/#breadcrumb"},"inLanguage":"tr","potentialAction":[{"@type":"ReadAction","target":["https:\/\/crane.ist\/tr\/turna-kullanim-kilavuzu\/sifrenizi-unuttuysaniz-nasil-oturum-acilir\/"]}]},{"@type":"ImageObject","inLanguage":"tr","@id":"https:\/\/crane.ist\/tr\/turna-kullanim-kilavuzu\/sifrenizi-unuttuysaniz-nasil-oturum-acilir\/#primaryimage","url":"https:\/\/crane.ist\/wp-content\/uploads\/2020\/11\/crane_help_center_3.jpg","contentUrl":"https:\/\/crane.ist\/wp-content\/uploads\/2020\/11\/crane_help_center_3.jpg"},{"@type":"BreadcrumbList","@id":"https:\/\/crane.ist\/tr\/turna-kullanim-kilavuzu\/sifrenizi-unuttuysaniz-nasil-oturum-acilir\/#breadcrumb","itemListElement":[{"@type":"ListItem","position":1,"name":"Home","item":"https:\/\/crane.ist\/tr\/"},{"@type":"ListItem","position":2,"name":"Turna Kullan\u0131m K\u0131lavuzu","item":"https:\/\/crane.ist\/tr\/turna-kullanim-kilavuzu\/"},{"@type":"ListItem","position":3,"name":"\u015eifrenizi unuttuysan\u0131z nas\u0131l oturum a\u00e7\u0131l\u0131r?"}]},{"@type":"WebSite","@id":"https:\/\/crane.ist\/#website","url":"https:\/\/crane.ist\/","name":"Crane","description":"App of the Field","publisher":{"@id":"https:\/\/crane.ist\/#organization"},"potentialAction":[{"@type":"SearchAction","target":{"@type":"EntryPoint","urlTemplate":"https:\/\/crane.ist\/?s={search_term_string}"},"query-input":{"@type":"PropertyValueSpecification","valueRequired":true,"valueName":"search_term_string"}}],"inLanguage":"tr"},{"@type":"Organization","@id":"https:\/\/crane.ist\/#organization","name":"Crane","url":"https:\/\/crane.ist\/","logo":{"@type":"ImageObject","inLanguage":"tr","@id":"https:\/\/crane.ist\/#\/schema\/logo\/image\/","url":"https:\/\/crane.ist\/wp-content\/uploads\/2020\/06\/logo3.png","contentUrl":"https:\/\/crane.ist\/wp-content\/uploads\/2020\/06\/logo3.png","width":932,"height":266,"caption":"Crane"},"image":{"@id":"https:\/\/crane.ist\/#\/schema\/logo\/image\/"}}]}},"_links":{"self":[{"href":"https:\/\/crane.ist\/tr\/wp-json\/wp\/v2\/pages\/915","targetHints":{"allow":["GET"]}}],"collection":[{"href":"https:\/\/crane.ist\/tr\/wp-json\/wp\/v2\/pages"}],"about":[{"href":"https:\/\/crane.ist\/tr\/wp-json\/wp\/v2\/types\/page"}],"author":[{"embeddable":true,"href":"https:\/\/crane.ist\/tr\/wp-json\/wp\/v2\/users\/1"}],"replies":[{"embeddable":true,"href":"https:\/\/crane.ist\/tr\/wp-json\/wp\/v2\/comments?post=915"}],"version-history":[{"count":6,"href":"https:\/\/crane.ist\/tr\/wp-json\/wp\/v2\/pages\/915\/revisions"}],"predecessor-version":[{"id":922,"href":"https:\/\/crane.ist\/tr\/wp-json\/wp\/v2\/pages\/915\/revisions\/922"}],"up":[{"embeddable":true,"href":"https:\/\/crane.ist\/tr\/wp-json\/wp\/v2\/pages\/848"}],"wp:attachment":[{"href":"https:\/\/crane.ist\/tr\/wp-json\/wp\/v2\/media?parent=915"}],"curies":[{"name":"wp","href":"https:\/\/api.w.org\/{rel}","templated":true}]}}