{"id":909,"date":"2020-11-22T14:42:06","date_gmt":"2020-11-22T14:42:06","guid":{"rendered":"https:\/\/crane.ist\/turna-kullanim-kilavuzu\/hesabin-varsa-nasil-giris-yapilir\/"},"modified":"2020-11-22T14:42:11","modified_gmt":"2020-11-22T14:42:11","slug":"hesabin-varsa-nasil-giris-yapilir","status":"publish","type":"page","link":"https:\/\/crane.ist\/tr\/turna-kullanim-kilavuzu\/hesabin-varsa-nasil-giris-yapilir\/","title":{"rendered":"Hesab\u0131n varsa nas\u0131l giri\u015f yap\u0131l\u0131r?"},"content":{"rendered":"\t\t<div data-elementor-type=\"wp-page\" data-elementor-id=\"909\" class=\"elementor elementor-909 elementor-728\" data-elementor-post-type=\"page\">\n\t\t\t\t\t\t<section class=\"elementor-section elementor-top-section elementor-element elementor-element-109341fb elementor-section-boxed elementor-section-height-default elementor-section-height-default\" data-id=\"109341fb\" data-element_type=\"section\">\n\t\t\t\t\t\t<div class=\"elementor-container elementor-column-gap-default\">\n\t\t\t\t\t<div class=\"elementor-column elementor-col-100 elementor-top-column elementor-element elementor-element-7edfe565\" data-id=\"7edfe565\" data-element_type=\"column\">\n\t\t\t<div class=\"elementor-widget-wrap elementor-element-populated\">\n\t\t\t\t\t\t<div class=\"elementor-element elementor-element-75e81d52 elementor-widget elementor-widget-heading\" data-id=\"75e81d52\" data-element_type=\"widget\" data-widget_type=\"heading.default\">\n\t\t\t\t<div class=\"elementor-widget-container\">\n\t\t\t\t\t<h1 class=\"elementor-heading-title elementor-size-default\">Hesab\u0131n varsa nas\u0131l giri\u015f yap\u0131l\u0131r?<\/h1>\t\t\t\t<\/div>\n\t\t\t\t<\/div>\n\t\t\t\t<div class=\"elementor-element elementor-element-3b665b39 elementor-widget elementor-widget-breadcrumbs\" data-id=\"3b665b39\" data-element_type=\"widget\" data-widget_type=\"breadcrumbs.default\">\n\t\t\t\t<div class=\"elementor-widget-container\">\n\t\t\t\t\t<p id=\"breadcrumbs\"><span><span><a href=\"https:\/\/crane.ist\/tr\/\">Home<\/a><\/span><\/span><\/p>\t\t\t\t<\/div>\n\t\t\t\t<\/div>\n\t\t\t\t<div class=\"elementor-element elementor-element-475c1996 elementor-widget-divider--view-line elementor-widget elementor-widget-divider\" data-id=\"475c1996\" data-element_type=\"widget\" data-widget_type=\"divider.default\">\n\t\t\t\t<div class=\"elementor-widget-container\">\n\t\t\t\t\t\t\t<div class=\"elementor-divider\">\n\t\t\t<span class=\"elementor-divider-separator\">\n\t\t\t\t\t\t<\/span>\n\t\t<\/div>\n\t\t\t\t\t\t<\/div>\n\t\t\t\t<\/div>\n\t\t\t\t\t<\/div>\n\t\t<\/div>\n\t\t\t\t\t<\/div>\n\t\t<\/section>\n\t\t\t\t<section class=\"elementor-section elementor-top-section elementor-element elementor-element-6a88248a elementor-section-boxed elementor-section-height-default elementor-section-height-default\" data-id=\"6a88248a\" data-element_type=\"section\">\n\t\t\t\t\t\t<div class=\"elementor-container elementor-column-gap-default\">\n\t\t\t\t\t<div class=\"elementor-column elementor-col-100 elementor-top-column elementor-element elementor-element-7b46469a\" data-id=\"7b46469a\" data-element_type=\"column\">\n\t\t\t<div class=\"elementor-widget-wrap elementor-element-populated\">\n\t\t\t\t\t\t<div class=\"elementor-element elementor-element-5a244704 elementor-widget elementor-widget-text-editor\" data-id=\"5a244704\" data-element_type=\"widget\" data-widget_type=\"text-editor.default\">\n\t\t\t\t<div class=\"elementor-widget-container\">\n\t\t\t\t\t\t\t\t\t<p>Giri\u015f yapmak i\u00e7in \u00f6nce Crane&#8217;e web veya mobil \u00fczerinden eri\u015febildi\u011finizden emin olun. Daha fazla yard\u0131m i\u00e7in <a href=\"https:\/\/crane.ist\/tr\/turna-kullanim-kilavuzu\/turnaya-web-ve-mobil-uzerinden-nasil-erisilir\/\">Turna&#8217;ya Web ve Mobil \u00fczerinden nas\u0131l eri\u015filir?<\/a> sayfam\u0131za bak\u0131n.<\/p>\n<p>Crane&#8217;e eri\u015fti\u011finizde, oturum a\u00e7ma sayfas\u0131nda e-posta adresiniz ve \u015fifreniz istenecektir. E-posta adresinizi ve \u015fifrenizi yaz\u0131n, Giri\u015f&#8217;e t\u0131klay\u0131n ve ba\u015flamak i\u00e7in haz\u0131rs\u0131n\u0131z!<\/p>\n<p>\u0130lk kez giri\u015f yap\u0131yorsan\u0131z, &#8216;Devam Et&#8217;i t\u0131klad\u0131\u011f\u0131n\u0131zda h\u00fck\u00fcm ve ko\u015fullar\u0131 okuman\u0131z\u0131 ve kabul etmenizi de isteyece\u011fiz.<\/p>\n\t\t\t\t\t\t\t\t<\/div>\n\t\t\t\t<\/div>\n\t\t\t\t<div class=\"elementor-element elementor-element-78d9eb7 elementor-widget elementor-widget-image\" data-id=\"78d9eb7\" data-element_type=\"widget\" data-widget_type=\"image.default\">\n\t\t\t\t<div class=\"elementor-widget-container\">\n\t\t\t\t\t\t\t\t\t\t\t\t\t\t\t<img fetchpriority=\"high\" decoding=\"async\" width=\"923\" height=\"771\" src=\"https:\/\/crane.ist\/wp-content\/uploads\/2020\/11\/crane_help_center_2.jpg\" class=\"attachment-large size-large wp-image-730\" alt=\"\" srcset=\"https:\/\/crane.ist\/wp-content\/uploads\/2020\/11\/crane_help_center_2.jpg 923w, https:\/\/crane.ist\/wp-content\/uploads\/2020\/11\/crane_help_center_2-300x251.jpg 300w, https:\/\/crane.ist\/wp-content\/uploads\/2020\/11\/crane_help_center_2-768x642.jpg 768w, https:\/\/crane.ist\/wp-content\/uploads\/2020\/11\/crane_help_center_2-66x55.jpg 66w, https:\/\/crane.ist\/wp-content\/uploads\/2020\/11\/crane_help_center_2-96x80.jpg 96w, https:\/\/crane.ist\/wp-content\/uploads\/2020\/11\/crane_help_center_2-363x303.jpg 363w, https:\/\/crane.ist\/wp-content\/uploads\/2020\/11\/crane_help_center_2-838x700.jpg 838w\" sizes=\"(max-width: 923px) 100vw, 923px\" \/>\t\t\t\t\t\t\t\t\t\t\t\t\t\t\t<\/div>\n\t\t\t\t<\/div>\n\t\t\t\t\t<\/div>\n\t\t<\/div>\n\t\t\t\t\t<\/div>\n\t\t<\/section>\n\t\t\t\t<\/div>\n\t\t","protected":false},"excerpt":{"rendered":"<p>Giri\u015f yapmak i\u00e7in \u00f6nce Crane&#8217;e web veya mobil \u00fczerinden eri\u015febildi\u011finizden emin olun. Daha fazla yard\u0131m i\u00e7in Turna&#8217;ya Web ve Mobil \u00fczerinden nas\u0131l eri\u015filir? sayfam\u0131za bak\u0131n. Crane&#8217;e eri\u015fti\u011finizde, oturum a\u00e7ma sayfas\u0131nda e-posta adresiniz ve \u015fifreniz istenecektir. E-posta adresinizi ve \u015fifrenizi yaz\u0131n, &hellip; <a href=\"https:\/\/crane.ist\/tr\/turna-kullanim-kilavuzu\/hesabin-varsa-nasil-giris-yapilir\/\">Read More<\/a><\/p>\n","protected":false},"author":1,"featured_media":0,"parent":848,"menu_order":0,"comment_status":"closed","ping_status":"closed","template":"","meta":{"footnotes":""},"class_list":["post-909","page","type-page","status-publish","hentry"],"yoast_head":"<!-- This site is optimized with the Yoast SEO plugin v24.3 - https:\/\/yoast.com\/wordpress\/plugins\/seo\/ -->\n<title>Hesab\u0131n varsa nas\u0131l giri\u015f yap\u0131l\u0131r? | Crane<\/title>\n<meta name=\"robots\" content=\"index, follow, max-snippet:-1, max-image-preview:large, max-video-preview:-1\" \/>\n<link rel=\"canonical\" href=\"https:\/\/crane.ist\/tr\/turna-kullanim-kilavuzu\/hesabin-varsa-nasil-giris-yapilir\/\" \/>\n<meta property=\"og:locale\" content=\"tr_TR\" \/>\n<meta property=\"og:type\" content=\"article\" \/>\n<meta property=\"og:title\" content=\"Hesab\u0131n varsa nas\u0131l giri\u015f yap\u0131l\u0131r? | Crane\" \/>\n<meta property=\"og:description\" content=\"Giri\u015f yapmak i\u00e7in \u00f6nce Crane&#8217;e web veya mobil \u00fczerinden eri\u015febildi\u011finizden emin olun. Daha fazla yard\u0131m i\u00e7in Turna&#8217;ya Web ve Mobil \u00fczerinden nas\u0131l eri\u015filir? sayfam\u0131za bak\u0131n. Crane&#8217;e eri\u015fti\u011finizde, oturum a\u00e7ma sayfas\u0131nda e-posta adresiniz ve \u015fifreniz istenecektir. E-posta adresinizi ve \u015fifrenizi yaz\u0131n, &hellip; Read More\" \/>\n<meta property=\"og:url\" content=\"https:\/\/crane.ist\/tr\/turna-kullanim-kilavuzu\/hesabin-varsa-nasil-giris-yapilir\/\" \/>\n<meta property=\"og:site_name\" content=\"Crane\" \/>\n<meta property=\"article:modified_time\" content=\"2020-11-22T14:42:11+00:00\" \/>\n<meta property=\"og:image\" content=\"https:\/\/crane.ist\/wp-content\/uploads\/2020\/11\/crane_help_center_2.jpg\" \/>\n<meta name=\"twitter:card\" content=\"summary_large_image\" \/>\n<script type=\"application\/ld+json\" class=\"yoast-schema-graph\">{\"@context\":\"https:\/\/schema.org\",\"@graph\":[{\"@type\":\"WebPage\",\"@id\":\"https:\/\/crane.ist\/tr\/turna-kullanim-kilavuzu\/hesabin-varsa-nasil-giris-yapilir\/\",\"url\":\"https:\/\/crane.ist\/tr\/turna-kullanim-kilavuzu\/hesabin-varsa-nasil-giris-yapilir\/\",\"name\":\"Hesab\u0131n varsa nas\u0131l giri\u015f yap\u0131l\u0131r? | Crane\",\"isPartOf\":{\"@id\":\"https:\/\/crane.ist\/#website\"},\"primaryImageOfPage\":{\"@id\":\"https:\/\/crane.ist\/tr\/turna-kullanim-kilavuzu\/hesabin-varsa-nasil-giris-yapilir\/#primaryimage\"},\"image\":{\"@id\":\"https:\/\/crane.ist\/tr\/turna-kullanim-kilavuzu\/hesabin-varsa-nasil-giris-yapilir\/#primaryimage\"},\"thumbnailUrl\":\"https:\/\/crane.ist\/wp-content\/uploads\/2020\/11\/crane_help_center_2.jpg\",\"datePublished\":\"2020-11-22T14:42:06+00:00\",\"dateModified\":\"2020-11-22T14:42:11+00:00\",\"breadcrumb\":{\"@id\":\"https:\/\/crane.ist\/tr\/turna-kullanim-kilavuzu\/hesabin-varsa-nasil-giris-yapilir\/#breadcrumb\"},\"inLanguage\":\"tr\",\"potentialAction\":[{\"@type\":\"ReadAction\",\"target\":[\"https:\/\/crane.ist\/tr\/turna-kullanim-kilavuzu\/hesabin-varsa-nasil-giris-yapilir\/\"]}]},{\"@type\":\"ImageObject\",\"inLanguage\":\"tr\",\"@id\":\"https:\/\/crane.ist\/tr\/turna-kullanim-kilavuzu\/hesabin-varsa-nasil-giris-yapilir\/#primaryimage\",\"url\":\"https:\/\/crane.ist\/wp-content\/uploads\/2020\/11\/crane_help_center_2.jpg\",\"contentUrl\":\"https:\/\/crane.ist\/wp-content\/uploads\/2020\/11\/crane_help_center_2.jpg\"},{\"@type\":\"BreadcrumbList\",\"@id\":\"https:\/\/crane.ist\/tr\/turna-kullanim-kilavuzu\/hesabin-varsa-nasil-giris-yapilir\/#breadcrumb\",\"itemListElement\":[{\"@type\":\"ListItem\",\"position\":1,\"name\":\"Home\",\"item\":\"https:\/\/crane.ist\/tr\/\"},{\"@type\":\"ListItem\",\"position\":2,\"name\":\"Turna Kullan\u0131m K\u0131lavuzu\",\"item\":\"https:\/\/crane.ist\/tr\/turna-kullanim-kilavuzu\/\"},{\"@type\":\"ListItem\",\"position\":3,\"name\":\"Hesab\u0131n varsa nas\u0131l giri\u015f yap\u0131l\u0131r?\"}]},{\"@type\":\"WebSite\",\"@id\":\"https:\/\/crane.ist\/#website\",\"url\":\"https:\/\/crane.ist\/\",\"name\":\"Crane\",\"description\":\"App of the Field\",\"publisher\":{\"@id\":\"https:\/\/crane.ist\/#organization\"},\"potentialAction\":[{\"@type\":\"SearchAction\",\"target\":{\"@type\":\"EntryPoint\",\"urlTemplate\":\"https:\/\/crane.ist\/?s={search_term_string}\"},\"query-input\":{\"@type\":\"PropertyValueSpecification\",\"valueRequired\":true,\"valueName\":\"search_term_string\"}}],\"inLanguage\":\"tr\"},{\"@type\":\"Organization\",\"@id\":\"https:\/\/crane.ist\/#organization\",\"name\":\"Crane\",\"url\":\"https:\/\/crane.ist\/\",\"logo\":{\"@type\":\"ImageObject\",\"inLanguage\":\"tr\",\"@id\":\"https:\/\/crane.ist\/#\/schema\/logo\/image\/\",\"url\":\"https:\/\/crane.ist\/wp-content\/uploads\/2020\/06\/logo3.png\",\"contentUrl\":\"https:\/\/crane.ist\/wp-content\/uploads\/2020\/06\/logo3.png\",\"width\":932,\"height\":266,\"caption\":\"Crane\"},\"image\":{\"@id\":\"https:\/\/crane.ist\/#\/schema\/logo\/image\/\"}}]}<\/script>\n<!-- \/ Yoast SEO plugin. -->","yoast_head_json":{"title":"Hesab\u0131n varsa nas\u0131l giri\u015f yap\u0131l\u0131r? | Crane","robots":{"index":"index","follow":"follow","max-snippet":"max-snippet:-1","max-image-preview":"max-image-preview:large","max-video-preview":"max-video-preview:-1"},"canonical":"https:\/\/crane.ist\/tr\/turna-kullanim-kilavuzu\/hesabin-varsa-nasil-giris-yapilir\/","og_locale":"tr_TR","og_type":"article","og_title":"Hesab\u0131n varsa nas\u0131l giri\u015f yap\u0131l\u0131r? | Crane","og_description":"Giri\u015f yapmak i\u00e7in \u00f6nce Crane&#8217;e web veya mobil \u00fczerinden eri\u015febildi\u011finizden emin olun. Daha fazla yard\u0131m i\u00e7in Turna&#8217;ya Web ve Mobil \u00fczerinden nas\u0131l eri\u015filir? sayfam\u0131za bak\u0131n. Crane&#8217;e eri\u015fti\u011finizde, oturum a\u00e7ma sayfas\u0131nda e-posta adresiniz ve \u015fifreniz istenecektir. E-posta adresinizi ve \u015fifrenizi yaz\u0131n, &hellip; Read More","og_url":"https:\/\/crane.ist\/tr\/turna-kullanim-kilavuzu\/hesabin-varsa-nasil-giris-yapilir\/","og_site_name":"Crane","article_modified_time":"2020-11-22T14:42:11+00:00","og_image":[{"url":"https:\/\/crane.ist\/wp-content\/uploads\/2020\/11\/crane_help_center_2.jpg","type":"","width":"","height":""}],"twitter_card":"summary_large_image","schema":{"@context":"https:\/\/schema.org","@graph":[{"@type":"WebPage","@id":"https:\/\/crane.ist\/tr\/turna-kullanim-kilavuzu\/hesabin-varsa-nasil-giris-yapilir\/","url":"https:\/\/crane.ist\/tr\/turna-kullanim-kilavuzu\/hesabin-varsa-nasil-giris-yapilir\/","name":"Hesab\u0131n varsa nas\u0131l giri\u015f yap\u0131l\u0131r? | Crane","isPartOf":{"@id":"https:\/\/crane.ist\/#website"},"primaryImageOfPage":{"@id":"https:\/\/crane.ist\/tr\/turna-kullanim-kilavuzu\/hesabin-varsa-nasil-giris-yapilir\/#primaryimage"},"image":{"@id":"https:\/\/crane.ist\/tr\/turna-kullanim-kilavuzu\/hesabin-varsa-nasil-giris-yapilir\/#primaryimage"},"thumbnailUrl":"https:\/\/crane.ist\/wp-content\/uploads\/2020\/11\/crane_help_center_2.jpg","datePublished":"2020-11-22T14:42:06+00:00","dateModified":"2020-11-22T14:42:11+00:00","breadcrumb":{"@id":"https:\/\/crane.ist\/tr\/turna-kullanim-kilavuzu\/hesabin-varsa-nasil-giris-yapilir\/#breadcrumb"},"inLanguage":"tr","potentialAction":[{"@type":"ReadAction","target":["https:\/\/crane.ist\/tr\/turna-kullanim-kilavuzu\/hesabin-varsa-nasil-giris-yapilir\/"]}]},{"@type":"ImageObject","inLanguage":"tr","@id":"https:\/\/crane.ist\/tr\/turna-kullanim-kilavuzu\/hesabin-varsa-nasil-giris-yapilir\/#primaryimage","url":"https:\/\/crane.ist\/wp-content\/uploads\/2020\/11\/crane_help_center_2.jpg","contentUrl":"https:\/\/crane.ist\/wp-content\/uploads\/2020\/11\/crane_help_center_2.jpg"},{"@type":"BreadcrumbList","@id":"https:\/\/crane.ist\/tr\/turna-kullanim-kilavuzu\/hesabin-varsa-nasil-giris-yapilir\/#breadcrumb","itemListElement":[{"@type":"ListItem","position":1,"name":"Home","item":"https:\/\/crane.ist\/tr\/"},{"@type":"ListItem","position":2,"name":"Turna Kullan\u0131m K\u0131lavuzu","item":"https:\/\/crane.ist\/tr\/turna-kullanim-kilavuzu\/"},{"@type":"ListItem","position":3,"name":"Hesab\u0131n varsa nas\u0131l giri\u015f yap\u0131l\u0131r?"}]},{"@type":"WebSite","@id":"https:\/\/crane.ist\/#website","url":"https:\/\/crane.ist\/","name":"Crane","description":"App of the Field","publisher":{"@id":"https:\/\/crane.ist\/#organization"},"potentialAction":[{"@type":"SearchAction","target":{"@type":"EntryPoint","urlTemplate":"https:\/\/crane.ist\/?s={search_term_string}"},"query-input":{"@type":"PropertyValueSpecification","valueRequired":true,"valueName":"search_term_string"}}],"inLanguage":"tr"},{"@type":"Organization","@id":"https:\/\/crane.ist\/#organization","name":"Crane","url":"https:\/\/crane.ist\/","logo":{"@type":"ImageObject","inLanguage":"tr","@id":"https:\/\/crane.ist\/#\/schema\/logo\/image\/","url":"https:\/\/crane.ist\/wp-content\/uploads\/2020\/06\/logo3.png","contentUrl":"https:\/\/crane.ist\/wp-content\/uploads\/2020\/06\/logo3.png","width":932,"height":266,"caption":"Crane"},"image":{"@id":"https:\/\/crane.ist\/#\/schema\/logo\/image\/"}}]}},"_links":{"self":[{"href":"https:\/\/crane.ist\/tr\/wp-json\/wp\/v2\/pages\/909","targetHints":{"allow":["GET"]}}],"collection":[{"href":"https:\/\/crane.ist\/tr\/wp-json\/wp\/v2\/pages"}],"about":[{"href":"https:\/\/crane.ist\/tr\/wp-json\/wp\/v2\/types\/page"}],"author":[{"embeddable":true,"href":"https:\/\/crane.ist\/tr\/wp-json\/wp\/v2\/users\/1"}],"replies":[{"embeddable":true,"href":"https:\/\/crane.ist\/tr\/wp-json\/wp\/v2\/comments?post=909"}],"version-history":[{"count":4,"href":"https:\/\/crane.ist\/tr\/wp-json\/wp\/v2\/pages\/909\/revisions"}],"predecessor-version":[{"id":913,"href":"https:\/\/crane.ist\/tr\/wp-json\/wp\/v2\/pages\/909\/revisions\/913"}],"up":[{"embeddable":true,"href":"https:\/\/crane.ist\/tr\/wp-json\/wp\/v2\/pages\/848"}],"wp:attachment":[{"href":"https:\/\/crane.ist\/tr\/wp-json\/wp\/v2\/media?parent=909"}],"curies":[{"name":"wp","href":"https:\/\/api.w.org\/{rel}","templated":true}]}}