{"id":907,"date":"2020-11-22T14:39:59","date_gmt":"2020-11-22T14:39:59","guid":{"rendered":"https:\/\/crane.ist\/turna-kullanim-kilavuzu\/ilk-kez-nasil-giris-yapilir\/sample-email-you-are-invited-to-crane\/"},"modified":"2020-11-22T14:40:08","modified_gmt":"2020-11-22T14:40:08","slug":"sample-email-you-are-invited-to-crane","status":"publish","type":"page","link":"https:\/\/crane.ist\/tr\/turna-kullanim-kilavuzu\/ilk-kez-nasil-giris-yapilir\/sample-email-you-are-invited-to-crane\/","title":{"rendered":"Sample Email: You are Invited to Crane"},"content":{"rendered":"\t\t<div data-elementor-type=\"wp-page\" data-elementor-id=\"907\" class=\"elementor elementor-907 elementor-826\" data-elementor-post-type=\"page\">\n\t\t\t\t\t\t<section class=\"elementor-section elementor-top-section elementor-element elementor-element-369a8512 elementor-section-boxed elementor-section-height-default elementor-section-height-default\" data-id=\"369a8512\" data-element_type=\"section\">\n\t\t\t\t\t\t<div class=\"elementor-container elementor-column-gap-default\">\n\t\t\t\t\t<div class=\"elementor-column elementor-col-100 elementor-top-column elementor-element elementor-element-31e9c7ee\" data-id=\"31e9c7ee\" data-element_type=\"column\">\n\t\t\t<div class=\"elementor-widget-wrap elementor-element-populated\">\n\t\t\t\t\t\t<div class=\"elementor-element elementor-element-29383ba7 elementor-widget elementor-widget-heading\" data-id=\"29383ba7\" data-element_type=\"widget\" data-widget_type=\"heading.default\">\n\t\t\t\t<div class=\"elementor-widget-container\">\n\t\t\t\t\t<h1 class=\"elementor-heading-title elementor-size-default\">Sample Email: You are Invited to Crane<\/h1>\t\t\t\t<\/div>\n\t\t\t\t<\/div>\n\t\t\t\t<div class=\"elementor-element elementor-element-7934cfca elementor-widget elementor-widget-breadcrumbs\" data-id=\"7934cfca\" data-element_type=\"widget\" data-widget_type=\"breadcrumbs.default\">\n\t\t\t\t<div class=\"elementor-widget-container\">\n\t\t\t\t\t<p id=\"breadcrumbs\"><span><span><a href=\"https:\/\/crane.ist\/tr\/\">Home<\/a><\/span><\/span><\/p>\t\t\t\t<\/div>\n\t\t\t\t<\/div>\n\t\t\t\t<div class=\"elementor-element elementor-element-464f6ae6 elementor-widget-divider--view-line elementor-widget elementor-widget-divider\" data-id=\"464f6ae6\" data-element_type=\"widget\" data-widget_type=\"divider.default\">\n\t\t\t\t<div class=\"elementor-widget-container\">\n\t\t\t\t\t\t\t<div class=\"elementor-divider\">\n\t\t\t<span class=\"elementor-divider-separator\">\n\t\t\t\t\t\t<\/span>\n\t\t<\/div>\n\t\t\t\t\t\t<\/div>\n\t\t\t\t<\/div>\n\t\t\t\t\t<\/div>\n\t\t<\/div>\n\t\t\t\t\t<\/div>\n\t\t<\/section>\n\t\t\t\t<section class=\"elementor-section elementor-top-section elementor-element elementor-element-4443a8e9 elementor-section-boxed elementor-section-height-default elementor-section-height-default\" data-id=\"4443a8e9\" data-element_type=\"section\">\n\t\t\t\t\t\t<div class=\"elementor-container elementor-column-gap-default\">\n\t\t\t\t\t<div class=\"elementor-column elementor-col-100 elementor-top-column elementor-element elementor-element-1aa33fd4\" data-id=\"1aa33fd4\" data-element_type=\"column\">\n\t\t\t<div class=\"elementor-widget-wrap elementor-element-populated\">\n\t\t\t\t\t\t<div class=\"elementor-element elementor-element-38f869aa elementor-widget elementor-widget-text-editor\" data-id=\"38f869aa\" data-element_type=\"widget\" data-widget_type=\"text-editor.default\">\n\t\t\t\t<div class=\"elementor-widget-container\">\n\t\t\t\t\t\t\t\t\t<p><strong>Subject:<\/strong> You are Invited to Crane!<\/p>\n<p>Dear ***[First Name]***,<\/p>\n<p>You have been invited by <em><strong>[Project Admins&#8217;s First and Last Name]<\/strong> from <strong>[Project Admins Organization Name]<\/strong><\/em> to sign up to Crane for the <strong><em>[Project Name]<\/em><\/strong> Project!<\/p>\n<p>Click on the below link to join:<\/p>\n<p><em>[Link to Login Page- if the link is clicked on mobile, the link should ask if the user wants to download the app from the app store or to continue on browser.]<\/em><\/p>\n<p>Before getting started, we do recommend that you take a look at the <a href=\"https:\/\/crane.ist\/tr\/turna-kullanim-kilavuzu\/\">Crane User Guide<\/a> Document for detailed instruction on how to get started with Crane in no time!<\/p>\n<p>Regards,<\/p>\n<p>The Crane Team<\/p>\n\t\t\t\t\t\t\t\t<\/div>\n\t\t\t\t<\/div>\n\t\t\t\t\t<\/div>\n\t\t<\/div>\n\t\t\t\t\t<\/div>\n\t\t<\/section>\n\t\t\t\t<\/div>\n\t\t","protected":false},"excerpt":{"rendered":"<p>Subject: You are Invited to Crane! Dear ***[First Name]***, You have been invited by [Project Admins&#8217;s First and Last Name] from [Project Admins Organization Name] to sign up to Crane for the [Project Name] Project! Click on the below link &hellip; <a href=\"https:\/\/crane.ist\/tr\/turna-kullanim-kilavuzu\/ilk-kez-nasil-giris-yapilir\/sample-email-you-are-invited-to-crane\/\">Read More<\/a><\/p>\n","protected":false},"author":1,"featured_media":0,"parent":901,"menu_order":0,"comment_status":"closed","ping_status":"closed","template":"","meta":{"footnotes":""},"class_list":["post-907","page","type-page","status-publish","hentry"],"yoast_head":"<!-- This site is optimized with the Yoast SEO plugin v24.3 - https:\/\/yoast.com\/wordpress\/plugins\/seo\/ -->\n<title>Sample Email: You are Invited to Crane | Crane<\/title>\n<meta name=\"robots\" content=\"index, follow, max-snippet:-1, max-image-preview:large, max-video-preview:-1\" \/>\n<link rel=\"canonical\" href=\"https:\/\/crane.ist\/tr\/turna-kullanim-kilavuzu\/ilk-kez-nasil-giris-yapilir\/sample-email-you-are-invited-to-crane\/\" \/>\n<meta property=\"og:locale\" content=\"tr_TR\" \/>\n<meta property=\"og:type\" content=\"article\" \/>\n<meta property=\"og:title\" content=\"Sample Email: You are Invited to Crane | Crane\" \/>\n<meta property=\"og:description\" content=\"Subject: You are Invited to Crane! Dear ***[First Name]***, You have been invited by [Project Admins&#8217;s First and Last Name] from [Project Admins Organization Name] to sign up to Crane for the [Project Name] Project! Click on the below link &hellip; Read More\" \/>\n<meta property=\"og:url\" content=\"https:\/\/crane.ist\/tr\/turna-kullanim-kilavuzu\/ilk-kez-nasil-giris-yapilir\/sample-email-you-are-invited-to-crane\/\" \/>\n<meta property=\"og:site_name\" content=\"Crane\" \/>\n<meta property=\"article:modified_time\" content=\"2020-11-22T14:40:08+00:00\" \/>\n<meta name=\"twitter:card\" content=\"summary_large_image\" \/>\n<meta name=\"twitter:label1\" content=\"Tahmini okuma s\u00fcresi\" \/>\n\t<meta name=\"twitter:data1\" content=\"1 dakika\" \/>\n<script type=\"application\/ld+json\" class=\"yoast-schema-graph\">{\"@context\":\"https:\/\/schema.org\",\"@graph\":[{\"@type\":\"WebPage\",\"@id\":\"https:\/\/crane.ist\/tr\/turna-kullanim-kilavuzu\/ilk-kez-nasil-giris-yapilir\/sample-email-you-are-invited-to-crane\/\",\"url\":\"https:\/\/crane.ist\/tr\/turna-kullanim-kilavuzu\/ilk-kez-nasil-giris-yapilir\/sample-email-you-are-invited-to-crane\/\",\"name\":\"Sample Email: You are Invited to Crane | Crane\",\"isPartOf\":{\"@id\":\"https:\/\/crane.ist\/#website\"},\"datePublished\":\"2020-11-22T14:39:59+00:00\",\"dateModified\":\"2020-11-22T14:40:08+00:00\",\"breadcrumb\":{\"@id\":\"https:\/\/crane.ist\/tr\/turna-kullanim-kilavuzu\/ilk-kez-nasil-giris-yapilir\/sample-email-you-are-invited-to-crane\/#breadcrumb\"},\"inLanguage\":\"tr\",\"potentialAction\":[{\"@type\":\"ReadAction\",\"target\":[\"https:\/\/crane.ist\/tr\/turna-kullanim-kilavuzu\/ilk-kez-nasil-giris-yapilir\/sample-email-you-are-invited-to-crane\/\"]}]},{\"@type\":\"BreadcrumbList\",\"@id\":\"https:\/\/crane.ist\/tr\/turna-kullanim-kilavuzu\/ilk-kez-nasil-giris-yapilir\/sample-email-you-are-invited-to-crane\/#breadcrumb\",\"itemListElement\":[{\"@type\":\"ListItem\",\"position\":1,\"name\":\"Home\",\"item\":\"https:\/\/crane.ist\/tr\/\"},{\"@type\":\"ListItem\",\"position\":2,\"name\":\"Turna Kullan\u0131m K\u0131lavuzu\",\"item\":\"https:\/\/crane.ist\/tr\/turna-kullanim-kilavuzu\/\"},{\"@type\":\"ListItem\",\"position\":3,\"name\":\"\u0130lk kez nas\u0131l giri\u015f yap\u0131l\u0131r?\",\"item\":\"https:\/\/crane.ist\/tr\/turna-kullanim-kilavuzu\/ilk-kez-nasil-giris-yapilir\/\"},{\"@type\":\"ListItem\",\"position\":4,\"name\":\"Sample Email: You are Invited to Crane\"}]},{\"@type\":\"WebSite\",\"@id\":\"https:\/\/crane.ist\/#website\",\"url\":\"https:\/\/crane.ist\/\",\"name\":\"Crane\",\"description\":\"App of the Field\",\"publisher\":{\"@id\":\"https:\/\/crane.ist\/#organization\"},\"potentialAction\":[{\"@type\":\"SearchAction\",\"target\":{\"@type\":\"EntryPoint\",\"urlTemplate\":\"https:\/\/crane.ist\/?s={search_term_string}\"},\"query-input\":{\"@type\":\"PropertyValueSpecification\",\"valueRequired\":true,\"valueName\":\"search_term_string\"}}],\"inLanguage\":\"tr\"},{\"@type\":\"Organization\",\"@id\":\"https:\/\/crane.ist\/#organization\",\"name\":\"Crane\",\"url\":\"https:\/\/crane.ist\/\",\"logo\":{\"@type\":\"ImageObject\",\"inLanguage\":\"tr\",\"@id\":\"https:\/\/crane.ist\/#\/schema\/logo\/image\/\",\"url\":\"https:\/\/crane.ist\/wp-content\/uploads\/2020\/06\/logo3.png\",\"contentUrl\":\"https:\/\/crane.ist\/wp-content\/uploads\/2020\/06\/logo3.png\",\"width\":932,\"height\":266,\"caption\":\"Crane\"},\"image\":{\"@id\":\"https:\/\/crane.ist\/#\/schema\/logo\/image\/\"}}]}<\/script>\n<!-- \/ Yoast SEO plugin. -->","yoast_head_json":{"title":"Sample Email: You are Invited to Crane | Crane","robots":{"index":"index","follow":"follow","max-snippet":"max-snippet:-1","max-image-preview":"max-image-preview:large","max-video-preview":"max-video-preview:-1"},"canonical":"https:\/\/crane.ist\/tr\/turna-kullanim-kilavuzu\/ilk-kez-nasil-giris-yapilir\/sample-email-you-are-invited-to-crane\/","og_locale":"tr_TR","og_type":"article","og_title":"Sample Email: You are Invited to Crane | Crane","og_description":"Subject: You are Invited to Crane! Dear ***[First Name]***, You have been invited by [Project Admins&#8217;s First and Last Name] from [Project Admins Organization Name] to sign up to Crane for the [Project Name] Project! Click on the below link &hellip; Read More","og_url":"https:\/\/crane.ist\/tr\/turna-kullanim-kilavuzu\/ilk-kez-nasil-giris-yapilir\/sample-email-you-are-invited-to-crane\/","og_site_name":"Crane","article_modified_time":"2020-11-22T14:40:08+00:00","twitter_card":"summary_large_image","twitter_misc":{"Tahmini okuma s\u00fcresi":"1 dakika"},"schema":{"@context":"https:\/\/schema.org","@graph":[{"@type":"WebPage","@id":"https:\/\/crane.ist\/tr\/turna-kullanim-kilavuzu\/ilk-kez-nasil-giris-yapilir\/sample-email-you-are-invited-to-crane\/","url":"https:\/\/crane.ist\/tr\/turna-kullanim-kilavuzu\/ilk-kez-nasil-giris-yapilir\/sample-email-you-are-invited-to-crane\/","name":"Sample Email: You are Invited to Crane | Crane","isPartOf":{"@id":"https:\/\/crane.ist\/#website"},"datePublished":"2020-11-22T14:39:59+00:00","dateModified":"2020-11-22T14:40:08+00:00","breadcrumb":{"@id":"https:\/\/crane.ist\/tr\/turna-kullanim-kilavuzu\/ilk-kez-nasil-giris-yapilir\/sample-email-you-are-invited-to-crane\/#breadcrumb"},"inLanguage":"tr","potentialAction":[{"@type":"ReadAction","target":["https:\/\/crane.ist\/tr\/turna-kullanim-kilavuzu\/ilk-kez-nasil-giris-yapilir\/sample-email-you-are-invited-to-crane\/"]}]},{"@type":"BreadcrumbList","@id":"https:\/\/crane.ist\/tr\/turna-kullanim-kilavuzu\/ilk-kez-nasil-giris-yapilir\/sample-email-you-are-invited-to-crane\/#breadcrumb","itemListElement":[{"@type":"ListItem","position":1,"name":"Home","item":"https:\/\/crane.ist\/tr\/"},{"@type":"ListItem","position":2,"name":"Turna Kullan\u0131m K\u0131lavuzu","item":"https:\/\/crane.ist\/tr\/turna-kullanim-kilavuzu\/"},{"@type":"ListItem","position":3,"name":"\u0130lk kez nas\u0131l giri\u015f yap\u0131l\u0131r?","item":"https:\/\/crane.ist\/tr\/turna-kullanim-kilavuzu\/ilk-kez-nasil-giris-yapilir\/"},{"@type":"ListItem","position":4,"name":"Sample Email: You are Invited to Crane"}]},{"@type":"WebSite","@id":"https:\/\/crane.ist\/#website","url":"https:\/\/crane.ist\/","name":"Crane","description":"App of the Field","publisher":{"@id":"https:\/\/crane.ist\/#organization"},"potentialAction":[{"@type":"SearchAction","target":{"@type":"EntryPoint","urlTemplate":"https:\/\/crane.ist\/?s={search_term_string}"},"query-input":{"@type":"PropertyValueSpecification","valueRequired":true,"valueName":"search_term_string"}}],"inLanguage":"tr"},{"@type":"Organization","@id":"https:\/\/crane.ist\/#organization","name":"Crane","url":"https:\/\/crane.ist\/","logo":{"@type":"ImageObject","inLanguage":"tr","@id":"https:\/\/crane.ist\/#\/schema\/logo\/image\/","url":"https:\/\/crane.ist\/wp-content\/uploads\/2020\/06\/logo3.png","contentUrl":"https:\/\/crane.ist\/wp-content\/uploads\/2020\/06\/logo3.png","width":932,"height":266,"caption":"Crane"},"image":{"@id":"https:\/\/crane.ist\/#\/schema\/logo\/image\/"}}]}},"_links":{"self":[{"href":"https:\/\/crane.ist\/tr\/wp-json\/wp\/v2\/pages\/907","targetHints":{"allow":["GET"]}}],"collection":[{"href":"https:\/\/crane.ist\/tr\/wp-json\/wp\/v2\/pages"}],"about":[{"href":"https:\/\/crane.ist\/tr\/wp-json\/wp\/v2\/types\/page"}],"author":[{"embeddable":true,"href":"https:\/\/crane.ist\/tr\/wp-json\/wp\/v2\/users\/1"}],"replies":[{"embeddable":true,"href":"https:\/\/crane.ist\/tr\/wp-json\/wp\/v2\/comments?post=907"}],"version-history":[{"count":1,"href":"https:\/\/crane.ist\/tr\/wp-json\/wp\/v2\/pages\/907\/revisions"}],"predecessor-version":[{"id":908,"href":"https:\/\/crane.ist\/tr\/wp-json\/wp\/v2\/pages\/907\/revisions\/908"}],"up":[{"embeddable":true,"href":"https:\/\/crane.ist\/tr\/wp-json\/wp\/v2\/pages\/901"}],"wp:attachment":[{"href":"https:\/\/crane.ist\/tr\/wp-json\/wp\/v2\/media?parent=907"}],"curies":[{"name":"wp","href":"https:\/\/api.w.org\/{rel}","templated":true}]}}