{"id":901,"date":"2020-11-22T14:36:50","date_gmt":"2020-11-22T14:36:50","guid":{"rendered":"https:\/\/crane.ist\/turna-kullanim-kilavuzu\/ilk-kez-nasil-giris-yapilir\/"},"modified":"2020-11-22T14:37:01","modified_gmt":"2020-11-22T14:37:01","slug":"ilk-kez-nasil-giris-yapilir","status":"publish","type":"page","link":"https:\/\/crane.ist\/tr\/turna-kullanim-kilavuzu\/ilk-kez-nasil-giris-yapilir\/","title":{"rendered":"\u0130lk kez nas\u0131l giri\u015f yap\u0131l\u0131r?"},"content":{"rendered":"\t\t<div data-elementor-type=\"wp-page\" data-elementor-id=\"901\" class=\"elementor elementor-901 elementor-723\" data-elementor-post-type=\"page\">\n\t\t\t\t\t\t<section class=\"elementor-section elementor-top-section elementor-element elementor-element-4364fae5 elementor-section-boxed elementor-section-height-default elementor-section-height-default\" data-id=\"4364fae5\" data-element_type=\"section\">\n\t\t\t\t\t\t<div class=\"elementor-container elementor-column-gap-default\">\n\t\t\t\t\t<div class=\"elementor-column elementor-col-100 elementor-top-column elementor-element elementor-element-31cd734d\" data-id=\"31cd734d\" data-element_type=\"column\">\n\t\t\t<div class=\"elementor-widget-wrap elementor-element-populated\">\n\t\t\t\t\t\t<div class=\"elementor-element elementor-element-dd2cf88 elementor-widget elementor-widget-heading\" data-id=\"dd2cf88\" data-element_type=\"widget\" data-widget_type=\"heading.default\">\n\t\t\t\t<div class=\"elementor-widget-container\">\n\t\t\t\t\t<h1 class=\"elementor-heading-title elementor-size-default\">\u0130lk kez nas\u0131l giri\u015f yap\u0131l\u0131r?<\/h1>\t\t\t\t<\/div>\n\t\t\t\t<\/div>\n\t\t\t\t<div class=\"elementor-element elementor-element-753c370e elementor-widget elementor-widget-breadcrumbs\" data-id=\"753c370e\" data-element_type=\"widget\" data-widget_type=\"breadcrumbs.default\">\n\t\t\t\t<div class=\"elementor-widget-container\">\n\t\t\t\t\t<p id=\"breadcrumbs\"><span><span><a href=\"https:\/\/crane.ist\/tr\/\">Home<\/a><\/span><\/span><\/p>\t\t\t\t<\/div>\n\t\t\t\t<\/div>\n\t\t\t\t<div class=\"elementor-element elementor-element-44f08b6c elementor-widget-divider--view-line elementor-widget elementor-widget-divider\" data-id=\"44f08b6c\" data-element_type=\"widget\" data-widget_type=\"divider.default\">\n\t\t\t\t<div class=\"elementor-widget-container\">\n\t\t\t\t\t\t\t<div class=\"elementor-divider\">\n\t\t\t<span class=\"elementor-divider-separator\">\n\t\t\t\t\t\t<\/span>\n\t\t<\/div>\n\t\t\t\t\t\t<\/div>\n\t\t\t\t<\/div>\n\t\t\t\t\t<\/div>\n\t\t<\/div>\n\t\t\t\t\t<\/div>\n\t\t<\/section>\n\t\t\t\t<section class=\"elementor-section elementor-top-section elementor-element elementor-element-128e694b elementor-section-boxed elementor-section-height-default elementor-section-height-default\" data-id=\"128e694b\" data-element_type=\"section\">\n\t\t\t\t\t\t<div class=\"elementor-container elementor-column-gap-default\">\n\t\t\t\t\t<div class=\"elementor-column elementor-col-100 elementor-top-column elementor-element elementor-element-51cdd448\" data-id=\"51cdd448\" data-element_type=\"column\">\n\t\t\t<div class=\"elementor-widget-wrap elementor-element-populated\">\n\t\t\t\t\t\t<div class=\"elementor-element elementor-element-6bcb1d99 elementor-widget elementor-widget-text-editor\" data-id=\"6bcb1d99\" data-element_type=\"widget\" data-widget_type=\"text-editor.default\">\n\t\t\t\t<div class=\"elementor-widget-container\">\n\t\t\t\t\t\t\t\t\t<p>If you are new to a project using Crane and have not yet logged in, follow the below steps to log in for the first time:<\/p>\n<ol>\n<li>\n<p><strong>Click on Login Link received via email<\/strong><\/p>\n<p>If you have been invited to Crane by the project admin, you should have received an email from Crane with a link to sign up. The link in our email will direct you to the crane login page on your web browser, or may direct you to download the Crane mobile app if you are on your mobile device.<\/p>\n<p><em>If you have not received an email, contact your project admin and make sure that you have been registered with the correct email to Crane.<\/em><\/p>\n<p><a href=\"https:\/\/crane.ist\/help-center\/how-to-log-in-for-the-first-time\/sample-email-you-are-invited-to-crane\/\">Sample Email: You are Invited to Crane<\/a><\/p>\n<\/li>\n<li>\n<p><strong>Create login name and password<\/strong><\/p>\n<p>The link will direct you to the login page which will ask you to create a login name and a password. (Your user name will only be used for you to login to Crane. This will not be the name that appears on your correspondences.)<\/p>\n<p>On your first time logging in, we will also ask you to read and accept the terms and condition upon clicking &#8216;Continue&#8217;.<\/p>\n<\/li>\n<li>\n<p><strong>Create your user information<\/strong><\/p>\n<p>After accepting the terms and conditions, we will ask you to choose the project that you would like to log in to. If you have been signed up to Crane for multiple projects, you will see multiple projects in the &#8216;Choose your Project&#8217; drop down list. Else, only a single project will appear on your project login screen.<\/p>\n<p>Once you have chosen your project, you will be the directed to the home page of Crane. On the login page, you can see the user information listed below. At any time of the project, you can ask your project admin to update your user information.<\/p>\n<ul>\n<li><strong>Email (per user):<\/strong> This is the email used for your notifications.<\/li>\n<li><strong>Name (per user):<\/strong> This will be the name that appears in your correspondences.<\/li>\n<li><strong>User Groups (per user+project):<\/strong> Your user group will determine the permissions granted to you on the project. If no user group has been assigned to you, you will not be able to see any content in Crane, so make sure that you contact your project admin if you do not see any user groups on your home page.<\/li>\n<li><strong>Company (per user):<\/strong> This is the company that you work for on the project.<\/li>\n<\/ul>\n<\/li>\n<\/ol>\n<p>One you have entered your user information for the project, you can click &#8216;Continue&#8217; to access project information.<\/p>\n\t\t\t\t\t\t\t\t<\/div>\n\t\t\t\t<\/div>\n\t\t\t\t<section class=\"elementor-section elementor-inner-section elementor-element elementor-element-341b46a elementor-section-boxed elementor-section-height-default elementor-section-height-default\" data-id=\"341b46a\" data-element_type=\"section\">\n\t\t\t\t\t\t<div class=\"elementor-container elementor-column-gap-default\">\n\t\t\t\t\t<div class=\"elementor-column elementor-col-100 elementor-inner-column elementor-element elementor-element-2a1e2b9\" data-id=\"2a1e2b9\" data-element_type=\"column\">\n\t\t\t<div class=\"elementor-widget-wrap elementor-element-populated\">\n\t\t\t\t\t\t<div class=\"elementor-element elementor-element-3d64623 elementor-widget elementor-widget-image\" data-id=\"3d64623\" data-element_type=\"widget\" data-widget_type=\"image.default\">\n\t\t\t\t<div class=\"elementor-widget-container\">\n\t\t\t\t\t\t\t\t\t\t\t\t\t\t\t<img fetchpriority=\"high\" decoding=\"async\" width=\"1024\" height=\"559\" src=\"https:\/\/crane.ist\/wp-content\/uploads\/2020\/11\/crane_help_center-1024x559.jpg\" class=\"attachment-large size-large wp-image-726\" alt=\"\" srcset=\"https:\/\/crane.ist\/wp-content\/uploads\/2020\/11\/crane_help_center-1024x559.jpg 1024w, https:\/\/crane.ist\/wp-content\/uploads\/2020\/11\/crane_help_center-300x164.jpg 300w, https:\/\/crane.ist\/wp-content\/uploads\/2020\/11\/crane_help_center-768x419.jpg 768w, https:\/\/crane.ist\/wp-content\/uploads\/2020\/11\/crane_help_center-101x55.jpg 101w, https:\/\/crane.ist\/wp-content\/uploads\/2020\/11\/crane_help_center-147x80.jpg 147w, https:\/\/crane.ist\/wp-content\/uploads\/2020\/11\/crane_help_center-394x215.jpg 394w, https:\/\/crane.ist\/wp-content\/uploads\/2020\/11\/crane_help_center-915x500.jpg 915w, https:\/\/crane.ist\/wp-content\/uploads\/2020\/11\/crane_help_center-1240x677.jpg 1240w, https:\/\/crane.ist\/wp-content\/uploads\/2020\/11\/crane_help_center.jpg 1414w\" sizes=\"(max-width: 1024px) 100vw, 1024px\" \/>\t\t\t\t\t\t\t\t\t\t\t\t\t\t\t<\/div>\n\t\t\t\t<\/div>\n\t\t\t\t<div class=\"elementor-element elementor-element-5df202b elementor-position-left elementor-view-default elementor-mobile-position-top elementor-vertical-align-top elementor-widget elementor-widget-icon-box\" data-id=\"5df202b\" data-element_type=\"widget\" data-widget_type=\"icon-box.default\">\n\t\t\t\t<div class=\"elementor-widget-container\">\n\t\t\t\t\t\t\t<div class=\"elementor-icon-box-wrapper\">\n\n\t\t\t\t\t\t<div class=\"elementor-icon-box-icon\">\n\t\t\t\t<span  class=\"elementor-icon\">\n\t\t\t\t<i aria-hidden=\"true\" class=\"fas fa-exclamation-triangle\"><\/i>\t\t\t\t<\/span>\n\t\t\t<\/div>\n\t\t\t\n\t\t\t\t\t\t<div class=\"elementor-icon-box-content\">\n\n\t\t\t\t\n\t\t\t\t\t\t\t\t\t<p class=\"elementor-icon-box-description\">\n\t\t\t\t\t\tIf you do not know who your project admin is, you can ask us by sending an email to *cranesupport@abc.com*. E-postaya, Crane oturum a\u00e7ma sayfan\u0131z\u0131n sa\u011f \u00fcst k\u00f6\u015fesinde g\u00f6r\u00fcnen proje ad\u0131n\u0131z\u0131 ekledi\u011finizden emin olun.\t\t\t\t\t<\/p>\n\t\t\t\t\n\t\t\t<\/div>\n\t\t\t\n\t\t<\/div>\n\t\t\t\t\t\t<\/div>\n\t\t\t\t<\/div>\n\t\t\t\t\t<\/div>\n\t\t<\/div>\n\t\t\t\t\t<\/div>\n\t\t<\/section>\n\t\t\t\t\t<\/div>\n\t\t<\/div>\n\t\t\t\t\t<\/div>\n\t\t<\/section>\n\t\t\t\t<\/div>\n\t\t","protected":false},"excerpt":{"rendered":"<p>If you are new to a project using Crane and have not yet logged in, follow the below steps to log in for the first time: Click on Login Link received via email If you have been invited to Crane &hellip; <a href=\"https:\/\/crane.ist\/tr\/turna-kullanim-kilavuzu\/ilk-kez-nasil-giris-yapilir\/\">Read More<\/a><\/p>\n","protected":false},"author":1,"featured_media":0,"parent":848,"menu_order":0,"comment_status":"closed","ping_status":"closed","template":"","meta":{"footnotes":""},"class_list":["post-901","page","type-page","status-publish","hentry"],"yoast_head":"<!-- This site is optimized with the Yoast SEO plugin v24.3 - https:\/\/yoast.com\/wordpress\/plugins\/seo\/ -->\n<title>\u0130lk kez nas\u0131l giri\u015f yap\u0131l\u0131r? | Crane<\/title>\n<meta name=\"robots\" content=\"index, follow, max-snippet:-1, max-image-preview:large, max-video-preview:-1\" \/>\n<link rel=\"canonical\" href=\"https:\/\/crane.ist\/tr\/turna-kullanim-kilavuzu\/ilk-kez-nasil-giris-yapilir\/\" \/>\n<meta property=\"og:locale\" content=\"tr_TR\" \/>\n<meta property=\"og:type\" content=\"article\" \/>\n<meta property=\"og:title\" content=\"\u0130lk kez nas\u0131l giri\u015f yap\u0131l\u0131r? | Crane\" \/>\n<meta property=\"og:description\" content=\"If you are new to a project using Crane and have not yet logged in, follow the below steps to log in for the first time: Click on Login Link received via email If you have been invited to Crane &hellip; Read More\" \/>\n<meta property=\"og:url\" content=\"https:\/\/crane.ist\/tr\/turna-kullanim-kilavuzu\/ilk-kez-nasil-giris-yapilir\/\" \/>\n<meta property=\"og:site_name\" content=\"Crane\" \/>\n<meta property=\"article:modified_time\" content=\"2020-11-22T14:37:01+00:00\" \/>\n<meta property=\"og:image\" content=\"https:\/\/crane.ist\/wp-content\/uploads\/2020\/11\/crane_help_center-1024x559.jpg\" \/>\n<meta name=\"twitter:card\" content=\"summary_large_image\" \/>\n<meta name=\"twitter:label1\" content=\"Tahmini okuma s\u00fcresi\" \/>\n\t<meta name=\"twitter:data1\" content=\"2 dakika\" \/>\n<script type=\"application\/ld+json\" class=\"yoast-schema-graph\">{\"@context\":\"https:\/\/schema.org\",\"@graph\":[{\"@type\":\"WebPage\",\"@id\":\"https:\/\/crane.ist\/tr\/turna-kullanim-kilavuzu\/ilk-kez-nasil-giris-yapilir\/\",\"url\":\"https:\/\/crane.ist\/tr\/turna-kullanim-kilavuzu\/ilk-kez-nasil-giris-yapilir\/\",\"name\":\"\u0130lk kez nas\u0131l giri\u015f yap\u0131l\u0131r? | Crane\",\"isPartOf\":{\"@id\":\"https:\/\/crane.ist\/#website\"},\"primaryImageOfPage\":{\"@id\":\"https:\/\/crane.ist\/tr\/turna-kullanim-kilavuzu\/ilk-kez-nasil-giris-yapilir\/#primaryimage\"},\"image\":{\"@id\":\"https:\/\/crane.ist\/tr\/turna-kullanim-kilavuzu\/ilk-kez-nasil-giris-yapilir\/#primaryimage\"},\"thumbnailUrl\":\"https:\/\/crane.ist\/wp-content\/uploads\/2020\/11\/crane_help_center-1024x559.jpg\",\"datePublished\":\"2020-11-22T14:36:50+00:00\",\"dateModified\":\"2020-11-22T14:37:01+00:00\",\"breadcrumb\":{\"@id\":\"https:\/\/crane.ist\/tr\/turna-kullanim-kilavuzu\/ilk-kez-nasil-giris-yapilir\/#breadcrumb\"},\"inLanguage\":\"tr\",\"potentialAction\":[{\"@type\":\"ReadAction\",\"target\":[\"https:\/\/crane.ist\/tr\/turna-kullanim-kilavuzu\/ilk-kez-nasil-giris-yapilir\/\"]}]},{\"@type\":\"ImageObject\",\"inLanguage\":\"tr\",\"@id\":\"https:\/\/crane.ist\/tr\/turna-kullanim-kilavuzu\/ilk-kez-nasil-giris-yapilir\/#primaryimage\",\"url\":\"https:\/\/crane.ist\/wp-content\/uploads\/2020\/11\/crane_help_center-1024x559.jpg\",\"contentUrl\":\"https:\/\/crane.ist\/wp-content\/uploads\/2020\/11\/crane_help_center-1024x559.jpg\"},{\"@type\":\"BreadcrumbList\",\"@id\":\"https:\/\/crane.ist\/tr\/turna-kullanim-kilavuzu\/ilk-kez-nasil-giris-yapilir\/#breadcrumb\",\"itemListElement\":[{\"@type\":\"ListItem\",\"position\":1,\"name\":\"Home\",\"item\":\"https:\/\/crane.ist\/tr\/\"},{\"@type\":\"ListItem\",\"position\":2,\"name\":\"Turna Kullan\u0131m K\u0131lavuzu\",\"item\":\"https:\/\/crane.ist\/tr\/turna-kullanim-kilavuzu\/\"},{\"@type\":\"ListItem\",\"position\":3,\"name\":\"\u0130lk kez nas\u0131l giri\u015f yap\u0131l\u0131r?\"}]},{\"@type\":\"WebSite\",\"@id\":\"https:\/\/crane.ist\/#website\",\"url\":\"https:\/\/crane.ist\/\",\"name\":\"Crane\",\"description\":\"App of the Field\",\"publisher\":{\"@id\":\"https:\/\/crane.ist\/#organization\"},\"potentialAction\":[{\"@type\":\"SearchAction\",\"target\":{\"@type\":\"EntryPoint\",\"urlTemplate\":\"https:\/\/crane.ist\/?s={search_term_string}\"},\"query-input\":{\"@type\":\"PropertyValueSpecification\",\"valueRequired\":true,\"valueName\":\"search_term_string\"}}],\"inLanguage\":\"tr\"},{\"@type\":\"Organization\",\"@id\":\"https:\/\/crane.ist\/#organization\",\"name\":\"Crane\",\"url\":\"https:\/\/crane.ist\/\",\"logo\":{\"@type\":\"ImageObject\",\"inLanguage\":\"tr\",\"@id\":\"https:\/\/crane.ist\/#\/schema\/logo\/image\/\",\"url\":\"https:\/\/crane.ist\/wp-content\/uploads\/2020\/06\/logo3.png\",\"contentUrl\":\"https:\/\/crane.ist\/wp-content\/uploads\/2020\/06\/logo3.png\",\"width\":932,\"height\":266,\"caption\":\"Crane\"},\"image\":{\"@id\":\"https:\/\/crane.ist\/#\/schema\/logo\/image\/\"}}]}<\/script>\n<!-- \/ Yoast SEO plugin. -->","yoast_head_json":{"title":"\u0130lk kez nas\u0131l giri\u015f yap\u0131l\u0131r? | Crane","robots":{"index":"index","follow":"follow","max-snippet":"max-snippet:-1","max-image-preview":"max-image-preview:large","max-video-preview":"max-video-preview:-1"},"canonical":"https:\/\/crane.ist\/tr\/turna-kullanim-kilavuzu\/ilk-kez-nasil-giris-yapilir\/","og_locale":"tr_TR","og_type":"article","og_title":"\u0130lk kez nas\u0131l giri\u015f yap\u0131l\u0131r? | Crane","og_description":"If you are new to a project using Crane and have not yet logged in, follow the below steps to log in for the first time: Click on Login Link received via email If you have been invited to Crane &hellip; Read More","og_url":"https:\/\/crane.ist\/tr\/turna-kullanim-kilavuzu\/ilk-kez-nasil-giris-yapilir\/","og_site_name":"Crane","article_modified_time":"2020-11-22T14:37:01+00:00","og_image":[{"url":"https:\/\/crane.ist\/wp-content\/uploads\/2020\/11\/crane_help_center-1024x559.jpg","type":"","width":"","height":""}],"twitter_card":"summary_large_image","twitter_misc":{"Tahmini okuma s\u00fcresi":"2 dakika"},"schema":{"@context":"https:\/\/schema.org","@graph":[{"@type":"WebPage","@id":"https:\/\/crane.ist\/tr\/turna-kullanim-kilavuzu\/ilk-kez-nasil-giris-yapilir\/","url":"https:\/\/crane.ist\/tr\/turna-kullanim-kilavuzu\/ilk-kez-nasil-giris-yapilir\/","name":"\u0130lk kez nas\u0131l giri\u015f yap\u0131l\u0131r? | Crane","isPartOf":{"@id":"https:\/\/crane.ist\/#website"},"primaryImageOfPage":{"@id":"https:\/\/crane.ist\/tr\/turna-kullanim-kilavuzu\/ilk-kez-nasil-giris-yapilir\/#primaryimage"},"image":{"@id":"https:\/\/crane.ist\/tr\/turna-kullanim-kilavuzu\/ilk-kez-nasil-giris-yapilir\/#primaryimage"},"thumbnailUrl":"https:\/\/crane.ist\/wp-content\/uploads\/2020\/11\/crane_help_center-1024x559.jpg","datePublished":"2020-11-22T14:36:50+00:00","dateModified":"2020-11-22T14:37:01+00:00","breadcrumb":{"@id":"https:\/\/crane.ist\/tr\/turna-kullanim-kilavuzu\/ilk-kez-nasil-giris-yapilir\/#breadcrumb"},"inLanguage":"tr","potentialAction":[{"@type":"ReadAction","target":["https:\/\/crane.ist\/tr\/turna-kullanim-kilavuzu\/ilk-kez-nasil-giris-yapilir\/"]}]},{"@type":"ImageObject","inLanguage":"tr","@id":"https:\/\/crane.ist\/tr\/turna-kullanim-kilavuzu\/ilk-kez-nasil-giris-yapilir\/#primaryimage","url":"https:\/\/crane.ist\/wp-content\/uploads\/2020\/11\/crane_help_center-1024x559.jpg","contentUrl":"https:\/\/crane.ist\/wp-content\/uploads\/2020\/11\/crane_help_center-1024x559.jpg"},{"@type":"BreadcrumbList","@id":"https:\/\/crane.ist\/tr\/turna-kullanim-kilavuzu\/ilk-kez-nasil-giris-yapilir\/#breadcrumb","itemListElement":[{"@type":"ListItem","position":1,"name":"Home","item":"https:\/\/crane.ist\/tr\/"},{"@type":"ListItem","position":2,"name":"Turna Kullan\u0131m K\u0131lavuzu","item":"https:\/\/crane.ist\/tr\/turna-kullanim-kilavuzu\/"},{"@type":"ListItem","position":3,"name":"\u0130lk kez nas\u0131l giri\u015f yap\u0131l\u0131r?"}]},{"@type":"WebSite","@id":"https:\/\/crane.ist\/#website","url":"https:\/\/crane.ist\/","name":"Crane","description":"App of the Field","publisher":{"@id":"https:\/\/crane.ist\/#organization"},"potentialAction":[{"@type":"SearchAction","target":{"@type":"EntryPoint","urlTemplate":"https:\/\/crane.ist\/?s={search_term_string}"},"query-input":{"@type":"PropertyValueSpecification","valueRequired":true,"valueName":"search_term_string"}}],"inLanguage":"tr"},{"@type":"Organization","@id":"https:\/\/crane.ist\/#organization","name":"Crane","url":"https:\/\/crane.ist\/","logo":{"@type":"ImageObject","inLanguage":"tr","@id":"https:\/\/crane.ist\/#\/schema\/logo\/image\/","url":"https:\/\/crane.ist\/wp-content\/uploads\/2020\/06\/logo3.png","contentUrl":"https:\/\/crane.ist\/wp-content\/uploads\/2020\/06\/logo3.png","width":932,"height":266,"caption":"Crane"},"image":{"@id":"https:\/\/crane.ist\/#\/schema\/logo\/image\/"}}]}},"_links":{"self":[{"href":"https:\/\/crane.ist\/tr\/wp-json\/wp\/v2\/pages\/901","targetHints":{"allow":["GET"]}}],"collection":[{"href":"https:\/\/crane.ist\/tr\/wp-json\/wp\/v2\/pages"}],"about":[{"href":"https:\/\/crane.ist\/tr\/wp-json\/wp\/v2\/types\/page"}],"author":[{"embeddable":true,"href":"https:\/\/crane.ist\/tr\/wp-json\/wp\/v2\/users\/1"}],"replies":[{"embeddable":true,"href":"https:\/\/crane.ist\/tr\/wp-json\/wp\/v2\/comments?post=901"}],"version-history":[{"count":4,"href":"https:\/\/crane.ist\/tr\/wp-json\/wp\/v2\/pages\/901\/revisions"}],"predecessor-version":[{"id":906,"href":"https:\/\/crane.ist\/tr\/wp-json\/wp\/v2\/pages\/901\/revisions\/906"}],"up":[{"embeddable":true,"href":"https:\/\/crane.ist\/tr\/wp-json\/wp\/v2\/pages\/848"}],"wp:attachment":[{"href":"https:\/\/crane.ist\/tr\/wp-json\/wp\/v2\/media?parent=901"}],"curies":[{"name":"wp","href":"https:\/\/api.w.org\/{rel}","templated":true}]}}