{"id":896,"date":"2020-11-22T12:14:41","date_gmt":"2020-11-22T12:14:41","guid":{"rendered":"https:\/\/crane.ist\/turna-kullanim-kilavuzu\/formlar-nasil-filtrelenir\/"},"modified":"2020-11-22T12:14:45","modified_gmt":"2020-11-22T12:14:45","slug":"formlar-nasil-filtrelenir","status":"publish","type":"page","link":"https:\/\/crane.ist\/tr\/turna-kullanim-kilavuzu\/formlar-nasil-filtrelenir\/","title":{"rendered":"Formlar nas\u0131l filtrelenir?"},"content":{"rendered":"\t\t<div data-elementor-type=\"wp-page\" data-elementor-id=\"896\" class=\"elementor elementor-896 elementor-788\" data-elementor-post-type=\"page\">\n\t\t\t\t\t\t<section class=\"elementor-section elementor-top-section elementor-element elementor-element-25837505 elementor-section-boxed elementor-section-height-default elementor-section-height-default\" data-id=\"25837505\" data-element_type=\"section\">\n\t\t\t\t\t\t<div class=\"elementor-container elementor-column-gap-default\">\n\t\t\t\t\t<div class=\"elementor-column elementor-col-100 elementor-top-column elementor-element elementor-element-2eae1316\" data-id=\"2eae1316\" data-element_type=\"column\">\n\t\t\t<div class=\"elementor-widget-wrap elementor-element-populated\">\n\t\t\t\t\t\t<div class=\"elementor-element elementor-element-4f084d28 elementor-widget elementor-widget-heading\" data-id=\"4f084d28\" data-element_type=\"widget\" data-widget_type=\"heading.default\">\n\t\t\t\t<div class=\"elementor-widget-container\">\n\t\t\t\t\t<h1 class=\"elementor-heading-title elementor-size-default\">Formlar nas\u0131l filtrelenir?<\/h1>\t\t\t\t<\/div>\n\t\t\t\t<\/div>\n\t\t\t\t<div class=\"elementor-element elementor-element-5a3bc8b4 elementor-widget elementor-widget-breadcrumbs\" data-id=\"5a3bc8b4\" data-element_type=\"widget\" data-widget_type=\"breadcrumbs.default\">\n\t\t\t\t<div class=\"elementor-widget-container\">\n\t\t\t\t\t<p id=\"breadcrumbs\"><span><span><a href=\"https:\/\/crane.ist\/tr\/\">Home<\/a><\/span><\/span><\/p>\t\t\t\t<\/div>\n\t\t\t\t<\/div>\n\t\t\t\t<div class=\"elementor-element elementor-element-12a3944f elementor-widget-divider--view-line elementor-widget elementor-widget-divider\" data-id=\"12a3944f\" data-element_type=\"widget\" data-widget_type=\"divider.default\">\n\t\t\t\t<div class=\"elementor-widget-container\">\n\t\t\t\t\t\t\t<div class=\"elementor-divider\">\n\t\t\t<span class=\"elementor-divider-separator\">\n\t\t\t\t\t\t<\/span>\n\t\t<\/div>\n\t\t\t\t\t\t<\/div>\n\t\t\t\t<\/div>\n\t\t\t\t\t<\/div>\n\t\t<\/div>\n\t\t\t\t\t<\/div>\n\t\t<\/section>\n\t\t\t\t<section class=\"elementor-section elementor-top-section elementor-element elementor-element-406b49fa elementor-section-boxed elementor-section-height-default elementor-section-height-default\" data-id=\"406b49fa\" data-element_type=\"section\">\n\t\t\t\t\t\t<div class=\"elementor-container elementor-column-gap-default\">\n\t\t\t\t\t<div class=\"elementor-column elementor-col-100 elementor-top-column elementor-element elementor-element-5115df8f\" data-id=\"5115df8f\" data-element_type=\"column\">\n\t\t\t<div class=\"elementor-widget-wrap elementor-element-populated\">\n\t\t\t\t\t\t<div class=\"elementor-element elementor-element-45a952b1 elementor-widget elementor-widget-text-editor\" data-id=\"45a952b1\" data-element_type=\"widget\" data-widget_type=\"text-editor.default\">\n\t\t\t\t<div class=\"elementor-widget-container\">\n\t\t\t\t\t\t\t\t\t<p>Formlar sayfas\u0131nda proje formlar\u0131n\u0131 konuma ve di\u011fer \u00e7e\u015fitli niteliklere g\u00f6re filtrelemek ve kullanmak isteyebilirsiniz.<\/p>\n<p>Proje formlar\u0131n\u0131 g\u00f6r\u00fcnt\u00fclemek i\u00e7in, \u015feritteki Formlar sayfas\u0131na gitti\u011finizden emin olun. Burada, eri\u015fiminiz olan t\u00fcm proje formlar\u0131n\u0131n bir listesini g\u00f6receksiniz.<\/p>\n<p>Formlar\u0131 g\u00f6r\u00fcnt\u00fclemek istedi\u011finiz tam konumu filtrelemek i\u00e7in \u00fcstteki konumu kullanabilirsiniz. Formlar sayfas\u0131nda, yaln\u0131zca \u00fcstte se\u00e7ilen konumun formlar\u0131n\u0131 g\u00f6receksiniz.<\/p>\n<p>Formlar\u0131 projenizde se\u00e7ilen di\u011fer \u00f6zelliklere g\u00f6re de filtreleyebilirsiniz. Projenizdeki formlar i\u00e7in mevcut olan di\u011fer filtreleme se\u00e7eneklerini g\u00f6r\u00fcnt\u00fclemek i\u00e7in sol taraftaki turuncu men\u00fc \u00e7ubu\u011funa t\u0131klay\u0131n.<\/p>\n\t\t\t\t\t\t\t\t<\/div>\n\t\t\t\t<\/div>\n\t\t\t\t<div class=\"elementor-element elementor-element-7c9f2fd elementor-widget elementor-widget-image\" data-id=\"7c9f2fd\" data-element_type=\"widget\" data-widget_type=\"image.default\">\n\t\t\t\t<div class=\"elementor-widget-container\">\n\t\t\t\t\t\t\t\t\t\t\t\t\t\t\t<img fetchpriority=\"high\" decoding=\"async\" width=\"821\" height=\"678\" src=\"https:\/\/crane.ist\/wp-content\/uploads\/2020\/11\/crane_help_center_24.jpg\" class=\"attachment-large size-large wp-image-790\" alt=\"\" srcset=\"https:\/\/crane.ist\/wp-content\/uploads\/2020\/11\/crane_help_center_24.jpg 821w, https:\/\/crane.ist\/wp-content\/uploads\/2020\/11\/crane_help_center_24-300x248.jpg 300w, https:\/\/crane.ist\/wp-content\/uploads\/2020\/11\/crane_help_center_24-768x634.jpg 768w, https:\/\/crane.ist\/wp-content\/uploads\/2020\/11\/crane_help_center_24-67x55.jpg 67w, https:\/\/crane.ist\/wp-content\/uploads\/2020\/11\/crane_help_center_24-97x80.jpg 97w, https:\/\/crane.ist\/wp-content\/uploads\/2020\/11\/crane_help_center_24-367x303.jpg 367w\" sizes=\"(max-width: 821px) 100vw, 821px\" \/>\t\t\t\t\t\t\t\t\t\t\t\t\t\t\t<\/div>\n\t\t\t\t<\/div>\n\t\t\t\t\t<\/div>\n\t\t<\/div>\n\t\t\t\t\t<\/div>\n\t\t<\/section>\n\t\t\t\t<\/div>\n\t\t","protected":false},"excerpt":{"rendered":"<p>Formlar sayfas\u0131nda proje formlar\u0131n\u0131 konuma ve di\u011fer \u00e7e\u015fitli niteliklere g\u00f6re filtrelemek ve kullanmak isteyebilirsiniz. Proje formlar\u0131n\u0131 g\u00f6r\u00fcnt\u00fclemek i\u00e7in, \u015feritteki Formlar sayfas\u0131na gitti\u011finizden emin olun. Burada, eri\u015fiminiz olan t\u00fcm proje formlar\u0131n\u0131n bir listesini g\u00f6receksiniz. Formlar\u0131 g\u00f6r\u00fcnt\u00fclemek istedi\u011finiz tam konumu filtrelemek i\u00e7in &hellip; <a href=\"https:\/\/crane.ist\/tr\/turna-kullanim-kilavuzu\/formlar-nasil-filtrelenir\/\">Read More<\/a><\/p>\n","protected":false},"author":1,"featured_media":0,"parent":848,"menu_order":0,"comment_status":"closed","ping_status":"closed","template":"","meta":{"footnotes":""},"class_list":["post-896","page","type-page","status-publish","hentry"],"yoast_head":"<!-- This site is optimized with the Yoast SEO plugin v24.3 - https:\/\/yoast.com\/wordpress\/plugins\/seo\/ -->\n<title>Formlar nas\u0131l filtrelenir? | Crane<\/title>\n<meta name=\"robots\" content=\"index, follow, max-snippet:-1, max-image-preview:large, max-video-preview:-1\" \/>\n<link rel=\"canonical\" href=\"https:\/\/crane.ist\/tr\/turna-kullanim-kilavuzu\/formlar-nasil-filtrelenir\/\" \/>\n<meta property=\"og:locale\" content=\"tr_TR\" \/>\n<meta property=\"og:type\" content=\"article\" \/>\n<meta property=\"og:title\" content=\"Formlar nas\u0131l filtrelenir? | Crane\" \/>\n<meta property=\"og:description\" content=\"Formlar sayfas\u0131nda proje formlar\u0131n\u0131 konuma ve di\u011fer \u00e7e\u015fitli niteliklere g\u00f6re filtrelemek ve kullanmak isteyebilirsiniz. Proje formlar\u0131n\u0131 g\u00f6r\u00fcnt\u00fclemek i\u00e7in, \u015feritteki Formlar sayfas\u0131na gitti\u011finizden emin olun. Burada, eri\u015fiminiz olan t\u00fcm proje formlar\u0131n\u0131n bir listesini g\u00f6receksiniz. Formlar\u0131 g\u00f6r\u00fcnt\u00fclemek istedi\u011finiz tam konumu filtrelemek i\u00e7in &hellip; Read More\" \/>\n<meta property=\"og:url\" content=\"https:\/\/crane.ist\/tr\/turna-kullanim-kilavuzu\/formlar-nasil-filtrelenir\/\" \/>\n<meta property=\"og:site_name\" content=\"Crane\" \/>\n<meta property=\"article:modified_time\" content=\"2020-11-22T12:14:45+00:00\" \/>\n<meta property=\"og:image\" content=\"https:\/\/crane.ist\/wp-content\/uploads\/2020\/11\/crane_help_center_24.jpg\" \/>\n<meta name=\"twitter:card\" content=\"summary_large_image\" \/>\n<meta name=\"twitter:label1\" content=\"Tahmini okuma s\u00fcresi\" \/>\n\t<meta name=\"twitter:data1\" content=\"1 dakika\" \/>\n<script type=\"application\/ld+json\" class=\"yoast-schema-graph\">{\"@context\":\"https:\/\/schema.org\",\"@graph\":[{\"@type\":\"WebPage\",\"@id\":\"https:\/\/crane.ist\/tr\/turna-kullanim-kilavuzu\/formlar-nasil-filtrelenir\/\",\"url\":\"https:\/\/crane.ist\/tr\/turna-kullanim-kilavuzu\/formlar-nasil-filtrelenir\/\",\"name\":\"Formlar nas\u0131l filtrelenir? | Crane\",\"isPartOf\":{\"@id\":\"https:\/\/crane.ist\/#website\"},\"primaryImageOfPage\":{\"@id\":\"https:\/\/crane.ist\/tr\/turna-kullanim-kilavuzu\/formlar-nasil-filtrelenir\/#primaryimage\"},\"image\":{\"@id\":\"https:\/\/crane.ist\/tr\/turna-kullanim-kilavuzu\/formlar-nasil-filtrelenir\/#primaryimage\"},\"thumbnailUrl\":\"https:\/\/crane.ist\/wp-content\/uploads\/2020\/11\/crane_help_center_24.jpg\",\"datePublished\":\"2020-11-22T12:14:41+00:00\",\"dateModified\":\"2020-11-22T12:14:45+00:00\",\"breadcrumb\":{\"@id\":\"https:\/\/crane.ist\/tr\/turna-kullanim-kilavuzu\/formlar-nasil-filtrelenir\/#breadcrumb\"},\"inLanguage\":\"tr\",\"potentialAction\":[{\"@type\":\"ReadAction\",\"target\":[\"https:\/\/crane.ist\/tr\/turna-kullanim-kilavuzu\/formlar-nasil-filtrelenir\/\"]}]},{\"@type\":\"ImageObject\",\"inLanguage\":\"tr\",\"@id\":\"https:\/\/crane.ist\/tr\/turna-kullanim-kilavuzu\/formlar-nasil-filtrelenir\/#primaryimage\",\"url\":\"https:\/\/crane.ist\/wp-content\/uploads\/2020\/11\/crane_help_center_24.jpg\",\"contentUrl\":\"https:\/\/crane.ist\/wp-content\/uploads\/2020\/11\/crane_help_center_24.jpg\"},{\"@type\":\"BreadcrumbList\",\"@id\":\"https:\/\/crane.ist\/tr\/turna-kullanim-kilavuzu\/formlar-nasil-filtrelenir\/#breadcrumb\",\"itemListElement\":[{\"@type\":\"ListItem\",\"position\":1,\"name\":\"Home\",\"item\":\"https:\/\/crane.ist\/tr\/\"},{\"@type\":\"ListItem\",\"position\":2,\"name\":\"Turna Kullan\u0131m K\u0131lavuzu\",\"item\":\"https:\/\/crane.ist\/tr\/turna-kullanim-kilavuzu\/\"},{\"@type\":\"ListItem\",\"position\":3,\"name\":\"Formlar nas\u0131l filtrelenir?\"}]},{\"@type\":\"WebSite\",\"@id\":\"https:\/\/crane.ist\/#website\",\"url\":\"https:\/\/crane.ist\/\",\"name\":\"Crane\",\"description\":\"App of the Field\",\"publisher\":{\"@id\":\"https:\/\/crane.ist\/#organization\"},\"potentialAction\":[{\"@type\":\"SearchAction\",\"target\":{\"@type\":\"EntryPoint\",\"urlTemplate\":\"https:\/\/crane.ist\/?s={search_term_string}\"},\"query-input\":{\"@type\":\"PropertyValueSpecification\",\"valueRequired\":true,\"valueName\":\"search_term_string\"}}],\"inLanguage\":\"tr\"},{\"@type\":\"Organization\",\"@id\":\"https:\/\/crane.ist\/#organization\",\"name\":\"Crane\",\"url\":\"https:\/\/crane.ist\/\",\"logo\":{\"@type\":\"ImageObject\",\"inLanguage\":\"tr\",\"@id\":\"https:\/\/crane.ist\/#\/schema\/logo\/image\/\",\"url\":\"https:\/\/crane.ist\/wp-content\/uploads\/2020\/06\/logo3.png\",\"contentUrl\":\"https:\/\/crane.ist\/wp-content\/uploads\/2020\/06\/logo3.png\",\"width\":932,\"height\":266,\"caption\":\"Crane\"},\"image\":{\"@id\":\"https:\/\/crane.ist\/#\/schema\/logo\/image\/\"}}]}<\/script>\n<!-- \/ Yoast SEO plugin. -->","yoast_head_json":{"title":"Formlar nas\u0131l filtrelenir? | Crane","robots":{"index":"index","follow":"follow","max-snippet":"max-snippet:-1","max-image-preview":"max-image-preview:large","max-video-preview":"max-video-preview:-1"},"canonical":"https:\/\/crane.ist\/tr\/turna-kullanim-kilavuzu\/formlar-nasil-filtrelenir\/","og_locale":"tr_TR","og_type":"article","og_title":"Formlar nas\u0131l filtrelenir? | Crane","og_description":"Formlar sayfas\u0131nda proje formlar\u0131n\u0131 konuma ve di\u011fer \u00e7e\u015fitli niteliklere g\u00f6re filtrelemek ve kullanmak isteyebilirsiniz. Proje formlar\u0131n\u0131 g\u00f6r\u00fcnt\u00fclemek i\u00e7in, \u015feritteki Formlar sayfas\u0131na gitti\u011finizden emin olun. Burada, eri\u015fiminiz olan t\u00fcm proje formlar\u0131n\u0131n bir listesini g\u00f6receksiniz. Formlar\u0131 g\u00f6r\u00fcnt\u00fclemek istedi\u011finiz tam konumu filtrelemek i\u00e7in &hellip; Read More","og_url":"https:\/\/crane.ist\/tr\/turna-kullanim-kilavuzu\/formlar-nasil-filtrelenir\/","og_site_name":"Crane","article_modified_time":"2020-11-22T12:14:45+00:00","og_image":[{"url":"https:\/\/crane.ist\/wp-content\/uploads\/2020\/11\/crane_help_center_24.jpg","type":"","width":"","height":""}],"twitter_card":"summary_large_image","twitter_misc":{"Tahmini okuma s\u00fcresi":"1 dakika"},"schema":{"@context":"https:\/\/schema.org","@graph":[{"@type":"WebPage","@id":"https:\/\/crane.ist\/tr\/turna-kullanim-kilavuzu\/formlar-nasil-filtrelenir\/","url":"https:\/\/crane.ist\/tr\/turna-kullanim-kilavuzu\/formlar-nasil-filtrelenir\/","name":"Formlar nas\u0131l filtrelenir? | Crane","isPartOf":{"@id":"https:\/\/crane.ist\/#website"},"primaryImageOfPage":{"@id":"https:\/\/crane.ist\/tr\/turna-kullanim-kilavuzu\/formlar-nasil-filtrelenir\/#primaryimage"},"image":{"@id":"https:\/\/crane.ist\/tr\/turna-kullanim-kilavuzu\/formlar-nasil-filtrelenir\/#primaryimage"},"thumbnailUrl":"https:\/\/crane.ist\/wp-content\/uploads\/2020\/11\/crane_help_center_24.jpg","datePublished":"2020-11-22T12:14:41+00:00","dateModified":"2020-11-22T12:14:45+00:00","breadcrumb":{"@id":"https:\/\/crane.ist\/tr\/turna-kullanim-kilavuzu\/formlar-nasil-filtrelenir\/#breadcrumb"},"inLanguage":"tr","potentialAction":[{"@type":"ReadAction","target":["https:\/\/crane.ist\/tr\/turna-kullanim-kilavuzu\/formlar-nasil-filtrelenir\/"]}]},{"@type":"ImageObject","inLanguage":"tr","@id":"https:\/\/crane.ist\/tr\/turna-kullanim-kilavuzu\/formlar-nasil-filtrelenir\/#primaryimage","url":"https:\/\/crane.ist\/wp-content\/uploads\/2020\/11\/crane_help_center_24.jpg","contentUrl":"https:\/\/crane.ist\/wp-content\/uploads\/2020\/11\/crane_help_center_24.jpg"},{"@type":"BreadcrumbList","@id":"https:\/\/crane.ist\/tr\/turna-kullanim-kilavuzu\/formlar-nasil-filtrelenir\/#breadcrumb","itemListElement":[{"@type":"ListItem","position":1,"name":"Home","item":"https:\/\/crane.ist\/tr\/"},{"@type":"ListItem","position":2,"name":"Turna Kullan\u0131m K\u0131lavuzu","item":"https:\/\/crane.ist\/tr\/turna-kullanim-kilavuzu\/"},{"@type":"ListItem","position":3,"name":"Formlar nas\u0131l filtrelenir?"}]},{"@type":"WebSite","@id":"https:\/\/crane.ist\/#website","url":"https:\/\/crane.ist\/","name":"Crane","description":"App of the Field","publisher":{"@id":"https:\/\/crane.ist\/#organization"},"potentialAction":[{"@type":"SearchAction","target":{"@type":"EntryPoint","urlTemplate":"https:\/\/crane.ist\/?s={search_term_string}"},"query-input":{"@type":"PropertyValueSpecification","valueRequired":true,"valueName":"search_term_string"}}],"inLanguage":"tr"},{"@type":"Organization","@id":"https:\/\/crane.ist\/#organization","name":"Crane","url":"https:\/\/crane.ist\/","logo":{"@type":"ImageObject","inLanguage":"tr","@id":"https:\/\/crane.ist\/#\/schema\/logo\/image\/","url":"https:\/\/crane.ist\/wp-content\/uploads\/2020\/06\/logo3.png","contentUrl":"https:\/\/crane.ist\/wp-content\/uploads\/2020\/06\/logo3.png","width":932,"height":266,"caption":"Crane"},"image":{"@id":"https:\/\/crane.ist\/#\/schema\/logo\/image\/"}}]}},"_links":{"self":[{"href":"https:\/\/crane.ist\/tr\/wp-json\/wp\/v2\/pages\/896","targetHints":{"allow":["GET"]}}],"collection":[{"href":"https:\/\/crane.ist\/tr\/wp-json\/wp\/v2\/pages"}],"about":[{"href":"https:\/\/crane.ist\/tr\/wp-json\/wp\/v2\/types\/page"}],"author":[{"embeddable":true,"href":"https:\/\/crane.ist\/tr\/wp-json\/wp\/v2\/users\/1"}],"replies":[{"embeddable":true,"href":"https:\/\/crane.ist\/tr\/wp-json\/wp\/v2\/comments?post=896"}],"version-history":[{"count":3,"href":"https:\/\/crane.ist\/tr\/wp-json\/wp\/v2\/pages\/896\/revisions"}],"predecessor-version":[{"id":899,"href":"https:\/\/crane.ist\/tr\/wp-json\/wp\/v2\/pages\/896\/revisions\/899"}],"up":[{"embeddable":true,"href":"https:\/\/crane.ist\/tr\/wp-json\/wp\/v2\/pages\/848"}],"wp:attachment":[{"href":"https:\/\/crane.ist\/tr\/wp-json\/wp\/v2\/media?parent=896"}],"curies":[{"name":"wp","href":"https:\/\/api.w.org\/{rel}","templated":true}]}}