{"id":889,"date":"2020-11-22T12:13:30","date_gmt":"2020-11-22T12:13:30","guid":{"rendered":"https:\/\/crane.ist\/turna-kullanim-kilavuzu\/formlar-nasil-doldurulur-ayrintili-gorunum\/"},"modified":"2020-11-22T12:13:36","modified_gmt":"2020-11-22T12:13:36","slug":"formlar-nasil-doldurulur-ayrintili-gorunum","status":"publish","type":"page","link":"https:\/\/crane.ist\/tr\/turna-kullanim-kilavuzu\/formlar-nasil-doldurulur-ayrintili-gorunum\/","title":{"rendered":"Formlar nas\u0131l doldurulur? &#8211; Ayr\u0131nt\u0131l\u0131 g\u00f6r\u00fcn\u00fcm"},"content":{"rendered":"\t\t<div data-elementor-type=\"wp-page\" data-elementor-id=\"889\" class=\"elementor elementor-889 elementor-762\" data-elementor-post-type=\"page\">\n\t\t\t\t\t\t<section class=\"elementor-section elementor-top-section elementor-element elementor-element-1075e051 elementor-section-boxed elementor-section-height-default elementor-section-height-default\" data-id=\"1075e051\" data-element_type=\"section\">\n\t\t\t\t\t\t<div class=\"elementor-container elementor-column-gap-default\">\n\t\t\t\t\t<div class=\"elementor-column elementor-col-100 elementor-top-column elementor-element elementor-element-622da9ff\" data-id=\"622da9ff\" data-element_type=\"column\">\n\t\t\t<div class=\"elementor-widget-wrap elementor-element-populated\">\n\t\t\t\t\t\t<div class=\"elementor-element elementor-element-3fbfc573 elementor-widget elementor-widget-heading\" data-id=\"3fbfc573\" data-element_type=\"widget\" data-widget_type=\"heading.default\">\n\t\t\t\t<div class=\"elementor-widget-container\">\n\t\t\t\t\t<h1 class=\"elementor-heading-title elementor-size-default\">Formlar nas\u0131l doldurulur? &#8211; Ayr\u0131nt\u0131l\u0131 g\u00f6r\u00fcn\u00fcm<\/h1>\t\t\t\t<\/div>\n\t\t\t\t<\/div>\n\t\t\t\t<div class=\"elementor-element elementor-element-78bc03bf elementor-widget elementor-widget-breadcrumbs\" data-id=\"78bc03bf\" data-element_type=\"widget\" data-widget_type=\"breadcrumbs.default\">\n\t\t\t\t<div class=\"elementor-widget-container\">\n\t\t\t\t\t<p id=\"breadcrumbs\"><span><span><a href=\"https:\/\/crane.ist\/tr\/\">Home<\/a><\/span><\/span><\/p>\t\t\t\t<\/div>\n\t\t\t\t<\/div>\n\t\t\t\t<div class=\"elementor-element elementor-element-10195bb7 elementor-widget-divider--view-line elementor-widget elementor-widget-divider\" data-id=\"10195bb7\" data-element_type=\"widget\" data-widget_type=\"divider.default\">\n\t\t\t\t<div class=\"elementor-widget-container\">\n\t\t\t\t\t\t\t<div class=\"elementor-divider\">\n\t\t\t<span class=\"elementor-divider-separator\">\n\t\t\t\t\t\t<\/span>\n\t\t<\/div>\n\t\t\t\t\t\t<\/div>\n\t\t\t\t<\/div>\n\t\t\t\t\t<\/div>\n\t\t<\/div>\n\t\t\t\t\t<\/div>\n\t\t<\/section>\n\t\t\t\t<section class=\"elementor-section elementor-top-section elementor-element elementor-element-26a97fe7 elementor-section-boxed elementor-section-height-default elementor-section-height-default\" data-id=\"26a97fe7\" data-element_type=\"section\">\n\t\t\t\t\t\t<div class=\"elementor-container elementor-column-gap-default\">\n\t\t\t\t\t<div class=\"elementor-column elementor-col-100 elementor-top-column elementor-element elementor-element-26b5f72e\" data-id=\"26b5f72e\" data-element_type=\"column\">\n\t\t\t<div class=\"elementor-widget-wrap elementor-element-populated\">\n\t\t\t\t\t\t<div class=\"elementor-element elementor-element-7d0c2c6d elementor-widget elementor-widget-text-editor\" data-id=\"7d0c2c6d\" data-element_type=\"widget\" data-widget_type=\"text-editor.default\">\n\t\t\t\t<div class=\"elementor-widget-container\">\n\t\t\t\t\t\t\t\t\t<p>Bu sayfa, bir formun nas\u0131l doldurulaca\u011f\u0131na ili\u015fkin ayr\u0131nt\u0131l\u0131 talimatlar sa\u011flar. Daha h\u0131zl\u0131 bir genel bak\u0131\u015f i\u00e7in <a href=\"https:\/\/crane.ist\/help-center\/how-to-start-a-new-form\/\">Yeni bir form nas\u0131l ba\u015flat\u0131l\u0131r?<\/a> sayfas\u0131na bak\u0131n\u0131z..<\/p>\n<h2>Formlar Sayfas\u0131na gidin<\/h2>\n<p>Bir formu doldurmadan \u00f6nce, &#8216;Formlar&#8217; sayfas\u0131na gitti\u011finizden ve yeni bir forma ba\u015flamak i\u00e7in sa\u011f alt k\u00f6\u015fedeki art\u0131 simgesine t\u0131klad\u0131\u011f\u0131n\u0131zdan emin olun. Ba\u015flatmak istedi\u011finiz s\u00fcreci se\u00e7meniz istenecektir. Sa\u011fdaki a\u00e7\u0131l\u0131r listeden ba\u015flatmak istedi\u011finiz i\u015flemi se\u00e7mek i\u00e7in soldaki filtreleme se\u00e7eneklerini kullan\u0131n.<\/p>\n\t\t\t\t\t\t\t\t<\/div>\n\t\t\t\t<\/div>\n\t\t\t\t<div class=\"elementor-element elementor-element-d75ce90 elementor-widget elementor-widget-image\" data-id=\"d75ce90\" data-element_type=\"widget\" data-widget_type=\"image.default\">\n\t\t\t\t<div class=\"elementor-widget-container\">\n\t\t\t\t\t\t\t\t\t\t\t\t\t\t\t<img fetchpriority=\"high\" decoding=\"async\" width=\"1024\" height=\"561\" src=\"https:\/\/crane.ist\/wp-content\/uploads\/2020\/11\/crane_help_center_12-1024x561.jpg\" class=\"attachment-large size-large wp-image-765\" alt=\"\" srcset=\"https:\/\/crane.ist\/wp-content\/uploads\/2020\/11\/crane_help_center_12-1024x561.jpg 1024w, https:\/\/crane.ist\/wp-content\/uploads\/2020\/11\/crane_help_center_12-300x164.jpg 300w, https:\/\/crane.ist\/wp-content\/uploads\/2020\/11\/crane_help_center_12-768x420.jpg 768w, https:\/\/crane.ist\/wp-content\/uploads\/2020\/11\/crane_help_center_12-100x55.jpg 100w, https:\/\/crane.ist\/wp-content\/uploads\/2020\/11\/crane_help_center_12-146x80.jpg 146w, https:\/\/crane.ist\/wp-content\/uploads\/2020\/11\/crane_help_center_12-394x216.jpg 394w, https:\/\/crane.ist\/wp-content\/uploads\/2020\/11\/crane_help_center_12-915x501.jpg 915w, https:\/\/crane.ist\/wp-content\/uploads\/2020\/11\/crane_help_center_12-1240x679.jpg 1240w, https:\/\/crane.ist\/wp-content\/uploads\/2020\/11\/crane_help_center_12.jpg 1242w\" sizes=\"(max-width: 1024px) 100vw, 1024px\" \/>\t\t\t\t\t\t\t\t\t\t\t\t\t\t\t<\/div>\n\t\t\t\t<\/div>\n\t\t\t\t<div class=\"elementor-element elementor-element-70722dd0 elementor-widget elementor-widget-text-editor\" data-id=\"70722dd0\" data-element_type=\"widget\" data-widget_type=\"text-editor.default\">\n\t\t\t\t<div class=\"elementor-widget-container\">\n\t\t\t\t\t\t\t\t\t<h2>Formu Doldurun<\/h2>\n<p>S\u00fcrecinizi se\u00e7tikten sonra, se\u00e7ilen s\u00fcrecin formu ekran\u0131n\u0131zda g\u00f6r\u00fcnecektir. Formda verilen bilgileri doldurun. Formlar g\u00f6nderilmeden \u00f6nce 3 a\u015famal\u0131 bir i\u015flemle doldurulabilir.<\/p>\n<ol>\n<li>Form Bilgileri&#8217;ni girin,<\/li>\n<li>Form Verileri&#8217;ni doldurun ve<\/li>\n<li>E\u011fer gerekliyse ata\u015fmanlar\u0131 ekleyin.<\/li>\n<\/ol>\n<h3>Ad\u0131m 1: Form Bilgilerini Doldurun<\/h3>\n<p>T\u00fcm formlar, form bilgileri doldurularak ba\u015flat\u0131l\u0131r. Formlar ek \u00f6zniteliklerle \u00f6zelle\u015ftirilebilse de, hangi i\u015flemi ba\u015flatm\u0131\u015f olursan\u0131z olun form bilgileri t\u00fcm formlar i\u00e7in ayn\u0131 olacakt\u0131r.<\/p>\n<p>A\u015fa\u011f\u0131da, form bilgi \u00f6zniteliklerinin a\u00e7\u0131klamalar\u0131 bulunmaktad\u0131r:<\/p>\n<ul>\n<li><strong>Form No<\/strong>: Form numaras\u0131 form tamamland\u0131ktan sonra otomatik olarak doldurulacakt\u0131r. Numara, se\u00e7ti\u011finiz i\u015flem t\u00fcr\u00fcne ve bu i\u015flem i\u00e7in sistemde bulunan formlar\u0131n say\u0131s\u0131na g\u00f6re belirlenir. Kesin numaraland\u0131rma kural\u0131 proje y\u00f6neticisi taraf\u0131ndan belirlenecektir.<\/li>\n<li><strong>Form Ba\u015fl\u0131\u011f\u0131<\/strong>: Ba\u015fl\u0131k, varsay\u0131lan olarak form \u015fablonu ad\u0131 olacakt\u0131r, ancak kullan\u0131c\u0131 taraf\u0131ndan manuel olarak de\u011fi\u015ftirilebilir.<\/li>\n<li><strong>Revizyon<\/strong>: Revizyon numaras\u0131, proje y\u00f6neticiniz taraf\u0131ndan belirlenen s\u0131ral\u0131 bir listeyi i\u00e7eren bir a\u00e7\u0131l\u0131r men\u00fc olacakt\u0131r. Formda daha \u00f6nce kullan\u0131lan a\u00e7\u0131k gri renkte g\u00f6r\u00fcn\u00fcr ve se\u00e7ilemez. Bir sonraki en yeni revizyon kal\u0131n olarak g\u00f6r\u00fcnecek ve ayn\u0131 zamanda form i\u00e7in varsay\u0131lan revizyon olacakt\u0131r. Mevcut revizyon veya sekanstaki sonraki revizyon se\u00e7ilebilir.<\/li>\n<li><strong>Mahal(Konum)<\/strong>: Konumlar, proje genelinden odalara kadar (A Blok &gt;&gt; Kat 5 &gt;&gt; Oda 305 gibi) de\u011fi\u015fen \u00e7e\u015fitli seviyelerde tan\u0131mlanabilir. Konum \u00f6zelli\u011fi i\u00e7in se\u00e7ilmesi gereken minimum ayr\u0131nt\u0131 d\u00fczeyi, kullan\u0131lan form \u015fablonuna g\u00f6re farkl\u0131l\u0131k g\u00f6sterebilir.<\/li>\n<li><strong>Stat\u00fc<\/strong>: Formun stat\u00fcs\u00fc bir a\u00e7\u0131l\u0131r men\u00fcden se\u00e7ilecektir. A\u00e7\u0131l\u0131r men\u00fcde yaln\u0131zca firma rol\u00fcn\u00fcze eri\u015fim izni verilen stat\u00fcleri g\u00f6receksiniz.<\/li>\n<\/ul>\n<p>T\u00fcm zorunlu alanlar bir y\u0131ld\u0131z (*) ile i\u015faretlenecektir. Standart form bilgilerini doldurmay\u0131 tamamlad\u0131\u011f\u0131n\u0131zda, sayfan\u0131n sa\u011f alt k\u00f6\u015fesindeki &#8216;\u0130leri&#8217;yi t\u0131klay\u0131n.<\/p>\n<h3>Ad\u0131m 2: Form Verilerini Doldurun<\/h3>\n<p>Bir formu ba\u015flatman\u0131n ikinci ad\u0131m\u0131 olarak, form verilerini doldurman\u0131z gerekecektir. Form sayfas\u0131ndaki alanlar, her i\u015flem ve form t\u00fcr\u00fc i\u00e7in farkl\u0131 olacakt\u0131r. You may have to choose from a variety of Yes\/No\/NA questions, fill in text fields, put signatures, or choose from drop down lists, based on the process designed by your project admin.<\/p>\n<p>Ancak, yaln\u0131zca sizin g\u00f6rebildi\u011finiz alanlar\u0131 doldurabilirsiniz. Form Verisi sayfas\u0131nda kurulu\u015f rol\u00fcn\u00fcz\u00fcn eri\u015febildi\u011fi alanlar a\u015fa\u011f\u0131da g\u00f6sterildi\u011fi gibi g\u00f6r\u00fcnecektir. Formun kurulu\u015f rol\u00fcn\u00fcze sunulmayan herhangi bir k\u0131sm\u0131, sa\u011fdaki g\u00f6rselde g\u00f6sterildi\u011fi gibi gri bir ba\u015fl\u0131k alt\u0131nda gizlenecektir.<\/p>\n<p>Kurulu\u015funuza atanan t\u00fcm alanlar\u0131 doldurmak i\u00e7in a\u015fa\u011f\u0131 kayd\u0131r\u0131n.<\/p>\n\t\t\t\t\t\t\t\t<\/div>\n\t\t\t\t<\/div>\n\t\t\t\t<div class=\"elementor-element elementor-element-0ee77c6 elementor-widget elementor-widget-image\" data-id=\"0ee77c6\" data-element_type=\"widget\" data-widget_type=\"image.default\">\n\t\t\t\t<div class=\"elementor-widget-container\">\n\t\t\t\t\t\t\t\t\t\t\t\t\t\t\t<img decoding=\"async\" width=\"782\" height=\"659\" src=\"https:\/\/crane.ist\/wp-content\/uploads\/2020\/11\/crane_help_center_13.jpg\" class=\"attachment-large size-large wp-image-766\" alt=\"\" srcset=\"https:\/\/crane.ist\/wp-content\/uploads\/2020\/11\/crane_help_center_13.jpg 782w, https:\/\/crane.ist\/wp-content\/uploads\/2020\/11\/crane_help_center_13-300x253.jpg 300w, https:\/\/crane.ist\/wp-content\/uploads\/2020\/11\/crane_help_center_13-768x647.jpg 768w, https:\/\/crane.ist\/wp-content\/uploads\/2020\/11\/crane_help_center_13-65x55.jpg 65w, https:\/\/crane.ist\/wp-content\/uploads\/2020\/11\/crane_help_center_13-95x80.jpg 95w, https:\/\/crane.ist\/wp-content\/uploads\/2020\/11\/crane_help_center_13-360x303.jpg 360w\" sizes=\"(max-width: 782px) 100vw, 782px\" \/>\t\t\t\t\t\t\t\t\t\t\t\t\t\t\t<\/div>\n\t\t\t\t<\/div>\n\t\t\t\t<div class=\"elementor-element elementor-element-11d527ca elementor-widget elementor-widget-text-editor\" data-id=\"11d527ca\" data-element_type=\"widget\" data-widget_type=\"text-editor.default\">\n\t\t\t\t<div class=\"elementor-widget-container\">\n\t\t\t\t\t\t\t\t\t<h3><strong>Ad\u0131m 3: Ata\u015fmanlar\u0131 G\u00f6nder<\/strong><\/h3>\n<p>G\u00f6ndermeden \u00f6nce formunuza dok\u00fcman eklemeniz gerekebilir. Formu doldurmay\u0131 tamamlad\u0131\u011f\u0131n\u0131zda ve son sayfaya ilerlemek i\u00e7in &#8216;\u0130leri&#8217;ye t\u0131klad\u0131\u011f\u0131n\u0131zda, &#8216;Ata\u015fmanlar&#8217; sayfas\u0131na y\u00f6nlendirileceksiniz. Formunuza herhangi bir dok\u00fcman eklemeniz gerekmiyorsa, formu g\u00f6ndermek i\u00e7in son sayfaya ilerlemek i\u00e7in &#8216;G\u00f6nder&#8217;e t\u0131klayabilirsiniz.<\/p>\n<p>Formunuza belge eklemeniz gerekiyorsa, Ata\u015fmanlar sayfas\u0131n\u0131n sa\u011f alt taraf\u0131ndaki turuncu art\u0131 simgesine t\u0131klay\u0131n. Daha sonra bir resim \u00e7ekerek veya Foto\u011fraf Kitapl\u0131\u011f\u0131n\u0131zdan veya Dok\u00fcmanlar\u0131n\u0131zla eri\u015ferek bir ek se\u00e7meniz istenecektir. Cihan\u0131zla bir resim \u00e7ekin veya cihaz\u0131n\u0131zda uygun ekleri se\u00e7in.<\/p>\n<p>Daha fazla dok\u00fcman eklemek i\u00e7in art\u0131 i\u015faretini t\u0131klamaya devam edebilirsiniz.<\/p>\n<p>Eklerden herhangi birini kald\u0131rmak i\u00e7in her ekin yan\u0131ndaki eksi i\u015faretine t\u0131klay\u0131n. \u0130\u015finiz bitti\u011finde, bir sonraki sayfaya ge\u00e7mek i\u00e7in &#8216;G\u00f6nder&#8217; butonuna t\u0131klay\u0131n.<\/p>\n<p>Turna \u00fczerindeki ata\u015fmanlar\u0131 y\u00f6netmenin daha ayr\u0131nt\u0131l\u0131 bir a\u00e7\u0131klamas\u0131 i\u00e7in, <a href=\"https:\/\/crane.ist\/help-center\/how-to-manage-attachments-on-forms-detailed-look\/\">Formlardaki ata\u015fmanlar nas\u0131l y\u00f6netilir<\/a> sayfas\u0131n\u0131 ziyaret edebilirsiniz.<\/p>\n\t\t\t\t\t\t\t\t<\/div>\n\t\t\t\t<\/div>\n\t\t\t\t<div class=\"elementor-element elementor-element-74cddb2 elementor-widget elementor-widget-image\" data-id=\"74cddb2\" data-element_type=\"widget\" data-widget_type=\"image.default\">\n\t\t\t\t<div class=\"elementor-widget-container\">\n\t\t\t\t\t\t\t\t\t\t\t\t\t\t\t<img decoding=\"async\" width=\"1024\" height=\"566\" src=\"https:\/\/crane.ist\/wp-content\/uploads\/2020\/11\/crane_help_center_14-1024x566.jpg\" class=\"attachment-large size-large wp-image-767\" alt=\"\" srcset=\"https:\/\/crane.ist\/wp-content\/uploads\/2020\/11\/crane_help_center_14-1024x566.jpg 1024w, https:\/\/crane.ist\/wp-content\/uploads\/2020\/11\/crane_help_center_14-300x166.jpg 300w, https:\/\/crane.ist\/wp-content\/uploads\/2020\/11\/crane_help_center_14-768x425.jpg 768w, https:\/\/crane.ist\/wp-content\/uploads\/2020\/11\/crane_help_center_14-99x55.jpg 99w, https:\/\/crane.ist\/wp-content\/uploads\/2020\/11\/crane_help_center_14-145x80.jpg 145w, https:\/\/crane.ist\/wp-content\/uploads\/2020\/11\/crane_help_center_14-394x218.jpg 394w, https:\/\/crane.ist\/wp-content\/uploads\/2020\/11\/crane_help_center_14-915x506.jpg 915w, https:\/\/crane.ist\/wp-content\/uploads\/2020\/11\/crane_help_center_14.jpg 1239w\" sizes=\"(max-width: 1024px) 100vw, 1024px\" \/>\t\t\t\t\t\t\t\t\t\t\t\t\t\t\t<\/div>\n\t\t\t\t<\/div>\n\t\t\t\t\t<\/div>\n\t\t<\/div>\n\t\t\t\t\t<\/div>\n\t\t<\/section>\n\t\t\t\t<\/div>\n\t\t","protected":false},"excerpt":{"rendered":"<p>Bu sayfa, bir formun nas\u0131l doldurulaca\u011f\u0131na ili\u015fkin ayr\u0131nt\u0131l\u0131 talimatlar sa\u011flar. Daha h\u0131zl\u0131 bir genel bak\u0131\u015f i\u00e7in Yeni bir form nas\u0131l ba\u015flat\u0131l\u0131r? sayfas\u0131na bak\u0131n\u0131z.. Formlar Sayfas\u0131na gidin Bir formu doldurmadan \u00f6nce, &#8216;Formlar&#8217; sayfas\u0131na gitti\u011finizden ve yeni bir forma ba\u015flamak i\u00e7in sa\u011f &hellip; <a href=\"https:\/\/crane.ist\/tr\/turna-kullanim-kilavuzu\/formlar-nasil-doldurulur-ayrintili-gorunum\/\">Read More<\/a><\/p>\n","protected":false},"author":1,"featured_media":0,"parent":848,"menu_order":0,"comment_status":"closed","ping_status":"closed","template":"","meta":{"footnotes":""},"class_list":["post-889","page","type-page","status-publish","hentry"],"yoast_head":"<!-- This site is optimized with the Yoast SEO plugin v24.3 - https:\/\/yoast.com\/wordpress\/plugins\/seo\/ -->\n<title>Formlar nas\u0131l doldurulur? - Ayr\u0131nt\u0131l\u0131 g\u00f6r\u00fcn\u00fcm | Crane<\/title>\n<meta name=\"robots\" content=\"index, follow, max-snippet:-1, max-image-preview:large, max-video-preview:-1\" \/>\n<link rel=\"canonical\" href=\"https:\/\/crane.ist\/tr\/turna-kullanim-kilavuzu\/formlar-nasil-doldurulur-ayrintili-gorunum\/\" \/>\n<meta property=\"og:locale\" content=\"tr_TR\" \/>\n<meta property=\"og:type\" content=\"article\" \/>\n<meta property=\"og:title\" content=\"Formlar nas\u0131l doldurulur? - Ayr\u0131nt\u0131l\u0131 g\u00f6r\u00fcn\u00fcm | Crane\" \/>\n<meta property=\"og:description\" content=\"Bu sayfa, bir formun nas\u0131l doldurulaca\u011f\u0131na ili\u015fkin ayr\u0131nt\u0131l\u0131 talimatlar sa\u011flar. Daha h\u0131zl\u0131 bir genel bak\u0131\u015f i\u00e7in Yeni bir form nas\u0131l ba\u015flat\u0131l\u0131r? sayfas\u0131na bak\u0131n\u0131z.. Formlar Sayfas\u0131na gidin Bir formu doldurmadan \u00f6nce, &#8216;Formlar&#8217; sayfas\u0131na gitti\u011finizden ve yeni bir forma ba\u015flamak i\u00e7in sa\u011f &hellip; Read More\" \/>\n<meta property=\"og:url\" content=\"https:\/\/crane.ist\/tr\/turna-kullanim-kilavuzu\/formlar-nasil-doldurulur-ayrintili-gorunum\/\" \/>\n<meta property=\"og:site_name\" content=\"Crane\" \/>\n<meta property=\"article:modified_time\" content=\"2020-11-22T12:13:36+00:00\" \/>\n<meta property=\"og:image\" content=\"https:\/\/crane.ist\/wp-content\/uploads\/2020\/11\/crane_help_center_12-1024x561.jpg\" \/>\n<meta name=\"twitter:card\" content=\"summary_large_image\" \/>\n<meta name=\"twitter:label1\" content=\"Tahmini okuma s\u00fcresi\" \/>\n\t<meta name=\"twitter:data1\" content=\"4 dakika\" \/>\n<script type=\"application\/ld+json\" class=\"yoast-schema-graph\">{\"@context\":\"https:\/\/schema.org\",\"@graph\":[{\"@type\":\"WebPage\",\"@id\":\"https:\/\/crane.ist\/tr\/turna-kullanim-kilavuzu\/formlar-nasil-doldurulur-ayrintili-gorunum\/\",\"url\":\"https:\/\/crane.ist\/tr\/turna-kullanim-kilavuzu\/formlar-nasil-doldurulur-ayrintili-gorunum\/\",\"name\":\"Formlar nas\u0131l doldurulur? - Ayr\u0131nt\u0131l\u0131 g\u00f6r\u00fcn\u00fcm | Crane\",\"isPartOf\":{\"@id\":\"https:\/\/crane.ist\/#website\"},\"primaryImageOfPage\":{\"@id\":\"https:\/\/crane.ist\/tr\/turna-kullanim-kilavuzu\/formlar-nasil-doldurulur-ayrintili-gorunum\/#primaryimage\"},\"image\":{\"@id\":\"https:\/\/crane.ist\/tr\/turna-kullanim-kilavuzu\/formlar-nasil-doldurulur-ayrintili-gorunum\/#primaryimage\"},\"thumbnailUrl\":\"https:\/\/crane.ist\/wp-content\/uploads\/2020\/11\/crane_help_center_12-1024x561.jpg\",\"datePublished\":\"2020-11-22T12:13:30+00:00\",\"dateModified\":\"2020-11-22T12:13:36+00:00\",\"breadcrumb\":{\"@id\":\"https:\/\/crane.ist\/tr\/turna-kullanim-kilavuzu\/formlar-nasil-doldurulur-ayrintili-gorunum\/#breadcrumb\"},\"inLanguage\":\"tr\",\"potentialAction\":[{\"@type\":\"ReadAction\",\"target\":[\"https:\/\/crane.ist\/tr\/turna-kullanim-kilavuzu\/formlar-nasil-doldurulur-ayrintili-gorunum\/\"]}]},{\"@type\":\"ImageObject\",\"inLanguage\":\"tr\",\"@id\":\"https:\/\/crane.ist\/tr\/turna-kullanim-kilavuzu\/formlar-nasil-doldurulur-ayrintili-gorunum\/#primaryimage\",\"url\":\"https:\/\/crane.ist\/wp-content\/uploads\/2020\/11\/crane_help_center_12-1024x561.jpg\",\"contentUrl\":\"https:\/\/crane.ist\/wp-content\/uploads\/2020\/11\/crane_help_center_12-1024x561.jpg\"},{\"@type\":\"BreadcrumbList\",\"@id\":\"https:\/\/crane.ist\/tr\/turna-kullanim-kilavuzu\/formlar-nasil-doldurulur-ayrintili-gorunum\/#breadcrumb\",\"itemListElement\":[{\"@type\":\"ListItem\",\"position\":1,\"name\":\"Home\",\"item\":\"https:\/\/crane.ist\/tr\/\"},{\"@type\":\"ListItem\",\"position\":2,\"name\":\"Turna Kullan\u0131m K\u0131lavuzu\",\"item\":\"https:\/\/crane.ist\/tr\/turna-kullanim-kilavuzu\/\"},{\"@type\":\"ListItem\",\"position\":3,\"name\":\"Formlar nas\u0131l doldurulur? &#8211; Ayr\u0131nt\u0131l\u0131 g\u00f6r\u00fcn\u00fcm\"}]},{\"@type\":\"WebSite\",\"@id\":\"https:\/\/crane.ist\/#website\",\"url\":\"https:\/\/crane.ist\/\",\"name\":\"Crane\",\"description\":\"App of the Field\",\"publisher\":{\"@id\":\"https:\/\/crane.ist\/#organization\"},\"potentialAction\":[{\"@type\":\"SearchAction\",\"target\":{\"@type\":\"EntryPoint\",\"urlTemplate\":\"https:\/\/crane.ist\/?s={search_term_string}\"},\"query-input\":{\"@type\":\"PropertyValueSpecification\",\"valueRequired\":true,\"valueName\":\"search_term_string\"}}],\"inLanguage\":\"tr\"},{\"@type\":\"Organization\",\"@id\":\"https:\/\/crane.ist\/#organization\",\"name\":\"Crane\",\"url\":\"https:\/\/crane.ist\/\",\"logo\":{\"@type\":\"ImageObject\",\"inLanguage\":\"tr\",\"@id\":\"https:\/\/crane.ist\/#\/schema\/logo\/image\/\",\"url\":\"https:\/\/crane.ist\/wp-content\/uploads\/2020\/06\/logo3.png\",\"contentUrl\":\"https:\/\/crane.ist\/wp-content\/uploads\/2020\/06\/logo3.png\",\"width\":932,\"height\":266,\"caption\":\"Crane\"},\"image\":{\"@id\":\"https:\/\/crane.ist\/#\/schema\/logo\/image\/\"}}]}<\/script>\n<!-- \/ Yoast SEO plugin. -->","yoast_head_json":{"title":"Formlar nas\u0131l doldurulur? - Ayr\u0131nt\u0131l\u0131 g\u00f6r\u00fcn\u00fcm | Crane","robots":{"index":"index","follow":"follow","max-snippet":"max-snippet:-1","max-image-preview":"max-image-preview:large","max-video-preview":"max-video-preview:-1"},"canonical":"https:\/\/crane.ist\/tr\/turna-kullanim-kilavuzu\/formlar-nasil-doldurulur-ayrintili-gorunum\/","og_locale":"tr_TR","og_type":"article","og_title":"Formlar nas\u0131l doldurulur? - Ayr\u0131nt\u0131l\u0131 g\u00f6r\u00fcn\u00fcm | Crane","og_description":"Bu sayfa, bir formun nas\u0131l doldurulaca\u011f\u0131na ili\u015fkin ayr\u0131nt\u0131l\u0131 talimatlar sa\u011flar. Daha h\u0131zl\u0131 bir genel bak\u0131\u015f i\u00e7in Yeni bir form nas\u0131l ba\u015flat\u0131l\u0131r? sayfas\u0131na bak\u0131n\u0131z.. Formlar Sayfas\u0131na gidin Bir formu doldurmadan \u00f6nce, &#8216;Formlar&#8217; sayfas\u0131na gitti\u011finizden ve yeni bir forma ba\u015flamak i\u00e7in sa\u011f &hellip; Read More","og_url":"https:\/\/crane.ist\/tr\/turna-kullanim-kilavuzu\/formlar-nasil-doldurulur-ayrintili-gorunum\/","og_site_name":"Crane","article_modified_time":"2020-11-22T12:13:36+00:00","og_image":[{"url":"https:\/\/crane.ist\/wp-content\/uploads\/2020\/11\/crane_help_center_12-1024x561.jpg","type":"","width":"","height":""}],"twitter_card":"summary_large_image","twitter_misc":{"Tahmini okuma s\u00fcresi":"4 dakika"},"schema":{"@context":"https:\/\/schema.org","@graph":[{"@type":"WebPage","@id":"https:\/\/crane.ist\/tr\/turna-kullanim-kilavuzu\/formlar-nasil-doldurulur-ayrintili-gorunum\/","url":"https:\/\/crane.ist\/tr\/turna-kullanim-kilavuzu\/formlar-nasil-doldurulur-ayrintili-gorunum\/","name":"Formlar nas\u0131l doldurulur? - Ayr\u0131nt\u0131l\u0131 g\u00f6r\u00fcn\u00fcm | Crane","isPartOf":{"@id":"https:\/\/crane.ist\/#website"},"primaryImageOfPage":{"@id":"https:\/\/crane.ist\/tr\/turna-kullanim-kilavuzu\/formlar-nasil-doldurulur-ayrintili-gorunum\/#primaryimage"},"image":{"@id":"https:\/\/crane.ist\/tr\/turna-kullanim-kilavuzu\/formlar-nasil-doldurulur-ayrintili-gorunum\/#primaryimage"},"thumbnailUrl":"https:\/\/crane.ist\/wp-content\/uploads\/2020\/11\/crane_help_center_12-1024x561.jpg","datePublished":"2020-11-22T12:13:30+00:00","dateModified":"2020-11-22T12:13:36+00:00","breadcrumb":{"@id":"https:\/\/crane.ist\/tr\/turna-kullanim-kilavuzu\/formlar-nasil-doldurulur-ayrintili-gorunum\/#breadcrumb"},"inLanguage":"tr","potentialAction":[{"@type":"ReadAction","target":["https:\/\/crane.ist\/tr\/turna-kullanim-kilavuzu\/formlar-nasil-doldurulur-ayrintili-gorunum\/"]}]},{"@type":"ImageObject","inLanguage":"tr","@id":"https:\/\/crane.ist\/tr\/turna-kullanim-kilavuzu\/formlar-nasil-doldurulur-ayrintili-gorunum\/#primaryimage","url":"https:\/\/crane.ist\/wp-content\/uploads\/2020\/11\/crane_help_center_12-1024x561.jpg","contentUrl":"https:\/\/crane.ist\/wp-content\/uploads\/2020\/11\/crane_help_center_12-1024x561.jpg"},{"@type":"BreadcrumbList","@id":"https:\/\/crane.ist\/tr\/turna-kullanim-kilavuzu\/formlar-nasil-doldurulur-ayrintili-gorunum\/#breadcrumb","itemListElement":[{"@type":"ListItem","position":1,"name":"Home","item":"https:\/\/crane.ist\/tr\/"},{"@type":"ListItem","position":2,"name":"Turna Kullan\u0131m K\u0131lavuzu","item":"https:\/\/crane.ist\/tr\/turna-kullanim-kilavuzu\/"},{"@type":"ListItem","position":3,"name":"Formlar nas\u0131l doldurulur? &#8211; Ayr\u0131nt\u0131l\u0131 g\u00f6r\u00fcn\u00fcm"}]},{"@type":"WebSite","@id":"https:\/\/crane.ist\/#website","url":"https:\/\/crane.ist\/","name":"Crane","description":"App of the Field","publisher":{"@id":"https:\/\/crane.ist\/#organization"},"potentialAction":[{"@type":"SearchAction","target":{"@type":"EntryPoint","urlTemplate":"https:\/\/crane.ist\/?s={search_term_string}"},"query-input":{"@type":"PropertyValueSpecification","valueRequired":true,"valueName":"search_term_string"}}],"inLanguage":"tr"},{"@type":"Organization","@id":"https:\/\/crane.ist\/#organization","name":"Crane","url":"https:\/\/crane.ist\/","logo":{"@type":"ImageObject","inLanguage":"tr","@id":"https:\/\/crane.ist\/#\/schema\/logo\/image\/","url":"https:\/\/crane.ist\/wp-content\/uploads\/2020\/06\/logo3.png","contentUrl":"https:\/\/crane.ist\/wp-content\/uploads\/2020\/06\/logo3.png","width":932,"height":266,"caption":"Crane"},"image":{"@id":"https:\/\/crane.ist\/#\/schema\/logo\/image\/"}}]}},"_links":{"self":[{"href":"https:\/\/crane.ist\/tr\/wp-json\/wp\/v2\/pages\/889","targetHints":{"allow":["GET"]}}],"collection":[{"href":"https:\/\/crane.ist\/tr\/wp-json\/wp\/v2\/pages"}],"about":[{"href":"https:\/\/crane.ist\/tr\/wp-json\/wp\/v2\/types\/page"}],"author":[{"embeddable":true,"href":"https:\/\/crane.ist\/tr\/wp-json\/wp\/v2\/users\/1"}],"replies":[{"embeddable":true,"href":"https:\/\/crane.ist\/tr\/wp-json\/wp\/v2\/comments?post=889"}],"version-history":[{"count":5,"href":"https:\/\/crane.ist\/tr\/wp-json\/wp\/v2\/pages\/889\/revisions"}],"predecessor-version":[{"id":894,"href":"https:\/\/crane.ist\/tr\/wp-json\/wp\/v2\/pages\/889\/revisions\/894"}],"up":[{"embeddable":true,"href":"https:\/\/crane.ist\/tr\/wp-json\/wp\/v2\/pages\/848"}],"wp:attachment":[{"href":"https:\/\/crane.ist\/tr\/wp-json\/wp\/v2\/media?parent=889"}],"curies":[{"name":"wp","href":"https:\/\/api.w.org\/{rel}","templated":true}]}}