{"id":882,"date":"2020-11-22T11:57:54","date_gmt":"2020-11-22T11:57:54","guid":{"rendered":"https:\/\/crane.ist\/turna-kullanim-kilavuzu\/mevcut-bir-form-nasil-duzenlenir-veya-goruntulenir\/"},"modified":"2020-11-22T11:58:01","modified_gmt":"2020-11-22T11:58:01","slug":"mevcut-bir-form-nasil-duzenlenir-veya-goruntulenir","status":"publish","type":"page","link":"https:\/\/crane.ist\/tr\/turna-kullanim-kilavuzu\/mevcut-bir-form-nasil-duzenlenir-veya-goruntulenir\/","title":{"rendered":"Mevcut bir form nas\u0131l d\u00fczenlenir veya g\u00f6r\u00fcnt\u00fclenir?"},"content":{"rendered":"\t\t<div data-elementor-type=\"wp-page\" data-elementor-id=\"882\" class=\"elementor elementor-882 elementor-783\" data-elementor-post-type=\"page\">\n\t\t\t\t\t\t<section class=\"elementor-section elementor-top-section elementor-element elementor-element-b3c7e00 elementor-section-boxed elementor-section-height-default elementor-section-height-default\" data-id=\"b3c7e00\" data-element_type=\"section\">\n\t\t\t\t\t\t<div class=\"elementor-container elementor-column-gap-default\">\n\t\t\t\t\t<div class=\"elementor-column elementor-col-100 elementor-top-column elementor-element elementor-element-45992c75\" data-id=\"45992c75\" data-element_type=\"column\">\n\t\t\t<div class=\"elementor-widget-wrap elementor-element-populated\">\n\t\t\t\t\t\t<div class=\"elementor-element elementor-element-3a69fb9d elementor-widget elementor-widget-heading\" data-id=\"3a69fb9d\" data-element_type=\"widget\" data-widget_type=\"heading.default\">\n\t\t\t\t<div class=\"elementor-widget-container\">\n\t\t\t\t\t<h1 class=\"elementor-heading-title elementor-size-default\">Mevcut bir form nas\u0131l d\u00fczenlenir veya g\u00f6r\u00fcnt\u00fclenir?<\/h1>\t\t\t\t<\/div>\n\t\t\t\t<\/div>\n\t\t\t\t<div class=\"elementor-element elementor-element-2638c3f3 elementor-widget elementor-widget-breadcrumbs\" data-id=\"2638c3f3\" data-element_type=\"widget\" data-widget_type=\"breadcrumbs.default\">\n\t\t\t\t<div class=\"elementor-widget-container\">\n\t\t\t\t\t<p id=\"breadcrumbs\"><span><span><a href=\"https:\/\/crane.ist\/tr\/\">Home<\/a><\/span><\/span><\/p>\t\t\t\t<\/div>\n\t\t\t\t<\/div>\n\t\t\t\t<div class=\"elementor-element elementor-element-53b0fd7f elementor-widget-divider--view-line elementor-widget elementor-widget-divider\" data-id=\"53b0fd7f\" data-element_type=\"widget\" data-widget_type=\"divider.default\">\n\t\t\t\t<div class=\"elementor-widget-container\">\n\t\t\t\t\t\t\t<div class=\"elementor-divider\">\n\t\t\t<span class=\"elementor-divider-separator\">\n\t\t\t\t\t\t<\/span>\n\t\t<\/div>\n\t\t\t\t\t\t<\/div>\n\t\t\t\t<\/div>\n\t\t\t\t\t<\/div>\n\t\t<\/div>\n\t\t\t\t\t<\/div>\n\t\t<\/section>\n\t\t\t\t<section class=\"elementor-section elementor-top-section elementor-element elementor-element-14d27088 elementor-section-boxed elementor-section-height-default elementor-section-height-default\" data-id=\"14d27088\" data-element_type=\"section\">\n\t\t\t\t\t\t<div class=\"elementor-container elementor-column-gap-default\">\n\t\t\t\t\t<div class=\"elementor-column elementor-col-100 elementor-top-column elementor-element elementor-element-567b178f\" data-id=\"567b178f\" data-element_type=\"column\">\n\t\t\t<div class=\"elementor-widget-wrap elementor-element-populated\">\n\t\t\t\t\t\t<div class=\"elementor-element elementor-element-1d92569a elementor-widget elementor-widget-text-editor\" data-id=\"1d92569a\" data-element_type=\"widget\" data-widget_type=\"text-editor.default\">\n\t\t\t\t<div class=\"elementor-widget-container\">\n\t\t\t\t\t\t\t\t\t<p>Projeniz i\u00e7in kaydedilmi\u015f bir formu d\u00fczenlemeyi veya g\u00f6r\u00fcnt\u00fclemeyi se\u00e7ebilirsiniz. Bunu yapmak i\u00e7in \u00f6nce \u015feridinizdeki &#8216;Form&#8217; sayfas\u0131na gidin. Burada, eri\u015fiminiz olan t\u00fcm formlar\u0131n listesini g\u00f6receksiniz.<\/p>\n<h2>Kilitli Formlar\u0131 G\u00f6r\u00fcnt\u00fcleme<\/h2>\n<p>Her formun sa\u011f taraf\u0131nda, &#8216;\u0130\u015flemler&#8217; simgesini g\u00f6steren \u00fc\u00e7 nokta g\u00f6receksiniz. \u0130\u015flemler simgesinin yan\u0131nda bir kilit i\u015fareti g\u00f6r\u00fcrseniz, bu, bu formun \u015fu anda bir g\u00f6rev i\u00e7in kilitli oldu\u011fu anlam\u0131na gelir. Bu nedenle, eylemler simgesine t\u0131klamak size sadece formu &#8216;G\u00f6r\u00fcnt\u00fcle&#8217; se\u00e7ene\u011fini verecektir. &#8216;G\u00f6r\u00fcnt\u00fcle&#8217;yi se\u00e7mek sizi a\u00e7\u0131k form sayfas\u0131na g\u00f6t\u00fcrecektir.<\/p>\n\t\t\t\t\t\t\t\t<\/div>\n\t\t\t\t<\/div>\n\t\t\t\t<div class=\"elementor-element elementor-element-d79a771 elementor-widget elementor-widget-image\" data-id=\"d79a771\" data-element_type=\"widget\" data-widget_type=\"image.default\">\n\t\t\t\t<div class=\"elementor-widget-container\">\n\t\t\t\t\t\t\t\t\t\t\t\t\t\t\t<img fetchpriority=\"high\" decoding=\"async\" width=\"395\" height=\"683\" src=\"https:\/\/crane.ist\/wp-content\/uploads\/2020\/11\/crane_help_center_22.jpg\" class=\"attachment-large size-large wp-image-785\" alt=\"\" srcset=\"https:\/\/crane.ist\/wp-content\/uploads\/2020\/11\/crane_help_center_22.jpg 395w, https:\/\/crane.ist\/wp-content\/uploads\/2020\/11\/crane_help_center_22-173x300.jpg 173w, https:\/\/crane.ist\/wp-content\/uploads\/2020\/11\/crane_help_center_22-32x55.jpg 32w, https:\/\/crane.ist\/wp-content\/uploads\/2020\/11\/crane_help_center_22-46x80.jpg 46w, https:\/\/crane.ist\/wp-content\/uploads\/2020\/11\/crane_help_center_22-175x303.jpg 175w\" sizes=\"(max-width: 395px) 100vw, 395px\" \/>\t\t\t\t\t\t\t\t\t\t\t\t\t\t\t<\/div>\n\t\t\t\t<\/div>\n\t\t\t\t<div class=\"elementor-element elementor-element-5c94a1d elementor-widget elementor-widget-image\" data-id=\"5c94a1d\" data-element_type=\"widget\" data-widget_type=\"image.default\">\n\t\t\t\t<div class=\"elementor-widget-container\">\n\t\t\t\t\t\t\t\t\t\t\t\t\t\t\t<img fetchpriority=\"high\" decoding=\"async\" width=\"395\" height=\"683\" src=\"https:\/\/crane.ist\/wp-content\/uploads\/2020\/11\/crane_help_center_22.jpg\" class=\"attachment-large size-large wp-image-785\" alt=\"\" srcset=\"https:\/\/crane.ist\/wp-content\/uploads\/2020\/11\/crane_help_center_22.jpg 395w, https:\/\/crane.ist\/wp-content\/uploads\/2020\/11\/crane_help_center_22-173x300.jpg 173w, https:\/\/crane.ist\/wp-content\/uploads\/2020\/11\/crane_help_center_22-32x55.jpg 32w, https:\/\/crane.ist\/wp-content\/uploads\/2020\/11\/crane_help_center_22-46x80.jpg 46w, https:\/\/crane.ist\/wp-content\/uploads\/2020\/11\/crane_help_center_22-175x303.jpg 175w\" sizes=\"(max-width: 395px) 100vw, 395px\" \/>\t\t\t\t\t\t\t\t\t\t\t\t\t\t\t<\/div>\n\t\t\t\t<\/div>\n\t\t\t\t<div class=\"elementor-element elementor-element-1a42cd1 elementor-widget elementor-widget-text-editor\" data-id=\"1a42cd1\" data-element_type=\"widget\" data-widget_type=\"text-editor.default\">\n\t\t\t\t<div class=\"elementor-widget-container\">\n\t\t\t\t\t\t\t\t\t<h2>Kilitli Olmayan Formlar\u0131 G\u00f6nderme veya D\u00fczenleme<\/h2>\n<p>&#8216;\u0130\u015flemler&#8217; simgesinin yan\u0131nda bir kilit i\u015fareti g\u00f6rm\u00fcyorsan\u0131z, form g\u00f6r\u00fcnt\u00fclenebilir, d\u00fczenlenebilir veya g\u00f6nderilebilirsiniz. Uygun eyleme t\u0131klad\u0131\u011f\u0131n\u0131zda, forma y\u00f6nlendirileceksiniz ve istedi\u011finiz i\u015flemi ger\u00e7ekle\u015ftirebilirsiniz.<\/p>\n<p>Form d\u00fczenleme ve g\u00f6nderme hakk\u0131nda daha fazla bilgi i\u00e7in <a href=\"https:\/\/crane.ist\/help-center\/how-to-start-a-new-form\/\">Yeni bir form nas\u0131l ba\u015flat\u0131l\u0131r?<\/a> sayfas\u0131na gidebilirsiniz.<\/p>\n\t\t\t\t\t\t\t\t<\/div>\n\t\t\t\t<\/div>\n\t\t\t\t<div class=\"elementor-element elementor-element-ac0ca9f elementor-widget elementor-widget-image\" data-id=\"ac0ca9f\" data-element_type=\"widget\" data-widget_type=\"image.default\">\n\t\t\t\t<div class=\"elementor-widget-container\">\n\t\t\t\t\t\t\t\t\t\t\t\t\t\t\t<img decoding=\"async\" width=\"387\" height=\"676\" src=\"https:\/\/crane.ist\/wp-content\/uploads\/2020\/11\/crane_help_center_23.jpg\" class=\"attachment-large size-large wp-image-786\" alt=\"\" srcset=\"https:\/\/crane.ist\/wp-content\/uploads\/2020\/11\/crane_help_center_23.jpg 387w, https:\/\/crane.ist\/wp-content\/uploads\/2020\/11\/crane_help_center_23-172x300.jpg 172w, https:\/\/crane.ist\/wp-content\/uploads\/2020\/11\/crane_help_center_23-31x55.jpg 31w, https:\/\/crane.ist\/wp-content\/uploads\/2020\/11\/crane_help_center_23-46x80.jpg 46w, https:\/\/crane.ist\/wp-content\/uploads\/2020\/11\/crane_help_center_23-173x303.jpg 173w\" sizes=\"(max-width: 387px) 100vw, 387px\" \/>\t\t\t\t\t\t\t\t\t\t\t\t\t\t\t<\/div>\n\t\t\t\t<\/div>\n\t\t\t\t\t<\/div>\n\t\t<\/div>\n\t\t\t\t\t<\/div>\n\t\t<\/section>\n\t\t\t\t<\/div>\n\t\t","protected":false},"excerpt":{"rendered":"<p>Projeniz i\u00e7in kaydedilmi\u015f bir formu d\u00fczenlemeyi veya g\u00f6r\u00fcnt\u00fclemeyi se\u00e7ebilirsiniz. Bunu yapmak i\u00e7in \u00f6nce \u015feridinizdeki &#8216;Form&#8217; sayfas\u0131na gidin. Burada, eri\u015fiminiz olan t\u00fcm formlar\u0131n listesini g\u00f6receksiniz. Kilitli Formlar\u0131 G\u00f6r\u00fcnt\u00fcleme Her formun sa\u011f taraf\u0131nda, &#8216;\u0130\u015flemler&#8217; simgesini g\u00f6steren \u00fc\u00e7 nokta g\u00f6receksiniz. \u0130\u015flemler simgesinin yan\u0131nda &hellip; <a href=\"https:\/\/crane.ist\/tr\/turna-kullanim-kilavuzu\/mevcut-bir-form-nasil-duzenlenir-veya-goruntulenir\/\">Read More<\/a><\/p>\n","protected":false},"author":1,"featured_media":0,"parent":848,"menu_order":0,"comment_status":"closed","ping_status":"closed","template":"","meta":{"footnotes":""},"class_list":["post-882","page","type-page","status-publish","hentry"],"yoast_head":"<!-- This site is optimized with the Yoast SEO plugin v24.3 - https:\/\/yoast.com\/wordpress\/plugins\/seo\/ -->\n<title>Mevcut bir form nas\u0131l d\u00fczenlenir veya g\u00f6r\u00fcnt\u00fclenir? | Crane<\/title>\n<meta name=\"robots\" content=\"index, follow, max-snippet:-1, max-image-preview:large, max-video-preview:-1\" \/>\n<link rel=\"canonical\" href=\"https:\/\/crane.ist\/tr\/turna-kullanim-kilavuzu\/mevcut-bir-form-nasil-duzenlenir-veya-goruntulenir\/\" \/>\n<meta property=\"og:locale\" content=\"tr_TR\" \/>\n<meta property=\"og:type\" content=\"article\" \/>\n<meta property=\"og:title\" content=\"Mevcut bir form nas\u0131l d\u00fczenlenir veya g\u00f6r\u00fcnt\u00fclenir? | Crane\" \/>\n<meta property=\"og:description\" content=\"Projeniz i\u00e7in kaydedilmi\u015f bir formu d\u00fczenlemeyi veya g\u00f6r\u00fcnt\u00fclemeyi se\u00e7ebilirsiniz. Bunu yapmak i\u00e7in \u00f6nce \u015feridinizdeki &#8216;Form&#8217; sayfas\u0131na gidin. Burada, eri\u015fiminiz olan t\u00fcm formlar\u0131n listesini g\u00f6receksiniz. Kilitli Formlar\u0131 G\u00f6r\u00fcnt\u00fcleme Her formun sa\u011f taraf\u0131nda, &#8216;\u0130\u015flemler&#8217; simgesini g\u00f6steren \u00fc\u00e7 nokta g\u00f6receksiniz. \u0130\u015flemler simgesinin yan\u0131nda &hellip; Read More\" \/>\n<meta property=\"og:url\" content=\"https:\/\/crane.ist\/tr\/turna-kullanim-kilavuzu\/mevcut-bir-form-nasil-duzenlenir-veya-goruntulenir\/\" \/>\n<meta property=\"og:site_name\" content=\"Crane\" \/>\n<meta property=\"article:modified_time\" content=\"2020-11-22T11:58:01+00:00\" \/>\n<meta property=\"og:image\" content=\"https:\/\/crane.ist\/wp-content\/uploads\/2020\/11\/crane_help_center_22.jpg\" \/>\n<meta name=\"twitter:card\" content=\"summary_large_image\" \/>\n<meta name=\"twitter:label1\" content=\"Tahmini okuma s\u00fcresi\" \/>\n\t<meta name=\"twitter:data1\" content=\"1 dakika\" \/>\n<script type=\"application\/ld+json\" class=\"yoast-schema-graph\">{\"@context\":\"https:\/\/schema.org\",\"@graph\":[{\"@type\":\"WebPage\",\"@id\":\"https:\/\/crane.ist\/tr\/turna-kullanim-kilavuzu\/mevcut-bir-form-nasil-duzenlenir-veya-goruntulenir\/\",\"url\":\"https:\/\/crane.ist\/tr\/turna-kullanim-kilavuzu\/mevcut-bir-form-nasil-duzenlenir-veya-goruntulenir\/\",\"name\":\"Mevcut bir form nas\u0131l d\u00fczenlenir veya g\u00f6r\u00fcnt\u00fclenir? | Crane\",\"isPartOf\":{\"@id\":\"https:\/\/crane.ist\/#website\"},\"primaryImageOfPage\":{\"@id\":\"https:\/\/crane.ist\/tr\/turna-kullanim-kilavuzu\/mevcut-bir-form-nasil-duzenlenir-veya-goruntulenir\/#primaryimage\"},\"image\":{\"@id\":\"https:\/\/crane.ist\/tr\/turna-kullanim-kilavuzu\/mevcut-bir-form-nasil-duzenlenir-veya-goruntulenir\/#primaryimage\"},\"thumbnailUrl\":\"https:\/\/crane.ist\/wp-content\/uploads\/2020\/11\/crane_help_center_22.jpg\",\"datePublished\":\"2020-11-22T11:57:54+00:00\",\"dateModified\":\"2020-11-22T11:58:01+00:00\",\"breadcrumb\":{\"@id\":\"https:\/\/crane.ist\/tr\/turna-kullanim-kilavuzu\/mevcut-bir-form-nasil-duzenlenir-veya-goruntulenir\/#breadcrumb\"},\"inLanguage\":\"tr\",\"potentialAction\":[{\"@type\":\"ReadAction\",\"target\":[\"https:\/\/crane.ist\/tr\/turna-kullanim-kilavuzu\/mevcut-bir-form-nasil-duzenlenir-veya-goruntulenir\/\"]}]},{\"@type\":\"ImageObject\",\"inLanguage\":\"tr\",\"@id\":\"https:\/\/crane.ist\/tr\/turna-kullanim-kilavuzu\/mevcut-bir-form-nasil-duzenlenir-veya-goruntulenir\/#primaryimage\",\"url\":\"https:\/\/crane.ist\/wp-content\/uploads\/2020\/11\/crane_help_center_22.jpg\",\"contentUrl\":\"https:\/\/crane.ist\/wp-content\/uploads\/2020\/11\/crane_help_center_22.jpg\"},{\"@type\":\"BreadcrumbList\",\"@id\":\"https:\/\/crane.ist\/tr\/turna-kullanim-kilavuzu\/mevcut-bir-form-nasil-duzenlenir-veya-goruntulenir\/#breadcrumb\",\"itemListElement\":[{\"@type\":\"ListItem\",\"position\":1,\"name\":\"Home\",\"item\":\"https:\/\/crane.ist\/tr\/\"},{\"@type\":\"ListItem\",\"position\":2,\"name\":\"Turna Kullan\u0131m K\u0131lavuzu\",\"item\":\"https:\/\/crane.ist\/tr\/turna-kullanim-kilavuzu\/\"},{\"@type\":\"ListItem\",\"position\":3,\"name\":\"Mevcut bir form nas\u0131l d\u00fczenlenir veya g\u00f6r\u00fcnt\u00fclenir?\"}]},{\"@type\":\"WebSite\",\"@id\":\"https:\/\/crane.ist\/#website\",\"url\":\"https:\/\/crane.ist\/\",\"name\":\"Crane\",\"description\":\"App of the Field\",\"publisher\":{\"@id\":\"https:\/\/crane.ist\/#organization\"},\"potentialAction\":[{\"@type\":\"SearchAction\",\"target\":{\"@type\":\"EntryPoint\",\"urlTemplate\":\"https:\/\/crane.ist\/?s={search_term_string}\"},\"query-input\":{\"@type\":\"PropertyValueSpecification\",\"valueRequired\":true,\"valueName\":\"search_term_string\"}}],\"inLanguage\":\"tr\"},{\"@type\":\"Organization\",\"@id\":\"https:\/\/crane.ist\/#organization\",\"name\":\"Crane\",\"url\":\"https:\/\/crane.ist\/\",\"logo\":{\"@type\":\"ImageObject\",\"inLanguage\":\"tr\",\"@id\":\"https:\/\/crane.ist\/#\/schema\/logo\/image\/\",\"url\":\"https:\/\/crane.ist\/wp-content\/uploads\/2020\/06\/logo3.png\",\"contentUrl\":\"https:\/\/crane.ist\/wp-content\/uploads\/2020\/06\/logo3.png\",\"width\":932,\"height\":266,\"caption\":\"Crane\"},\"image\":{\"@id\":\"https:\/\/crane.ist\/#\/schema\/logo\/image\/\"}}]}<\/script>\n<!-- \/ Yoast SEO plugin. -->","yoast_head_json":{"title":"Mevcut bir form nas\u0131l d\u00fczenlenir veya g\u00f6r\u00fcnt\u00fclenir? | Crane","robots":{"index":"index","follow":"follow","max-snippet":"max-snippet:-1","max-image-preview":"max-image-preview:large","max-video-preview":"max-video-preview:-1"},"canonical":"https:\/\/crane.ist\/tr\/turna-kullanim-kilavuzu\/mevcut-bir-form-nasil-duzenlenir-veya-goruntulenir\/","og_locale":"tr_TR","og_type":"article","og_title":"Mevcut bir form nas\u0131l d\u00fczenlenir veya g\u00f6r\u00fcnt\u00fclenir? | Crane","og_description":"Projeniz i\u00e7in kaydedilmi\u015f bir formu d\u00fczenlemeyi veya g\u00f6r\u00fcnt\u00fclemeyi se\u00e7ebilirsiniz. Bunu yapmak i\u00e7in \u00f6nce \u015feridinizdeki &#8216;Form&#8217; sayfas\u0131na gidin. Burada, eri\u015fiminiz olan t\u00fcm formlar\u0131n listesini g\u00f6receksiniz. Kilitli Formlar\u0131 G\u00f6r\u00fcnt\u00fcleme Her formun sa\u011f taraf\u0131nda, &#8216;\u0130\u015flemler&#8217; simgesini g\u00f6steren \u00fc\u00e7 nokta g\u00f6receksiniz. \u0130\u015flemler simgesinin yan\u0131nda &hellip; Read More","og_url":"https:\/\/crane.ist\/tr\/turna-kullanim-kilavuzu\/mevcut-bir-form-nasil-duzenlenir-veya-goruntulenir\/","og_site_name":"Crane","article_modified_time":"2020-11-22T11:58:01+00:00","og_image":[{"url":"https:\/\/crane.ist\/wp-content\/uploads\/2020\/11\/crane_help_center_22.jpg","type":"","width":"","height":""}],"twitter_card":"summary_large_image","twitter_misc":{"Tahmini okuma s\u00fcresi":"1 dakika"},"schema":{"@context":"https:\/\/schema.org","@graph":[{"@type":"WebPage","@id":"https:\/\/crane.ist\/tr\/turna-kullanim-kilavuzu\/mevcut-bir-form-nasil-duzenlenir-veya-goruntulenir\/","url":"https:\/\/crane.ist\/tr\/turna-kullanim-kilavuzu\/mevcut-bir-form-nasil-duzenlenir-veya-goruntulenir\/","name":"Mevcut bir form nas\u0131l d\u00fczenlenir veya g\u00f6r\u00fcnt\u00fclenir? | Crane","isPartOf":{"@id":"https:\/\/crane.ist\/#website"},"primaryImageOfPage":{"@id":"https:\/\/crane.ist\/tr\/turna-kullanim-kilavuzu\/mevcut-bir-form-nasil-duzenlenir-veya-goruntulenir\/#primaryimage"},"image":{"@id":"https:\/\/crane.ist\/tr\/turna-kullanim-kilavuzu\/mevcut-bir-form-nasil-duzenlenir-veya-goruntulenir\/#primaryimage"},"thumbnailUrl":"https:\/\/crane.ist\/wp-content\/uploads\/2020\/11\/crane_help_center_22.jpg","datePublished":"2020-11-22T11:57:54+00:00","dateModified":"2020-11-22T11:58:01+00:00","breadcrumb":{"@id":"https:\/\/crane.ist\/tr\/turna-kullanim-kilavuzu\/mevcut-bir-form-nasil-duzenlenir-veya-goruntulenir\/#breadcrumb"},"inLanguage":"tr","potentialAction":[{"@type":"ReadAction","target":["https:\/\/crane.ist\/tr\/turna-kullanim-kilavuzu\/mevcut-bir-form-nasil-duzenlenir-veya-goruntulenir\/"]}]},{"@type":"ImageObject","inLanguage":"tr","@id":"https:\/\/crane.ist\/tr\/turna-kullanim-kilavuzu\/mevcut-bir-form-nasil-duzenlenir-veya-goruntulenir\/#primaryimage","url":"https:\/\/crane.ist\/wp-content\/uploads\/2020\/11\/crane_help_center_22.jpg","contentUrl":"https:\/\/crane.ist\/wp-content\/uploads\/2020\/11\/crane_help_center_22.jpg"},{"@type":"BreadcrumbList","@id":"https:\/\/crane.ist\/tr\/turna-kullanim-kilavuzu\/mevcut-bir-form-nasil-duzenlenir-veya-goruntulenir\/#breadcrumb","itemListElement":[{"@type":"ListItem","position":1,"name":"Home","item":"https:\/\/crane.ist\/tr\/"},{"@type":"ListItem","position":2,"name":"Turna Kullan\u0131m K\u0131lavuzu","item":"https:\/\/crane.ist\/tr\/turna-kullanim-kilavuzu\/"},{"@type":"ListItem","position":3,"name":"Mevcut bir form nas\u0131l d\u00fczenlenir veya g\u00f6r\u00fcnt\u00fclenir?"}]},{"@type":"WebSite","@id":"https:\/\/crane.ist\/#website","url":"https:\/\/crane.ist\/","name":"Crane","description":"App of the Field","publisher":{"@id":"https:\/\/crane.ist\/#organization"},"potentialAction":[{"@type":"SearchAction","target":{"@type":"EntryPoint","urlTemplate":"https:\/\/crane.ist\/?s={search_term_string}"},"query-input":{"@type":"PropertyValueSpecification","valueRequired":true,"valueName":"search_term_string"}}],"inLanguage":"tr"},{"@type":"Organization","@id":"https:\/\/crane.ist\/#organization","name":"Crane","url":"https:\/\/crane.ist\/","logo":{"@type":"ImageObject","inLanguage":"tr","@id":"https:\/\/crane.ist\/#\/schema\/logo\/image\/","url":"https:\/\/crane.ist\/wp-content\/uploads\/2020\/06\/logo3.png","contentUrl":"https:\/\/crane.ist\/wp-content\/uploads\/2020\/06\/logo3.png","width":932,"height":266,"caption":"Crane"},"image":{"@id":"https:\/\/crane.ist\/#\/schema\/logo\/image\/"}}]}},"_links":{"self":[{"href":"https:\/\/crane.ist\/tr\/wp-json\/wp\/v2\/pages\/882","targetHints":{"allow":["GET"]}}],"collection":[{"href":"https:\/\/crane.ist\/tr\/wp-json\/wp\/v2\/pages"}],"about":[{"href":"https:\/\/crane.ist\/tr\/wp-json\/wp\/v2\/types\/page"}],"author":[{"embeddable":true,"href":"https:\/\/crane.ist\/tr\/wp-json\/wp\/v2\/users\/1"}],"replies":[{"embeddable":true,"href":"https:\/\/crane.ist\/tr\/wp-json\/wp\/v2\/comments?post=882"}],"version-history":[{"count":5,"href":"https:\/\/crane.ist\/tr\/wp-json\/wp\/v2\/pages\/882\/revisions"}],"predecessor-version":[{"id":888,"href":"https:\/\/crane.ist\/tr\/wp-json\/wp\/v2\/pages\/882\/revisions\/888"}],"up":[{"embeddable":true,"href":"https:\/\/crane.ist\/tr\/wp-json\/wp\/v2\/pages\/848"}],"wp:attachment":[{"href":"https:\/\/crane.ist\/tr\/wp-json\/wp\/v2\/media?parent=882"}],"curies":[{"name":"wp","href":"https:\/\/api.w.org\/{rel}","templated":true}]}}