{"id":878,"date":"2020-11-22T11:55:16","date_gmt":"2020-11-22T11:55:16","guid":{"rendered":"https:\/\/crane.ist\/turna-kullanim-kilavuzu\/nasil-hesap-olusturulur\/"},"modified":"2020-11-22T11:55:22","modified_gmt":"2020-11-22T11:55:22","slug":"nasil-hesap-olusturulur","status":"publish","type":"page","link":"https:\/\/crane.ist\/tr\/turna-kullanim-kilavuzu\/nasil-hesap-olusturulur\/","title":{"rendered":"Nas\u0131l Hesap Olu\u015fturulur?"},"content":{"rendered":"\t\t<div data-elementor-type=\"wp-page\" data-elementor-id=\"878\" class=\"elementor elementor-878 elementor-720\" data-elementor-post-type=\"page\">\n\t\t\t\t\t\t<section class=\"elementor-section elementor-top-section elementor-element elementor-element-59e78278 elementor-section-boxed elementor-section-height-default elementor-section-height-default\" data-id=\"59e78278\" data-element_type=\"section\">\n\t\t\t\t\t\t<div class=\"elementor-container elementor-column-gap-default\">\n\t\t\t\t\t<div class=\"elementor-column elementor-col-100 elementor-top-column elementor-element elementor-element-1c8e4446\" data-id=\"1c8e4446\" data-element_type=\"column\">\n\t\t\t<div class=\"elementor-widget-wrap elementor-element-populated\">\n\t\t\t\t\t\t<div class=\"elementor-element elementor-element-2f528674 elementor-widget elementor-widget-heading\" data-id=\"2f528674\" data-element_type=\"widget\" data-widget_type=\"heading.default\">\n\t\t\t\t<div class=\"elementor-widget-container\">\n\t\t\t\t\t<h1 class=\"elementor-heading-title elementor-size-default\">Nas\u0131l Hesap Olu\u015fturulur?<\/h1>\t\t\t\t<\/div>\n\t\t\t\t<\/div>\n\t\t\t\t<div class=\"elementor-element elementor-element-6a9575b3 elementor-widget elementor-widget-breadcrumbs\" data-id=\"6a9575b3\" data-element_type=\"widget\" data-widget_type=\"breadcrumbs.default\">\n\t\t\t\t<div class=\"elementor-widget-container\">\n\t\t\t\t\t<p id=\"breadcrumbs\"><span><span><a href=\"https:\/\/crane.ist\/tr\/\">Home<\/a><\/span><\/span><\/p>\t\t\t\t<\/div>\n\t\t\t\t<\/div>\n\t\t\t\t<div class=\"elementor-element elementor-element-74391899 elementor-widget-divider--view-line elementor-widget elementor-widget-divider\" data-id=\"74391899\" data-element_type=\"widget\" data-widget_type=\"divider.default\">\n\t\t\t\t<div class=\"elementor-widget-container\">\n\t\t\t\t\t\t\t<div class=\"elementor-divider\">\n\t\t\t<span class=\"elementor-divider-separator\">\n\t\t\t\t\t\t<\/span>\n\t\t<\/div>\n\t\t\t\t\t\t<\/div>\n\t\t\t\t<\/div>\n\t\t\t\t\t<\/div>\n\t\t<\/div>\n\t\t\t\t\t<\/div>\n\t\t<\/section>\n\t\t\t\t<section class=\"elementor-section elementor-top-section elementor-element elementor-element-7b2cde8a elementor-section-boxed elementor-section-height-default elementor-section-height-default\" data-id=\"7b2cde8a\" data-element_type=\"section\">\n\t\t\t\t\t\t<div class=\"elementor-container elementor-column-gap-default\">\n\t\t\t\t\t<div class=\"elementor-column elementor-col-100 elementor-top-column elementor-element elementor-element-1f280f65\" data-id=\"1f280f65\" data-element_type=\"column\">\n\t\t\t<div class=\"elementor-widget-wrap elementor-element-populated\">\n\t\t\t\t\t\t<div class=\"elementor-element elementor-element-760a557c elementor-widget elementor-widget-text-editor\" data-id=\"760a557c\" data-element_type=\"widget\" data-widget_type=\"text-editor.default\">\n\t\t\t\t<div class=\"elementor-widget-container\">\n\t\t\t\t\t\t\t\t\t<p>Yaln\u0131zca proje y\u00f6neticisi rol\u00fcne sahip kullan\u0131c\u0131lar projenizde hesap olu\u015fturabilir. Bu nedenle, projenizdeki proje y\u00f6neticisi ile ileti\u015fime ge\u00e7in ve onlara Turna&#8217;ya eklemeleri i\u00e7in a\u015fa\u011f\u0131daki bilgileri verin:<\/p>\n<ul>\n<li>\u0130sim Soyisim<\/li>\n<li>Firma<\/li>\n<li>Proje<\/li>\n<li>E-posta<\/li>\n<li>Proje Rol\u00fcn\u00fcz (Bu, izinlerinizi do\u011fru \u015fekilde ayarlamak gereklidir.)<\/li>\n<\/ul>\n<p>Hesab\u0131n\u0131z olu\u015fturulduktan sonra proje y\u00f6neticiniz sizinle ileti\u015fime ge\u00e7ecektir.<\/p>\n\t\t\t\t\t\t\t\t<\/div>\n\t\t\t\t<\/div>\n\t\t\t\t\t<\/div>\n\t\t<\/div>\n\t\t\t\t\t<\/div>\n\t\t<\/section>\n\t\t\t\t<\/div>\n\t\t","protected":false},"excerpt":{"rendered":"<p>Yaln\u0131zca proje y\u00f6neticisi rol\u00fcne sahip kullan\u0131c\u0131lar projenizde hesap olu\u015fturabilir. Bu nedenle, projenizdeki proje y\u00f6neticisi ile ileti\u015fime ge\u00e7in ve onlara Turna&#8217;ya eklemeleri i\u00e7in a\u015fa\u011f\u0131daki bilgileri verin: \u0130sim Soyisim Firma Proje E-posta Proje Rol\u00fcn\u00fcz (Bu, izinlerinizi do\u011fru \u015fekilde ayarlamak gereklidir.) Hesab\u0131n\u0131z olu\u015fturulduktan &hellip; <a href=\"https:\/\/crane.ist\/tr\/turna-kullanim-kilavuzu\/nasil-hesap-olusturulur\/\">Read More<\/a><\/p>\n","protected":false},"author":1,"featured_media":0,"parent":848,"menu_order":0,"comment_status":"closed","ping_status":"closed","template":"","meta":{"footnotes":""},"class_list":["post-878","page","type-page","status-publish","hentry"],"yoast_head":"<!-- This site is optimized with the Yoast SEO plugin v24.3 - https:\/\/yoast.com\/wordpress\/plugins\/seo\/ -->\n<title>Nas\u0131l Hesap Olu\u015fturulur? | Crane<\/title>\n<meta name=\"robots\" content=\"index, follow, max-snippet:-1, max-image-preview:large, max-video-preview:-1\" \/>\n<link rel=\"canonical\" href=\"https:\/\/crane.ist\/tr\/turna-kullanim-kilavuzu\/nasil-hesap-olusturulur\/\" \/>\n<meta property=\"og:locale\" content=\"tr_TR\" \/>\n<meta property=\"og:type\" content=\"article\" \/>\n<meta property=\"og:title\" content=\"Nas\u0131l Hesap Olu\u015fturulur? | Crane\" \/>\n<meta property=\"og:description\" content=\"Yaln\u0131zca proje y\u00f6neticisi rol\u00fcne sahip kullan\u0131c\u0131lar projenizde hesap olu\u015fturabilir. Bu nedenle, projenizdeki proje y\u00f6neticisi ile ileti\u015fime ge\u00e7in ve onlara Turna&#8217;ya eklemeleri i\u00e7in a\u015fa\u011f\u0131daki bilgileri verin: \u0130sim Soyisim Firma Proje E-posta Proje Rol\u00fcn\u00fcz (Bu, izinlerinizi do\u011fru \u015fekilde ayarlamak gereklidir.) Hesab\u0131n\u0131z olu\u015fturulduktan &hellip; Read More\" \/>\n<meta property=\"og:url\" content=\"https:\/\/crane.ist\/tr\/turna-kullanim-kilavuzu\/nasil-hesap-olusturulur\/\" \/>\n<meta property=\"og:site_name\" content=\"Crane\" \/>\n<meta property=\"article:modified_time\" content=\"2020-11-22T11:55:22+00:00\" \/>\n<meta name=\"twitter:card\" content=\"summary_large_image\" \/>\n<script type=\"application\/ld+json\" class=\"yoast-schema-graph\">{\"@context\":\"https:\/\/schema.org\",\"@graph\":[{\"@type\":\"WebPage\",\"@id\":\"https:\/\/crane.ist\/tr\/turna-kullanim-kilavuzu\/nasil-hesap-olusturulur\/\",\"url\":\"https:\/\/crane.ist\/tr\/turna-kullanim-kilavuzu\/nasil-hesap-olusturulur\/\",\"name\":\"Nas\u0131l Hesap Olu\u015fturulur? | Crane\",\"isPartOf\":{\"@id\":\"https:\/\/crane.ist\/#website\"},\"datePublished\":\"2020-11-22T11:55:16+00:00\",\"dateModified\":\"2020-11-22T11:55:22+00:00\",\"breadcrumb\":{\"@id\":\"https:\/\/crane.ist\/tr\/turna-kullanim-kilavuzu\/nasil-hesap-olusturulur\/#breadcrumb\"},\"inLanguage\":\"tr\",\"potentialAction\":[{\"@type\":\"ReadAction\",\"target\":[\"https:\/\/crane.ist\/tr\/turna-kullanim-kilavuzu\/nasil-hesap-olusturulur\/\"]}]},{\"@type\":\"BreadcrumbList\",\"@id\":\"https:\/\/crane.ist\/tr\/turna-kullanim-kilavuzu\/nasil-hesap-olusturulur\/#breadcrumb\",\"itemListElement\":[{\"@type\":\"ListItem\",\"position\":1,\"name\":\"Home\",\"item\":\"https:\/\/crane.ist\/tr\/\"},{\"@type\":\"ListItem\",\"position\":2,\"name\":\"Turna Kullan\u0131m K\u0131lavuzu\",\"item\":\"https:\/\/crane.ist\/tr\/turna-kullanim-kilavuzu\/\"},{\"@type\":\"ListItem\",\"position\":3,\"name\":\"Nas\u0131l Hesap Olu\u015fturulur?\"}]},{\"@type\":\"WebSite\",\"@id\":\"https:\/\/crane.ist\/#website\",\"url\":\"https:\/\/crane.ist\/\",\"name\":\"Crane\",\"description\":\"App of the Field\",\"publisher\":{\"@id\":\"https:\/\/crane.ist\/#organization\"},\"potentialAction\":[{\"@type\":\"SearchAction\",\"target\":{\"@type\":\"EntryPoint\",\"urlTemplate\":\"https:\/\/crane.ist\/?s={search_term_string}\"},\"query-input\":{\"@type\":\"PropertyValueSpecification\",\"valueRequired\":true,\"valueName\":\"search_term_string\"}}],\"inLanguage\":\"tr\"},{\"@type\":\"Organization\",\"@id\":\"https:\/\/crane.ist\/#organization\",\"name\":\"Crane\",\"url\":\"https:\/\/crane.ist\/\",\"logo\":{\"@type\":\"ImageObject\",\"inLanguage\":\"tr\",\"@id\":\"https:\/\/crane.ist\/#\/schema\/logo\/image\/\",\"url\":\"https:\/\/crane.ist\/wp-content\/uploads\/2020\/06\/logo3.png\",\"contentUrl\":\"https:\/\/crane.ist\/wp-content\/uploads\/2020\/06\/logo3.png\",\"width\":932,\"height\":266,\"caption\":\"Crane\"},\"image\":{\"@id\":\"https:\/\/crane.ist\/#\/schema\/logo\/image\/\"}}]}<\/script>\n<!-- \/ Yoast SEO plugin. -->","yoast_head_json":{"title":"Nas\u0131l Hesap Olu\u015fturulur? | Crane","robots":{"index":"index","follow":"follow","max-snippet":"max-snippet:-1","max-image-preview":"max-image-preview:large","max-video-preview":"max-video-preview:-1"},"canonical":"https:\/\/crane.ist\/tr\/turna-kullanim-kilavuzu\/nasil-hesap-olusturulur\/","og_locale":"tr_TR","og_type":"article","og_title":"Nas\u0131l Hesap Olu\u015fturulur? | Crane","og_description":"Yaln\u0131zca proje y\u00f6neticisi rol\u00fcne sahip kullan\u0131c\u0131lar projenizde hesap olu\u015fturabilir. Bu nedenle, projenizdeki proje y\u00f6neticisi ile ileti\u015fime ge\u00e7in ve onlara Turna&#8217;ya eklemeleri i\u00e7in a\u015fa\u011f\u0131daki bilgileri verin: \u0130sim Soyisim Firma Proje E-posta Proje Rol\u00fcn\u00fcz (Bu, izinlerinizi do\u011fru \u015fekilde ayarlamak gereklidir.) Hesab\u0131n\u0131z olu\u015fturulduktan &hellip; Read More","og_url":"https:\/\/crane.ist\/tr\/turna-kullanim-kilavuzu\/nasil-hesap-olusturulur\/","og_site_name":"Crane","article_modified_time":"2020-11-22T11:55:22+00:00","twitter_card":"summary_large_image","schema":{"@context":"https:\/\/schema.org","@graph":[{"@type":"WebPage","@id":"https:\/\/crane.ist\/tr\/turna-kullanim-kilavuzu\/nasil-hesap-olusturulur\/","url":"https:\/\/crane.ist\/tr\/turna-kullanim-kilavuzu\/nasil-hesap-olusturulur\/","name":"Nas\u0131l Hesap Olu\u015fturulur? | Crane","isPartOf":{"@id":"https:\/\/crane.ist\/#website"},"datePublished":"2020-11-22T11:55:16+00:00","dateModified":"2020-11-22T11:55:22+00:00","breadcrumb":{"@id":"https:\/\/crane.ist\/tr\/turna-kullanim-kilavuzu\/nasil-hesap-olusturulur\/#breadcrumb"},"inLanguage":"tr","potentialAction":[{"@type":"ReadAction","target":["https:\/\/crane.ist\/tr\/turna-kullanim-kilavuzu\/nasil-hesap-olusturulur\/"]}]},{"@type":"BreadcrumbList","@id":"https:\/\/crane.ist\/tr\/turna-kullanim-kilavuzu\/nasil-hesap-olusturulur\/#breadcrumb","itemListElement":[{"@type":"ListItem","position":1,"name":"Home","item":"https:\/\/crane.ist\/tr\/"},{"@type":"ListItem","position":2,"name":"Turna Kullan\u0131m K\u0131lavuzu","item":"https:\/\/crane.ist\/tr\/turna-kullanim-kilavuzu\/"},{"@type":"ListItem","position":3,"name":"Nas\u0131l Hesap Olu\u015fturulur?"}]},{"@type":"WebSite","@id":"https:\/\/crane.ist\/#website","url":"https:\/\/crane.ist\/","name":"Crane","description":"App of the Field","publisher":{"@id":"https:\/\/crane.ist\/#organization"},"potentialAction":[{"@type":"SearchAction","target":{"@type":"EntryPoint","urlTemplate":"https:\/\/crane.ist\/?s={search_term_string}"},"query-input":{"@type":"PropertyValueSpecification","valueRequired":true,"valueName":"search_term_string"}}],"inLanguage":"tr"},{"@type":"Organization","@id":"https:\/\/crane.ist\/#organization","name":"Crane","url":"https:\/\/crane.ist\/","logo":{"@type":"ImageObject","inLanguage":"tr","@id":"https:\/\/crane.ist\/#\/schema\/logo\/image\/","url":"https:\/\/crane.ist\/wp-content\/uploads\/2020\/06\/logo3.png","contentUrl":"https:\/\/crane.ist\/wp-content\/uploads\/2020\/06\/logo3.png","width":932,"height":266,"caption":"Crane"},"image":{"@id":"https:\/\/crane.ist\/#\/schema\/logo\/image\/"}}]}},"_links":{"self":[{"href":"https:\/\/crane.ist\/tr\/wp-json\/wp\/v2\/pages\/878","targetHints":{"allow":["GET"]}}],"collection":[{"href":"https:\/\/crane.ist\/tr\/wp-json\/wp\/v2\/pages"}],"about":[{"href":"https:\/\/crane.ist\/tr\/wp-json\/wp\/v2\/types\/page"}],"author":[{"embeddable":true,"href":"https:\/\/crane.ist\/tr\/wp-json\/wp\/v2\/users\/1"}],"replies":[{"embeddable":true,"href":"https:\/\/crane.ist\/tr\/wp-json\/wp\/v2\/comments?post=878"}],"version-history":[{"count":2,"href":"https:\/\/crane.ist\/tr\/wp-json\/wp\/v2\/pages\/878\/revisions"}],"predecessor-version":[{"id":880,"href":"https:\/\/crane.ist\/tr\/wp-json\/wp\/v2\/pages\/878\/revisions\/880"}],"up":[{"embeddable":true,"href":"https:\/\/crane.ist\/tr\/wp-json\/wp\/v2\/pages\/848"}],"wp:attachment":[{"href":"https:\/\/crane.ist\/tr\/wp-json\/wp\/v2\/media?parent=878"}],"curies":[{"name":"wp","href":"https:\/\/api.w.org\/{rel}","templated":true}]}}