{"id":872,"date":"2020-11-22T11:51:07","date_gmt":"2020-11-22T11:51:07","guid":{"rendered":"https:\/\/crane.ist\/turna-kullanim-kilavuzu\/kullanici-ayarlari-nasil-yapilir\/"},"modified":"2020-11-22T11:51:11","modified_gmt":"2020-11-22T11:51:11","slug":"kullanici-ayarlari-nasil-yapilir","status":"publish","type":"page","link":"https:\/\/crane.ist\/tr\/turna-kullanim-kilavuzu\/kullanici-ayarlari-nasil-yapilir\/","title":{"rendered":"Kullan\u0131c\u0131 ayarlar\u0131 nas\u0131l yap\u0131l\u0131r?"},"content":{"rendered":"\t\t<div data-elementor-type=\"wp-page\" data-elementor-id=\"872\" class=\"elementor elementor-872 elementor-743\" data-elementor-post-type=\"page\">\n\t\t\t\t\t\t<section class=\"elementor-section elementor-top-section elementor-element elementor-element-2eaef841 elementor-section-boxed elementor-section-height-default elementor-section-height-default\" data-id=\"2eaef841\" data-element_type=\"section\">\n\t\t\t\t\t\t<div class=\"elementor-container elementor-column-gap-default\">\n\t\t\t\t\t<div class=\"elementor-column elementor-col-100 elementor-top-column elementor-element elementor-element-6804b967\" data-id=\"6804b967\" data-element_type=\"column\">\n\t\t\t<div class=\"elementor-widget-wrap elementor-element-populated\">\n\t\t\t\t\t\t<div class=\"elementor-element elementor-element-d660956 elementor-widget elementor-widget-heading\" data-id=\"d660956\" data-element_type=\"widget\" data-widget_type=\"heading.default\">\n\t\t\t\t<div class=\"elementor-widget-container\">\n\t\t\t\t\t<h1 class=\"elementor-heading-title elementor-size-default\">Kullan\u0131c\u0131 ayarlar\u0131 nas\u0131l yap\u0131l\u0131r?<\/h1>\t\t\t\t<\/div>\n\t\t\t\t<\/div>\n\t\t\t\t<div class=\"elementor-element elementor-element-19336950 elementor-widget elementor-widget-breadcrumbs\" data-id=\"19336950\" data-element_type=\"widget\" data-widget_type=\"breadcrumbs.default\">\n\t\t\t\t<div class=\"elementor-widget-container\">\n\t\t\t\t\t<p id=\"breadcrumbs\"><span><span><a href=\"https:\/\/crane.ist\/tr\/\">Home<\/a><\/span><\/span><\/p>\t\t\t\t<\/div>\n\t\t\t\t<\/div>\n\t\t\t\t<div class=\"elementor-element elementor-element-704c49d1 elementor-widget-divider--view-line elementor-widget elementor-widget-divider\" data-id=\"704c49d1\" data-element_type=\"widget\" data-widget_type=\"divider.default\">\n\t\t\t\t<div class=\"elementor-widget-container\">\n\t\t\t\t\t\t\t<div class=\"elementor-divider\">\n\t\t\t<span class=\"elementor-divider-separator\">\n\t\t\t\t\t\t<\/span>\n\t\t<\/div>\n\t\t\t\t\t\t<\/div>\n\t\t\t\t<\/div>\n\t\t\t\t\t<\/div>\n\t\t<\/div>\n\t\t\t\t\t<\/div>\n\t\t<\/section>\n\t\t\t\t<section class=\"elementor-section elementor-top-section elementor-element elementor-element-3f927592 elementor-section-boxed elementor-section-height-default elementor-section-height-default\" data-id=\"3f927592\" data-element_type=\"section\">\n\t\t\t\t\t\t<div class=\"elementor-container elementor-column-gap-default\">\n\t\t\t\t\t<div class=\"elementor-column elementor-col-100 elementor-top-column elementor-element elementor-element-1901304f\" data-id=\"1901304f\" data-element_type=\"column\">\n\t\t\t<div class=\"elementor-widget-wrap elementor-element-populated\">\n\t\t\t\t\t\t<div class=\"elementor-element elementor-element-d1e28c6 elementor-widget elementor-widget-text-editor\" data-id=\"d1e28c6\" data-element_type=\"widget\" data-widget_type=\"text-editor.default\">\n\t\t\t\t<div class=\"elementor-widget-container\">\n\t\t\t\t\t\t\t\t\t<p>Kullan\u0131c\u0131 bilgileriniz <strong>Ad\u0131n\u0131z\u0131<\/strong>, <strong>Soyad\u0131n\u0131z\u0131<\/strong>, <strong>\u015eirketinizi<\/strong>, <strong>e-postan\u0131z\u0131<\/strong> ve ait oldu\u011funuz <strong>Gruplar\u0131<\/strong> i\u00e7erir.<\/p>\n<p>Yaln\u0131zca proje y\u00f6neticisi kullan\u0131c\u0131 bilgilerinde ayarlamalar yapabilir. Bu nedenle, herhangi bir bilginin g\u00fcncellenmesini istiyorsan\u0131z, l\u00fctfen proje y\u00f6neticinizle ileti\u015fime ge\u00e7in ve onlar sizin i\u00e7in istenen de\u011fi\u015fiklikleri yapabilecektir.<\/p>\n\t\t\t\t\t\t\t\t<\/div>\n\t\t\t\t<\/div>\n\t\t\t\t<div class=\"elementor-element elementor-element-efc9b09 elementor-position-left elementor-view-default elementor-mobile-position-top elementor-vertical-align-top elementor-widget elementor-widget-icon-box\" data-id=\"efc9b09\" data-element_type=\"widget\" data-widget_type=\"icon-box.default\">\n\t\t\t\t<div class=\"elementor-widget-container\">\n\t\t\t\t\t\t\t<div class=\"elementor-icon-box-wrapper\">\n\n\t\t\t\t\t\t<div class=\"elementor-icon-box-icon\">\n\t\t\t\t<span  class=\"elementor-icon\">\n\t\t\t\t<i aria-hidden=\"true\" class=\"fas fa-exclamation-triangle\"><\/i>\t\t\t\t<\/span>\n\t\t\t<\/div>\n\t\t\t\n\t\t\t\t\t\t<div class=\"elementor-icon-box-content\">\n\n\t\t\t\t\n\t\t\t\t\t\t\t\t\t<p class=\"elementor-icon-box-description\">\n\t\t\t\t\t\tProje y\u00f6neticinizin kim oldu\u011funu bilmiyorsan\u0131z, help@crane.ist adresine e-posta g\u00f6ndererek bize sorabilirsiniz. <crane support email>. E-postaya, Crane oturum a\u00e7ma sayfan\u0131z\u0131n sa\u011f \u00fcst k\u00f6\u015fesinde g\u00f6r\u00fcnen proje ad\u0131n\u0131z\u0131 ekledi\u011finizden emin olun.\t\t\t\t\t<\/p>\n\t\t\t\t\n\t\t\t<\/div>\n\t\t\t\n\t\t<\/div>\n\t\t\t\t\t\t<\/div>\n\t\t\t\t<\/div>\n\t\t\t\t\t<\/div>\n\t\t<\/div>\n\t\t\t\t\t<\/div>\n\t\t<\/section>\n\t\t\t\t<\/div>\n\t\t","protected":false},"excerpt":{"rendered":"<p>Kullan\u0131c\u0131 bilgileriniz Ad\u0131n\u0131z\u0131, Soyad\u0131n\u0131z\u0131, \u015eirketinizi, e-postan\u0131z\u0131 ve ait oldu\u011funuz Gruplar\u0131 i\u00e7erir. Yaln\u0131zca proje y\u00f6neticisi kullan\u0131c\u0131 bilgilerinde ayarlamalar yapabilir. Bu nedenle, herhangi bir bilginin g\u00fcncellenmesini istiyorsan\u0131z, l\u00fctfen proje y\u00f6neticinizle ileti\u015fime ge\u00e7in ve onlar sizin i\u00e7in istenen de\u011fi\u015fiklikleri yapabilecektir. Proje y\u00f6neticinizin kim &hellip; <a href=\"https:\/\/crane.ist\/tr\/turna-kullanim-kilavuzu\/kullanici-ayarlari-nasil-yapilir\/\">Read More<\/a><\/p>\n","protected":false},"author":1,"featured_media":0,"parent":848,"menu_order":0,"comment_status":"closed","ping_status":"closed","template":"","meta":{"footnotes":""},"class_list":["post-872","page","type-page","status-publish","hentry"],"yoast_head":"<!-- This site is optimized with the Yoast SEO plugin v24.3 - https:\/\/yoast.com\/wordpress\/plugins\/seo\/ -->\n<title>Kullan\u0131c\u0131 ayarlar\u0131 nas\u0131l yap\u0131l\u0131r? | Crane<\/title>\n<meta name=\"robots\" content=\"index, follow, max-snippet:-1, max-image-preview:large, max-video-preview:-1\" \/>\n<link rel=\"canonical\" href=\"https:\/\/crane.ist\/tr\/turna-kullanim-kilavuzu\/kullanici-ayarlari-nasil-yapilir\/\" \/>\n<meta property=\"og:locale\" content=\"tr_TR\" \/>\n<meta property=\"og:type\" content=\"article\" \/>\n<meta property=\"og:title\" content=\"Kullan\u0131c\u0131 ayarlar\u0131 nas\u0131l yap\u0131l\u0131r? | Crane\" \/>\n<meta property=\"og:description\" content=\"Kullan\u0131c\u0131 bilgileriniz Ad\u0131n\u0131z\u0131, Soyad\u0131n\u0131z\u0131, \u015eirketinizi, e-postan\u0131z\u0131 ve ait oldu\u011funuz Gruplar\u0131 i\u00e7erir. Yaln\u0131zca proje y\u00f6neticisi kullan\u0131c\u0131 bilgilerinde ayarlamalar yapabilir. Bu nedenle, herhangi bir bilginin g\u00fcncellenmesini istiyorsan\u0131z, l\u00fctfen proje y\u00f6neticinizle ileti\u015fime ge\u00e7in ve onlar sizin i\u00e7in istenen de\u011fi\u015fiklikleri yapabilecektir. Proje y\u00f6neticinizin kim &hellip; Read More\" \/>\n<meta property=\"og:url\" content=\"https:\/\/crane.ist\/tr\/turna-kullanim-kilavuzu\/kullanici-ayarlari-nasil-yapilir\/\" \/>\n<meta property=\"og:site_name\" content=\"Crane\" \/>\n<meta property=\"article:modified_time\" content=\"2020-11-22T11:51:11+00:00\" \/>\n<meta name=\"twitter:card\" content=\"summary_large_image\" \/>\n<script type=\"application\/ld+json\" class=\"yoast-schema-graph\">{\"@context\":\"https:\/\/schema.org\",\"@graph\":[{\"@type\":\"WebPage\",\"@id\":\"https:\/\/crane.ist\/tr\/turna-kullanim-kilavuzu\/kullanici-ayarlari-nasil-yapilir\/\",\"url\":\"https:\/\/crane.ist\/tr\/turna-kullanim-kilavuzu\/kullanici-ayarlari-nasil-yapilir\/\",\"name\":\"Kullan\u0131c\u0131 ayarlar\u0131 nas\u0131l yap\u0131l\u0131r? | Crane\",\"isPartOf\":{\"@id\":\"https:\/\/crane.ist\/#website\"},\"datePublished\":\"2020-11-22T11:51:07+00:00\",\"dateModified\":\"2020-11-22T11:51:11+00:00\",\"breadcrumb\":{\"@id\":\"https:\/\/crane.ist\/tr\/turna-kullanim-kilavuzu\/kullanici-ayarlari-nasil-yapilir\/#breadcrumb\"},\"inLanguage\":\"tr\",\"potentialAction\":[{\"@type\":\"ReadAction\",\"target\":[\"https:\/\/crane.ist\/tr\/turna-kullanim-kilavuzu\/kullanici-ayarlari-nasil-yapilir\/\"]}]},{\"@type\":\"BreadcrumbList\",\"@id\":\"https:\/\/crane.ist\/tr\/turna-kullanim-kilavuzu\/kullanici-ayarlari-nasil-yapilir\/#breadcrumb\",\"itemListElement\":[{\"@type\":\"ListItem\",\"position\":1,\"name\":\"Home\",\"item\":\"https:\/\/crane.ist\/tr\/\"},{\"@type\":\"ListItem\",\"position\":2,\"name\":\"Turna Kullan\u0131m K\u0131lavuzu\",\"item\":\"https:\/\/crane.ist\/tr\/turna-kullanim-kilavuzu\/\"},{\"@type\":\"ListItem\",\"position\":3,\"name\":\"Kullan\u0131c\u0131 ayarlar\u0131 nas\u0131l yap\u0131l\u0131r?\"}]},{\"@type\":\"WebSite\",\"@id\":\"https:\/\/crane.ist\/#website\",\"url\":\"https:\/\/crane.ist\/\",\"name\":\"Crane\",\"description\":\"App of the Field\",\"publisher\":{\"@id\":\"https:\/\/crane.ist\/#organization\"},\"potentialAction\":[{\"@type\":\"SearchAction\",\"target\":{\"@type\":\"EntryPoint\",\"urlTemplate\":\"https:\/\/crane.ist\/?s={search_term_string}\"},\"query-input\":{\"@type\":\"PropertyValueSpecification\",\"valueRequired\":true,\"valueName\":\"search_term_string\"}}],\"inLanguage\":\"tr\"},{\"@type\":\"Organization\",\"@id\":\"https:\/\/crane.ist\/#organization\",\"name\":\"Crane\",\"url\":\"https:\/\/crane.ist\/\",\"logo\":{\"@type\":\"ImageObject\",\"inLanguage\":\"tr\",\"@id\":\"https:\/\/crane.ist\/#\/schema\/logo\/image\/\",\"url\":\"https:\/\/crane.ist\/wp-content\/uploads\/2020\/06\/logo3.png\",\"contentUrl\":\"https:\/\/crane.ist\/wp-content\/uploads\/2020\/06\/logo3.png\",\"width\":932,\"height\":266,\"caption\":\"Crane\"},\"image\":{\"@id\":\"https:\/\/crane.ist\/#\/schema\/logo\/image\/\"}}]}<\/script>\n<!-- \/ Yoast SEO plugin. -->","yoast_head_json":{"title":"Kullan\u0131c\u0131 ayarlar\u0131 nas\u0131l yap\u0131l\u0131r? | Crane","robots":{"index":"index","follow":"follow","max-snippet":"max-snippet:-1","max-image-preview":"max-image-preview:large","max-video-preview":"max-video-preview:-1"},"canonical":"https:\/\/crane.ist\/tr\/turna-kullanim-kilavuzu\/kullanici-ayarlari-nasil-yapilir\/","og_locale":"tr_TR","og_type":"article","og_title":"Kullan\u0131c\u0131 ayarlar\u0131 nas\u0131l yap\u0131l\u0131r? | Crane","og_description":"Kullan\u0131c\u0131 bilgileriniz Ad\u0131n\u0131z\u0131, Soyad\u0131n\u0131z\u0131, \u015eirketinizi, e-postan\u0131z\u0131 ve ait oldu\u011funuz Gruplar\u0131 i\u00e7erir. Yaln\u0131zca proje y\u00f6neticisi kullan\u0131c\u0131 bilgilerinde ayarlamalar yapabilir. Bu nedenle, herhangi bir bilginin g\u00fcncellenmesini istiyorsan\u0131z, l\u00fctfen proje y\u00f6neticinizle ileti\u015fime ge\u00e7in ve onlar sizin i\u00e7in istenen de\u011fi\u015fiklikleri yapabilecektir. Proje y\u00f6neticinizin kim &hellip; Read More","og_url":"https:\/\/crane.ist\/tr\/turna-kullanim-kilavuzu\/kullanici-ayarlari-nasil-yapilir\/","og_site_name":"Crane","article_modified_time":"2020-11-22T11:51:11+00:00","twitter_card":"summary_large_image","schema":{"@context":"https:\/\/schema.org","@graph":[{"@type":"WebPage","@id":"https:\/\/crane.ist\/tr\/turna-kullanim-kilavuzu\/kullanici-ayarlari-nasil-yapilir\/","url":"https:\/\/crane.ist\/tr\/turna-kullanim-kilavuzu\/kullanici-ayarlari-nasil-yapilir\/","name":"Kullan\u0131c\u0131 ayarlar\u0131 nas\u0131l yap\u0131l\u0131r? | Crane","isPartOf":{"@id":"https:\/\/crane.ist\/#website"},"datePublished":"2020-11-22T11:51:07+00:00","dateModified":"2020-11-22T11:51:11+00:00","breadcrumb":{"@id":"https:\/\/crane.ist\/tr\/turna-kullanim-kilavuzu\/kullanici-ayarlari-nasil-yapilir\/#breadcrumb"},"inLanguage":"tr","potentialAction":[{"@type":"ReadAction","target":["https:\/\/crane.ist\/tr\/turna-kullanim-kilavuzu\/kullanici-ayarlari-nasil-yapilir\/"]}]},{"@type":"BreadcrumbList","@id":"https:\/\/crane.ist\/tr\/turna-kullanim-kilavuzu\/kullanici-ayarlari-nasil-yapilir\/#breadcrumb","itemListElement":[{"@type":"ListItem","position":1,"name":"Home","item":"https:\/\/crane.ist\/tr\/"},{"@type":"ListItem","position":2,"name":"Turna Kullan\u0131m K\u0131lavuzu","item":"https:\/\/crane.ist\/tr\/turna-kullanim-kilavuzu\/"},{"@type":"ListItem","position":3,"name":"Kullan\u0131c\u0131 ayarlar\u0131 nas\u0131l yap\u0131l\u0131r?"}]},{"@type":"WebSite","@id":"https:\/\/crane.ist\/#website","url":"https:\/\/crane.ist\/","name":"Crane","description":"App of the Field","publisher":{"@id":"https:\/\/crane.ist\/#organization"},"potentialAction":[{"@type":"SearchAction","target":{"@type":"EntryPoint","urlTemplate":"https:\/\/crane.ist\/?s={search_term_string}"},"query-input":{"@type":"PropertyValueSpecification","valueRequired":true,"valueName":"search_term_string"}}],"inLanguage":"tr"},{"@type":"Organization","@id":"https:\/\/crane.ist\/#organization","name":"Crane","url":"https:\/\/crane.ist\/","logo":{"@type":"ImageObject","inLanguage":"tr","@id":"https:\/\/crane.ist\/#\/schema\/logo\/image\/","url":"https:\/\/crane.ist\/wp-content\/uploads\/2020\/06\/logo3.png","contentUrl":"https:\/\/crane.ist\/wp-content\/uploads\/2020\/06\/logo3.png","width":932,"height":266,"caption":"Crane"},"image":{"@id":"https:\/\/crane.ist\/#\/schema\/logo\/image\/"}}]}},"_links":{"self":[{"href":"https:\/\/crane.ist\/tr\/wp-json\/wp\/v2\/pages\/872","targetHints":{"allow":["GET"]}}],"collection":[{"href":"https:\/\/crane.ist\/tr\/wp-json\/wp\/v2\/pages"}],"about":[{"href":"https:\/\/crane.ist\/tr\/wp-json\/wp\/v2\/types\/page"}],"author":[{"embeddable":true,"href":"https:\/\/crane.ist\/tr\/wp-json\/wp\/v2\/users\/1"}],"replies":[{"embeddable":true,"href":"https:\/\/crane.ist\/tr\/wp-json\/wp\/v2\/comments?post=872"}],"version-history":[{"count":4,"href":"https:\/\/crane.ist\/tr\/wp-json\/wp\/v2\/pages\/872\/revisions"}],"predecessor-version":[{"id":876,"href":"https:\/\/crane.ist\/tr\/wp-json\/wp\/v2\/pages\/872\/revisions\/876"}],"up":[{"embeddable":true,"href":"https:\/\/crane.ist\/tr\/wp-json\/wp\/v2\/pages\/848"}],"wp:attachment":[{"href":"https:\/\/crane.ist\/tr\/wp-json\/wp\/v2\/media?parent=872"}],"curies":[{"name":"wp","href":"https:\/\/api.w.org\/{rel}","templated":true}]}}