{"id":868,"date":"2020-11-22T11:49:04","date_gmt":"2020-11-22T11:49:04","guid":{"rendered":"https:\/\/crane.ist\/turna-kullanim-kilavuzu\/dil-ayarlari-nasil-yapilir\/"},"modified":"2020-11-22T11:49:11","modified_gmt":"2020-11-22T11:49:11","slug":"dil-ayarlari-nasil-yapilir","status":"publish","type":"page","link":"https:\/\/crane.ist\/tr\/turna-kullanim-kilavuzu\/dil-ayarlari-nasil-yapilir\/","title":{"rendered":"Dil ayarlar\u0131 nas\u0131l yap\u0131l\u0131r?"},"content":{"rendered":"\t\t<div data-elementor-type=\"wp-page\" data-elementor-id=\"868\" class=\"elementor elementor-868 elementor-746\" data-elementor-post-type=\"page\">\n\t\t\t\t\t\t<section class=\"elementor-section elementor-top-section elementor-element elementor-element-57586276 elementor-section-boxed elementor-section-height-default elementor-section-height-default\" data-id=\"57586276\" data-element_type=\"section\">\n\t\t\t\t\t\t<div class=\"elementor-container elementor-column-gap-default\">\n\t\t\t\t\t<div class=\"elementor-column elementor-col-100 elementor-top-column elementor-element elementor-element-1ca51d72\" data-id=\"1ca51d72\" data-element_type=\"column\">\n\t\t\t<div class=\"elementor-widget-wrap elementor-element-populated\">\n\t\t\t\t\t\t<div class=\"elementor-element elementor-element-52a707c3 elementor-widget elementor-widget-heading\" data-id=\"52a707c3\" data-element_type=\"widget\" data-widget_type=\"heading.default\">\n\t\t\t\t<div class=\"elementor-widget-container\">\n\t\t\t\t\t<h1 class=\"elementor-heading-title elementor-size-default\">Dil ayarlar\u0131 nas\u0131l yap\u0131l\u0131r?<\/h1>\t\t\t\t<\/div>\n\t\t\t\t<\/div>\n\t\t\t\t<div class=\"elementor-element elementor-element-4dec830a elementor-widget elementor-widget-breadcrumbs\" data-id=\"4dec830a\" data-element_type=\"widget\" data-widget_type=\"breadcrumbs.default\">\n\t\t\t\t<div class=\"elementor-widget-container\">\n\t\t\t\t\t<p id=\"breadcrumbs\"><span><span><a href=\"https:\/\/crane.ist\/tr\/\">Home<\/a><\/span><\/span><\/p>\t\t\t\t<\/div>\n\t\t\t\t<\/div>\n\t\t\t\t<div class=\"elementor-element elementor-element-1ccfb572 elementor-widget-divider--view-line elementor-widget elementor-widget-divider\" data-id=\"1ccfb572\" data-element_type=\"widget\" data-widget_type=\"divider.default\">\n\t\t\t\t<div class=\"elementor-widget-container\">\n\t\t\t\t\t\t\t<div class=\"elementor-divider\">\n\t\t\t<span class=\"elementor-divider-separator\">\n\t\t\t\t\t\t<\/span>\n\t\t<\/div>\n\t\t\t\t\t\t<\/div>\n\t\t\t\t<\/div>\n\t\t\t\t\t<\/div>\n\t\t<\/div>\n\t\t\t\t\t<\/div>\n\t\t<\/section>\n\t\t\t\t<section class=\"elementor-section elementor-top-section elementor-element elementor-element-26a24c1e elementor-section-boxed elementor-section-height-default elementor-section-height-default\" data-id=\"26a24c1e\" data-element_type=\"section\">\n\t\t\t\t\t\t<div class=\"elementor-container elementor-column-gap-default\">\n\t\t\t\t\t<div class=\"elementor-column elementor-col-100 elementor-top-column elementor-element elementor-element-2c716ddc\" data-id=\"2c716ddc\" data-element_type=\"column\">\n\t\t\t<div class=\"elementor-widget-wrap elementor-element-populated\">\n\t\t\t\t\t\t<div class=\"elementor-element elementor-element-6c67f513 elementor-widget elementor-widget-text-editor\" data-id=\"6c67f513\" data-element_type=\"widget\" data-widget_type=\"text-editor.default\">\n\t\t\t\t<div class=\"elementor-widget-container\">\n\t\t\t\t\t\t\t\t\t<p>Dil tercihlerinizi ana ekran\u0131n\u0131zda ayarlayabilirsiniz. \u015eu anda, Crane&#8217;de mevcut olan diller \u0130ngilizce ve T\u00fcrk\u00e7e&#8217;dir.<\/p>\n<p>Dil tercihlerinizi ana ekran\u0131n\u0131zda ayarlayabilirsiniz. \u015eu anda, Crane&#8217;de mevcut olan diller \u0130ngilizce ve T\u00fcrk\u00e7e&#8217;dir.<\/p>\n\t\t\t\t\t\t\t\t<\/div>\n\t\t\t\t<\/div>\n\t\t\t\t<div class=\"elementor-element elementor-element-51e0f56 elementor-widget elementor-widget-image\" data-id=\"51e0f56\" data-element_type=\"widget\" data-widget_type=\"image.default\">\n\t\t\t\t<div class=\"elementor-widget-container\">\n\t\t\t\t\t\t\t\t\t\t\t\t\t\t\t<img fetchpriority=\"high\" decoding=\"async\" width=\"936\" height=\"768\" src=\"https:\/\/crane.ist\/wp-content\/uploads\/2020\/11\/crane_help_center_5.jpg\" class=\"attachment-large size-large wp-image-748\" alt=\"\" srcset=\"https:\/\/crane.ist\/wp-content\/uploads\/2020\/11\/crane_help_center_5.jpg 936w, https:\/\/crane.ist\/wp-content\/uploads\/2020\/11\/crane_help_center_5-300x246.jpg 300w, https:\/\/crane.ist\/wp-content\/uploads\/2020\/11\/crane_help_center_5-768x630.jpg 768w, https:\/\/crane.ist\/wp-content\/uploads\/2020\/11\/crane_help_center_5-67x55.jpg 67w, https:\/\/crane.ist\/wp-content\/uploads\/2020\/11\/crane_help_center_5-98x80.jpg 98w, https:\/\/crane.ist\/wp-content\/uploads\/2020\/11\/crane_help_center_5-369x303.jpg 369w, https:\/\/crane.ist\/wp-content\/uploads\/2020\/11\/crane_help_center_5-853x700.jpg 853w\" sizes=\"(max-width: 936px) 100vw, 936px\" \/>\t\t\t\t\t\t\t\t\t\t\t\t\t\t\t<\/div>\n\t\t\t\t<\/div>\n\t\t\t\t\t<\/div>\n\t\t<\/div>\n\t\t\t\t\t<\/div>\n\t\t<\/section>\n\t\t\t\t<\/div>\n\t\t","protected":false},"excerpt":{"rendered":"<p>Dil tercihlerinizi ana ekran\u0131n\u0131zda ayarlayabilirsiniz. \u015eu anda, Crane&#8217;de mevcut olan diller \u0130ngilizce ve T\u00fcrk\u00e7e&#8217;dir. Dil tercihlerinizi ana ekran\u0131n\u0131zda ayarlayabilirsiniz. \u015eu anda, Crane&#8217;de mevcut olan diller \u0130ngilizce ve T\u00fcrk\u00e7e&#8217;dir.<\/p>\n","protected":false},"author":1,"featured_media":0,"parent":848,"menu_order":0,"comment_status":"closed","ping_status":"closed","template":"","meta":{"footnotes":""},"class_list":["post-868","page","type-page","status-publish","hentry"],"yoast_head":"<!-- This site is optimized with the Yoast SEO plugin v24.3 - https:\/\/yoast.com\/wordpress\/plugins\/seo\/ -->\n<title>Dil ayarlar\u0131 nas\u0131l yap\u0131l\u0131r? | Crane<\/title>\n<meta name=\"robots\" content=\"index, follow, max-snippet:-1, max-image-preview:large, max-video-preview:-1\" \/>\n<link rel=\"canonical\" href=\"https:\/\/crane.ist\/tr\/turna-kullanim-kilavuzu\/dil-ayarlari-nasil-yapilir\/\" \/>\n<meta property=\"og:locale\" content=\"tr_TR\" \/>\n<meta property=\"og:type\" content=\"article\" \/>\n<meta property=\"og:title\" content=\"Dil ayarlar\u0131 nas\u0131l yap\u0131l\u0131r? | Crane\" \/>\n<meta property=\"og:description\" content=\"Dil tercihlerinizi ana ekran\u0131n\u0131zda ayarlayabilirsiniz. \u015eu anda, Crane&#8217;de mevcut olan diller \u0130ngilizce ve T\u00fcrk\u00e7e&#8217;dir. Dil tercihlerinizi ana ekran\u0131n\u0131zda ayarlayabilirsiniz. \u015eu anda, Crane&#8217;de mevcut olan diller \u0130ngilizce ve T\u00fcrk\u00e7e&#8217;dir.\" \/>\n<meta property=\"og:url\" content=\"https:\/\/crane.ist\/tr\/turna-kullanim-kilavuzu\/dil-ayarlari-nasil-yapilir\/\" \/>\n<meta property=\"og:site_name\" content=\"Crane\" \/>\n<meta property=\"article:modified_time\" content=\"2020-11-22T11:49:11+00:00\" \/>\n<meta property=\"og:image\" content=\"https:\/\/crane.ist\/wp-content\/uploads\/2020\/11\/crane_help_center_5.jpg\" \/>\n<meta name=\"twitter:card\" content=\"summary_large_image\" \/>\n<script type=\"application\/ld+json\" class=\"yoast-schema-graph\">{\"@context\":\"https:\/\/schema.org\",\"@graph\":[{\"@type\":\"WebPage\",\"@id\":\"https:\/\/crane.ist\/tr\/turna-kullanim-kilavuzu\/dil-ayarlari-nasil-yapilir\/\",\"url\":\"https:\/\/crane.ist\/tr\/turna-kullanim-kilavuzu\/dil-ayarlari-nasil-yapilir\/\",\"name\":\"Dil ayarlar\u0131 nas\u0131l yap\u0131l\u0131r? | Crane\",\"isPartOf\":{\"@id\":\"https:\/\/crane.ist\/#website\"},\"primaryImageOfPage\":{\"@id\":\"https:\/\/crane.ist\/tr\/turna-kullanim-kilavuzu\/dil-ayarlari-nasil-yapilir\/#primaryimage\"},\"image\":{\"@id\":\"https:\/\/crane.ist\/tr\/turna-kullanim-kilavuzu\/dil-ayarlari-nasil-yapilir\/#primaryimage\"},\"thumbnailUrl\":\"https:\/\/crane.ist\/wp-content\/uploads\/2020\/11\/crane_help_center_5.jpg\",\"datePublished\":\"2020-11-22T11:49:04+00:00\",\"dateModified\":\"2020-11-22T11:49:11+00:00\",\"breadcrumb\":{\"@id\":\"https:\/\/crane.ist\/tr\/turna-kullanim-kilavuzu\/dil-ayarlari-nasil-yapilir\/#breadcrumb\"},\"inLanguage\":\"tr\",\"potentialAction\":[{\"@type\":\"ReadAction\",\"target\":[\"https:\/\/crane.ist\/tr\/turna-kullanim-kilavuzu\/dil-ayarlari-nasil-yapilir\/\"]}]},{\"@type\":\"ImageObject\",\"inLanguage\":\"tr\",\"@id\":\"https:\/\/crane.ist\/tr\/turna-kullanim-kilavuzu\/dil-ayarlari-nasil-yapilir\/#primaryimage\",\"url\":\"https:\/\/crane.ist\/wp-content\/uploads\/2020\/11\/crane_help_center_5.jpg\",\"contentUrl\":\"https:\/\/crane.ist\/wp-content\/uploads\/2020\/11\/crane_help_center_5.jpg\"},{\"@type\":\"BreadcrumbList\",\"@id\":\"https:\/\/crane.ist\/tr\/turna-kullanim-kilavuzu\/dil-ayarlari-nasil-yapilir\/#breadcrumb\",\"itemListElement\":[{\"@type\":\"ListItem\",\"position\":1,\"name\":\"Home\",\"item\":\"https:\/\/crane.ist\/tr\/\"},{\"@type\":\"ListItem\",\"position\":2,\"name\":\"Turna Kullan\u0131m K\u0131lavuzu\",\"item\":\"https:\/\/crane.ist\/tr\/turna-kullanim-kilavuzu\/\"},{\"@type\":\"ListItem\",\"position\":3,\"name\":\"Dil ayarlar\u0131 nas\u0131l yap\u0131l\u0131r?\"}]},{\"@type\":\"WebSite\",\"@id\":\"https:\/\/crane.ist\/#website\",\"url\":\"https:\/\/crane.ist\/\",\"name\":\"Crane\",\"description\":\"App of the Field\",\"publisher\":{\"@id\":\"https:\/\/crane.ist\/#organization\"},\"potentialAction\":[{\"@type\":\"SearchAction\",\"target\":{\"@type\":\"EntryPoint\",\"urlTemplate\":\"https:\/\/crane.ist\/?s={search_term_string}\"},\"query-input\":{\"@type\":\"PropertyValueSpecification\",\"valueRequired\":true,\"valueName\":\"search_term_string\"}}],\"inLanguage\":\"tr\"},{\"@type\":\"Organization\",\"@id\":\"https:\/\/crane.ist\/#organization\",\"name\":\"Crane\",\"url\":\"https:\/\/crane.ist\/\",\"logo\":{\"@type\":\"ImageObject\",\"inLanguage\":\"tr\",\"@id\":\"https:\/\/crane.ist\/#\/schema\/logo\/image\/\",\"url\":\"https:\/\/crane.ist\/wp-content\/uploads\/2020\/06\/logo3.png\",\"contentUrl\":\"https:\/\/crane.ist\/wp-content\/uploads\/2020\/06\/logo3.png\",\"width\":932,\"height\":266,\"caption\":\"Crane\"},\"image\":{\"@id\":\"https:\/\/crane.ist\/#\/schema\/logo\/image\/\"}}]}<\/script>\n<!-- \/ Yoast SEO plugin. -->","yoast_head_json":{"title":"Dil ayarlar\u0131 nas\u0131l yap\u0131l\u0131r? | Crane","robots":{"index":"index","follow":"follow","max-snippet":"max-snippet:-1","max-image-preview":"max-image-preview:large","max-video-preview":"max-video-preview:-1"},"canonical":"https:\/\/crane.ist\/tr\/turna-kullanim-kilavuzu\/dil-ayarlari-nasil-yapilir\/","og_locale":"tr_TR","og_type":"article","og_title":"Dil ayarlar\u0131 nas\u0131l yap\u0131l\u0131r? | Crane","og_description":"Dil tercihlerinizi ana ekran\u0131n\u0131zda ayarlayabilirsiniz. \u015eu anda, Crane&#8217;de mevcut olan diller \u0130ngilizce ve T\u00fcrk\u00e7e&#8217;dir. Dil tercihlerinizi ana ekran\u0131n\u0131zda ayarlayabilirsiniz. \u015eu anda, Crane&#8217;de mevcut olan diller \u0130ngilizce ve T\u00fcrk\u00e7e&#8217;dir.","og_url":"https:\/\/crane.ist\/tr\/turna-kullanim-kilavuzu\/dil-ayarlari-nasil-yapilir\/","og_site_name":"Crane","article_modified_time":"2020-11-22T11:49:11+00:00","og_image":[{"url":"https:\/\/crane.ist\/wp-content\/uploads\/2020\/11\/crane_help_center_5.jpg","type":"","width":"","height":""}],"twitter_card":"summary_large_image","schema":{"@context":"https:\/\/schema.org","@graph":[{"@type":"WebPage","@id":"https:\/\/crane.ist\/tr\/turna-kullanim-kilavuzu\/dil-ayarlari-nasil-yapilir\/","url":"https:\/\/crane.ist\/tr\/turna-kullanim-kilavuzu\/dil-ayarlari-nasil-yapilir\/","name":"Dil ayarlar\u0131 nas\u0131l yap\u0131l\u0131r? | Crane","isPartOf":{"@id":"https:\/\/crane.ist\/#website"},"primaryImageOfPage":{"@id":"https:\/\/crane.ist\/tr\/turna-kullanim-kilavuzu\/dil-ayarlari-nasil-yapilir\/#primaryimage"},"image":{"@id":"https:\/\/crane.ist\/tr\/turna-kullanim-kilavuzu\/dil-ayarlari-nasil-yapilir\/#primaryimage"},"thumbnailUrl":"https:\/\/crane.ist\/wp-content\/uploads\/2020\/11\/crane_help_center_5.jpg","datePublished":"2020-11-22T11:49:04+00:00","dateModified":"2020-11-22T11:49:11+00:00","breadcrumb":{"@id":"https:\/\/crane.ist\/tr\/turna-kullanim-kilavuzu\/dil-ayarlari-nasil-yapilir\/#breadcrumb"},"inLanguage":"tr","potentialAction":[{"@type":"ReadAction","target":["https:\/\/crane.ist\/tr\/turna-kullanim-kilavuzu\/dil-ayarlari-nasil-yapilir\/"]}]},{"@type":"ImageObject","inLanguage":"tr","@id":"https:\/\/crane.ist\/tr\/turna-kullanim-kilavuzu\/dil-ayarlari-nasil-yapilir\/#primaryimage","url":"https:\/\/crane.ist\/wp-content\/uploads\/2020\/11\/crane_help_center_5.jpg","contentUrl":"https:\/\/crane.ist\/wp-content\/uploads\/2020\/11\/crane_help_center_5.jpg"},{"@type":"BreadcrumbList","@id":"https:\/\/crane.ist\/tr\/turna-kullanim-kilavuzu\/dil-ayarlari-nasil-yapilir\/#breadcrumb","itemListElement":[{"@type":"ListItem","position":1,"name":"Home","item":"https:\/\/crane.ist\/tr\/"},{"@type":"ListItem","position":2,"name":"Turna Kullan\u0131m K\u0131lavuzu","item":"https:\/\/crane.ist\/tr\/turna-kullanim-kilavuzu\/"},{"@type":"ListItem","position":3,"name":"Dil ayarlar\u0131 nas\u0131l yap\u0131l\u0131r?"}]},{"@type":"WebSite","@id":"https:\/\/crane.ist\/#website","url":"https:\/\/crane.ist\/","name":"Crane","description":"App of the Field","publisher":{"@id":"https:\/\/crane.ist\/#organization"},"potentialAction":[{"@type":"SearchAction","target":{"@type":"EntryPoint","urlTemplate":"https:\/\/crane.ist\/?s={search_term_string}"},"query-input":{"@type":"PropertyValueSpecification","valueRequired":true,"valueName":"search_term_string"}}],"inLanguage":"tr"},{"@type":"Organization","@id":"https:\/\/crane.ist\/#organization","name":"Crane","url":"https:\/\/crane.ist\/","logo":{"@type":"ImageObject","inLanguage":"tr","@id":"https:\/\/crane.ist\/#\/schema\/logo\/image\/","url":"https:\/\/crane.ist\/wp-content\/uploads\/2020\/06\/logo3.png","contentUrl":"https:\/\/crane.ist\/wp-content\/uploads\/2020\/06\/logo3.png","width":932,"height":266,"caption":"Crane"},"image":{"@id":"https:\/\/crane.ist\/#\/schema\/logo\/image\/"}}]}},"_links":{"self":[{"href":"https:\/\/crane.ist\/tr\/wp-json\/wp\/v2\/pages\/868","targetHints":{"allow":["GET"]}}],"collection":[{"href":"https:\/\/crane.ist\/tr\/wp-json\/wp\/v2\/pages"}],"about":[{"href":"https:\/\/crane.ist\/tr\/wp-json\/wp\/v2\/types\/page"}],"author":[{"embeddable":true,"href":"https:\/\/crane.ist\/tr\/wp-json\/wp\/v2\/users\/1"}],"replies":[{"embeddable":true,"href":"https:\/\/crane.ist\/tr\/wp-json\/wp\/v2\/comments?post=868"}],"version-history":[{"count":2,"href":"https:\/\/crane.ist\/tr\/wp-json\/wp\/v2\/pages\/868\/revisions"}],"predecessor-version":[{"id":870,"href":"https:\/\/crane.ist\/tr\/wp-json\/wp\/v2\/pages\/868\/revisions\/870"}],"up":[{"embeddable":true,"href":"https:\/\/crane.ist\/tr\/wp-json\/wp\/v2\/pages\/848"}],"wp:attachment":[{"href":"https:\/\/crane.ist\/tr\/wp-json\/wp\/v2\/media?parent=868"}],"curies":[{"name":"wp","href":"https:\/\/api.w.org\/{rel}","templated":true}]}}