{"id":864,"date":"2020-11-22T11:47:08","date_gmt":"2020-11-22T11:47:08","guid":{"rendered":"https:\/\/crane.ist\/turna-kullanim-kilavuzu\/turnaya-web-ve-mobil-uzerinden-nasil-erisilir\/"},"modified":"2020-11-22T11:47:14","modified_gmt":"2020-11-22T11:47:14","slug":"turnaya-web-ve-mobil-uzerinden-nasil-erisilir","status":"publish","type":"page","link":"https:\/\/crane.ist\/tr\/turna-kullanim-kilavuzu\/turnaya-web-ve-mobil-uzerinden-nasil-erisilir\/","title":{"rendered":"Turna&#8217;ya Web ve Mobil \u00dczerinden Nas\u0131l Eri\u015filir?"},"content":{"rendered":"\t\t<div data-elementor-type=\"wp-page\" data-elementor-id=\"864\" class=\"elementor elementor-864 elementor-717\" data-elementor-post-type=\"page\">\n\t\t\t\t\t\t<section class=\"elementor-section elementor-top-section elementor-element elementor-element-2b2d859f elementor-section-boxed elementor-section-height-default elementor-section-height-default\" data-id=\"2b2d859f\" data-element_type=\"section\">\n\t\t\t\t\t\t<div class=\"elementor-container elementor-column-gap-default\">\n\t\t\t\t\t<div class=\"elementor-column elementor-col-100 elementor-top-column elementor-element elementor-element-3e2dba7f\" data-id=\"3e2dba7f\" data-element_type=\"column\">\n\t\t\t<div class=\"elementor-widget-wrap elementor-element-populated\">\n\t\t\t\t\t\t<div class=\"elementor-element elementor-element-258f4ec5 elementor-widget elementor-widget-heading\" data-id=\"258f4ec5\" data-element_type=\"widget\" data-widget_type=\"heading.default\">\n\t\t\t\t<div class=\"elementor-widget-container\">\n\t\t\t\t\t<h1 class=\"elementor-heading-title elementor-size-default\">Turna&#8217;ya Web ve Mobil \u00dczerinden Nas\u0131l Eri\u015filir?<\/h1>\t\t\t\t<\/div>\n\t\t\t\t<\/div>\n\t\t\t\t<div class=\"elementor-element elementor-element-3fb4604f elementor-widget elementor-widget-breadcrumbs\" data-id=\"3fb4604f\" data-element_type=\"widget\" data-widget_type=\"breadcrumbs.default\">\n\t\t\t\t<div class=\"elementor-widget-container\">\n\t\t\t\t\t<p id=\"breadcrumbs\"><span><span><a href=\"https:\/\/crane.ist\/tr\/\">Home<\/a><\/span><\/span><\/p>\t\t\t\t<\/div>\n\t\t\t\t<\/div>\n\t\t\t\t<div class=\"elementor-element elementor-element-735424f4 elementor-widget-divider--view-line elementor-widget elementor-widget-divider\" data-id=\"735424f4\" data-element_type=\"widget\" data-widget_type=\"divider.default\">\n\t\t\t\t<div class=\"elementor-widget-container\">\n\t\t\t\t\t\t\t<div class=\"elementor-divider\">\n\t\t\t<span class=\"elementor-divider-separator\">\n\t\t\t\t\t\t<\/span>\n\t\t<\/div>\n\t\t\t\t\t\t<\/div>\n\t\t\t\t<\/div>\n\t\t\t\t\t<\/div>\n\t\t<\/div>\n\t\t\t\t\t<\/div>\n\t\t<\/section>\n\t\t\t\t<section class=\"elementor-section elementor-top-section elementor-element elementor-element-3262512 elementor-section-boxed elementor-section-height-default elementor-section-height-default\" data-id=\"3262512\" data-element_type=\"section\">\n\t\t\t\t\t\t<div class=\"elementor-container elementor-column-gap-default\">\n\t\t\t\t\t<div class=\"elementor-column elementor-col-100 elementor-top-column elementor-element elementor-element-ce12f90\" data-id=\"ce12f90\" data-element_type=\"column\">\n\t\t\t<div class=\"elementor-widget-wrap elementor-element-populated\">\n\t\t\t\t\t\t<div class=\"elementor-element elementor-element-4d5de5f9 elementor-widget elementor-widget-text-editor\" data-id=\"4d5de5f9\" data-element_type=\"widget\" data-widget_type=\"text-editor.default\">\n\t\t\t\t<div class=\"elementor-widget-container\">\n\t\t\t\t\t\t\t\t\t<h2>Turna&#8217;ya Web&#8217;den Eri\u015fin<\/h2>\n<p>Bilgisayar\u0131n\u0131zda Turna&#8217;ya eri\u015fmek i\u00e7in herhangi bir yaz\u0131l\u0131m indirmenize gerek yoktur. T\u00fcm verilerinize bulut \u00fczerinden eri\u015filebilir. Bir web taray\u0131c\u0131s\u0131nda Turna&#8217;ya giri\u015f yapmak i\u00e7in a\u015fa\u011f\u0131daki ba\u011flant\u0131y\u0131 ziyaret edin: <strong><em><a href=\"#\">&lt;web login link&gt;<\/a><\/em><\/strong><\/p>\n\t\t\t\t\t\t\t\t<\/div>\n\t\t\t\t<\/div>\n\t\t\t\t<div class=\"elementor-element elementor-element-16f247e0 elementor-widget elementor-widget-text-editor\" data-id=\"16f247e0\" data-element_type=\"widget\" data-widget_type=\"text-editor.default\">\n\t\t\t\t<div class=\"elementor-widget-container\">\n\t\t\t\t\t\t\t\t\t<h2>Turna&#8217;ya Mobilden Eri\u015fin<\/h2>\n<p>Turna&#8217;y\u0131 bir mobil cihazda a\u00e7mak i\u00e7in, mobil cihaz\u0131n\u0131z\u0131n i\u015fletim sistemine ba\u011fl\u0131 olarak a\u015fa\u011f\u0131daki ba\u011flant\u0131lardan birinden Crane&#8217;i indirin:<\/p>\n<ul>\n<li>Android i\u00e7in Turna&#8217;y\u0131 \u0130ndirin<\/li>\n<li>iPhone ve iPad i\u00e7in Turna&#8217;y\u0131 \u0130ndirin<\/li>\n<\/ul>\n\t\t\t\t\t\t\t\t<\/div>\n\t\t\t\t<\/div>\n\t\t\t\t\t<\/div>\n\t\t<\/div>\n\t\t\t\t\t<\/div>\n\t\t<\/section>\n\t\t\t\t<\/div>\n\t\t","protected":false},"excerpt":{"rendered":"<p>Turna&#8217;ya Web&#8217;den Eri\u015fin Bilgisayar\u0131n\u0131zda Turna&#8217;ya eri\u015fmek i\u00e7in herhangi bir yaz\u0131l\u0131m indirmenize gerek yoktur. T\u00fcm verilerinize bulut \u00fczerinden eri\u015filebilir. Bir web taray\u0131c\u0131s\u0131nda Turna&#8217;ya giri\u015f yapmak i\u00e7in a\u015fa\u011f\u0131daki ba\u011flant\u0131y\u0131 ziyaret edin: &lt;web login link&gt; Turna&#8217;ya Mobilden Eri\u015fin Turna&#8217;y\u0131 bir mobil cihazda a\u00e7mak &hellip; <a href=\"https:\/\/crane.ist\/tr\/turna-kullanim-kilavuzu\/turnaya-web-ve-mobil-uzerinden-nasil-erisilir\/\">Read More<\/a><\/p>\n","protected":false},"author":1,"featured_media":0,"parent":848,"menu_order":0,"comment_status":"closed","ping_status":"closed","template":"","meta":{"footnotes":""},"class_list":["post-864","page","type-page","status-publish","hentry"],"yoast_head":"<!-- This site is optimized with the Yoast SEO plugin v24.3 - https:\/\/yoast.com\/wordpress\/plugins\/seo\/ -->\n<title>Turna&#039;ya Web ve Mobil \u00dczerinden Nas\u0131l Eri\u015filir? | Crane<\/title>\n<meta name=\"robots\" content=\"index, follow, max-snippet:-1, max-image-preview:large, max-video-preview:-1\" \/>\n<link rel=\"canonical\" href=\"https:\/\/crane.ist\/tr\/turna-kullanim-kilavuzu\/turnaya-web-ve-mobil-uzerinden-nasil-erisilir\/\" \/>\n<meta property=\"og:locale\" content=\"tr_TR\" \/>\n<meta property=\"og:type\" content=\"article\" \/>\n<meta property=\"og:title\" content=\"Turna&#039;ya Web ve Mobil \u00dczerinden Nas\u0131l Eri\u015filir? | Crane\" \/>\n<meta property=\"og:description\" content=\"Turna&#8217;ya Web&#8217;den Eri\u015fin Bilgisayar\u0131n\u0131zda Turna&#8217;ya eri\u015fmek i\u00e7in herhangi bir yaz\u0131l\u0131m indirmenize gerek yoktur. T\u00fcm verilerinize bulut \u00fczerinden eri\u015filebilir. Bir web taray\u0131c\u0131s\u0131nda Turna&#8217;ya giri\u015f yapmak i\u00e7in a\u015fa\u011f\u0131daki ba\u011flant\u0131y\u0131 ziyaret edin: &lt;web login link&gt; Turna&#8217;ya Mobilden Eri\u015fin Turna&#8217;y\u0131 bir mobil cihazda a\u00e7mak &hellip; Read More\" \/>\n<meta property=\"og:url\" content=\"https:\/\/crane.ist\/tr\/turna-kullanim-kilavuzu\/turnaya-web-ve-mobil-uzerinden-nasil-erisilir\/\" \/>\n<meta property=\"og:site_name\" content=\"Crane\" \/>\n<meta property=\"article:modified_time\" content=\"2020-11-22T11:47:14+00:00\" \/>\n<meta name=\"twitter:card\" content=\"summary_large_image\" \/>\n<script type=\"application\/ld+json\" class=\"yoast-schema-graph\">{\"@context\":\"https:\/\/schema.org\",\"@graph\":[{\"@type\":\"WebPage\",\"@id\":\"https:\/\/crane.ist\/tr\/turna-kullanim-kilavuzu\/turnaya-web-ve-mobil-uzerinden-nasil-erisilir\/\",\"url\":\"https:\/\/crane.ist\/tr\/turna-kullanim-kilavuzu\/turnaya-web-ve-mobil-uzerinden-nasil-erisilir\/\",\"name\":\"Turna'ya Web ve Mobil \u00dczerinden Nas\u0131l Eri\u015filir? | Crane\",\"isPartOf\":{\"@id\":\"https:\/\/crane.ist\/#website\"},\"datePublished\":\"2020-11-22T11:47:08+00:00\",\"dateModified\":\"2020-11-22T11:47:14+00:00\",\"breadcrumb\":{\"@id\":\"https:\/\/crane.ist\/tr\/turna-kullanim-kilavuzu\/turnaya-web-ve-mobil-uzerinden-nasil-erisilir\/#breadcrumb\"},\"inLanguage\":\"tr\",\"potentialAction\":[{\"@type\":\"ReadAction\",\"target\":[\"https:\/\/crane.ist\/tr\/turna-kullanim-kilavuzu\/turnaya-web-ve-mobil-uzerinden-nasil-erisilir\/\"]}]},{\"@type\":\"BreadcrumbList\",\"@id\":\"https:\/\/crane.ist\/tr\/turna-kullanim-kilavuzu\/turnaya-web-ve-mobil-uzerinden-nasil-erisilir\/#breadcrumb\",\"itemListElement\":[{\"@type\":\"ListItem\",\"position\":1,\"name\":\"Home\",\"item\":\"https:\/\/crane.ist\/tr\/\"},{\"@type\":\"ListItem\",\"position\":2,\"name\":\"Turna Kullan\u0131m K\u0131lavuzu\",\"item\":\"https:\/\/crane.ist\/tr\/turna-kullanim-kilavuzu\/\"},{\"@type\":\"ListItem\",\"position\":3,\"name\":\"Turna&#8217;ya Web ve Mobil \u00dczerinden Nas\u0131l Eri\u015filir?\"}]},{\"@type\":\"WebSite\",\"@id\":\"https:\/\/crane.ist\/#website\",\"url\":\"https:\/\/crane.ist\/\",\"name\":\"Crane\",\"description\":\"App of the Field\",\"publisher\":{\"@id\":\"https:\/\/crane.ist\/#organization\"},\"potentialAction\":[{\"@type\":\"SearchAction\",\"target\":{\"@type\":\"EntryPoint\",\"urlTemplate\":\"https:\/\/crane.ist\/?s={search_term_string}\"},\"query-input\":{\"@type\":\"PropertyValueSpecification\",\"valueRequired\":true,\"valueName\":\"search_term_string\"}}],\"inLanguage\":\"tr\"},{\"@type\":\"Organization\",\"@id\":\"https:\/\/crane.ist\/#organization\",\"name\":\"Crane\",\"url\":\"https:\/\/crane.ist\/\",\"logo\":{\"@type\":\"ImageObject\",\"inLanguage\":\"tr\",\"@id\":\"https:\/\/crane.ist\/#\/schema\/logo\/image\/\",\"url\":\"https:\/\/crane.ist\/wp-content\/uploads\/2020\/06\/logo3.png\",\"contentUrl\":\"https:\/\/crane.ist\/wp-content\/uploads\/2020\/06\/logo3.png\",\"width\":932,\"height\":266,\"caption\":\"Crane\"},\"image\":{\"@id\":\"https:\/\/crane.ist\/#\/schema\/logo\/image\/\"}}]}<\/script>\n<!-- \/ Yoast SEO plugin. -->","yoast_head_json":{"title":"Turna'ya Web ve Mobil \u00dczerinden Nas\u0131l Eri\u015filir? | Crane","robots":{"index":"index","follow":"follow","max-snippet":"max-snippet:-1","max-image-preview":"max-image-preview:large","max-video-preview":"max-video-preview:-1"},"canonical":"https:\/\/crane.ist\/tr\/turna-kullanim-kilavuzu\/turnaya-web-ve-mobil-uzerinden-nasil-erisilir\/","og_locale":"tr_TR","og_type":"article","og_title":"Turna'ya Web ve Mobil \u00dczerinden Nas\u0131l Eri\u015filir? | Crane","og_description":"Turna&#8217;ya Web&#8217;den Eri\u015fin Bilgisayar\u0131n\u0131zda Turna&#8217;ya eri\u015fmek i\u00e7in herhangi bir yaz\u0131l\u0131m indirmenize gerek yoktur. T\u00fcm verilerinize bulut \u00fczerinden eri\u015filebilir. Bir web taray\u0131c\u0131s\u0131nda Turna&#8217;ya giri\u015f yapmak i\u00e7in a\u015fa\u011f\u0131daki ba\u011flant\u0131y\u0131 ziyaret edin: &lt;web login link&gt; Turna&#8217;ya Mobilden Eri\u015fin Turna&#8217;y\u0131 bir mobil cihazda a\u00e7mak &hellip; Read More","og_url":"https:\/\/crane.ist\/tr\/turna-kullanim-kilavuzu\/turnaya-web-ve-mobil-uzerinden-nasil-erisilir\/","og_site_name":"Crane","article_modified_time":"2020-11-22T11:47:14+00:00","twitter_card":"summary_large_image","schema":{"@context":"https:\/\/schema.org","@graph":[{"@type":"WebPage","@id":"https:\/\/crane.ist\/tr\/turna-kullanim-kilavuzu\/turnaya-web-ve-mobil-uzerinden-nasil-erisilir\/","url":"https:\/\/crane.ist\/tr\/turna-kullanim-kilavuzu\/turnaya-web-ve-mobil-uzerinden-nasil-erisilir\/","name":"Turna'ya Web ve Mobil \u00dczerinden Nas\u0131l Eri\u015filir? | Crane","isPartOf":{"@id":"https:\/\/crane.ist\/#website"},"datePublished":"2020-11-22T11:47:08+00:00","dateModified":"2020-11-22T11:47:14+00:00","breadcrumb":{"@id":"https:\/\/crane.ist\/tr\/turna-kullanim-kilavuzu\/turnaya-web-ve-mobil-uzerinden-nasil-erisilir\/#breadcrumb"},"inLanguage":"tr","potentialAction":[{"@type":"ReadAction","target":["https:\/\/crane.ist\/tr\/turna-kullanim-kilavuzu\/turnaya-web-ve-mobil-uzerinden-nasil-erisilir\/"]}]},{"@type":"BreadcrumbList","@id":"https:\/\/crane.ist\/tr\/turna-kullanim-kilavuzu\/turnaya-web-ve-mobil-uzerinden-nasil-erisilir\/#breadcrumb","itemListElement":[{"@type":"ListItem","position":1,"name":"Home","item":"https:\/\/crane.ist\/tr\/"},{"@type":"ListItem","position":2,"name":"Turna Kullan\u0131m K\u0131lavuzu","item":"https:\/\/crane.ist\/tr\/turna-kullanim-kilavuzu\/"},{"@type":"ListItem","position":3,"name":"Turna&#8217;ya Web ve Mobil \u00dczerinden Nas\u0131l Eri\u015filir?"}]},{"@type":"WebSite","@id":"https:\/\/crane.ist\/#website","url":"https:\/\/crane.ist\/","name":"Crane","description":"App of the Field","publisher":{"@id":"https:\/\/crane.ist\/#organization"},"potentialAction":[{"@type":"SearchAction","target":{"@type":"EntryPoint","urlTemplate":"https:\/\/crane.ist\/?s={search_term_string}"},"query-input":{"@type":"PropertyValueSpecification","valueRequired":true,"valueName":"search_term_string"}}],"inLanguage":"tr"},{"@type":"Organization","@id":"https:\/\/crane.ist\/#organization","name":"Crane","url":"https:\/\/crane.ist\/","logo":{"@type":"ImageObject","inLanguage":"tr","@id":"https:\/\/crane.ist\/#\/schema\/logo\/image\/","url":"https:\/\/crane.ist\/wp-content\/uploads\/2020\/06\/logo3.png","contentUrl":"https:\/\/crane.ist\/wp-content\/uploads\/2020\/06\/logo3.png","width":932,"height":266,"caption":"Crane"},"image":{"@id":"https:\/\/crane.ist\/#\/schema\/logo\/image\/"}}]}},"_links":{"self":[{"href":"https:\/\/crane.ist\/tr\/wp-json\/wp\/v2\/pages\/864","targetHints":{"allow":["GET"]}}],"collection":[{"href":"https:\/\/crane.ist\/tr\/wp-json\/wp\/v2\/pages"}],"about":[{"href":"https:\/\/crane.ist\/tr\/wp-json\/wp\/v2\/types\/page"}],"author":[{"embeddable":true,"href":"https:\/\/crane.ist\/tr\/wp-json\/wp\/v2\/users\/1"}],"replies":[{"embeddable":true,"href":"https:\/\/crane.ist\/tr\/wp-json\/wp\/v2\/comments?post=864"}],"version-history":[{"count":2,"href":"https:\/\/crane.ist\/tr\/wp-json\/wp\/v2\/pages\/864\/revisions"}],"predecessor-version":[{"id":866,"href":"https:\/\/crane.ist\/tr\/wp-json\/wp\/v2\/pages\/864\/revisions\/866"}],"up":[{"embeddable":true,"href":"https:\/\/crane.ist\/tr\/wp-json\/wp\/v2\/pages\/848"}],"wp:attachment":[{"href":"https:\/\/crane.ist\/tr\/wp-json\/wp\/v2\/media?parent=864"}],"curies":[{"name":"wp","href":"https:\/\/api.w.org\/{rel}","templated":true}]}}