{"id":857,"date":"2020-11-22T11:41:20","date_gmt":"2020-11-22T11:41:20","guid":{"rendered":"https:\/\/crane.ist\/turna-kullanim-kilavuzu\/form-gonderme-hakkinda-sss\/"},"modified":"2020-11-22T11:41:30","modified_gmt":"2020-11-22T11:41:30","slug":"form-gonderme-hakkinda-sss","status":"publish","type":"page","link":"https:\/\/crane.ist\/tr\/turna-kullanim-kilavuzu\/form-gonderme-hakkinda-sss\/","title":{"rendered":"Form G\u00f6nderme Hakk\u0131nda SSS"},"content":{"rendered":"\t\t<div data-elementor-type=\"wp-page\" data-elementor-id=\"857\" class=\"elementor elementor-857 elementor-813\" data-elementor-post-type=\"page\">\n\t\t\t\t\t\t<section class=\"elementor-section elementor-top-section elementor-element elementor-element-df517cb elementor-section-boxed elementor-section-height-default elementor-section-height-default\" data-id=\"df517cb\" data-element_type=\"section\">\n\t\t\t\t\t\t<div class=\"elementor-container elementor-column-gap-default\">\n\t\t\t\t\t<div class=\"elementor-column elementor-col-100 elementor-top-column elementor-element elementor-element-75298611\" data-id=\"75298611\" data-element_type=\"column\">\n\t\t\t<div class=\"elementor-widget-wrap elementor-element-populated\">\n\t\t\t\t\t\t<div class=\"elementor-element elementor-element-d7b54be elementor-widget elementor-widget-heading\" data-id=\"d7b54be\" data-element_type=\"widget\" data-widget_type=\"heading.default\">\n\t\t\t\t<div class=\"elementor-widget-container\">\n\t\t\t\t\t<h1 class=\"elementor-heading-title elementor-size-default\">Form G\u00f6nderme Hakk\u0131nda SSS<\/h1>\t\t\t\t<\/div>\n\t\t\t\t<\/div>\n\t\t\t\t<div class=\"elementor-element elementor-element-55719b95 elementor-widget elementor-widget-breadcrumbs\" data-id=\"55719b95\" data-element_type=\"widget\" data-widget_type=\"breadcrumbs.default\">\n\t\t\t\t<div class=\"elementor-widget-container\">\n\t\t\t\t\t<p id=\"breadcrumbs\"><span><span><a href=\"https:\/\/crane.ist\/tr\/\">Home<\/a><\/span><\/span><\/p>\t\t\t\t<\/div>\n\t\t\t\t<\/div>\n\t\t\t\t<div class=\"elementor-element elementor-element-5beaac6 elementor-widget-divider--view-line elementor-widget elementor-widget-divider\" data-id=\"5beaac6\" data-element_type=\"widget\" data-widget_type=\"divider.default\">\n\t\t\t\t<div class=\"elementor-widget-container\">\n\t\t\t\t\t\t\t<div class=\"elementor-divider\">\n\t\t\t<span class=\"elementor-divider-separator\">\n\t\t\t\t\t\t<\/span>\n\t\t<\/div>\n\t\t\t\t\t\t<\/div>\n\t\t\t\t<\/div>\n\t\t\t\t\t<\/div>\n\t\t<\/div>\n\t\t\t\t\t<\/div>\n\t\t<\/section>\n\t\t\t\t<section class=\"elementor-section elementor-top-section elementor-element elementor-element-2aad181b elementor-section-boxed elementor-section-height-default elementor-section-height-default\" data-id=\"2aad181b\" data-element_type=\"section\">\n\t\t\t\t\t\t<div class=\"elementor-container elementor-column-gap-default\">\n\t\t\t\t\t<div class=\"elementor-column elementor-col-100 elementor-top-column elementor-element elementor-element-7b75b9e8\" data-id=\"7b75b9e8\" data-element_type=\"column\">\n\t\t\t<div class=\"elementor-widget-wrap elementor-element-populated\">\n\t\t\t\t\t\t<div class=\"elementor-element elementor-element-183cc19a elementor-widget elementor-widget-text-editor\" data-id=\"183cc19a\" data-element_type=\"widget\" data-widget_type=\"text-editor.default\">\n\t\t\t\t<div class=\"elementor-widget-container\">\n\t\t\t\t\t\t\t\t\t<p>Bu sayfa, form g\u00f6ndermeyle ilgili s\u0131k sorulan sorulara baz\u0131 yan\u0131tlar sa\u011flar. Formlar\u0131n nas\u0131l doldurulaca\u011f\u0131na ve g\u00f6nderilece\u011fine ili\u015fkin bir genel bak\u0131\u015f i\u00e7in <a class=\"notion-page-mention-token notion-text-mention-token notion-enable-hover\" contenteditable=\"false\" href=\"https:\/\/crane.ist\/help-center\/how-to-start-a-new-form\/\" data-token-index=\"1\" data-reactroot=\"\"><span class=\"notion-page-mention-token__title\">Yeni bir form nas\u0131l ba\u015flat\u0131l\u0131r<\/span><\/a> sayfas\u0131n\u0131 inceleyin.<\/p>\n\t\t\t\t\t\t\t\t<\/div>\n\t\t\t\t<\/div>\n\t\t\t\t<div class=\"elementor-element elementor-element-5798df8b elementor-widget elementor-widget-text-editor\" data-id=\"5798df8b\" data-element_type=\"widget\" data-widget_type=\"text-editor.default\">\n\t\t\t\t<div class=\"elementor-widget-container\">\n\t\t\t\t\t\t\t\t\t<h3>Formumu g\u00f6ndermem gerekiyor mu? Kay\u0131t i\u00e7in dolduramaz m\u0131y\u0131m?<\/h3>\n<p>Evet, bir formu doldurup doldurabilirsiniz ve g\u00f6nderemezsiniz. Formunuzu g\u00f6ndermek istemiyorsan\u0131z, &#8216;Kaydet&#8217;i t\u0131klaman\u0131z yeterlidir; formunuz kaydedilecek ve&#8217; Formlar &#8216;sayfas\u0131ndan eri\u015filebilir ancak bu form i\u00e7in hi\u00e7 kimse bir bildirim almayacakt\u0131r.<\/p>\n\t\t\t\t\t\t\t\t<\/div>\n\t\t\t\t<\/div>\n\t\t\t\t<div class=\"elementor-element elementor-element-101259ab elementor-widget elementor-widget-text-editor\" data-id=\"101259ab\" data-element_type=\"widget\" data-widget_type=\"text-editor.default\">\n\t\t\t\t<div class=\"elementor-widget-container\">\n\t\t\t\t\t\t\t\t\t<h3>## Ya bir form g\u00f6ndermediysem, ancak formun ba\u015fka bir kurulu\u015f taraf\u0131ndan doldurulmas\u0131 gereken b\u00f6l\u00fcmleri varsa. Yine de formu g\u00f6recekler mi?<\/h3>\n<p>Formlardaki izinler ve g\u00f6r\u00fcn\u00fcrl\u00fck, kullan\u0131c\u0131 gruplar\u0131na g\u00f6re y\u00f6netilir. B\u00f6ylece, bir form g\u00f6ndermemi\u015f olsan\u0131z bile, bu form \u015fablonuna eri\u015fimi olan t\u00fcm kullan\u0131c\u0131 gruplar\u0131, kaydedildikten sonra formunuzu g\u00f6rebilir veya d\u00fczenleyebilir. B\u00f6ylece, di\u011fer kurulu\u015flardan kullan\u0131c\u0131lar da kendi kullan\u0131c\u0131 izinlerine g\u00f6re formu g\u00f6rebilir veya d\u00fczenleyebilir.<\/p>\n<p>Tek fark, g\u00f6nderilmeyen formlar\u0131n yaln\u0131zca &#8216;Formlar&#8217; sayfas\u0131nda g\u00f6r\u00fcnmesidir. G\u00f6nderilen formlar bundan farkl\u0131 olarak FormBox ve G\u00f6revler sayfalar\u0131nda da g\u00f6r\u00fcnecektir.<\/p>\n\t\t\t\t\t\t\t\t<\/div>\n\t\t\t\t<\/div>\n\t\t\t\t<div class=\"elementor-element elementor-element-304dcb5 elementor-widget elementor-widget-text-editor\" data-id=\"304dcb5\" data-element_type=\"widget\" data-widget_type=\"text-editor.default\">\n\t\t\t\t<div class=\"elementor-widget-container\">\n\t\t\t\t\t\t\t\t\t<h3>G\u00f6ndermi\u015f oldu\u011fum formlar\u0131 nereden takip edebilirim?<\/h3>\n<p>G\u00f6nderilen formlar FormBox sayfas\u0131ndan takip edilebilir. Formbox sayfas\u0131nda, sizin taraf\u0131n\u0131zdan g\u00f6nderilen formlar\u0131 filtrelemek, g\u00f6nderdi\u011finiz t\u00fcm formlar\u0131n durumunu izlemenize olanak tan\u0131r. Formlar\u0131n\u0131z\u0131 nas\u0131l takip edece\u011finiz hakk\u0131nda daha fazla bilgi i\u00e7in Formlar\u0131m\u0131 \u0130zleme sayfas\u0131n\u0131 inceleyin.<\/p>\n\t\t\t\t\t\t\t\t<\/div>\n\t\t\t\t<\/div>\n\t\t\t\t\t<\/div>\n\t\t<\/div>\n\t\t\t\t\t<\/div>\n\t\t<\/section>\n\t\t\t\t<\/div>\n\t\t","protected":false},"excerpt":{"rendered":"<p>Bu sayfa, form g\u00f6ndermeyle ilgili s\u0131k sorulan sorulara baz\u0131 yan\u0131tlar sa\u011flar. Formlar\u0131n nas\u0131l doldurulaca\u011f\u0131na ve g\u00f6nderilece\u011fine ili\u015fkin bir genel bak\u0131\u015f i\u00e7in Yeni bir form nas\u0131l ba\u015flat\u0131l\u0131r sayfas\u0131n\u0131 inceleyin. Formumu g\u00f6ndermem gerekiyor mu? Kay\u0131t i\u00e7in dolduramaz m\u0131y\u0131m? Evet, bir formu doldurup &hellip; <a href=\"https:\/\/crane.ist\/tr\/turna-kullanim-kilavuzu\/form-gonderme-hakkinda-sss\/\">Read More<\/a><\/p>\n","protected":false},"author":1,"featured_media":0,"parent":848,"menu_order":0,"comment_status":"closed","ping_status":"closed","template":"","meta":{"footnotes":""},"class_list":["post-857","page","type-page","status-publish","hentry"],"yoast_head":"<!-- This site is optimized with the Yoast SEO plugin v24.3 - https:\/\/yoast.com\/wordpress\/plugins\/seo\/ -->\n<title>Form G\u00f6nderme Hakk\u0131nda SSS | Crane<\/title>\n<meta name=\"robots\" content=\"index, follow, max-snippet:-1, max-image-preview:large, max-video-preview:-1\" \/>\n<link rel=\"canonical\" href=\"https:\/\/crane.ist\/tr\/turna-kullanim-kilavuzu\/form-gonderme-hakkinda-sss\/\" \/>\n<meta property=\"og:locale\" content=\"tr_TR\" \/>\n<meta property=\"og:type\" content=\"article\" \/>\n<meta property=\"og:title\" content=\"Form G\u00f6nderme Hakk\u0131nda SSS | Crane\" \/>\n<meta property=\"og:description\" content=\"Bu sayfa, form g\u00f6ndermeyle ilgili s\u0131k sorulan sorulara baz\u0131 yan\u0131tlar sa\u011flar. Formlar\u0131n nas\u0131l doldurulaca\u011f\u0131na ve g\u00f6nderilece\u011fine ili\u015fkin bir genel bak\u0131\u015f i\u00e7in Yeni bir form nas\u0131l ba\u015flat\u0131l\u0131r sayfas\u0131n\u0131 inceleyin. Formumu g\u00f6ndermem gerekiyor mu? Kay\u0131t i\u00e7in dolduramaz m\u0131y\u0131m? Evet, bir formu doldurup &hellip; Read More\" \/>\n<meta property=\"og:url\" content=\"https:\/\/crane.ist\/tr\/turna-kullanim-kilavuzu\/form-gonderme-hakkinda-sss\/\" \/>\n<meta property=\"og:site_name\" content=\"Crane\" \/>\n<meta property=\"article:modified_time\" content=\"2020-11-22T11:41:30+00:00\" \/>\n<meta name=\"twitter:card\" content=\"summary_large_image\" \/>\n<meta name=\"twitter:label1\" content=\"Tahmini okuma s\u00fcresi\" \/>\n\t<meta name=\"twitter:data1\" content=\"1 dakika\" \/>\n<script type=\"application\/ld+json\" class=\"yoast-schema-graph\">{\"@context\":\"https:\/\/schema.org\",\"@graph\":[{\"@type\":\"WebPage\",\"@id\":\"https:\/\/crane.ist\/tr\/turna-kullanim-kilavuzu\/form-gonderme-hakkinda-sss\/\",\"url\":\"https:\/\/crane.ist\/tr\/turna-kullanim-kilavuzu\/form-gonderme-hakkinda-sss\/\",\"name\":\"Form G\u00f6nderme Hakk\u0131nda SSS | Crane\",\"isPartOf\":{\"@id\":\"https:\/\/crane.ist\/#website\"},\"datePublished\":\"2020-11-22T11:41:20+00:00\",\"dateModified\":\"2020-11-22T11:41:30+00:00\",\"breadcrumb\":{\"@id\":\"https:\/\/crane.ist\/tr\/turna-kullanim-kilavuzu\/form-gonderme-hakkinda-sss\/#breadcrumb\"},\"inLanguage\":\"tr\",\"potentialAction\":[{\"@type\":\"ReadAction\",\"target\":[\"https:\/\/crane.ist\/tr\/turna-kullanim-kilavuzu\/form-gonderme-hakkinda-sss\/\"]}]},{\"@type\":\"BreadcrumbList\",\"@id\":\"https:\/\/crane.ist\/tr\/turna-kullanim-kilavuzu\/form-gonderme-hakkinda-sss\/#breadcrumb\",\"itemListElement\":[{\"@type\":\"ListItem\",\"position\":1,\"name\":\"Home\",\"item\":\"https:\/\/crane.ist\/tr\/\"},{\"@type\":\"ListItem\",\"position\":2,\"name\":\"Turna Kullan\u0131m K\u0131lavuzu\",\"item\":\"https:\/\/crane.ist\/tr\/turna-kullanim-kilavuzu\/\"},{\"@type\":\"ListItem\",\"position\":3,\"name\":\"Form G\u00f6nderme Hakk\u0131nda SSS\"}]},{\"@type\":\"WebSite\",\"@id\":\"https:\/\/crane.ist\/#website\",\"url\":\"https:\/\/crane.ist\/\",\"name\":\"Crane\",\"description\":\"App of the Field\",\"publisher\":{\"@id\":\"https:\/\/crane.ist\/#organization\"},\"potentialAction\":[{\"@type\":\"SearchAction\",\"target\":{\"@type\":\"EntryPoint\",\"urlTemplate\":\"https:\/\/crane.ist\/?s={search_term_string}\"},\"query-input\":{\"@type\":\"PropertyValueSpecification\",\"valueRequired\":true,\"valueName\":\"search_term_string\"}}],\"inLanguage\":\"tr\"},{\"@type\":\"Organization\",\"@id\":\"https:\/\/crane.ist\/#organization\",\"name\":\"Crane\",\"url\":\"https:\/\/crane.ist\/\",\"logo\":{\"@type\":\"ImageObject\",\"inLanguage\":\"tr\",\"@id\":\"https:\/\/crane.ist\/#\/schema\/logo\/image\/\",\"url\":\"https:\/\/crane.ist\/wp-content\/uploads\/2020\/06\/logo3.png\",\"contentUrl\":\"https:\/\/crane.ist\/wp-content\/uploads\/2020\/06\/logo3.png\",\"width\":932,\"height\":266,\"caption\":\"Crane\"},\"image\":{\"@id\":\"https:\/\/crane.ist\/#\/schema\/logo\/image\/\"}}]}<\/script>\n<!-- \/ Yoast SEO plugin. -->","yoast_head_json":{"title":"Form G\u00f6nderme Hakk\u0131nda SSS | Crane","robots":{"index":"index","follow":"follow","max-snippet":"max-snippet:-1","max-image-preview":"max-image-preview:large","max-video-preview":"max-video-preview:-1"},"canonical":"https:\/\/crane.ist\/tr\/turna-kullanim-kilavuzu\/form-gonderme-hakkinda-sss\/","og_locale":"tr_TR","og_type":"article","og_title":"Form G\u00f6nderme Hakk\u0131nda SSS | Crane","og_description":"Bu sayfa, form g\u00f6ndermeyle ilgili s\u0131k sorulan sorulara baz\u0131 yan\u0131tlar sa\u011flar. Formlar\u0131n nas\u0131l doldurulaca\u011f\u0131na ve g\u00f6nderilece\u011fine ili\u015fkin bir genel bak\u0131\u015f i\u00e7in Yeni bir form nas\u0131l ba\u015flat\u0131l\u0131r sayfas\u0131n\u0131 inceleyin. Formumu g\u00f6ndermem gerekiyor mu? Kay\u0131t i\u00e7in dolduramaz m\u0131y\u0131m? Evet, bir formu doldurup &hellip; Read More","og_url":"https:\/\/crane.ist\/tr\/turna-kullanim-kilavuzu\/form-gonderme-hakkinda-sss\/","og_site_name":"Crane","article_modified_time":"2020-11-22T11:41:30+00:00","twitter_card":"summary_large_image","twitter_misc":{"Tahmini okuma s\u00fcresi":"1 dakika"},"schema":{"@context":"https:\/\/schema.org","@graph":[{"@type":"WebPage","@id":"https:\/\/crane.ist\/tr\/turna-kullanim-kilavuzu\/form-gonderme-hakkinda-sss\/","url":"https:\/\/crane.ist\/tr\/turna-kullanim-kilavuzu\/form-gonderme-hakkinda-sss\/","name":"Form G\u00f6nderme Hakk\u0131nda SSS | Crane","isPartOf":{"@id":"https:\/\/crane.ist\/#website"},"datePublished":"2020-11-22T11:41:20+00:00","dateModified":"2020-11-22T11:41:30+00:00","breadcrumb":{"@id":"https:\/\/crane.ist\/tr\/turna-kullanim-kilavuzu\/form-gonderme-hakkinda-sss\/#breadcrumb"},"inLanguage":"tr","potentialAction":[{"@type":"ReadAction","target":["https:\/\/crane.ist\/tr\/turna-kullanim-kilavuzu\/form-gonderme-hakkinda-sss\/"]}]},{"@type":"BreadcrumbList","@id":"https:\/\/crane.ist\/tr\/turna-kullanim-kilavuzu\/form-gonderme-hakkinda-sss\/#breadcrumb","itemListElement":[{"@type":"ListItem","position":1,"name":"Home","item":"https:\/\/crane.ist\/tr\/"},{"@type":"ListItem","position":2,"name":"Turna Kullan\u0131m K\u0131lavuzu","item":"https:\/\/crane.ist\/tr\/turna-kullanim-kilavuzu\/"},{"@type":"ListItem","position":3,"name":"Form G\u00f6nderme Hakk\u0131nda SSS"}]},{"@type":"WebSite","@id":"https:\/\/crane.ist\/#website","url":"https:\/\/crane.ist\/","name":"Crane","description":"App of the Field","publisher":{"@id":"https:\/\/crane.ist\/#organization"},"potentialAction":[{"@type":"SearchAction","target":{"@type":"EntryPoint","urlTemplate":"https:\/\/crane.ist\/?s={search_term_string}"},"query-input":{"@type":"PropertyValueSpecification","valueRequired":true,"valueName":"search_term_string"}}],"inLanguage":"tr"},{"@type":"Organization","@id":"https:\/\/crane.ist\/#organization","name":"Crane","url":"https:\/\/crane.ist\/","logo":{"@type":"ImageObject","inLanguage":"tr","@id":"https:\/\/crane.ist\/#\/schema\/logo\/image\/","url":"https:\/\/crane.ist\/wp-content\/uploads\/2020\/06\/logo3.png","contentUrl":"https:\/\/crane.ist\/wp-content\/uploads\/2020\/06\/logo3.png","width":932,"height":266,"caption":"Crane"},"image":{"@id":"https:\/\/crane.ist\/#\/schema\/logo\/image\/"}}]}},"_links":{"self":[{"href":"https:\/\/crane.ist\/tr\/wp-json\/wp\/v2\/pages\/857","targetHints":{"allow":["GET"]}}],"collection":[{"href":"https:\/\/crane.ist\/tr\/wp-json\/wp\/v2\/pages"}],"about":[{"href":"https:\/\/crane.ist\/tr\/wp-json\/wp\/v2\/types\/page"}],"author":[{"embeddable":true,"href":"https:\/\/crane.ist\/tr\/wp-json\/wp\/v2\/users\/1"}],"replies":[{"embeddable":true,"href":"https:\/\/crane.ist\/tr\/wp-json\/wp\/v2\/comments?post=857"}],"version-history":[{"count":6,"href":"https:\/\/crane.ist\/tr\/wp-json\/wp\/v2\/pages\/857\/revisions"}],"predecessor-version":[{"id":863,"href":"https:\/\/crane.ist\/tr\/wp-json\/wp\/v2\/pages\/857\/revisions\/863"}],"up":[{"embeddable":true,"href":"https:\/\/crane.ist\/tr\/wp-json\/wp\/v2\/pages\/848"}],"wp:attachment":[{"href":"https:\/\/crane.ist\/tr\/wp-json\/wp\/v2\/media?parent=857"}],"curies":[{"name":"wp","href":"https:\/\/api.w.org\/{rel}","templated":true}]}}