{"id":852,"date":"2020-11-22T11:35:58","date_gmt":"2020-11-22T11:35:58","guid":{"rendered":"https:\/\/crane.ist\/turna-kullanim-kilavuzu\/gorevler-hakkinda-sss\/"},"modified":"2020-11-22T11:36:04","modified_gmt":"2020-11-22T11:36:04","slug":"gorevler-hakkinda-sss","status":"publish","type":"page","link":"https:\/\/crane.ist\/tr\/turna-kullanim-kilavuzu\/gorevler-hakkinda-sss\/","title":{"rendered":"G\u00f6revler hakk\u0131nda SSS"},"content":{"rendered":"\t\t<div data-elementor-type=\"wp-page\" data-elementor-id=\"852\" class=\"elementor elementor-852 elementor-816\" data-elementor-post-type=\"page\">\n\t\t\t\t\t\t<section class=\"elementor-section elementor-top-section elementor-element elementor-element-2b76a822 elementor-section-boxed elementor-section-height-default elementor-section-height-default\" data-id=\"2b76a822\" data-element_type=\"section\">\n\t\t\t\t\t\t<div class=\"elementor-container elementor-column-gap-default\">\n\t\t\t\t\t<div class=\"elementor-column elementor-col-100 elementor-top-column elementor-element elementor-element-4bdaba9d\" data-id=\"4bdaba9d\" data-element_type=\"column\">\n\t\t\t<div class=\"elementor-widget-wrap elementor-element-populated\">\n\t\t\t\t\t\t<div class=\"elementor-element elementor-element-1ec74deb elementor-widget elementor-widget-heading\" data-id=\"1ec74deb\" data-element_type=\"widget\" data-widget_type=\"heading.default\">\n\t\t\t\t<div class=\"elementor-widget-container\">\n\t\t\t\t\t<h1 class=\"elementor-heading-title elementor-size-default\">G\u00f6revler hakk\u0131nda SSS<\/h1>\t\t\t\t<\/div>\n\t\t\t\t<\/div>\n\t\t\t\t<div class=\"elementor-element elementor-element-312bf214 elementor-widget elementor-widget-breadcrumbs\" data-id=\"312bf214\" data-element_type=\"widget\" data-widget_type=\"breadcrumbs.default\">\n\t\t\t\t<div class=\"elementor-widget-container\">\n\t\t\t\t\t<p id=\"breadcrumbs\"><span><span><a href=\"https:\/\/crane.ist\/tr\/\">Home<\/a><\/span><\/span><\/p>\t\t\t\t<\/div>\n\t\t\t\t<\/div>\n\t\t\t\t<div class=\"elementor-element elementor-element-75ad6afa elementor-widget-divider--view-line elementor-widget elementor-widget-divider\" data-id=\"75ad6afa\" data-element_type=\"widget\" data-widget_type=\"divider.default\">\n\t\t\t\t<div class=\"elementor-widget-container\">\n\t\t\t\t\t\t\t<div class=\"elementor-divider\">\n\t\t\t<span class=\"elementor-divider-separator\">\n\t\t\t\t\t\t<\/span>\n\t\t<\/div>\n\t\t\t\t\t\t<\/div>\n\t\t\t\t<\/div>\n\t\t\t\t\t<\/div>\n\t\t<\/div>\n\t\t\t\t\t<\/div>\n\t\t<\/section>\n\t\t\t\t<section class=\"elementor-section elementor-top-section elementor-element elementor-element-7507fa0f elementor-section-boxed elementor-section-height-default elementor-section-height-default\" data-id=\"7507fa0f\" data-element_type=\"section\">\n\t\t\t\t\t\t<div class=\"elementor-container elementor-column-gap-default\">\n\t\t\t\t\t<div class=\"elementor-column elementor-col-100 elementor-top-column elementor-element elementor-element-6b3b368f\" data-id=\"6b3b368f\" data-element_type=\"column\">\n\t\t\t<div class=\"elementor-widget-wrap elementor-element-populated\">\n\t\t\t\t\t\t<div class=\"elementor-element elementor-element-34b66b32 elementor-widget elementor-widget-text-editor\" data-id=\"34b66b32\" data-element_type=\"widget\" data-widget_type=\"text-editor.default\">\n\t\t\t\t<div class=\"elementor-widget-container\">\n\t\t\t\t\t\t\t\t\t<p>A\u015fa\u011f\u0131da, G\u00f6revlerin y\u00f6netimiyle ilgili s\u0131k sorulan baz\u0131 sorular bulunmaktad\u0131r.<\/p>\n\t\t\t\t\t\t\t\t<\/div>\n\t\t\t\t<\/div>\n\t\t\t\t<div class=\"elementor-element elementor-element-36c277e2 elementor-widget elementor-widget-text-editor\" data-id=\"36c277e2\" data-element_type=\"widget\" data-widget_type=\"text-editor.default\">\n\t\t\t\t<div class=\"elementor-widget-container\">\n\t\t\t\t\t\t\t\t\t<h2>Bir G\u00f6revi nas\u0131l kapatabilirim?<\/h2>\n<p>Belirli bir g\u00f6reve t\u0131klad\u0131\u011f\u0131n\u0131zda, form sayfas\u0131na y\u00f6nlendirileceksiniz ve ilgili form a\u00e7\u0131lacakt\u0131r. Formda yer alan ve tamamlaman\u0131z\u0131 bekleyen maddeleri tamamlad\u0131\u011f\u0131n\u0131zda formu g\u00f6nderebilirsiniz. Size g\u00f6rev olarak g\u00f6nderilen bir formu g\u00f6nderirken, g\u00f6revi atayan kullan\u0131c\u0131lar &#8220;G\u00f6reve Atanan&#8221; listesinde g\u00f6r\u00fcnecektir. Formu g\u00f6nderdi\u011finizde g\u00f6rev durumu &#8216;Tamamland\u0131&#8217; olarak de\u011fi\u015fecektir.<\/p>\n\t\t\t\t\t\t\t\t<\/div>\n\t\t\t\t<\/div>\n\t\t\t\t\t<\/div>\n\t\t<\/div>\n\t\t\t\t\t<\/div>\n\t\t<\/section>\n\t\t\t\t<\/div>\n\t\t","protected":false},"excerpt":{"rendered":"<p>A\u015fa\u011f\u0131da, G\u00f6revlerin y\u00f6netimiyle ilgili s\u0131k sorulan baz\u0131 sorular bulunmaktad\u0131r. Bir G\u00f6revi nas\u0131l kapatabilirim? Belirli bir g\u00f6reve t\u0131klad\u0131\u011f\u0131n\u0131zda, form sayfas\u0131na y\u00f6nlendirileceksiniz ve ilgili form a\u00e7\u0131lacakt\u0131r. Formda yer alan ve tamamlaman\u0131z\u0131 bekleyen maddeleri tamamlad\u0131\u011f\u0131n\u0131zda formu g\u00f6nderebilirsiniz. Size g\u00f6rev olarak g\u00f6nderilen bir formu &hellip; <a href=\"https:\/\/crane.ist\/tr\/turna-kullanim-kilavuzu\/gorevler-hakkinda-sss\/\">Read More<\/a><\/p>\n","protected":false},"author":1,"featured_media":0,"parent":848,"menu_order":0,"comment_status":"closed","ping_status":"closed","template":"","meta":{"footnotes":""},"class_list":["post-852","page","type-page","status-publish","hentry"],"yoast_head":"<!-- This site is optimized with the Yoast SEO plugin v24.3 - https:\/\/yoast.com\/wordpress\/plugins\/seo\/ -->\n<title>G\u00f6revler hakk\u0131nda SSS | Crane<\/title>\n<meta name=\"robots\" content=\"index, follow, max-snippet:-1, max-image-preview:large, max-video-preview:-1\" \/>\n<link rel=\"canonical\" href=\"https:\/\/crane.ist\/tr\/turna-kullanim-kilavuzu\/gorevler-hakkinda-sss\/\" \/>\n<meta property=\"og:locale\" content=\"tr_TR\" \/>\n<meta property=\"og:type\" content=\"article\" \/>\n<meta property=\"og:title\" content=\"G\u00f6revler hakk\u0131nda SSS | Crane\" \/>\n<meta property=\"og:description\" content=\"A\u015fa\u011f\u0131da, G\u00f6revlerin y\u00f6netimiyle ilgili s\u0131k sorulan baz\u0131 sorular bulunmaktad\u0131r. Bir G\u00f6revi nas\u0131l kapatabilirim? Belirli bir g\u00f6reve t\u0131klad\u0131\u011f\u0131n\u0131zda, form sayfas\u0131na y\u00f6nlendirileceksiniz ve ilgili form a\u00e7\u0131lacakt\u0131r. Formda yer alan ve tamamlaman\u0131z\u0131 bekleyen maddeleri tamamlad\u0131\u011f\u0131n\u0131zda formu g\u00f6nderebilirsiniz. Size g\u00f6rev olarak g\u00f6nderilen bir formu &hellip; Read More\" \/>\n<meta property=\"og:url\" content=\"https:\/\/crane.ist\/tr\/turna-kullanim-kilavuzu\/gorevler-hakkinda-sss\/\" \/>\n<meta property=\"og:site_name\" content=\"Crane\" \/>\n<meta property=\"article:modified_time\" content=\"2020-11-22T11:36:04+00:00\" \/>\n<meta name=\"twitter:card\" content=\"summary_large_image\" \/>\n<script type=\"application\/ld+json\" class=\"yoast-schema-graph\">{\"@context\":\"https:\/\/schema.org\",\"@graph\":[{\"@type\":\"WebPage\",\"@id\":\"https:\/\/crane.ist\/tr\/turna-kullanim-kilavuzu\/gorevler-hakkinda-sss\/\",\"url\":\"https:\/\/crane.ist\/tr\/turna-kullanim-kilavuzu\/gorevler-hakkinda-sss\/\",\"name\":\"G\u00f6revler hakk\u0131nda SSS | Crane\",\"isPartOf\":{\"@id\":\"https:\/\/crane.ist\/#website\"},\"datePublished\":\"2020-11-22T11:35:58+00:00\",\"dateModified\":\"2020-11-22T11:36:04+00:00\",\"breadcrumb\":{\"@id\":\"https:\/\/crane.ist\/tr\/turna-kullanim-kilavuzu\/gorevler-hakkinda-sss\/#breadcrumb\"},\"inLanguage\":\"tr\",\"potentialAction\":[{\"@type\":\"ReadAction\",\"target\":[\"https:\/\/crane.ist\/tr\/turna-kullanim-kilavuzu\/gorevler-hakkinda-sss\/\"]}]},{\"@type\":\"BreadcrumbList\",\"@id\":\"https:\/\/crane.ist\/tr\/turna-kullanim-kilavuzu\/gorevler-hakkinda-sss\/#breadcrumb\",\"itemListElement\":[{\"@type\":\"ListItem\",\"position\":1,\"name\":\"Home\",\"item\":\"https:\/\/crane.ist\/tr\/\"},{\"@type\":\"ListItem\",\"position\":2,\"name\":\"Turna Kullan\u0131m K\u0131lavuzu\",\"item\":\"https:\/\/crane.ist\/tr\/turna-kullanim-kilavuzu\/\"},{\"@type\":\"ListItem\",\"position\":3,\"name\":\"G\u00f6revler hakk\u0131nda SSS\"}]},{\"@type\":\"WebSite\",\"@id\":\"https:\/\/crane.ist\/#website\",\"url\":\"https:\/\/crane.ist\/\",\"name\":\"Crane\",\"description\":\"App of the Field\",\"publisher\":{\"@id\":\"https:\/\/crane.ist\/#organization\"},\"potentialAction\":[{\"@type\":\"SearchAction\",\"target\":{\"@type\":\"EntryPoint\",\"urlTemplate\":\"https:\/\/crane.ist\/?s={search_term_string}\"},\"query-input\":{\"@type\":\"PropertyValueSpecification\",\"valueRequired\":true,\"valueName\":\"search_term_string\"}}],\"inLanguage\":\"tr\"},{\"@type\":\"Organization\",\"@id\":\"https:\/\/crane.ist\/#organization\",\"name\":\"Crane\",\"url\":\"https:\/\/crane.ist\/\",\"logo\":{\"@type\":\"ImageObject\",\"inLanguage\":\"tr\",\"@id\":\"https:\/\/crane.ist\/#\/schema\/logo\/image\/\",\"url\":\"https:\/\/crane.ist\/wp-content\/uploads\/2020\/06\/logo3.png\",\"contentUrl\":\"https:\/\/crane.ist\/wp-content\/uploads\/2020\/06\/logo3.png\",\"width\":932,\"height\":266,\"caption\":\"Crane\"},\"image\":{\"@id\":\"https:\/\/crane.ist\/#\/schema\/logo\/image\/\"}}]}<\/script>\n<!-- \/ Yoast SEO plugin. -->","yoast_head_json":{"title":"G\u00f6revler hakk\u0131nda SSS | Crane","robots":{"index":"index","follow":"follow","max-snippet":"max-snippet:-1","max-image-preview":"max-image-preview:large","max-video-preview":"max-video-preview:-1"},"canonical":"https:\/\/crane.ist\/tr\/turna-kullanim-kilavuzu\/gorevler-hakkinda-sss\/","og_locale":"tr_TR","og_type":"article","og_title":"G\u00f6revler hakk\u0131nda SSS | Crane","og_description":"A\u015fa\u011f\u0131da, G\u00f6revlerin y\u00f6netimiyle ilgili s\u0131k sorulan baz\u0131 sorular bulunmaktad\u0131r. Bir G\u00f6revi nas\u0131l kapatabilirim? Belirli bir g\u00f6reve t\u0131klad\u0131\u011f\u0131n\u0131zda, form sayfas\u0131na y\u00f6nlendirileceksiniz ve ilgili form a\u00e7\u0131lacakt\u0131r. Formda yer alan ve tamamlaman\u0131z\u0131 bekleyen maddeleri tamamlad\u0131\u011f\u0131n\u0131zda formu g\u00f6nderebilirsiniz. Size g\u00f6rev olarak g\u00f6nderilen bir formu &hellip; Read More","og_url":"https:\/\/crane.ist\/tr\/turna-kullanim-kilavuzu\/gorevler-hakkinda-sss\/","og_site_name":"Crane","article_modified_time":"2020-11-22T11:36:04+00:00","twitter_card":"summary_large_image","schema":{"@context":"https:\/\/schema.org","@graph":[{"@type":"WebPage","@id":"https:\/\/crane.ist\/tr\/turna-kullanim-kilavuzu\/gorevler-hakkinda-sss\/","url":"https:\/\/crane.ist\/tr\/turna-kullanim-kilavuzu\/gorevler-hakkinda-sss\/","name":"G\u00f6revler hakk\u0131nda SSS | Crane","isPartOf":{"@id":"https:\/\/crane.ist\/#website"},"datePublished":"2020-11-22T11:35:58+00:00","dateModified":"2020-11-22T11:36:04+00:00","breadcrumb":{"@id":"https:\/\/crane.ist\/tr\/turna-kullanim-kilavuzu\/gorevler-hakkinda-sss\/#breadcrumb"},"inLanguage":"tr","potentialAction":[{"@type":"ReadAction","target":["https:\/\/crane.ist\/tr\/turna-kullanim-kilavuzu\/gorevler-hakkinda-sss\/"]}]},{"@type":"BreadcrumbList","@id":"https:\/\/crane.ist\/tr\/turna-kullanim-kilavuzu\/gorevler-hakkinda-sss\/#breadcrumb","itemListElement":[{"@type":"ListItem","position":1,"name":"Home","item":"https:\/\/crane.ist\/tr\/"},{"@type":"ListItem","position":2,"name":"Turna Kullan\u0131m K\u0131lavuzu","item":"https:\/\/crane.ist\/tr\/turna-kullanim-kilavuzu\/"},{"@type":"ListItem","position":3,"name":"G\u00f6revler hakk\u0131nda SSS"}]},{"@type":"WebSite","@id":"https:\/\/crane.ist\/#website","url":"https:\/\/crane.ist\/","name":"Crane","description":"App of the Field","publisher":{"@id":"https:\/\/crane.ist\/#organization"},"potentialAction":[{"@type":"SearchAction","target":{"@type":"EntryPoint","urlTemplate":"https:\/\/crane.ist\/?s={search_term_string}"},"query-input":{"@type":"PropertyValueSpecification","valueRequired":true,"valueName":"search_term_string"}}],"inLanguage":"tr"},{"@type":"Organization","@id":"https:\/\/crane.ist\/#organization","name":"Crane","url":"https:\/\/crane.ist\/","logo":{"@type":"ImageObject","inLanguage":"tr","@id":"https:\/\/crane.ist\/#\/schema\/logo\/image\/","url":"https:\/\/crane.ist\/wp-content\/uploads\/2020\/06\/logo3.png","contentUrl":"https:\/\/crane.ist\/wp-content\/uploads\/2020\/06\/logo3.png","width":932,"height":266,"caption":"Crane"},"image":{"@id":"https:\/\/crane.ist\/#\/schema\/logo\/image\/"}}]}},"_links":{"self":[{"href":"https:\/\/crane.ist\/tr\/wp-json\/wp\/v2\/pages\/852","targetHints":{"allow":["GET"]}}],"collection":[{"href":"https:\/\/crane.ist\/tr\/wp-json\/wp\/v2\/pages"}],"about":[{"href":"https:\/\/crane.ist\/tr\/wp-json\/wp\/v2\/types\/page"}],"author":[{"embeddable":true,"href":"https:\/\/crane.ist\/tr\/wp-json\/wp\/v2\/users\/1"}],"replies":[{"embeddable":true,"href":"https:\/\/crane.ist\/tr\/wp-json\/wp\/v2\/comments?post=852"}],"version-history":[{"count":3,"href":"https:\/\/crane.ist\/tr\/wp-json\/wp\/v2\/pages\/852\/revisions"}],"predecessor-version":[{"id":855,"href":"https:\/\/crane.ist\/tr\/wp-json\/wp\/v2\/pages\/852\/revisions\/855"}],"up":[{"embeddable":true,"href":"https:\/\/crane.ist\/tr\/wp-json\/wp\/v2\/pages\/848"}],"wp:attachment":[{"href":"https:\/\/crane.ist\/tr\/wp-json\/wp\/v2\/media?parent=852"}],"curies":[{"name":"wp","href":"https:\/\/api.w.org\/{rel}","templated":true}]}}