{"id":1002,"date":"2020-11-22T16:09:05","date_gmt":"2020-11-22T16:09:05","guid":{"rendered":"https:\/\/crane.ist\/turna-kullanim-kilavuzu\/turna-nedir\/"},"modified":"2020-11-22T16:09:14","modified_gmt":"2020-11-22T16:09:14","slug":"turna-nedir","status":"publish","type":"page","link":"https:\/\/crane.ist\/tr\/turna-kullanim-kilavuzu\/turna-nedir\/","title":{"rendered":"Turna Nedir?"},"content":{"rendered":"\t\t<div data-elementor-type=\"wp-page\" data-elementor-id=\"1002\" class=\"elementor elementor-1002 elementor-705\" data-elementor-post-type=\"page\">\n\t\t\t\t\t\t<section class=\"elementor-section elementor-top-section elementor-element elementor-element-bae02cd elementor-section-boxed elementor-section-height-default elementor-section-height-default\" data-id=\"bae02cd\" data-element_type=\"section\">\n\t\t\t\t\t\t<div class=\"elementor-container elementor-column-gap-default\">\n\t\t\t\t\t<div class=\"elementor-column elementor-col-100 elementor-top-column elementor-element elementor-element-6279a92\" data-id=\"6279a92\" data-element_type=\"column\">\n\t\t\t<div class=\"elementor-widget-wrap elementor-element-populated\">\n\t\t\t\t\t\t<div class=\"elementor-element elementor-element-561f78d elementor-widget elementor-widget-heading\" data-id=\"561f78d\" data-element_type=\"widget\" data-widget_type=\"heading.default\">\n\t\t\t\t<div class=\"elementor-widget-container\">\n\t\t\t\t\t<h1 class=\"elementor-heading-title elementor-size-default\">Turna Nedir?<\/h1>\t\t\t\t<\/div>\n\t\t\t\t<\/div>\n\t\t\t\t<div class=\"elementor-element elementor-element-584cd50 elementor-widget elementor-widget-breadcrumbs\" data-id=\"584cd50\" data-element_type=\"widget\" data-widget_type=\"breadcrumbs.default\">\n\t\t\t\t<div class=\"elementor-widget-container\">\n\t\t\t\t\t<p id=\"breadcrumbs\"><span><span><a href=\"https:\/\/crane.ist\/tr\/\">Home<\/a><\/span><\/span><\/p>\t\t\t\t<\/div>\n\t\t\t\t<\/div>\n\t\t\t\t<div class=\"elementor-element elementor-element-a57cf76 elementor-widget-divider--view-line elementor-widget elementor-widget-divider\" data-id=\"a57cf76\" data-element_type=\"widget\" data-widget_type=\"divider.default\">\n\t\t\t\t<div class=\"elementor-widget-container\">\n\t\t\t\t\t\t\t<div class=\"elementor-divider\">\n\t\t\t<span class=\"elementor-divider-separator\">\n\t\t\t\t\t\t<\/span>\n\t\t<\/div>\n\t\t\t\t\t\t<\/div>\n\t\t\t\t<\/div>\n\t\t\t\t\t<\/div>\n\t\t<\/div>\n\t\t\t\t\t<\/div>\n\t\t<\/section>\n\t\t\t\t<section class=\"elementor-section elementor-top-section elementor-element elementor-element-c801a77 elementor-section-boxed elementor-section-height-default elementor-section-height-default\" data-id=\"c801a77\" data-element_type=\"section\">\n\t\t\t\t\t\t<div class=\"elementor-container elementor-column-gap-default\">\n\t\t\t\t\t<div class=\"elementor-column elementor-col-100 elementor-top-column elementor-element elementor-element-5a72708\" data-id=\"5a72708\" data-element_type=\"column\">\n\t\t\t<div class=\"elementor-widget-wrap elementor-element-populated\">\n\t\t\t\t\t\t<div class=\"elementor-element elementor-element-6ef54fb elementor-widget elementor-widget-text-editor\" data-id=\"6ef54fb\" data-element_type=\"widget\" data-widget_type=\"text-editor.default\">\n\t\t\t\t<div class=\"elementor-widget-container\">\n\t\t\t\t\t\t\t\t\t<p>Turna, projenizin performans\u0131n\u0131 art\u0131rman\u0131za yard\u0131mc\u0131 olmak i\u00e7in geli\u015ftirilmi\u015f bir ara\u00e7t\u0131r. Bunu, proje verilerini ger\u00e7ek zamanl\u0131 olarak toplaman\u0131za, raporlaman\u0131za ve g\u00f6rselle\u015ftirmenize yard\u0131mc\u0131 olarak yapar.<\/p>\n\t\t\t\t\t\t\t\t<\/div>\n\t\t\t\t<\/div>\n\t\t\t\t<div class=\"elementor-element elementor-element-1ead8a0 elementor-widget elementor-widget-text-editor\" data-id=\"1ead8a0\" data-element_type=\"widget\" data-widget_type=\"text-editor.default\">\n\t\t\t\t<div class=\"elementor-widget-container\">\n\t\t\t\t\t\t\t\t\t<h2>Formlara Giri\u015f<\/h2>\n<p>Formlar, Turna&#8217;n\u0131n yap\u0131 ta\u015flar\u0131d\u0131r. Basit ve esnek tasar\u0131m\u0131 sayesinde, t\u00fcm proje s\u00fcre\u00e7lerinizi farkl\u0131 form \u015fablonlar\u0131yla e\u015fle\u015ftirebilirsiniz.<\/p>\n<p>Formlar\u0131n\u0131zda geli\u015fmi\u015f izinler ve kullan\u0131c\u0131 k\u0131s\u0131tlamalar\u0131 tan\u0131mlayabilir ve \u00e7e\u015fitli taraflara veya gruplara g\u00f6revler veya yaz\u0131\u015fmalar olarak g\u00f6nderilebilirsiniz, b\u00f6ylece projelerinizdeki \u00e7oklu organizasyon kurulumlar\u0131 destekler.<\/p>\n<p>Turna&#8217;da formlar\u0131n nas\u0131l kullan\u0131ld\u0131\u011f\u0131n\u0131 anlad\u0131ktan sonra, kurulumunuza ba\u015flamaya haz\u0131rs\u0131n\u0131z!<\/p>\n\t\t\t\t\t\t\t\t<\/div>\n\t\t\t\t<\/div>\n\t\t\t\t<div class=\"elementor-element elementor-element-efddb27 elementor-widget elementor-widget-text-editor\" data-id=\"efddb27\" data-element_type=\"widget\" data-widget_type=\"text-editor.default\">\n\t\t\t\t<div class=\"elementor-widget-container\">\n\t\t\t\t\t\t\t\t\t<h2>Turna&#8217;n\u0131n Mod\u00fclleri Nelerdir?<\/h2>\n<p>Turna&#8217;ya mobil uygulamas\u0131n\u0131n yan\u0131 s\u0131ra web aray\u00fcz\u00fcnden de eri\u015filebilir. Mobil ve web&#8217;de bulunan temel \u00f6zellikler a\u015fa\u011f\u0131da listelenmi\u015ftir.<\/p>\n<ul>\n<li><strong>Mobil Aray\u00fcz\u00fc<\/strong>\n<ul>\n<li>Form ba\u015flatma<\/li>\n<li>Temel veri filtreleri ve raporlama<\/li>\n<li>Yaz\u0131\u015fma g\u00f6nderimleri (G\u00f6revler ve Yan\u0131tlar)<\/li>\n<\/ul>\n<\/li>\n<li><strong>Web Aray\u00fcz\u00fc<\/strong>\n<ul>\n<li>Proje y\u00f6netici kurulumu<\/li>\n<li>Form ba\u015flatma<\/li>\n<li>Geli\u015fmi\u015f veri filtreleri ve raporlama<\/li>\n<li>Ger\u00e7ek zamanl\u0131 g\u00f6sterge panelleri<\/li>\n<li>Yaz\u0131\u015fma g\u00f6nderimleri (G\u00f6revler ve Yan\u0131tlar)<\/li>\n<\/ul>\n<\/li>\n<\/ul>\n\t\t\t\t\t\t\t\t<\/div>\n\t\t\t\t<\/div>\n\t\t\t\t\t<\/div>\n\t\t<\/div>\n\t\t\t\t\t<\/div>\n\t\t<\/section>\n\t\t\t\t<\/div>\n\t\t","protected":false},"excerpt":{"rendered":"<p>Turna, projenizin performans\u0131n\u0131 art\u0131rman\u0131za yard\u0131mc\u0131 olmak i\u00e7in geli\u015ftirilmi\u015f bir ara\u00e7t\u0131r. Bunu, proje verilerini ger\u00e7ek zamanl\u0131 olarak toplaman\u0131za, raporlaman\u0131za ve g\u00f6rselle\u015ftirmenize yard\u0131mc\u0131 olarak yapar. Formlara Giri\u015f Formlar, Turna&#8217;n\u0131n yap\u0131 ta\u015flar\u0131d\u0131r. Basit ve esnek tasar\u0131m\u0131 sayesinde, t\u00fcm proje s\u00fcre\u00e7lerinizi farkl\u0131 form \u015fablonlar\u0131yla &hellip; <a href=\"https:\/\/crane.ist\/tr\/turna-kullanim-kilavuzu\/turna-nedir\/\">Read More<\/a><\/p>\n","protected":false},"author":1,"featured_media":0,"parent":848,"menu_order":0,"comment_status":"closed","ping_status":"closed","template":"","meta":{"footnotes":""},"class_list":["post-1002","page","type-page","status-publish","hentry"],"yoast_head":"<!-- This site is optimized with the Yoast SEO plugin v24.3 - https:\/\/yoast.com\/wordpress\/plugins\/seo\/ -->\n<title>Turna Nedir? | Crane<\/title>\n<meta name=\"robots\" content=\"index, follow, max-snippet:-1, max-image-preview:large, max-video-preview:-1\" \/>\n<link rel=\"canonical\" href=\"https:\/\/crane.ist\/tr\/turna-kullanim-kilavuzu\/turna-nedir\/\" \/>\n<meta property=\"og:locale\" content=\"tr_TR\" \/>\n<meta property=\"og:type\" content=\"article\" \/>\n<meta property=\"og:title\" content=\"Turna Nedir? | Crane\" \/>\n<meta property=\"og:description\" content=\"Turna, projenizin performans\u0131n\u0131 art\u0131rman\u0131za yard\u0131mc\u0131 olmak i\u00e7in geli\u015ftirilmi\u015f bir ara\u00e7t\u0131r. Bunu, proje verilerini ger\u00e7ek zamanl\u0131 olarak toplaman\u0131za, raporlaman\u0131za ve g\u00f6rselle\u015ftirmenize yard\u0131mc\u0131 olarak yapar. Formlara Giri\u015f Formlar, Turna&#8217;n\u0131n yap\u0131 ta\u015flar\u0131d\u0131r. Basit ve esnek tasar\u0131m\u0131 sayesinde, t\u00fcm proje s\u00fcre\u00e7lerinizi farkl\u0131 form \u015fablonlar\u0131yla &hellip; Read More\" \/>\n<meta property=\"og:url\" content=\"https:\/\/crane.ist\/tr\/turna-kullanim-kilavuzu\/turna-nedir\/\" \/>\n<meta property=\"og:site_name\" content=\"Crane\" \/>\n<meta property=\"article:modified_time\" content=\"2020-11-22T16:09:14+00:00\" \/>\n<meta name=\"twitter:card\" content=\"summary_large_image\" \/>\n<meta name=\"twitter:label1\" content=\"Tahmini okuma s\u00fcresi\" \/>\n\t<meta name=\"twitter:data1\" content=\"1 dakika\" \/>\n<script type=\"application\/ld+json\" class=\"yoast-schema-graph\">{\"@context\":\"https:\/\/schema.org\",\"@graph\":[{\"@type\":\"WebPage\",\"@id\":\"https:\/\/crane.ist\/tr\/turna-kullanim-kilavuzu\/turna-nedir\/\",\"url\":\"https:\/\/crane.ist\/tr\/turna-kullanim-kilavuzu\/turna-nedir\/\",\"name\":\"Turna Nedir? | Crane\",\"isPartOf\":{\"@id\":\"https:\/\/crane.ist\/#website\"},\"datePublished\":\"2020-11-22T16:09:05+00:00\",\"dateModified\":\"2020-11-22T16:09:14+00:00\",\"breadcrumb\":{\"@id\":\"https:\/\/crane.ist\/tr\/turna-kullanim-kilavuzu\/turna-nedir\/#breadcrumb\"},\"inLanguage\":\"tr\",\"potentialAction\":[{\"@type\":\"ReadAction\",\"target\":[\"https:\/\/crane.ist\/tr\/turna-kullanim-kilavuzu\/turna-nedir\/\"]}]},{\"@type\":\"BreadcrumbList\",\"@id\":\"https:\/\/crane.ist\/tr\/turna-kullanim-kilavuzu\/turna-nedir\/#breadcrumb\",\"itemListElement\":[{\"@type\":\"ListItem\",\"position\":1,\"name\":\"Home\",\"item\":\"https:\/\/crane.ist\/tr\/\"},{\"@type\":\"ListItem\",\"position\":2,\"name\":\"Turna Kullan\u0131m K\u0131lavuzu\",\"item\":\"https:\/\/crane.ist\/tr\/turna-kullanim-kilavuzu\/\"},{\"@type\":\"ListItem\",\"position\":3,\"name\":\"Turna Nedir?\"}]},{\"@type\":\"WebSite\",\"@id\":\"https:\/\/crane.ist\/#website\",\"url\":\"https:\/\/crane.ist\/\",\"name\":\"Crane\",\"description\":\"App of the Field\",\"publisher\":{\"@id\":\"https:\/\/crane.ist\/#organization\"},\"potentialAction\":[{\"@type\":\"SearchAction\",\"target\":{\"@type\":\"EntryPoint\",\"urlTemplate\":\"https:\/\/crane.ist\/?s={search_term_string}\"},\"query-input\":{\"@type\":\"PropertyValueSpecification\",\"valueRequired\":true,\"valueName\":\"search_term_string\"}}],\"inLanguage\":\"tr\"},{\"@type\":\"Organization\",\"@id\":\"https:\/\/crane.ist\/#organization\",\"name\":\"Crane\",\"url\":\"https:\/\/crane.ist\/\",\"logo\":{\"@type\":\"ImageObject\",\"inLanguage\":\"tr\",\"@id\":\"https:\/\/crane.ist\/#\/schema\/logo\/image\/\",\"url\":\"https:\/\/crane.ist\/wp-content\/uploads\/2020\/06\/logo3.png\",\"contentUrl\":\"https:\/\/crane.ist\/wp-content\/uploads\/2020\/06\/logo3.png\",\"width\":932,\"height\":266,\"caption\":\"Crane\"},\"image\":{\"@id\":\"https:\/\/crane.ist\/#\/schema\/logo\/image\/\"}}]}<\/script>\n<!-- \/ Yoast SEO plugin. -->","yoast_head_json":{"title":"Turna Nedir? | Crane","robots":{"index":"index","follow":"follow","max-snippet":"max-snippet:-1","max-image-preview":"max-image-preview:large","max-video-preview":"max-video-preview:-1"},"canonical":"https:\/\/crane.ist\/tr\/turna-kullanim-kilavuzu\/turna-nedir\/","og_locale":"tr_TR","og_type":"article","og_title":"Turna Nedir? | Crane","og_description":"Turna, projenizin performans\u0131n\u0131 art\u0131rman\u0131za yard\u0131mc\u0131 olmak i\u00e7in geli\u015ftirilmi\u015f bir ara\u00e7t\u0131r. Bunu, proje verilerini ger\u00e7ek zamanl\u0131 olarak toplaman\u0131za, raporlaman\u0131za ve g\u00f6rselle\u015ftirmenize yard\u0131mc\u0131 olarak yapar. Formlara Giri\u015f Formlar, Turna&#8217;n\u0131n yap\u0131 ta\u015flar\u0131d\u0131r. Basit ve esnek tasar\u0131m\u0131 sayesinde, t\u00fcm proje s\u00fcre\u00e7lerinizi farkl\u0131 form \u015fablonlar\u0131yla &hellip; Read More","og_url":"https:\/\/crane.ist\/tr\/turna-kullanim-kilavuzu\/turna-nedir\/","og_site_name":"Crane","article_modified_time":"2020-11-22T16:09:14+00:00","twitter_card":"summary_large_image","twitter_misc":{"Tahmini okuma s\u00fcresi":"1 dakika"},"schema":{"@context":"https:\/\/schema.org","@graph":[{"@type":"WebPage","@id":"https:\/\/crane.ist\/tr\/turna-kullanim-kilavuzu\/turna-nedir\/","url":"https:\/\/crane.ist\/tr\/turna-kullanim-kilavuzu\/turna-nedir\/","name":"Turna Nedir? | Crane","isPartOf":{"@id":"https:\/\/crane.ist\/#website"},"datePublished":"2020-11-22T16:09:05+00:00","dateModified":"2020-11-22T16:09:14+00:00","breadcrumb":{"@id":"https:\/\/crane.ist\/tr\/turna-kullanim-kilavuzu\/turna-nedir\/#breadcrumb"},"inLanguage":"tr","potentialAction":[{"@type":"ReadAction","target":["https:\/\/crane.ist\/tr\/turna-kullanim-kilavuzu\/turna-nedir\/"]}]},{"@type":"BreadcrumbList","@id":"https:\/\/crane.ist\/tr\/turna-kullanim-kilavuzu\/turna-nedir\/#breadcrumb","itemListElement":[{"@type":"ListItem","position":1,"name":"Home","item":"https:\/\/crane.ist\/tr\/"},{"@type":"ListItem","position":2,"name":"Turna Kullan\u0131m K\u0131lavuzu","item":"https:\/\/crane.ist\/tr\/turna-kullanim-kilavuzu\/"},{"@type":"ListItem","position":3,"name":"Turna Nedir?"}]},{"@type":"WebSite","@id":"https:\/\/crane.ist\/#website","url":"https:\/\/crane.ist\/","name":"Crane","description":"App of the Field","publisher":{"@id":"https:\/\/crane.ist\/#organization"},"potentialAction":[{"@type":"SearchAction","target":{"@type":"EntryPoint","urlTemplate":"https:\/\/crane.ist\/?s={search_term_string}"},"query-input":{"@type":"PropertyValueSpecification","valueRequired":true,"valueName":"search_term_string"}}],"inLanguage":"tr"},{"@type":"Organization","@id":"https:\/\/crane.ist\/#organization","name":"Crane","url":"https:\/\/crane.ist\/","logo":{"@type":"ImageObject","inLanguage":"tr","@id":"https:\/\/crane.ist\/#\/schema\/logo\/image\/","url":"https:\/\/crane.ist\/wp-content\/uploads\/2020\/06\/logo3.png","contentUrl":"https:\/\/crane.ist\/wp-content\/uploads\/2020\/06\/logo3.png","width":932,"height":266,"caption":"Crane"},"image":{"@id":"https:\/\/crane.ist\/#\/schema\/logo\/image\/"}}]}},"_links":{"self":[{"href":"https:\/\/crane.ist\/tr\/wp-json\/wp\/v2\/pages\/1002","targetHints":{"allow":["GET"]}}],"collection":[{"href":"https:\/\/crane.ist\/tr\/wp-json\/wp\/v2\/pages"}],"about":[{"href":"https:\/\/crane.ist\/tr\/wp-json\/wp\/v2\/types\/page"}],"author":[{"embeddable":true,"href":"https:\/\/crane.ist\/tr\/wp-json\/wp\/v2\/users\/1"}],"replies":[{"embeddable":true,"href":"https:\/\/crane.ist\/tr\/wp-json\/wp\/v2\/comments?post=1002"}],"version-history":[{"count":5,"href":"https:\/\/crane.ist\/tr\/wp-json\/wp\/v2\/pages\/1002\/revisions"}],"predecessor-version":[{"id":1007,"href":"https:\/\/crane.ist\/tr\/wp-json\/wp\/v2\/pages\/1002\/revisions\/1007"}],"up":[{"embeddable":true,"href":"https:\/\/crane.ist\/tr\/wp-json\/wp\/v2\/pages\/848"}],"wp:attachment":[{"href":"https:\/\/crane.ist\/tr\/wp-json\/wp\/v2\/media?parent=1002"}],"curies":[{"name":"wp","href":"https:\/\/api.w.org\/{rel}","templated":true}]}}